{"id":8954,"date":"2018-09-20T19:04:21","date_gmt":"2018-09-20T19:04:21","guid":{"rendered":"https:\/\/www.ovpm.org\/?page_id=8954"},"modified":"2025-01-20T19:34:16","modified_gmt":"2025-01-20T19:34:16","slug":"partenaires","status":"publish","type":"page","link":"https:\/\/www.ovpm.org\/fr\/partenaires\/","title":{"rendered":"Partenaires"},"content":{"rendered":"<p>L\u2019Organisation des villes du patrimoine mondial (OVPM) travaille et partage des objectifs compl\u00e9mentaires avec les acteurs internationaux suivants :<\/p>\n<p><strong>Partenaires<\/strong><\/p>\n<ul>\n<li><a href=\"https:\/\/heritagefinance.org\/\">Cultural Heritage Finance Alliance<\/a> (CHiFA) <em>[Anglais]<\/em><\/li>\n<li><a href=\"https:\/\/www.europanostra.org\/\">Europa Nostra\u00a0<\/a><em>[Anglais]<\/em><\/li>\n<li><a href=\"http:\/\/www.mrif.gouv.qc.ca\/fr\/\">Gouvernement du Qu\u00e9bec: minist\u00e8re des relations internationales et de la francophonie<\/a><\/li>\n<li><a href=\"http:\/\/www.ipac.ulaval.ca\/\">Institut du patrimoine culturel de l\u2019Universit\u00e9 Laval<\/a> (IPAC)<\/li>\n<li><a href=\"https:\/\/www.ville.quebec.qc.ca\/\">Ville de Qu\u00e9bec<\/a><\/li>\n<\/ul>\n<p>&nbsp;<\/p>\n<p><strong>Collaborations<\/strong><\/p>\n<ul>\n<li><a href=\"https:\/\/whc.unesco.org\/fr\/\">Centre du Patrimoine Mondial<\/a>\u00a0de l\u2019UNESCO (CPM)<\/li>\n<li><a href=\"https:\/\/www.climateheritage.org\/\">Climate Heritage Network<\/a> <em>[Anglais]<\/em><\/li>\n<li><a href=\"http:\/\/civvih.icomos.org\/\">Comit\u00e9 international des villes et villages historiques<\/a>\u00a0(CIVVIH-ICOMOS)<em>\u00a0[Anglais]<\/em><\/li>\n<li><a href=\"https:\/\/www.coe.int\/fr\/\">Conseil de l\u2019Europe<\/a><\/li>\n<li><a href=\"https:\/\/eurocities.eu\/\">Eurocities<\/a> <em>[Anglais]<\/em><\/li>\n<li><a href=\"https:\/\/www.oecd.org\/fr\/\">Organisation de coop\u00e9ration et de d\u00e9veloppement \u00e9conomiques<\/a> (OCDE)<\/li>\n<li><a href=\"https:\/\/www.ourworldheritage.org\/\">Our World Heritage<\/a> <em>[Anglais]<\/em><\/li>\n<li><a href=\"https:\/\/urbact.eu\/\">URBACT<\/a> <em>[Anglais]<\/em><\/li>\n<\/ul>\n<p>&nbsp;<\/p>\n<p><strong>\u00c9changes<\/strong><\/p>\n<ul>\n<li><a href=\"http:\/\/ciudadespatrimonio.mx\/?lang=fr\">Association nationale des villes mexicaines du patrimoine mondial<\/a>\u00a0(ANCMPM)<\/li>\n<li><a href=\"https:\/\/www.iccrom.org\/fr\">Centre international d\u2019\u00e9tudes pour la conservation et la restauration des biens culturels<\/a>\u00a0(ICCROM)<\/li>\n<li><a href=\"https:\/\/www.unesco-paysage.umontreal.ca\/fr\/\">Chaire UNESCO en paysage urbain, Facult\u00e9 de l\u2019am\u00e9nagement de l\u2019Universit\u00e9 de Montr\u00e9al<\/a><\/li>\n<li><a href=\"https:\/\/www.uclg.org\/fr\/home\">Cit\u00e9s et gouvernements locaux unis<\/a>\u00a0(CGLU)<\/li>\n<li><a href=\"https:\/\/www.citiesalliance.org\/\">Cities Alliance<\/a> \u00a0<em>[Anglais]<\/em><\/li>\n<li><a href=\"https:\/\/www.icomos.org\/fr\/\">Conseil international des monuments et des sites<\/a>\u00a0(ICOMOS)<\/li>\n<li><a href=\"http:\/\/www.getty.edu\/conservation\/\">Getty Conservation Institute<\/a>\u00a0(GCI)\u00a0<em>[Anglais]<\/em><\/li>\n<li><a href=\"https:\/\/globalphiladelphia.org\/\">Global Philadelphia<\/a>\u00a0<em>[Anglais]<\/em><\/li>\n<li><a href=\"http:\/\/www.arabtowns.org\/\">Organisation des villes arabes<\/a>\u00a0(OVA)\u00a0<em>[Arabe]<\/em><\/li>\n<li><a href=\"https:\/\/www.unwto.org\/fr\">Organisation mondiale du tourisme<\/a>\u00a0(OMT)<\/li>\n<li><a href=\"https:\/\/www.unops.org\/fr\">United Nations Office for Project Services<\/a> (UNOPS)<\/li>\n<li><a href=\"https:\/\/www.wmf.org\/\">World Monuments Fund<\/a>\u00a0(WMF)\u00a0<em>[Anglais]<\/em><\/li>\n<\/ul>\n<p>&nbsp;<\/p>\n<p>&nbsp;<\/p>\n","protected":false},"excerpt":{"rendered":"<p>L\u2019Organisation des villes du patrimoine mondial (OVPM) travaille et partage des objectifs compl\u00e9mentaires avec les acteurs internationaux suivants : Partenaires Cultural Heritage Finance Alliance (CHiFA) [Anglais] Europa Nostra\u00a0[Anglais] Gouvernement du Qu\u00e9bec: minist\u00e8re des relations internationales et de la francophonie Institut du patrimoine culturel de l\u2019Universit\u00e9 Laval (IPAC) Ville de Qu\u00e9bec &nbsp; Collaborations Centre du Patrimoine [&hellip;]<\/p>\n","protected":false},"author":1,"featured_media":0,"parent":0,"menu_order":333,"comment_status":"closed","ping_status":"closed","template":"","meta":{"_acf_changed":false,"footnotes":""},"acf":[],"_links":{"self":[{"href":"https:\/\/www.ovpm.org\/fr\/wp-json\/wp\/v2\/pages\/8954"}],"collection":[{"href":"https:\/\/www.ovpm.org\/fr\/wp-json\/wp\/v2\/pages"}],"about":[{"href":"https:\/\/www.ovpm.org\/fr\/wp-json\/wp\/v2\/types\/page"}],"author":[{"embeddable":true,"href":"https:\/\/www.ovpm.org\/fr\/wp-json\/wp\/v2\/users\/1"}],"replies":[{"embeddable":true,"href":"https:\/\/www.ovpm.org\/fr\/wp-json\/wp\/v2\/comments?post=8954"}],"version-history":[{"count":6,"href":"https:\/\/www.ovpm.org\/fr\/wp-json\/wp\/v2\/pages\/8954\/revisions"}],"predecessor-version":[{"id":34192,"href":"https:\/\/www.ovpm.org\/fr\/wp-json\/wp\/v2\/pages\/8954\/revisions\/34192"}],"wp:attachment":[{"href":"https:\/\/www.ovpm.org\/fr\/wp-json\/wp\/v2\/media?parent=8954"}],"curies":[{"name":"wp","href":"https:\/\/api.w.org\/{rel}","templated":true}]}}