{"id":8921,"date":"2018-09-20T15:38:14","date_gmt":"2018-09-20T15:38:14","guid":{"rendered":"https:\/\/www.ovpm.org\/?page_id=8921"},"modified":"2026-01-05T20:23:40","modified_gmt":"2026-01-05T20:23:40","slug":"assemblee-generale-de-lovpm","status":"publish","type":"page","link":"https:\/\/www.ovpm.org\/fr\/gouvernance\/assemblee-generale-de-lovpm\/","title":{"rendered":"Assembl\u00e9e g\u00e9n\u00e9rale"},"content":{"rendered":"<p>L\u2019Assembl\u00e9e g\u00e9n\u00e9rale, constitu\u00e9e des villes membres en r\u00e8gle repr\u00e9sent\u00e9es par leurs maires, dirige l\u2019OVPM conform\u00e9ment aux <a href=\"https:\/\/www.ovpm.org\/fr\/gouvernance\/reglements-generaux\/\">R\u00e8glements g\u00e9n\u00e9raux<\/a>. Elle se r\u00e9unit chaque ann\u00e9e. En Assembl\u00e9e g\u00e9n\u00e9rale, les Membres en r\u00e8gle discutent de questions qui concernent la mission et les objectifs de l\u2019OVPM et formulent en ce sens des recommandations au Conseil d\u2019administration. Ils orientent les activit\u00e9s de l\u2019Organisation. Ils re\u00e7oivent, \u00e9tudient et adoptent le programme de travail et les rapports sp\u00e9ciaux de l\u2019Organisation et d\u00e9terminent et contr\u00f4lent la politique financi\u00e8re de l\u2019Organisation en plus d\u2019examiner et d\u2019adopter le budget et le rapport financier.<\/p>\n<p>Consultez la liste des Assembl\u00e9es g\u00e9n\u00e9rales tenues depuis 1993\u00a0:<\/p>\n","protected":false},"excerpt":{"rendered":"<p>L\u2019Assembl\u00e9e g\u00e9n\u00e9rale, constitu\u00e9e des villes membres en r\u00e8gle repr\u00e9sent\u00e9es par leurs maires, dirige l\u2019OVPM conform\u00e9ment aux R\u00e8glements g\u00e9n\u00e9raux. Elle se r\u00e9unit chaque ann\u00e9e. En Assembl\u00e9e g\u00e9n\u00e9rale, les Membres en r\u00e8gle discutent de questions qui concernent la mission et les objectifs de l\u2019OVPM et formulent en ce sens des recommandations au Conseil d\u2019administration. Ils orientent les [&hellip;]<\/p>\n","protected":false},"author":1,"featured_media":0,"parent":29389,"menu_order":59,"comment_status":"closed","ping_status":"closed","template":"page-assembly.php","meta":{"_acf_changed":false,"footnotes":""},"acf":[],"_links":{"self":[{"href":"https:\/\/www.ovpm.org\/fr\/wp-json\/wp\/v2\/pages\/8921"}],"collection":[{"href":"https:\/\/www.ovpm.org\/fr\/wp-json\/wp\/v2\/pages"}],"about":[{"href":"https:\/\/www.ovpm.org\/fr\/wp-json\/wp\/v2\/types\/page"}],"author":[{"embeddable":true,"href":"https:\/\/www.ovpm.org\/fr\/wp-json\/wp\/v2\/users\/1"}],"replies":[{"embeddable":true,"href":"https:\/\/www.ovpm.org\/fr\/wp-json\/wp\/v2\/comments?post=8921"}],"version-history":[{"count":11,"href":"https:\/\/www.ovpm.org\/fr\/wp-json\/wp\/v2\/pages\/8921\/revisions"}],"predecessor-version":[{"id":36351,"href":"https:\/\/www.ovpm.org\/fr\/wp-json\/wp\/v2\/pages\/8921\/revisions\/36351"}],"up":[{"embeddable":true,"href":"https:\/\/www.ovpm.org\/fr\/wp-json\/wp\/v2\/pages\/29389"}],"wp:attachment":[{"href":"https:\/\/www.ovpm.org\/fr\/wp-json\/wp\/v2\/media?parent=8921"}],"curies":[{"name":"wp","href":"https:\/\/api.w.org\/{rel}","templated":true}]}}