{"id":8895,"date":"2018-09-19T21:39:28","date_gmt":"2018-09-19T21:39:28","guid":{"rendered":"https:\/\/www.ovpm.org\/?page_id=8895"},"modified":"2023-04-27T15:47:21","modified_gmt":"2023-04-27T15:47:21","slug":"reglements-generaux","status":"publish","type":"page","link":"https:\/\/www.ovpm.org\/fr\/gouvernance\/reglements-generaux\/","title":{"rendered":"R\u00e8glements g\u00e9n\u00e9raux"},"content":{"rendered":"<p>En tant qu\u2019organisation internationale non gouvernementale \u00e0 but non lucratif, l\u2019Organisation des villes du patrimoine mondial s\u2019est dot\u00e9e de R\u00e8glements g\u00e9n\u00e9raux r\u00e9gissant l\u2019ensemble des proc\u00e9dures de fonctionnement de l\u2019OVPM. T\u00e9l\u00e9chargez le document complet ci-dessous\u00a0:<\/p>\n<p><a href=\"https:\/\/www.ovpm.org\/wp-content\/uploads\/2022\/11\/reglements-generauxfraadoptes-a-quebec-2022-2.pdf\">T\u00e9l\u00e9charger les r\u00e8glements g\u00e9n\u00e9raux<\/a> (PDF)<\/p>\n<hr \/>\n<h3>Langues officielles de l\u2019OVPM<\/h3>\n<p>Afin d\u2019ad\u00e9quatement d\u00e9montrer l\u2019aspect international de l\u2019Organisation ainsi que la grande diversit\u00e9 des villes patrimoniales regroup\u00e9es, l\u2019OVPM op\u00e8re sous cinq langues officielles : le fran\u00e7ais, l\u2019anglais, l\u2019espagnol, l\u2019arabe et le portugais, les trois premi\u00e8res ayant statut de langues de travail.<\/p>\n","protected":false},"excerpt":{"rendered":"<p>En tant qu\u2019organisation internationale non gouvernementale \u00e0 but non lucratif, l\u2019Organisation des villes du patrimoine mondial s\u2019est dot\u00e9e de R\u00e8glements g\u00e9n\u00e9raux r\u00e9gissant l\u2019ensemble des proc\u00e9dures de fonctionnement de l\u2019OVPM. T\u00e9l\u00e9chargez le document complet ci-dessous\u00a0: T\u00e9l\u00e9charger les r\u00e8glements g\u00e9n\u00e9raux (PDF) Langues officielles de l\u2019OVPM Afin d\u2019ad\u00e9quatement d\u00e9montrer l\u2019aspect international de l\u2019Organisation ainsi que la grande diversit\u00e9 [&hellip;]<\/p>\n","protected":false},"author":1,"featured_media":0,"parent":29389,"menu_order":66,"comment_status":"closed","ping_status":"closed","template":"","meta":{"_acf_changed":false,"footnotes":""},"acf":[],"_links":{"self":[{"href":"https:\/\/www.ovpm.org\/fr\/wp-json\/wp\/v2\/pages\/8895"}],"collection":[{"href":"https:\/\/www.ovpm.org\/fr\/wp-json\/wp\/v2\/pages"}],"about":[{"href":"https:\/\/www.ovpm.org\/fr\/wp-json\/wp\/v2\/types\/page"}],"author":[{"embeddable":true,"href":"https:\/\/www.ovpm.org\/fr\/wp-json\/wp\/v2\/users\/1"}],"replies":[{"embeddable":true,"href":"https:\/\/www.ovpm.org\/fr\/wp-json\/wp\/v2\/comments?post=8895"}],"version-history":[{"count":7,"href":"https:\/\/www.ovpm.org\/fr\/wp-json\/wp\/v2\/pages\/8895\/revisions"}],"predecessor-version":[{"id":29407,"href":"https:\/\/www.ovpm.org\/fr\/wp-json\/wp\/v2\/pages\/8895\/revisions\/29407"}],"up":[{"embeddable":true,"href":"https:\/\/www.ovpm.org\/fr\/wp-json\/wp\/v2\/pages\/29389"}],"wp:attachment":[{"href":"https:\/\/www.ovpm.org\/fr\/wp-json\/wp\/v2\/media?parent=8895"}],"curies":[{"name":"wp","href":"https:\/\/api.w.org\/{rel}","templated":true}]}}