{"id":8872,"date":"2018-09-19T21:03:23","date_gmt":"2018-09-19T21:03:23","guid":{"rendered":"https:\/\/www.ovpm.org\/?page_id=8872"},"modified":"2023-05-01T20:42:50","modified_gmt":"2023-05-01T20:42:50","slug":"fondation-et-fondateur","status":"publish","type":"page","link":"https:\/\/www.ovpm.org\/fr\/fondation-et-fondateur\/","title":{"rendered":"Fondation et fondateur"},"content":{"rendered":"<h2>Fondation de l\u2019Organisation des villes du patrimoine mondial &#8211; un regard historique<\/h2>\n<h3>1972 : Adoption par l&rsquo;UNESCO de la Convention du patrimoine mondial<\/h3>\n<p>C\u2019est le 16 novembre 1972, que la Conf\u00e9rence g\u00e9n\u00e9rale de l&rsquo;Organisation des Nations Unies pour l&rsquo;\u00e9ducation, la science et la culture (UNESCO) adopte la\u00a0Convention concernant la protection du patrimoine mondial culturel et naturel\u00a0(ci-apr\u00e8s \u00ab\u00a0Convention du patrimoine mondial\u00a0\u00bb). C&rsquo;est en vertu des dispositions de cette convention que le Comit\u00e9 intergouvernemental du patrimoine mondial de l&rsquo;UNESCO inscrit \u00e0 chaque ann\u00e9e sur la Liste du patrimoine mondial des sites naturels ou culturels dont la candidature doit \u00eatre soumise par un \u00e9tat membre signataire de ladite convention.<\/p>\n<h3>1991 : Premier Colloque international des villes du patrimoine mondial \u00e0 Qu\u00e9bec (Canada) et D\u00e9claration de Qu\u00e9bec<\/h3>\n<p>Avec la collaboration des gouvernements du Qu\u00e9bec et du Canada, et sous les auspices de l&rsquo;UNESCO, la Ville de Qu\u00e9bec a tenu, du 30 juin au 4 juillet 1991, le Premier Colloque international des villes du patrimoine mondial. \u00c0 l&rsquo;issue de cette rencontre, les d\u00e9l\u00e9gu\u00e9s des 41 villes repr\u00e9sent\u00e9es adoptaient la\u00a0D\u00e9claration de Qu\u00e9bec\u00a0dans laquelle est affirm\u00e9e la volont\u00e9 de constituer un r\u00e9seau des villes du patrimoine mondial. Il s\u2019agit ainsi en quelque sorte de la motion originelle de l\u2019Organisation des villes du patrimoine mondial ou \u00e0 tout le moins de son premier souffle. On met ainsi sur pied, un comit\u00e9 directeur provisoire\u00a0pour assurer le suivi du colloque et signifier la r\u00e9elle volont\u00e9 de cr\u00e9er une organisation pour les villes du patrimoine mondial.<\/p>\n<h3>1993 : L&rsquo;Organisation des villes du patrimoine mondial est fond\u00e9e \u00e0 F\u00e8s (Maroc)<\/h3>\n<p>Dans la foul\u00e9e du Deuxi\u00e8me Colloque international des villes du patrimoine mondial, les d\u00e9l\u00e9gu\u00e9s des 56 villes repr\u00e9sent\u00e9es se sont r\u00e9unis, le 8 septembre 1993, en Assembl\u00e9e g\u00e9n\u00e9rale constitutive et ont d\u00e9cid\u00e9 de fonder l&rsquo;Organisation des villes du patrimoine mondial (OVPM). On en pr\u00e9cise alors, par l\u2019adoption de statuts, la mission, les objectifs et les instances de cette organisation non gouvernementale internationale sans but lucratif. L&rsquo;Assembl\u00e9e g\u00e9n\u00e9rale constitutive souscrivit \u00e0 la proposition du maire de Qu\u00e9bec et pr\u00e9sident du Comit\u00e9 directeur provisoire, Jean-Paul L\u2019Allier, d&rsquo;\u00e9tablir le si\u00e8ge de l&rsquo;Organisation \u00e0 Qu\u00e9bec. Les huit maires membres initiaux du Conseil d&rsquo;administration ainsi que le secr\u00e9taire g\u00e9n\u00e9ral sont \u00e9galement \u00e9lus par l\u2019Assembl\u00e9e g\u00e9n\u00e9rale. Le secr\u00e9tariat g\u00e9n\u00e9ral de l\u2019OPVM se trouve toujours dans la ville de Qu\u00e9bec, au Canada.<\/p>\n<hr \/>\n<h2>Jean-Paul\u00a0L\u2019Allier<br \/>\nFondateur de l\u2019Organisation des villes du patrimoine mondial<\/h2>\n<p><a href=\"https:\/\/www.ovpm.org\/wp-content\/uploads\/2018\/10\/photogroupeavecjplrognee1.png\"><img loading=\"lazy\" decoding=\"async\" class=\" wp-image-15700 alignnone\" src=\"https:\/\/www.ovpm.org\/wp-content\/uploads\/2018\/10\/photogroupeavecjplrognee1.png\" alt=\"\" width=\"261\" height=\"360\" srcset=\"https:\/\/www.ovpm.org\/wp-content\/uploads\/2018\/10\/photogroupeavecjplrognee1.png 388w, https:\/\/www.ovpm.org\/wp-content\/uploads\/2018\/10\/photogroupeavecjplrognee1-218x300.png 218w\" sizes=\"(max-width: 261px) 100vw, 261px\" \/><\/a><\/p>\n<p>Monsieur Jean-Paul L&rsquo;Allier \u00e9tait dipl\u00f4m\u00e9 en droit et en sciences politiques de l&rsquo;Universit\u00e9 de Montr\u00e9al (BA 1959) et de l\u2019Universit\u00e9 d&rsquo;Ottawa (LLL, 1962, DESD, 1963).<\/p>\n<p>Avocat \u0153uvrant en pratique priv\u00e9e \u00e0 Ottawa et Hull, il a d\u2019abord \u00e9t\u00e9 professeur r\u00e9gulier \u00e0 la Facult\u00e9 de droit de l&rsquo;Universit\u00e9 d&rsquo;Ottawa avant d&rsquo;\u00eatre ma\u00eetre de recherche au Centre africain de formation et de recherches administratives pour le d\u00e9veloppement, au Maroc, de 1964 \u00e0 1966.<\/p>\n<p>Premier directeur de la coop\u00e9ration au minist\u00e8re des Affaires culturelles du Qu\u00e9bec de 1966 \u00e0 1968 et coordonnateur des visites des Chefs d&rsquo;\u00c9tat pour le gouvernement du Qu\u00e9bec \u00e0 l&rsquo;occasion de l&rsquo;Exposition universelle de Montr\u00e9al en 1967, il est nomm\u00e9 premier secr\u00e9taire g\u00e9n\u00e9ral de l&rsquo;Office franco-qu\u00e9b\u00e9cois pour la jeunesse en 1968. Jusqu&rsquo;en 1970, il en a dirig\u00e9 la mise sur pied avant d&rsquo;en \u00eatre le ministre responsable et pr\u00e9sident du conseil d&rsquo;administration jusqu&rsquo;en 1976.<\/p>\n<h3>Une politique au service de la culture et du patrimoine<\/h3>\n<p>D\u00e9put\u00e9 de Deux-Montagnes \u00e0 l&rsquo;Assembl\u00e9e nationale du Qu\u00e9bec, il a \u00e9t\u00e9 ministre du gouvernement Bourassa de 1970 \u00e0 1976 : ministre responsable de la Jeunesse, du Loisir et des Sports en 1970, ministre de la Fonction publique de 1970 \u00e0 1972, ministre des Communications de 1970 \u00e0 1975, ministre des Affaires culturelles en 1975, membre du Conseil du tr\u00e9sor en 1976 et membre du Comit\u00e9 de l\u00e9gislation durant toute cette p\u00e9riode. Il a \u00e9t\u00e9 pr\u00e9sident du comit\u00e9 interminist\u00e9riel sur la qualit\u00e9 de la vie jusqu&rsquo;\u00e0 l&rsquo;\u00e9lection de 1976.<\/p>\n<p>Il a \u00e9t\u00e9 pr\u00e9sident du conseil d&rsquo;administration du Grand Th\u00e9\u00e2tre de Qu\u00e9bec et pr\u00e9sident de la Fondation du Th\u00e9\u00e2tre du Nouveau-Monde de Montr\u00e9al \u00e0 la fin des ann\u00e9es 1970. D\u00e9l\u00e9gu\u00e9 g\u00e9n\u00e9ral du Qu\u00e9bec \u00e0 Bruxelles de 1981 \u00e0 1984, il a agi comme Consul honoraire de Belgique \u00e0 Qu\u00e9bec de 1985 \u00e0 1988.<\/p>\n<h3>Qu\u00e9bec &#8211; joyau du patrimoine mondial<\/h3>\n<p>Le 5 novembre 1989, Jean-Paul L\u2019Allier est \u00e9lu maire de la ville de Qu\u00e9bec, poste qu&rsquo;il occupera jusqu\u2019en d\u00e9cembre 2005. Il a \u00e9t\u00e9 pr\u00e9sident de la Communaut\u00e9 m\u00e9tropolitaine de Qu\u00e9bec et membre du conseil d&rsquo;administration de l&rsquo;Union des municipalit\u00e9s du Qu\u00e9bec, il a \u00e9galement \u00e9t\u00e9 vice-pr\u00e9sident de l&rsquo;Association internationale des maires et responsables des capitales et m\u00e9tropoles partiellement ou enti\u00e8rement francophones (AIMF) ainsi que pr\u00e9sident de l\u2019Association internationale des maires des Grands Lacs et du Saint-Laurent.<\/p>\n<h3>Fondation de l\u2019Organisation des villes du patrimoine mondial<\/h3>\n<p>C\u2019est en 1991 que M. L\u2019Allier fonde l\u2019Organisation des villes du patrimoine mondial dont il occupera la pr\u00e9sidence jusqu\u2019en 1999. N\u00e9e d\u2019un d\u00e9sir de rayonnement, l\u2019OPVM regroupe maintenant plus de 300 villes \u00e0 travers le monde.<\/p>\n<h3>Retour vers le droit et l\u2019enseignement<\/h3>\n<p>Fier d\u2019une carri\u00e8re politique bien remplie, Monsieur L&rsquo;Allier retourne ensuite pratiquer le droit \u00e0 titre d\u2019avocat et de conseiller strat\u00e9gique en d\u00e9veloppement des affaires chez Langlois Kronstr\u00f6m Desjardins, un des principaux cabinets d\u2019avocats au Qu\u00e9bec.<\/p>\n<p>Il se voit \u00e9galement accueilli \u00e0 titre de professeur invit\u00e9 \u00e0 l\u2019Universit\u00e9 Laval o\u00f9 il participera aux activit\u00e9s d\u2019enseignement et de recherche de l\u2019\u00c9cole sup\u00e9rieure d\u2019am\u00e9nagement du territoire et du d\u00e9veloppement r\u00e9gional, des d\u00e9partements de sciences politiques, de g\u00e9ographie ainsi que d\u2019information et communication.<\/p>\n<p>Monsieur L\u2019Allier est d\u00e9c\u00e9d\u00e9, \u00e0 Qu\u00e9bec, le 5 janvier 2016, \u00e0 l&rsquo;\u00e2ge de 77 ans.<\/p>\n<h3>Reconnaissances<\/h3>\n<ul>\n<li>Nomm\u00e9 <strong>Officier de la L\u00e9gion d&rsquo;Honneur<\/strong> par le Pr\u00e9sident de la R\u00e9publique fran\u00e7aise, le 12\u00a0mai 1992.<\/li>\n<li>R\u00e9cipiendaire du <strong>Prix Frederick Todd<\/strong> remis par l\u2019Association des architectes paysagistes du Qu\u00e9bec, en 1997.<\/li>\n<li>Premier r\u00e9cipiendaire du <strong>Prix G\u00e9rald-Dame<\/strong> d\u00e9cern\u00e9 par le Regroupement des centres-villes et art\u00e8res commerciales, en 2001.<\/li>\n<li>L&rsquo;Universit\u00e9 Montesquieu Bordeaux IV lui conf\u00e8re le grade de <strong>Docteur honoris causa en droit<\/strong>, le 3 octobre 2002.<\/li>\n<li>Re\u00e7u au grade de <strong>Commandeur de l&rsquo;Ordre de la Pl\u00e9iade<\/strong>, ordre de la Francophonie et du dialogue des cultures, le 11 mars 2003.<\/li>\n<li>L&rsquo;Ordre des urbanistes du Qu\u00e9bec lui remet le <strong>Prix Blanche Lemco Van Ginkel<\/strong> pour souligner son apport significatif au domaine de l&rsquo;urbanisme au Qu\u00e9bec, le 6\u00a0novembre 2003.<\/li>\n<li>Re\u00e7u au grade d&rsquo;<strong>Officier de l&rsquo;Ordre national du Qu\u00e9bec<\/strong>, le 23 juin 2004.<\/li>\n<li>L\u2019Ordre des architectes du Qu\u00e9bec lui d\u00e9cerne le <strong>Prix Thomas-Baillairg\u00e9<\/strong> pour souligner sa contribution exceptionnelle \u00e0 la promotion et \u00e0 la conservation de la qualit\u00e9 du cadre de vie au Qu\u00e9bec, le 10 juin 2005.<\/li>\n<li>Honor\u00e9 du titre de <strong>Commandeur de l\u2019Ordre de L\u00e9opold<\/strong> pour son r\u00f4le d\u00e9terminant dans le d\u00e9veloppement des relations entre la Belgique et le Qu\u00e9bec, le 26 septembre 2005.<\/li>\n<li>\u00c9lev\u00e9, \u00e0 Paris, au grade de <strong>Commandeur de la L\u00e9gion d\u2019honneur<\/strong> par le Pr\u00e9sident de la R\u00e9publique fran\u00e7aise pour marquer la reconnaissance de la France pour son action au service de l\u2019amiti\u00e9 entre le Qu\u00e9bec et la France et pour souligner sa contribution de tout premier plan au rayonnement de la langue fran\u00e7aise et au renforcement des \u00e9changes politiques, culturels et \u00e9conomiques entre Qu\u00e9bec, le\u00a0Qu\u00e9bec et de nombreux partenaires fran\u00e7ais, le 7 octobre 2005.<\/li>\n<li>L\u2019Universit\u00e9 du Qu\u00e9bec lui conf\u00e8re le grade de <strong>Docteur honoris causa<\/strong> pour le r\u00f4le important qu\u2019il a jou\u00e9 dans la venue \u00e0 Qu\u00e9bec de l\u2019Institut national de la recherche scientifique, le 16 mai 2006.<\/li>\n<li>L\u2019Universit\u00e9 d\u2019Ottawa lui d\u00e9cerne l\u2019<strong>Ordre du m\u00e9rite de la Section de droit civil<\/strong>, le 6 septembre 2006.<\/li>\n<li>L\u2019Organisation des villes du patrimoine mondial a cr\u00e9\u00e9 en 2009 le <strong>Prix Jean-Paul L&rsquo;Allier pour le patrimoine<\/strong> qui est remis tous les deux ans \u00e0 une ville, membre de l\u2019organisation, qui se distingue dans la conservation ou la gestion de son patrimoine.<\/li>\n<li>La Chambre de commerce de Qu\u00e9bec le nomme <strong>Grand Qu\u00e9b\u00e9cois<\/strong> dans le secteur social pour l\u2019ann\u00e9e 2008.<\/li>\n<li>Centraide Qu\u00e9bec &#8211; Chaudi\u00e8re-Appalaches lui d\u00e9cerne le <strong>Grand Prix de la solidarit\u00e9<\/strong> pour le secteur culturel, lors du Grand brunch de la solidarit\u00e9, le 6 avril 2008.<\/li>\n<li>L\u2019Ordre des urbanistes du Qu\u00e9bec a cr\u00e9\u00e9 le <strong>Prix Jean-Paul L&rsquo;Allier<\/strong> qui est remis chaque ann\u00e9e \u00e0 un \u00e9lu qui s\u2019est distingu\u00e9 par sa vision, son leadership et ses r\u00e9alisations en urbanisme et en am\u00e9nagement du territoire.<\/li>\n<\/ul>\n","protected":false},"excerpt":{"rendered":"<p>Fondation de l\u2019Organisation des villes du patrimoine mondial &#8211; un regard historique 1972 : Adoption par l&rsquo;UNESCO de la Convention du patrimoine mondial C\u2019est le 16 novembre 1972, que la Conf\u00e9rence g\u00e9n\u00e9rale de l&rsquo;Organisation des Nations Unies pour l&rsquo;\u00e9ducation, la science et la culture (UNESCO) adopte la\u00a0Convention concernant la protection du patrimoine mondial culturel et [&hellip;]<\/p>\n","protected":false},"author":1,"featured_media":0,"parent":0,"menu_order":333,"comment_status":"closed","ping_status":"closed","template":"","meta":{"_acf_changed":false,"footnotes":""},"acf":[],"_links":{"self":[{"href":"https:\/\/www.ovpm.org\/fr\/wp-json\/wp\/v2\/pages\/8872"}],"collection":[{"href":"https:\/\/www.ovpm.org\/fr\/wp-json\/wp\/v2\/pages"}],"about":[{"href":"https:\/\/www.ovpm.org\/fr\/wp-json\/wp\/v2\/types\/page"}],"author":[{"embeddable":true,"href":"https:\/\/www.ovpm.org\/fr\/wp-json\/wp\/v2\/users\/1"}],"replies":[{"embeddable":true,"href":"https:\/\/www.ovpm.org\/fr\/wp-json\/wp\/v2\/comments?post=8872"}],"version-history":[{"count":1,"href":"https:\/\/www.ovpm.org\/fr\/wp-json\/wp\/v2\/pages\/8872\/revisions"}],"predecessor-version":[{"id":29516,"href":"https:\/\/www.ovpm.org\/fr\/wp-json\/wp\/v2\/pages\/8872\/revisions\/29516"}],"wp:attachment":[{"href":"https:\/\/www.ovpm.org\/fr\/wp-json\/wp\/v2\/media?parent=8872"}],"curies":[{"name":"wp","href":"https:\/\/api.w.org\/{rel}","templated":true}]}}