{"id":8848,"date":"2018-09-19T13:50:49","date_gmt":"2018-09-19T13:50:49","guid":{"rendered":"https:\/\/www.ovpm.org\/?page_id=8848"},"modified":"2022-03-02T21:06:10","modified_gmt":"2022-03-02T21:06:10","slug":"biographie","status":"publish","type":"page","link":"https:\/\/www.ovpm.org\/fr\/secretariats\/secretariat-general\/biographie\/","title":{"rendered":"Biographie Mikha\u00ebl De Thyse"},"content":{"rendered":"<p>N\u00e9 au Qu\u00e9bec (Canada), Mikhael De Thyse a fait ses \u00e9tudes d\u2019histoire de l\u2019architecture et d\u2019urbanisme \u00e0 l\u2019Universit\u00e9 catholique de Louvain (Belgique) et s\u2019est sp\u00e9cialis\u00e9 au Centre international Raymond Lemaire pour la conservation (RLICC \u2013 KUL, Leuven).<\/p>\n<p>Apr\u00e8s avoir cr\u00e9\u00e9 une entreprise de consultance en patrimoine \u00e0 Bruxelles, il a int\u00e9gr\u00e9 le Conseil de l\u2019Europe (Strasbourg, France) o\u00f9 il a fait l\u2019essentiel de sa carri\u00e8re. Pendant 24 ans il y a d\u00e9velopp\u00e9 et dirig\u00e9 le programme de coop\u00e9ration technique qui visait la mise en \u0153uvre des principaux trait\u00e9s internationaux sur la pr\u00e9servation et la valorisation du patrimoine culturel.<\/p>\n<p>Gr\u00e2ce aux nombreux projets r\u00e9alis\u00e9s dans les 47 \u00e9tats europ\u00e9ens, Mikhael De Thyse a contribu\u00e9 \u00e0 faire \u00e9merger une approche patrimoniale originale du d\u00e9veloppement des villes et des territoires. Il a en outre acquis des comp\u00e9tences op\u00e9rationnelles essentielles pour \u00e9laborer et r\u00e9aliser des strat\u00e9gies de gestion et de r\u00e9habilitations urbaines innovantes et proposer des montages financiers et interdisciplinaires complexes.<\/p>\n","protected":false},"excerpt":{"rendered":"<p>N\u00e9 au Qu\u00e9bec (Canada), Mikhael De Thyse a fait ses \u00e9tudes d\u2019histoire de l\u2019architecture et d\u2019urbanisme \u00e0 l\u2019Universit\u00e9 catholique de Louvain (Belgique) et s\u2019est sp\u00e9cialis\u00e9 au Centre international Raymond Lemaire pour la conservation (RLICC \u2013 KUL, Leuven). Apr\u00e8s avoir cr\u00e9\u00e9 une entreprise de consultance en patrimoine \u00e0 Bruxelles, il a int\u00e9gr\u00e9 le Conseil de l\u2019Europe [&hellip;]<\/p>\n","protected":false},"author":1,"featured_media":0,"parent":7444,"menu_order":353,"comment_status":"closed","ping_status":"closed","template":"","meta":{"_acf_changed":false,"footnotes":""},"acf":[],"_links":{"self":[{"href":"https:\/\/www.ovpm.org\/fr\/wp-json\/wp\/v2\/pages\/8848"}],"collection":[{"href":"https:\/\/www.ovpm.org\/fr\/wp-json\/wp\/v2\/pages"}],"about":[{"href":"https:\/\/www.ovpm.org\/fr\/wp-json\/wp\/v2\/types\/page"}],"author":[{"embeddable":true,"href":"https:\/\/www.ovpm.org\/fr\/wp-json\/wp\/v2\/users\/1"}],"replies":[{"embeddable":true,"href":"https:\/\/www.ovpm.org\/fr\/wp-json\/wp\/v2\/comments?post=8848"}],"version-history":[{"count":1,"href":"https:\/\/www.ovpm.org\/fr\/wp-json\/wp\/v2\/pages\/8848\/revisions"}],"predecessor-version":[{"id":26654,"href":"https:\/\/www.ovpm.org\/fr\/wp-json\/wp\/v2\/pages\/8848\/revisions\/26654"}],"up":[{"embeddable":true,"href":"https:\/\/www.ovpm.org\/fr\/wp-json\/wp\/v2\/pages\/7444"}],"wp:attachment":[{"href":"https:\/\/www.ovpm.org\/fr\/wp-json\/wp\/v2\/media?parent=8848"}],"curies":[{"name":"wp","href":"https:\/\/api.w.org\/{rel}","templated":true}]}}