{"id":7444,"date":"2018-09-04T15:05:32","date_gmt":"2018-09-04T15:05:32","guid":{"rendered":"https:\/\/www.ovpm.org\/?page_id=7444"},"modified":"2023-06-16T20:44:59","modified_gmt":"2023-06-16T20:44:59","slug":"secretariat-general","status":"publish","type":"page","link":"https:\/\/www.ovpm.org\/fr\/secretariats\/secretariat-general\/","title":{"rendered":"Secr\u00e9tariat g\u00e9n\u00e9ral"},"content":{"rendered":"","protected":false},"excerpt":{"rendered":"","protected":false},"author":1,"featured_media":0,"parent":7434,"menu_order":343,"comment_status":"closed","ping_status":"closed","template":"page-sec-general.php","meta":{"_acf_changed":false,"footnotes":""},"acf":[],"_links":{"self":[{"href":"https:\/\/www.ovpm.org\/fr\/wp-json\/wp\/v2\/pages\/7444"}],"collection":[{"href":"https:\/\/www.ovpm.org\/fr\/wp-json\/wp\/v2\/pages"}],"about":[{"href":"https:\/\/www.ovpm.org\/fr\/wp-json\/wp\/v2\/types\/page"}],"author":[{"embeddable":true,"href":"https:\/\/www.ovpm.org\/fr\/wp-json\/wp\/v2\/users\/1"}],"replies":[{"embeddable":true,"href":"https:\/\/www.ovpm.org\/fr\/wp-json\/wp\/v2\/comments?post=7444"}],"version-history":[{"count":4,"href":"https:\/\/www.ovpm.org\/fr\/wp-json\/wp\/v2\/pages\/7444\/revisions"}],"predecessor-version":[{"id":29834,"href":"https:\/\/www.ovpm.org\/fr\/wp-json\/wp\/v2\/pages\/7444\/revisions\/29834"}],"up":[{"embeddable":true,"href":"https:\/\/www.ovpm.org\/fr\/wp-json\/wp\/v2\/pages\/7434"}],"wp:attachment":[{"href":"https:\/\/www.ovpm.org\/fr\/wp-json\/wp\/v2\/media?parent=7444"}],"curies":[{"name":"wp","href":"https:\/\/api.w.org\/{rel}","templated":true}]}}