{"id":36591,"date":"2026-02-16T20:03:28","date_gmt":"2026-02-16T20:03:28","guid":{"rendered":"https:\/\/www.ovpm.org\/?page_id=36591"},"modified":"2026-02-16T20:03:28","modified_gmt":"2026-02-16T20:03:28","slug":"2024-icherisheher-azerbaijan","status":"publish","type":"page","link":"https:\/\/www.ovpm.org\/fr\/2024-icherisheher-azerbaijan\/","title":{"rendered":"2024 &#8211; Icherisheher (Azerbaijan)"},"content":{"rendered":"<h3>Vainqueur du Prix Jean-Paul-L\u2019Allier pour le patrimoine<\/h3>\n<p>Lors du 17e Congr\u00e8s mondial de l\u2019Organisation des villes du patrimoine mondial (OVPM), qui s\u2019est tenu \u00e0 Cordoue du 24 au 27 septembre 2024, la Cit\u00e9 fortifi\u00e9e de Bakou, connue sous le nom d\u2019Icherisheher, a \u00e9t\u00e9 distingu\u00e9e par le prestigieux Prix Jean-Paul-L\u2019Allier pour le patrimoine.<\/p>\n<p><img decoding=\"async\" src=\"https:\/\/www.ovpm.org\/wp-content\/uploads\/2018\/09\/18.png\" \/><\/p>\n<p>Le projet prim\u00e9, portant sur l&rsquo;am\u00e9lioration de la qualit\u00e9 de vie dans la Cit\u00e9 fortifi\u00e9e de Bakou, s&rsquo;est distingu\u00e9 par la mise en valeur du parc des Khans et la restauration du Complexe du palais des Khans. En plus de la construction du plus grand parc paysager de la Cit\u00e9, des b\u00e2timents historiques tels que le palais du XVIIIe si\u00e8cle et les bains souterrains ont \u00e9t\u00e9 restaur\u00e9s pour offrir des espaces publics confortables et des lieux de rassemblement culturel.<\/p>\n<p>Ce projet a su conjuguer modernit\u00e9 et respect du patrimoine, en valorisant le caract\u00e8re unique de la vieille ville tout en am\u00e9liorant la qualit\u00e9 de vie de ses habitants et visiteurs. La participation active des habitants, des entreprises locales et des autorit\u00e9s publiques \u00e0 chaque \u00e9tape de l&rsquo;initiative a renforc\u00e9 le sentiment d&rsquo;appartenance et l&rsquo;enthousiasme des citoyens pour le patrimoine culturel, faisant de la Cit\u00e9 fortifi\u00e9e un espace de vie plus durable, plus vert et plus inclusif.<\/p>\n<p>Le parc des Khans, centre de la revitalisation de la Cit\u00e9, est devenu un lieu embl\u00e9matique, o\u00f9 habitants et visiteurs peuvent se rencontrer, participer \u00e0 des activit\u00e9s culturelles et s&rsquo;impr\u00e9gner de l&rsquo;histoire de Bakou. Les technologies num\u00e9riques, telles que les syst\u00e8mes de r\u00e9alit\u00e9 virtuelle install\u00e9s au mus\u00e9e du palais des Khans, permettent d&rsquo;offrir une exp\u00e9rience immersive dans le pass\u00e9 fascinant de la ville, enrichissant la visite et renfor\u00e7ant l&rsquo;attrait touristique.<\/p>\n<p>F\u00e9licitations \u00e0 la Cit\u00e9 fortifi\u00e9e de Bakou pour cette remarquable r\u00e9alisation !<\/p>\n<a href=\"https:\/\/www.ovpm.org\/wp-content\/uploads\/2018\/09\/resume-icherisheher-fr-1.pdf\" class=\"button m-t-sm m-b-sm\">En savoir plus sur le projet de Icherisheher<\/a>\n","protected":false},"excerpt":{"rendered":"<p>Vainqueur du Prix Jean-Paul-L\u2019Allier pour le patrimoine Lors du 17e Congr\u00e8s mondial de l\u2019Organisation des villes du patrimoine mondial (OVPM), qui s\u2019est tenu \u00e0 Cordoue du 24 au 27 septembre 2024, la Cit\u00e9 fortifi\u00e9e de Bakou, connue sous le nom d\u2019Icherisheher, a \u00e9t\u00e9 distingu\u00e9e par le prestigieux Prix Jean-Paul-L\u2019Allier pour le patrimoine. Le projet prim\u00e9, [&hellip;]<\/p>\n","protected":false},"author":22,"featured_media":0,"parent":0,"menu_order":3,"comment_status":"closed","ping_status":"closed","template":"","meta":{"_acf_changed":false,"footnotes":""},"acf":[],"_links":{"self":[{"href":"https:\/\/www.ovpm.org\/fr\/wp-json\/wp\/v2\/pages\/36591"}],"collection":[{"href":"https:\/\/www.ovpm.org\/fr\/wp-json\/wp\/v2\/pages"}],"about":[{"href":"https:\/\/www.ovpm.org\/fr\/wp-json\/wp\/v2\/types\/page"}],"author":[{"embeddable":true,"href":"https:\/\/www.ovpm.org\/fr\/wp-json\/wp\/v2\/users\/22"}],"replies":[{"embeddable":true,"href":"https:\/\/www.ovpm.org\/fr\/wp-json\/wp\/v2\/comments?post=36591"}],"version-history":[{"count":1,"href":"https:\/\/www.ovpm.org\/fr\/wp-json\/wp\/v2\/pages\/36591\/revisions"}],"predecessor-version":[{"id":36592,"href":"https:\/\/www.ovpm.org\/fr\/wp-json\/wp\/v2\/pages\/36591\/revisions\/36592"}],"wp:attachment":[{"href":"https:\/\/www.ovpm.org\/fr\/wp-json\/wp\/v2\/media?parent=36591"}],"curies":[{"name":"wp","href":"https:\/\/api.w.org\/{rel}","templated":true}]}}