{"id":36585,"date":"2026-02-16T19:47:07","date_gmt":"2026-02-16T19:47:07","guid":{"rendered":"https:\/\/www.ovpm.org\/?page_id=36585"},"modified":"2026-02-16T19:47:07","modified_gmt":"2026-02-16T19:47:07","slug":"finalistes-2024","status":"publish","type":"page","link":"https:\/\/www.ovpm.org\/fr\/finalistes-2024\/","title":{"rendered":"Finalistes 2024"},"content":{"rendered":"<h3>Candidatures 2024<\/h3>\n<p><strong><img loading=\"lazy\" decoding=\"async\" class=\"alignleft wp-image-31927 size-thumbnail\" src=\"https:\/\/www.ovpm.org\/wp-content\/uploads\/2018\/09\/1-foto-aerea-conjunto-copy-150x150.jpg\" alt=\"\" width=\"150\" height=\"150\" srcset=\"https:\/\/www.ovpm.org\/wp-content\/uploads\/2018\/09\/1-foto-aerea-conjunto-copy-150x150.jpg 150w, https:\/\/www.ovpm.org\/wp-content\/uploads\/2018\/09\/1-foto-aerea-conjunto-copy-500x500.jpg 500w\" sizes=\"(max-width: 150px) 100vw, 150px\" \/>Angra do Heroismo<\/strong> &#8211; <em>R\u00e9habilitation de l&rsquo;\u00e9glise de Nossa Senhora da Concei\u00e7\u00e3o &#8211; Concepcionistas <\/em>(document original disponible dans la version anglaise du site web)<em><br \/>\n<\/em><a href=\"https:\/\/www.ovpm.org\/wp-content\/uploads\/2018\/09\/executive-summary-angra-fr.pdf\" class=\"button m-t-sm m-b-sm\">Sommaire ex\u00e9cutif du projet (traduction de courtoise)<\/a><\/p>\n<p>&nbsp;<\/p>\n<p><strong><img loading=\"lazy\" decoding=\"async\" class=\"alignleft wp-image-31930 size-thumbnail\" src=\"https:\/\/www.ovpm.org\/wp-content\/uploads\/2018\/09\/image-site-150x150.png\" alt=\"\" width=\"150\" height=\"150\" srcset=\"https:\/\/www.ovpm.org\/wp-content\/uploads\/2018\/09\/image-site-150x150.png 150w, https:\/\/www.ovpm.org\/wp-content\/uploads\/2018\/09\/image-site-500x500.png 500w\" sizes=\"(max-width: 150px) 100vw, 150px\" \/>Colonia del Sacramento<\/strong> &#8211; <em>Refonctionnalisation des ar\u00e8nes de la Real de San Carlos <\/em>(document original disponible dans la version espagnole du site web)<br \/>\n<a href=\"https:\/\/www.ovpm.org\/wp-content\/uploads\/2018\/09\/executive-summary-colonia-fr.pdf\" class=\"button m-t-sm m-b-sm\">Sommaire ex\u00e9cutif du projet (traduction de courtoise)<\/a><\/p>\n<p>&nbsp;<\/p>\n<p><strong><img loading=\"lazy\" decoding=\"async\" class=\"alignleft wp-image-31933 size-thumbnail\" src=\"https:\/\/www.ovpm.org\/wp-content\/uploads\/2018\/09\/1-150x150.jpg\" alt=\"\" width=\"150\" height=\"150\" srcset=\"https:\/\/www.ovpm.org\/wp-content\/uploads\/2018\/09\/1-150x150.jpg 150w, https:\/\/www.ovpm.org\/wp-content\/uploads\/2018\/09\/1-500x500.jpg 500w\" sizes=\"(max-width: 150px) 100vw, 150px\" \/>Icherisheher<\/strong> &#8211; <em>Am\u00e9lioration de la qualit\u00e9 de vie dans la ville fortifi\u00e9e de Bakou (Icherisheher) : Le parc des Khans de Bakou et le complexe du palais des Khans de Bakou<\/em>\u00a0(document original disponible dans la version anglaise du site web)<br \/>\n<a href=\"https:\/\/www.ovpm.org\/wp-content\/uploads\/2018\/09\/resume-icherisheher-fr.pdf\" class=\"button m-t-sm m-b-sm\">Sommaire ex\u00e9cutif du projet (traduction de courtoise)<\/a><\/p>\n<p>&nbsp;<\/p>\n<p><strong><img loading=\"lazy\" decoding=\"async\" class=\"wp-image-31936 size-thumbnail alignleft\" src=\"https:\/\/www.ovpm.org\/wp-content\/uploads\/2018\/09\/image-site-1-150x150.png\" alt=\"\" width=\"150\" height=\"150\" srcset=\"https:\/\/www.ovpm.org\/wp-content\/uploads\/2018\/09\/image-site-1-150x150.png 150w, https:\/\/www.ovpm.org\/wp-content\/uploads\/2018\/09\/image-site-1-500x500.png 500w\" sizes=\"(max-width: 150px) 100vw, 150px\" \/>Jongno-Gu<\/strong> &#8211; <em>La porte du palais s&rsquo;ouvre \u00e0 Jongno<\/em>\u00a0(document original disponible dans la version anglaise du site web)<br \/>\n<a href=\"https:\/\/www.ovpm.org\/wp-content\/uploads\/2018\/09\/sommaire-jongno-fr.pdf\" class=\"button m-t-sm m-b-sm\">Sommaire ex\u00e9cutif du projet (traduction de courtoise)<\/a><\/p>\n<p>&nbsp;<\/p>\n<p><strong><img loading=\"lazy\" decoding=\"async\" class=\"alignleft wp-image-31939 size-thumbnail\" src=\"https:\/\/www.ovpm.org\/wp-content\/uploads\/2018\/09\/photo-1-general-view-of-slavic-reading-room-150x150.jpg\" alt=\"\" width=\"150\" height=\"150\" srcset=\"https:\/\/www.ovpm.org\/wp-content\/uploads\/2018\/09\/photo-1-general-view-of-slavic-reading-room-150x150.jpg 150w, https:\/\/www.ovpm.org\/wp-content\/uploads\/2018\/09\/photo-1-general-view-of-slavic-reading-room-500x500.jpg 500w\" sizes=\"(max-width: 150px) 100vw, 150px\" \/>Kotor<\/strong> &#8211; <em>Projet de reconstruction du bien culturel immobilier SALLE DE LECTURE SLAVIQUE<\/em>\u00a0(document original disponible dans la version anglaise du site web)<br \/>\n<a href=\"https:\/\/www.ovpm.org\/wp-content\/uploads\/2018\/09\/kotor-sommaire-fr.pdf\" class=\"button m-t-sm m-b-sm\">Sommaire ex\u00e9cutif du projet (traduction de courtoise)<\/a><\/p>\n<p>&nbsp;<\/p>\n<p><strong><br \/>\n<img loading=\"lazy\" decoding=\"async\" class=\"alignleft wp-image-31942 size-thumbnail\" src=\"https:\/\/www.ovpm.org\/wp-content\/uploads\/2018\/09\/image-site-2-150x150.png\" alt=\"\" width=\"150\" height=\"150\" srcset=\"https:\/\/www.ovpm.org\/wp-content\/uploads\/2018\/09\/image-site-2-150x150.png 150w, https:\/\/www.ovpm.org\/wp-content\/uploads\/2018\/09\/image-site-2-500x500.png 500w\" sizes=\"(max-width: 150px) 100vw, 150px\" \/>Cracovie<\/strong> &#8211; <em>Le leadership de la Pologne dans la mise en \u0153uvre de parcs culturels<\/em>\u00a0(document original disponible dans la version anglaise du site web)<br \/>\n<a href=\"https:\/\/www.ovpm.org\/wp-content\/uploads\/2018\/09\/sommaire-krakow-fr.pdf\" class=\"button m-t-sm m-b-sm\">Sommaire ex\u00e9cutif du projet (traduction de courtoise)<\/a><\/p>\n<p>&nbsp;<\/p>\n<p><strong><img loading=\"lazy\" decoding=\"async\" class=\"alignleft wp-image-31945 size-thumbnail\" src=\"https:\/\/www.ovpm.org\/wp-content\/uploads\/2018\/09\/image-site-3-150x150.png\" alt=\"\" width=\"150\" height=\"150\" srcset=\"https:\/\/www.ovpm.org\/wp-content\/uploads\/2018\/09\/image-site-3-150x150.png 150w, https:\/\/www.ovpm.org\/wp-content\/uploads\/2018\/09\/image-site-3-500x500.png 500w\" sizes=\"(max-width: 150px) 100vw, 150px\" \/>Mexico<\/strong> &#8211; <em>R\u00e9habilitation du b\u00e2timent situ\u00e9 \u00e0 Antiguo Callej\u00f3n de Puentecito, Rep\u00fablica de \u00c9quateur, num\u00e9ro 10 <\/em>(document original disponible dans la version espagnole du site web)<br \/>\n<a href=\"https:\/\/www.ovpm.org\/wp-content\/uploads\/2018\/09\/sommaire-mexico-fr.pdf\" class=\"button m-t-sm m-b-sm\">Sommaire ex\u00e9cutif du projet (traduction de courtoise)<\/a><\/p>\n<p>&nbsp;<\/p>\n<p><strong><img loading=\"lazy\" decoding=\"async\" class=\"alignleft wp-image-31948 size-thumbnail\" src=\"https:\/\/www.ovpm.org\/wp-content\/uploads\/2018\/09\/image-site-4-150x150.png\" alt=\"\" width=\"150\" height=\"150\" srcset=\"https:\/\/www.ovpm.org\/wp-content\/uploads\/2018\/09\/image-site-4-150x150.png 150w, https:\/\/www.ovpm.org\/wp-content\/uploads\/2018\/09\/image-site-4-500x500.png 500w\" sizes=\"(max-width: 150px) 100vw, 150px\" \/>Morelia<\/strong> &#8211; <em>Conseil consultatif des sites culturels de Morelia <\/em>(document original disponible dans la version espagnole du site web)<br \/>\n<a href=\"https:\/\/www.ovpm.org\/wp-content\/uploads\/2018\/09\/sommaire-morelia-fr.pdf\" class=\"button m-t-sm m-b-sm\">Sommaire ex\u00e9cutif du projet (traduction de courtoise)<\/a><\/p>\n<p>&nbsp;<\/p>\n<p><strong><br \/>\n<img loading=\"lazy\" decoding=\"async\" class=\"alignleft wp-image-31951 size-thumbnail\" src=\"https:\/\/www.ovpm.org\/wp-content\/uploads\/2018\/09\/01sketch-16-septiembre-150x150.jpg\" alt=\"\" width=\"150\" height=\"150\" srcset=\"https:\/\/www.ovpm.org\/wp-content\/uploads\/2018\/09\/01sketch-16-septiembre-150x150.jpg 150w, https:\/\/www.ovpm.org\/wp-content\/uploads\/2018\/09\/01sketch-16-septiembre-500x500.jpg 500w\" sizes=\"(max-width: 150px) 100vw, 150px\" \/>Puebla<\/strong> &#8211; <em>Intervention int\u00e9grale du \u00ab\u00a0Corridor de la rue 16 de Septiembre<\/em> (document original disponible dans la version espagnole du site web)<br \/>\n<a href=\"https:\/\/www.ovpm.org\/wp-content\/uploads\/2018\/09\/sommaire-puebla-fr.pdf\" class=\"button m-t-sm m-b-sm\">Sommaire ex\u00e9cutif du projet (traduction de courtoise)<\/a><\/p>\n<p>&nbsp;<\/p>\n<p><strong><img loading=\"lazy\" decoding=\"async\" class=\"alignleft wp-image-31954 size-thumbnail\" src=\"https:\/\/www.ovpm.org\/wp-content\/uploads\/2018\/09\/2023-stantec-phdv0018-pano-150x150.jpg\" alt=\"\" width=\"150\" height=\"150\" srcset=\"https:\/\/www.ovpm.org\/wp-content\/uploads\/2018\/09\/2023-stantec-phdv0018-pano-150x150.jpg 150w, https:\/\/www.ovpm.org\/wp-content\/uploads\/2018\/09\/2023-stantec-phdv0018-pano-500x500.jpg 500w\" sizes=\"(max-width: 150px) 100vw, 150px\" \/>Qu\u00e9bec<\/strong> &#8211; <em>Place de l&rsquo;H\u00f4tel-de-Ville<br \/>\n<\/em><a href=\"https:\/\/www.ovpm.org\/wp-content\/uploads\/2018\/09\/sommaire-executif.pdf\" class=\"button m-t-sm m-b-sm\">Sommaire ex\u00e9cutif du projet<\/a><em><br \/>\n<\/em><\/p>\n<p>&nbsp;<\/p>\n<p>&nbsp;<\/p>\n<p><strong><img loading=\"lazy\" decoding=\"async\" class=\"alignleft wp-image-31957 size-thumbnail\" src=\"https:\/\/www.ovpm.org\/wp-content\/uploads\/2018\/09\/1-1-150x150.jpg\" alt=\"\" width=\"150\" height=\"150\" srcset=\"https:\/\/www.ovpm.org\/wp-content\/uploads\/2018\/09\/1-1-150x150.jpg 150w, https:\/\/www.ovpm.org\/wp-content\/uploads\/2018\/09\/1-1-500x500.jpg 500w\" sizes=\"(max-width: 150px) 100vw, 150px\" \/>Queretaro<\/strong> &#8211; <em>Conservation et restauration de la peinture murale int\u00e9rieure du temple de San Jos\u00e9 de Gracia (ZMHQ) <\/em>(document original disponible dans la version espagnole du site web)<br \/>\n<a href=\"https:\/\/www.ovpm.org\/wp-content\/uploads\/2018\/09\/sommaire-queretaro-fr.pdf\" class=\"button m-t-sm m-b-sm\">Sommaire ex\u00e9cutif du projet (traduction de courtoise)<\/a><\/p>\n<p>&nbsp;<\/p>\n<p><strong><img loading=\"lazy\" decoding=\"async\" class=\"alignleft wp-image-31960 size-thumbnail\" src=\"https:\/\/www.ovpm.org\/wp-content\/uploads\/2018\/09\/image-site-5-150x150.png\" alt=\"\" width=\"150\" height=\"150\" srcset=\"https:\/\/www.ovpm.org\/wp-content\/uploads\/2018\/09\/image-site-5-150x150.png 150w, https:\/\/www.ovpm.org\/wp-content\/uploads\/2018\/09\/image-site-5-500x500.png 500w\" sizes=\"(max-width: 150px) 100vw, 150px\" \/>Visby<\/strong> &#8211; <em>Le voyage vers une ville hans\u00e9atique durable &#8211; D\u00e9veloppement des lieux par la gestion des visiteurs<\/em> (document original disponible dans la version anglaise du site web)<br \/>\n<a href=\"https:\/\/www.ovpm.org\/wp-content\/uploads\/2018\/09\/executive-summary-fr.pdf\" class=\"button m-t-sm m-b-sm\">Sommaire ex\u00e9cutif du projet (traduction de courtoise)<\/a><\/p>\n","protected":false},"excerpt":{"rendered":"<p>Candidatures 2024 Angra do Heroismo &#8211; R\u00e9habilitation de l&rsquo;\u00e9glise de Nossa Senhora da Concei\u00e7\u00e3o &#8211; Concepcionistas (document original disponible dans la version anglaise du site web) &nbsp; Colonia del Sacramento &#8211; Refonctionnalisation des ar\u00e8nes de la Real de San Carlos (document original disponible dans la version espagnole du site web) &nbsp; Icherisheher &#8211; Am\u00e9lioration de [&hellip;]<\/p>\n","protected":false},"author":22,"featured_media":0,"parent":0,"menu_order":5,"comment_status":"closed","ping_status":"closed","template":"","meta":{"_acf_changed":false,"footnotes":""},"acf":[],"_links":{"self":[{"href":"https:\/\/www.ovpm.org\/fr\/wp-json\/wp\/v2\/pages\/36585"}],"collection":[{"href":"https:\/\/www.ovpm.org\/fr\/wp-json\/wp\/v2\/pages"}],"about":[{"href":"https:\/\/www.ovpm.org\/fr\/wp-json\/wp\/v2\/types\/page"}],"author":[{"embeddable":true,"href":"https:\/\/www.ovpm.org\/fr\/wp-json\/wp\/v2\/users\/22"}],"replies":[{"embeddable":true,"href":"https:\/\/www.ovpm.org\/fr\/wp-json\/wp\/v2\/comments?post=36585"}],"version-history":[{"count":1,"href":"https:\/\/www.ovpm.org\/fr\/wp-json\/wp\/v2\/pages\/36585\/revisions"}],"predecessor-version":[{"id":36586,"href":"https:\/\/www.ovpm.org\/fr\/wp-json\/wp\/v2\/pages\/36585\/revisions\/36586"}],"wp:attachment":[{"href":"https:\/\/www.ovpm.org\/fr\/wp-json\/wp\/v2\/media?parent=36585"}],"curies":[{"name":"wp","href":"https:\/\/api.w.org\/{rel}","templated":true}]}}