{"id":35798,"date":"2025-10-08T13:35:31","date_gmt":"2025-10-08T13:35:31","guid":{"rendered":"https:\/\/www.ovpm.org\/?page_id=35798"},"modified":"2025-10-08T13:49:02","modified_gmt":"2025-10-08T13:49:02","slug":"31e-journee-de-lovpm","status":"publish","type":"page","link":"https:\/\/www.ovpm.org\/fr\/31e-journee-de-lovpm\/","title":{"rendered":"31e Journ\u00e9e de l&rsquo;OVPM"},"content":{"rendered":"<h3><strong>Kotor<\/strong><\/h3>\n<p>\u00c0 l&rsquo;occasion de la 31<sup>e<\/sup> Journ\u00e9e des villes de l\u2019OVPM, les Mus\u00e9es de Kotor ont organis\u00e9 une exposition des \u0153uvres de dentelle de Dobrota intitul\u00e9e \u00ab\u00a0Un ancien savoir-faire pour une nouvelle g\u00e9n\u00e9ration\u00a0\u00bb devant la Cath\u00e9drale de Saint Tryphon. Les participants des ateliers de dentelle ont r\u00e9alis\u00e9 des d\u00e9monstrations publiques, rendant hommage \u00e0 cet artisanat traditionnel. Cet \u00e9v\u00e9nement a permis de c\u00e9l\u00e9brer le patrimoine culturel immat\u00e9riel de la ville, dans une ambiance conviviale au c\u0153ur de la place principale.<\/p>\n<p><img loading=\"lazy\" decoding=\"async\" class=\"alignnone wp-image-33738\" src=\"https:\/\/www.ovpm.org\/wp-content\/uploads\/2018\/09\/kotor-300x300.jpg\" alt=\"\" width=\"370\" height=\"370\" srcset=\"https:\/\/www.ovpm.org\/wp-content\/uploads\/2018\/09\/kotor-300x300.jpg 300w, https:\/\/www.ovpm.org\/wp-content\/uploads\/2018\/09\/kotor-1024x1024.jpg 1024w, https:\/\/www.ovpm.org\/wp-content\/uploads\/2018\/09\/kotor-150x150.jpg 150w, https:\/\/www.ovpm.org\/wp-content\/uploads\/2018\/09\/kotor-768x768.jpg 768w, https:\/\/www.ovpm.org\/wp-content\/uploads\/2018\/09\/kotor-500x500.jpg 500w, https:\/\/www.ovpm.org\/wp-content\/uploads\/2018\/09\/kotor-1200x1200.jpg 1200w, https:\/\/www.ovpm.org\/wp-content\/uploads\/2018\/09\/kotor.jpg 1350w\" sizes=\"(max-width: 370px) 100vw, 370px\" \/><\/p>\n<p>&nbsp;<\/p>\n<h3><strong>Qu\u00e9bec<\/strong><\/h3>\n<p>Pour la 31<sup>e<\/sup> Journ\u00e9e des villes de l\u2019OVPM, la Ville de Qu\u00e9bec a organis\u00e9 deux activit\u00e9s marquantes. Une exposition ext\u00e9rieure intitul\u00e9e \u00ab\u00a0Les curiosit\u00e9s du Vieux-Qu\u00e9bec\u00a0\u00bb s&rsquo;est tenue \u00e0 l&rsquo;entr\u00e9e de la terrasse Dufferin tout au long du mois de septembre. De plus, une projection artistique a \u00e9t\u00e9 organis\u00e9e sur les silos Bunge, illuminant le Vieux-Port avec des images en hommage au patrimoine historique de Qu\u00e9bec.<\/p>\n<p><img loading=\"lazy\" decoding=\"async\" class=\"alignnone wp-image-33741\" src=\"https:\/\/www.ovpm.org\/wp-content\/uploads\/2018\/09\/quebec-300x200.jpg\" alt=\"\" width=\"371\" height=\"247\" srcset=\"https:\/\/www.ovpm.org\/wp-content\/uploads\/2018\/09\/quebec-300x200.jpg 300w, https:\/\/www.ovpm.org\/wp-content\/uploads\/2018\/09\/quebec-1024x683.jpg 1024w, https:\/\/www.ovpm.org\/wp-content\/uploads\/2018\/09\/quebec-768x512.jpg 768w, https:\/\/www.ovpm.org\/wp-content\/uploads\/2018\/09\/quebec-1536x1024.jpg 1536w, https:\/\/www.ovpm.org\/wp-content\/uploads\/2018\/09\/quebec-2048x1365.jpg 2048w, https:\/\/www.ovpm.org\/wp-content\/uploads\/2018\/09\/quebec-1200x800.jpg 1200w\" sizes=\"(max-width: 371px) 100vw, 371px\" \/><\/p>\n<p>&nbsp;<\/p>\n<h3><strong>Grenade<\/strong><\/h3>\n<p>Grenade a c\u00e9l\u00e9br\u00e9 la 31<sup>e<\/sup> Journ\u00e9e des villes de l\u2019OVPM avec trois jours de festivit\u00e9s, du 6 au 8 septembre, autour du th\u00e8me \u00ab\u00a0L\u2019Habitabilit\u00e9 dans les Centres Historiques\u00a0\u00bb. Des portes ouvertes ont \u00e9t\u00e9 organis\u00e9es dans des lieux embl\u00e9matiques, accompagn\u00e9es de concerts et de projections de films. Le concert \u00ab\u00a0Fiesta con la Orquesta Ciudad de Granada\u00a0\u00bb et le film \u00ab\u00a0Los Constructores de la Alhambra\u00a0\u00bb ont \u00e9t\u00e9 des moments forts de la c\u00e9l\u00e9bration, permettant aux habitants et visiteurs de s&rsquo;impr\u00e9gner du riche patrimoine culturel de la ville.<\/p>\n<p><img loading=\"lazy\" decoding=\"async\" class=\"alignnone wp-image-33735\" src=\"https:\/\/www.ovpm.org\/wp-content\/uploads\/2018\/09\/granada-300x300.jpg\" alt=\"\" width=\"373\" height=\"373\" srcset=\"https:\/\/www.ovpm.org\/wp-content\/uploads\/2018\/09\/granada-300x300.jpg 300w, https:\/\/www.ovpm.org\/wp-content\/uploads\/2018\/09\/granada-1024x1021.jpg 1024w, https:\/\/www.ovpm.org\/wp-content\/uploads\/2018\/09\/granada-150x150.jpg 150w, https:\/\/www.ovpm.org\/wp-content\/uploads\/2018\/09\/granada-768x766.jpg 768w, https:\/\/www.ovpm.org\/wp-content\/uploads\/2018\/09\/granada-1536x1532.jpg 1536w, https:\/\/www.ovpm.org\/wp-content\/uploads\/2018\/09\/granada-500x500.jpg 500w, https:\/\/www.ovpm.org\/wp-content\/uploads\/2018\/09\/granada-1200x1197.jpg 1200w, https:\/\/www.ovpm.org\/wp-content\/uploads\/2018\/09\/granada.jpg 1715w\" sizes=\"(max-width: 373px) 100vw, 373px\" \/><\/p>\n<p>&nbsp;<\/p>\n<h3><strong>S\u00e9govie<\/strong><\/h3>\n<p>La ville de S\u00e9govie a marqu\u00e9 la 31<sup>e<\/sup> Journ\u00e9e des villes de l\u2019OVPM en hissant notre drapeau sur le m\u00e2t du Jardin des Po\u00e8tes tout le week-end. Une promenade \u00e9ducative au bord de l&rsquo;Eresma a \u00e9galement \u00e9t\u00e9 organis\u00e9e le 8 septembre, permettant aux participants d&rsquo;en apprendre davantage sur l&rsquo;importance des espaces verts dans la ville, notamment en mati\u00e8re de sant\u00e9, de qualit\u00e9 de l&rsquo;air et de bien-\u00eatre.<\/p>\n<p><img loading=\"lazy\" decoding=\"async\" class=\"alignnone wp-image-33747\" src=\"https:\/\/www.ovpm.org\/wp-content\/uploads\/2018\/09\/segovie-300x200.jpg\" alt=\"\" width=\"374\" height=\"249\" srcset=\"https:\/\/www.ovpm.org\/wp-content\/uploads\/2018\/09\/segovie-300x200.jpg 300w, https:\/\/www.ovpm.org\/wp-content\/uploads\/2018\/09\/segovie.jpg 371w\" sizes=\"(max-width: 374px) 100vw, 374px\" \/><\/p>\n<p>&nbsp;<\/p>\n<h3><strong>Cracovie<\/strong><\/h3>\n<p>Cracovie a c\u00e9l\u00e9br\u00e9 la 31<sup>e<\/sup> Journ\u00e9e des villes de l\u2019OVPM en mettant en avant les initiatives de v\u00e9g\u00e9talisation des espaces publics historiques, ainsi que la pr\u00e9paration du 17<sup>e<\/sup> Congr\u00e8s mondial de l&rsquo;OVPM \u00e0 Cordoue. Le maire Aleksander Miszalski a adress\u00e9 un message sp\u00e9cial, rappelant l&rsquo;importance du patrimoine historique de la ville et l&rsquo;engagement de Cracovie pour sa pr\u00e9servation. Une attention particuli\u00e8re a \u00e9t\u00e9 port\u00e9e aux \u00ab\u00a0Lignes directrices pour la gestion du centre historique de Cracovie\u00a0\u00bb.<\/p>\n<p><iframe loading=\"lazy\" title=\"Message of the Mayor of Krak\u00f3w Aleksander Miszalski for the Solidarity Day of World Heritage Cities\" width=\"500\" height=\"281\" src=\"https:\/\/www.youtube.com\/embed\/txAUCf5KbTQ?feature=oembed\" frameborder=\"0\" allow=\"accelerometer; autoplay; clipboard-write; encrypted-media; gyroscope; picture-in-picture; web-share\" referrerpolicy=\"strict-origin-when-cross-origin\" allowfullscreen><\/iframe><\/p>\n<p>&nbsp;<\/p>\n<h3><strong>Ness\u00e9bar<\/strong><\/h3>\n<p>La Ville de Ness\u00e9bar et le Mus\u00e9e du Vieux Ness\u00e9bar ont offert aux visiteurs une visite panoramique gratuite intitul\u00e9e \u00ab\u00a0Le Chemin de l&rsquo;Esprit\u00a0\u00bb, \u00e0 l&rsquo;occasion de la 31<sup>e<\/sup> Journ\u00e9e des villes de l\u2019OVPM. Ce parcours guid\u00e9 a permis de d\u00e9couvrir les monuments embl\u00e9matiques de la ville, promouvant la richesse culturelle de cette p\u00e9ninsule class\u00e9e au patrimoine mondial.<\/p>\n<p><img loading=\"lazy\" decoding=\"async\" class=\"alignnone wp-image-33750\" src=\"https:\/\/www.ovpm.org\/wp-content\/uploads\/2018\/09\/nessebar-1-300x168.jpg\" alt=\"\" width=\"445\" height=\"249\" srcset=\"https:\/\/www.ovpm.org\/wp-content\/uploads\/2018\/09\/nessebar-1-300x168.jpg 300w, https:\/\/www.ovpm.org\/wp-content\/uploads\/2018\/09\/nessebar-1.jpg 376w\" sizes=\"(max-width: 445px) 100vw, 445px\" \/><\/p>\n<p>&nbsp;<\/p>\n<h3><strong>Morelia<\/strong><\/h3>\n<p>Le 7 septembre, la ville de Morelia a c\u00e9l\u00e9br\u00e9 la 31<sup>e<\/sup> Journ\u00e9e des villes de l\u2019OVPM avec la deuxi\u00e8me \u00e9dition du Festival du Patrimoine Culturel Immat\u00e9riel au Rancho del Charro. Cet \u00e9v\u00e9nement gratuit a propos\u00e9 diverses activit\u00e9s telles que des spectacles de charreada, des performances musicales, des danses folkloriques, ainsi que des d\u00e9gustations de mets traditionnels mexicains et de mezcal, attirant plus de 2 500 personnes tout au long de la journ\u00e9e.<\/p>\n<p><img loading=\"lazy\" decoding=\"async\" class=\"alignnone wp-image-33744\" src=\"https:\/\/www.ovpm.org\/wp-content\/uploads\/2018\/09\/morelia-182x300.jpg\" alt=\"\" width=\"312\" height=\"514\" srcset=\"https:\/\/www.ovpm.org\/wp-content\/uploads\/2018\/09\/morelia-182x300.jpg 182w, https:\/\/www.ovpm.org\/wp-content\/uploads\/2018\/09\/morelia-622x1024.jpg 622w, https:\/\/www.ovpm.org\/wp-content\/uploads\/2018\/09\/morelia-768x1264.jpg 768w, https:\/\/www.ovpm.org\/wp-content\/uploads\/2018\/09\/morelia-933x1536.jpg 933w, https:\/\/www.ovpm.org\/wp-content\/uploads\/2018\/09\/morelia-729x1200.jpg 729w, https:\/\/www.ovpm.org\/wp-content\/uploads\/2018\/09\/morelia.jpg 1244w\" sizes=\"(max-width: 312px) 100vw, 312px\" \/><\/p>\n<p>&nbsp;<\/p>\n<h3><strong>Cidade Velha<\/strong><\/h3>\n<p>Cidade Velha a marqu\u00e9 la 31<sup>e<\/sup> Journ\u00e9e des villes de l\u2019OVPM avec l&rsquo;inauguration de l&rsquo;exposition \u00ab\u00a0Identidadi Mistisu\u00a0\u00bb de l&rsquo;artiste Tchilac Furtado, au Centre Culturel de Cidade Velha. Une animation culturelle a \u00e9galement \u00e9t\u00e9 organis\u00e9e avec la participation de la soci\u00e9t\u00e9 \u00ab\u00a0Tradison n&rsquo;Alma\u00a0\u00bb, pour c\u00e9l\u00e9brer la culture et l&rsquo;h\u00e9ritage de la ville.<\/p>\n<p><img loading=\"lazy\" decoding=\"async\" class=\"alignnone wp-image-33732\" src=\"https:\/\/www.ovpm.org\/wp-content\/uploads\/2018\/09\/cidade-velha-212x300.jpg\" alt=\"\" width=\"311\" height=\"440\" srcset=\"https:\/\/www.ovpm.org\/wp-content\/uploads\/2018\/09\/cidade-velha-212x300.jpg 212w, https:\/\/www.ovpm.org\/wp-content\/uploads\/2018\/09\/cidade-velha.jpg 678w\" sizes=\"(max-width: 311px) 100vw, 311px\" \/><\/p>\n<p>&nbsp;<\/p>\n<h3><strong>San Antonio<\/strong><\/h3>\n<p>Le 9e Festival annuel du Patrimoine Mondial s&rsquo;est d\u00e9roul\u00e9 \u00e0 San Antonio du 4 au 8 septembre 2024. Cet \u00e9v\u00e9nement collaboratif a c\u00e9l\u00e9br\u00e9 les Missions de San Antonio avec des balades \u00e0 v\u00e9lo, des marches et des courses autour des sites historiques pour les citoyens. \u00a0La c\u00e9l\u00e9bration fut \u00e9galement festive avec de la musique et des artistes locaux, de la nourriture et plus encore!<\/p>\n<p><iframe loading=\"lazy\" title=\"World Heritage Festival Sneak Peek\" width=\"500\" height=\"281\" src=\"https:\/\/www.youtube.com\/embed\/1ZM0mk0cF4A?feature=oembed\" frameborder=\"0\" allow=\"accelerometer; autoplay; clipboard-write; encrypted-media; gyroscope; picture-in-picture; web-share\" referrerpolicy=\"strict-origin-when-cross-origin\" allowfullscreen><\/iframe><\/p>\n","protected":false},"excerpt":{"rendered":"<p>Kotor \u00c0 l&rsquo;occasion de la 31e Journ\u00e9e des villes de l\u2019OVPM, les Mus\u00e9es de Kotor ont organis\u00e9 une exposition des \u0153uvres de dentelle de Dobrota intitul\u00e9e \u00ab\u00a0Un ancien savoir-faire pour une nouvelle g\u00e9n\u00e9ration\u00a0\u00bb devant la Cath\u00e9drale de Saint Tryphon. Les participants des ateliers de dentelle ont r\u00e9alis\u00e9 des d\u00e9monstrations publiques, rendant hommage \u00e0 cet artisanat [&hellip;]<\/p>\n","protected":false},"author":22,"featured_media":0,"parent":0,"menu_order":8,"comment_status":"closed","ping_status":"closed","template":"","meta":{"_acf_changed":false,"footnotes":""},"acf":[],"_links":{"self":[{"href":"https:\/\/www.ovpm.org\/fr\/wp-json\/wp\/v2\/pages\/35798"}],"collection":[{"href":"https:\/\/www.ovpm.org\/fr\/wp-json\/wp\/v2\/pages"}],"about":[{"href":"https:\/\/www.ovpm.org\/fr\/wp-json\/wp\/v2\/types\/page"}],"author":[{"embeddable":true,"href":"https:\/\/www.ovpm.org\/fr\/wp-json\/wp\/v2\/users\/22"}],"replies":[{"embeddable":true,"href":"https:\/\/www.ovpm.org\/fr\/wp-json\/wp\/v2\/comments?post=35798"}],"version-history":[{"count":3,"href":"https:\/\/www.ovpm.org\/fr\/wp-json\/wp\/v2\/pages\/35798\/revisions"}],"predecessor-version":[{"id":35804,"href":"https:\/\/www.ovpm.org\/fr\/wp-json\/wp\/v2\/pages\/35798\/revisions\/35804"}],"wp:attachment":[{"href":"https:\/\/www.ovpm.org\/fr\/wp-json\/wp\/v2\/media?parent=35798"}],"curies":[{"name":"wp","href":"https:\/\/api.w.org\/{rel}","templated":true}]}}