{"id":33724,"date":"2024-10-30T20:15:49","date_gmt":"2024-10-30T20:15:49","guid":{"rendered":"https:\/\/www.ovpm.org\/?page_id=33724"},"modified":"2024-10-30T20:18:00","modified_gmt":"2024-10-30T20:18:00","slug":"30e-journee-de-solidarite-des-villes-du-patrimoine-mondial","status":"publish","type":"page","link":"https:\/\/www.ovpm.org\/fr\/30e-journee-de-solidarite-des-villes-du-patrimoine-mondial\/","title":{"rendered":"30e Journ\u00e9e de Solidarit\u00e9 des Villes du Patrimoine Mondial"},"content":{"rendered":"<h2>\u00c9dition 2023<\/h2>\n<h3><strong>Qu\u00e9bec<\/strong><\/h3>\n<p>La Ville de Qu\u00e9bec a c\u00e9l\u00e9br\u00e9 la 30e Journ\u00e9e de Solidarit\u00e9 des Villes du Patrimoine Mondial avec deux activit\u00e9s au programme.<\/p>\n<p>Premi\u00e8rement, l&rsquo;organisme \u00ab\u00a0D\u00e9couvrir ma cit\u00e9\u00a0\u00bb a offert une s\u00e9rie de visites du Vieux-Qu\u00e9bec aux nouveaux arrivants de la Capitale les 9 et 10 septembre. Cette initiative visait \u00e0 partager la richesse culturelle de la ville avec les nouveaux r\u00e9sidents.<\/p>\n<p>Deuxi\u00e8mement, une exposition ext\u00e9rieure intitul\u00e9e \u00ab\u00a0Le Vieux-Qu\u00e9bec, patrimoine mondial de l&rsquo;UNESCO\u00a0\u00bb prenait place au domaine de Maizerets tout au long du mois de septembre. Cette exposition mettait en lumi\u00e8re l&rsquo;importance du patrimoine mondial de Qu\u00e9bec et invitait les visiteurs \u00e0 d\u00e9couvrir son histoire.<\/p>\n<p><img loading=\"lazy\" decoding=\"async\" class=\" wp-image-30584 alignleft\" src=\"https:\/\/www.ovpm.org\/wp-content\/uploads\/2018\/09\/quebec-2-300x300.jpg\" alt=\"\" width=\"367\" height=\"367\" srcset=\"https:\/\/www.ovpm.org\/wp-content\/uploads\/2018\/09\/quebec-2-300x300.jpg 300w, https:\/\/www.ovpm.org\/wp-content\/uploads\/2018\/09\/quebec-2-150x150.jpg 150w, https:\/\/www.ovpm.org\/wp-content\/uploads\/2018\/09\/quebec-2-500x500.jpg 500w, https:\/\/www.ovpm.org\/wp-content\/uploads\/2018\/09\/quebec-2.jpg 583w\" sizes=\"(max-width: 367px) 100vw, 367px\" \/><\/p>\n<p>&nbsp;<\/p>\n<p>&nbsp;<\/p>\n<p>&nbsp;<\/p>\n<p>&nbsp;<\/p>\n<p>&nbsp;<\/p>\n<p>&nbsp;<\/p>\n<p>&nbsp;<\/p>\n<p>&nbsp;<\/p>\n<p>&nbsp;<\/p>\n<p>&nbsp;<\/p>\n<h3><strong>Bamberg <\/strong><\/h3>\n<p>La ville de Bamberg, qui est membre de l\u2019Organisation des Villes du Patrimoine Mondial depuis de nombreuses ann\u00e9es, a \u00e9galement contribu\u00e9 \u00e0 la c\u00e9l\u00e9bration en ce 8 septembre 2023.<\/p>\n<p>Pour exprimer sa solidarit\u00e9 \u00e0 toutes les autres villes membres et pour la 30<sup>\u00e8me<\/sup> ann\u00e9e cons\u00e9cutive, la ville a hiss\u00e9 le drapeau du patrimoine mondial de l\u2019UNESCO sur la fa\u00e7ade de l\u2019h\u00f4tel de ville historique. Une belle symbolique pour souligner l\u2019\u00e9v\u00e9nement.<\/p>\n<p><img loading=\"lazy\" decoding=\"async\" class=\"alignnone wp-image-30602\" src=\"https:\/\/www.ovpm.org\/wp-content\/uploads\/2018\/09\/bamberg-2-224x300.png\" alt=\"\" width=\"346\" height=\"463\" srcset=\"https:\/\/www.ovpm.org\/wp-content\/uploads\/2018\/09\/bamberg-2-224x300.png 224w, https:\/\/www.ovpm.org\/wp-content\/uploads\/2018\/09\/bamberg-2-766x1024.png 766w, https:\/\/www.ovpm.org\/wp-content\/uploads\/2018\/09\/bamberg-2-768x1027.png 768w, https:\/\/www.ovpm.org\/wp-content\/uploads\/2018\/09\/bamberg-2-300x400.png 300w, https:\/\/www.ovpm.org\/wp-content\/uploads\/2018\/09\/bamberg-2.png 890w\" sizes=\"(max-width: 346px) 100vw, 346px\" \/><\/p>\n<p>&nbsp;<\/p>\n<h3><strong>Regensburg <\/strong><\/h3>\n<p>Le 8 septembre 2023, Regensburg a c\u00e9l\u00e9br\u00e9 la 30e Journ\u00e9e de Solidarit\u00e9 des Villes du Patrimoine et le 30<sup>e<\/sup> anniversaire de l\u2019OVPM avec comme th\u00e8me le partage avec ses citoyens.<\/p>\n<p>En effet, au centre d&rsquo;accueil des visiteurs de Regensburg, des livres de cuisine du patrimoine mondial \u00e9taient offerts gratuitement aux visiteurs et un petit stand d&rsquo;information sur l&rsquo;OVPM \u00e9tait mis en place. Cette journ\u00e9e visait \u00e0 mettre en avant la valeur du patrimoine mondial et \u00e0 sensibiliser le public \u00e0 son importance.<\/p>\n<p>&nbsp;<\/p>\n<p><img loading=\"lazy\" decoding=\"async\" class=\"alignnone wp-image-30605\" src=\"https:\/\/www.ovpm.org\/wp-content\/uploads\/2018\/09\/owhcsolidarity23regensburg2-300x225.jpg\" alt=\"\" width=\"378\" height=\"283\" srcset=\"https:\/\/www.ovpm.org\/wp-content\/uploads\/2018\/09\/owhcsolidarity23regensburg2-300x225.jpg 300w, https:\/\/www.ovpm.org\/wp-content\/uploads\/2018\/09\/owhcsolidarity23regensburg2-1024x768.jpg 1024w, https:\/\/www.ovpm.org\/wp-content\/uploads\/2018\/09\/owhcsolidarity23regensburg2-768x576.jpg 768w, https:\/\/www.ovpm.org\/wp-content\/uploads\/2018\/09\/owhcsolidarity23regensburg2-1536x1152.jpg 1536w, https:\/\/www.ovpm.org\/wp-content\/uploads\/2018\/09\/owhcsolidarity23regensburg2-2048x1536.jpg 2048w, https:\/\/www.ovpm.org\/wp-content\/uploads\/2018\/09\/owhcsolidarity23regensburg2-1200x900.jpg 1200w\" sizes=\"(max-width: 378px) 100vw, 378px\" \/><\/p>\n<p>&nbsp;<\/p>\n<h3><strong>Augsburg<\/strong><\/h3>\n<p>Augsburg a organis\u00e9 une visite th\u00e9matique intitul\u00e9e \u00a0\u00bb Fontaines miraculeuses &#8211; branchements d&rsquo;eau priv\u00e9s \u00e0 l&rsquo;\u00e9poque de la ville imp\u00e9riale\u00a0\u00bb.<\/p>\n<p>Cette visite a permis aux participants de d\u00e9couvrir les fontaines historiques d&rsquo;Augsburg et les connexions priv\u00e9es au syst\u00e8me de conduits souterrains qui existaient depuis le 16e si\u00e8cle.<\/p>\n<p>La visite a \u00e9galement soulign\u00e9 l&rsquo;importance de l&rsquo;eau potable dans la ville et comment les anciennes connexions priv\u00e9es \u00e9taient con\u00e7ues de mani\u00e8re architecturale et artistique. La participation \u00e0 ces visites \u00e9tait limit\u00e9e \u00e0 20 personnes par groupe pour garantir une exp\u00e9rience de haute qualit\u00e9.<\/p>\n<p><img loading=\"lazy\" decoding=\"async\" class=\"alignnone wp-image-30608\" src=\"https:\/\/www.ovpm.org\/wp-content\/uploads\/2018\/09\/augsburg-300x226.png\" alt=\"\" width=\"365\" height=\"275\" srcset=\"https:\/\/www.ovpm.org\/wp-content\/uploads\/2018\/09\/augsburg-300x226.png 300w, https:\/\/www.ovpm.org\/wp-content\/uploads\/2018\/09\/augsburg-1024x772.png 1024w, https:\/\/www.ovpm.org\/wp-content\/uploads\/2018\/09\/augsburg-768x579.png 768w, https:\/\/www.ovpm.org\/wp-content\/uploads\/2018\/09\/augsburg.png 1188w\" sizes=\"(max-width: 365px) 100vw, 365px\" \/><\/p>\n<p>&nbsp;<\/p>\n<h3><strong>Cordoba <\/strong><\/h3>\n<p>\u00c0 l&rsquo;occasion de la Journ\u00e9e de Solidarit\u00e9 des Villes du Patrimoine Mondial, Cordoba a hiss\u00e9 le drapeau de l\u2019OVPM sur l&rsquo;arche entre le pont romain et la mosqu\u00e9e-cath\u00e9drale. Cette ann\u00e9e, la journ\u00e9e \u00e9tait d\u00e9di\u00e9e \u00e0 la sensibilisation au changement climatique. La ville a distribu\u00e9 des bidons d&rsquo;eau r\u00e9utilisables \u00e0 tous ceux qui se sont rendu jusqu\u2019\u00e0 l\u2019\u00e9difice historique de la <em>Puerta del Puente<\/em> afin d\u2019encourager l&rsquo;utilisation responsable des ressources en eau.<\/p>\n<p>Cordoba accueillant \u00e9galement le Congr\u00e8s Mondial de l\u2019OVPM en 2024, le maire, M. Bellido Roche, a annonc\u00e9 qu\u2019il laisserait le drapeau hiss\u00e9 jusqu\u2019au congr\u00e8s qui se tiendra en septembre 2024.<\/p>\n<p><strong> <img loading=\"lazy\" decoding=\"async\" class=\"alignnone wp-image-30587\" src=\"https:\/\/www.ovpm.org\/wp-content\/uploads\/2018\/09\/cordoba-1-300x169.jpg\" alt=\"\" width=\"378\" height=\"213\" srcset=\"https:\/\/www.ovpm.org\/wp-content\/uploads\/2018\/09\/cordoba-1-300x169.jpg 300w, https:\/\/www.ovpm.org\/wp-content\/uploads\/2018\/09\/cordoba-1-1024x576.jpg 1024w, https:\/\/www.ovpm.org\/wp-content\/uploads\/2018\/09\/cordoba-1-768x432.jpg 768w, https:\/\/www.ovpm.org\/wp-content\/uploads\/2018\/09\/cordoba-1.jpg 1200w\" sizes=\"(max-width: 378px) 100vw, 378px\" \/><\/strong><\/p>\n<p><strong>\u00a0<\/strong><\/p>\n<h3><strong>\u00c9vora <\/strong><\/h3>\n<p>La ville d&rsquo;\u00c9vora a organis\u00e9 l&rsquo;exposition photographique \u00ab\u00a0\u00c9vora en D\u00e9tails\u00a0\u00bb. Cette exposition comprenait 30 photographies mettant en lumi\u00e8re des d\u00e9tails et des perspectives moins conventionnels du Centre Historique d&rsquo;\u00c9vora, un site class\u00e9 au patrimoine mondial de l&rsquo;UNESCO.<\/p>\n<p>\u00c9vora a \u00e9t\u00e9 l&rsquo;une des villes fondatrices de l&rsquo;OVPM et a contribu\u00e9 activement \u00e0 la pr\u00e9servation du patrimoine mondial. La ville a \u00e9galement particip\u00e9 \u00e0 la cr\u00e9ation de la nouvelle strat\u00e9gie \u00ab\u00a0Feuille de route de Qu\u00e9bec 2022-2024\u00a0\u00bb, approuv\u00e9e lors du Congr\u00e8s Mondial de l&rsquo;OVPM en 2022.<\/p>\n<p><img loading=\"lazy\" decoding=\"async\" class=\"alignnone wp-image-30611\" src=\"https:\/\/www.ovpm.org\/wp-content\/uploads\/2018\/09\/evora-212x300.jpg\" alt=\"\" width=\"284\" height=\"401\" srcset=\"https:\/\/www.ovpm.org\/wp-content\/uploads\/2018\/09\/evora-212x300.jpg 212w, https:\/\/www.ovpm.org\/wp-content\/uploads\/2018\/09\/evora-724x1024.jpg 724w, https:\/\/www.ovpm.org\/wp-content\/uploads\/2018\/09\/evora-768x1086.jpg 768w, https:\/\/www.ovpm.org\/wp-content\/uploads\/2018\/09\/evora-1086x1536.jpg 1086w, https:\/\/www.ovpm.org\/wp-content\/uploads\/2018\/09\/evora-848x1200.jpg 848w, https:\/\/www.ovpm.org\/wp-content\/uploads\/2018\/09\/evora.jpg 1448w\" sizes=\"(max-width: 284px) 100vw, 284px\" \/><\/p>\n<p>&nbsp;<\/p>\n<h3><strong>Granada<\/strong><\/h3>\n<p>Le 8 septembre, Granada a hiss\u00e9 le drapeau des Villes du Patrimoine Mondial sur la fa\u00e7ade de l\u2019h\u00f4tel de ville pour comm\u00e9morer la Journ\u00e9e de Solidarit\u00e9 des Villes du Patrimoine Mondial. La ville a organis\u00e9 un programme complet d&rsquo;activit\u00e9s gratuites pour tous les publics.<\/p>\n<p>Cela comprenait l&rsquo;inauguration de l&rsquo;exposition \u00a0\u00bb Art et Intelligence Artificielle \u00a0\u00bb \u00e0 Casa Zafra, des visites de monuments historiques, et une visite guid\u00e9e de l\u2019Albaic\u00edn romain. Granada a collabor\u00e9 avec diff\u00e9rentes institutions du quartier pour organiser ces activit\u00e9s et mettre en lumi\u00e8re la protection et la conservation de son patrimoine.<\/p>\n<p><img loading=\"lazy\" decoding=\"async\" class=\"alignnone wp-image-30590\" src=\"https:\/\/www.ovpm.org\/wp-content\/uploads\/2018\/09\/granada-300x200.jpeg\" alt=\"\" width=\"349\" height=\"232\" srcset=\"https:\/\/www.ovpm.org\/wp-content\/uploads\/2018\/09\/granada-300x200.jpeg 300w, https:\/\/www.ovpm.org\/wp-content\/uploads\/2018\/09\/granada-1024x682.jpeg 1024w, https:\/\/www.ovpm.org\/wp-content\/uploads\/2018\/09\/granada-768x512.jpeg 768w, https:\/\/www.ovpm.org\/wp-content\/uploads\/2018\/09\/granada-1536x1023.jpeg 1536w, https:\/\/www.ovpm.org\/wp-content\/uploads\/2018\/09\/granada-1200x800.jpeg 1200w, https:\/\/www.ovpm.org\/wp-content\/uploads\/2018\/09\/granada.jpeg 1600w\" sizes=\"(max-width: 349px) 100vw, 349px\" \/><\/p>\n<p>&nbsp;<\/p>\n<h3><strong>Colonia del Sacramento <\/strong><\/h3>\n<p>Cette journ\u00e9e \u00e9tait l&rsquo;occasion de mettre en lumi\u00e8re les questions li\u00e9es au patrimoine et \u00e0 la responsabilit\u00e9 des communaut\u00e9s dans sa protection et sa promotion.<\/p>\n<p>Pour comm\u00e9morer cet anniversaire, le mus\u00e9e de Colonia a organis\u00e9 une exposition r\u00e9alis\u00e9e par des \u00e9l\u00e8ves du Lyc\u00e9e N.o2 de Colonia del Sacramento. L&rsquo;exposition mettait en valeur les liens interg\u00e9n\u00e9rationnels cr\u00e9\u00e9s gr\u00e2ce aux actions de pr\u00e9servation du patrimoine.<\/p>\n<p>De plus, les espaces du mus\u00e9e de Colonia ont \u00e9t\u00e9 ouverts au public le 8 septembre, accueillant les r\u00e9sidents locaux, les visiteurs \u00e9trangers et les \u00e9tablissements d&rsquo;enseignement du pays. Cette journ\u00e9e visait \u00e0 sensibiliser le public au patrimoine mondial.<\/p>\n<p><img loading=\"lazy\" decoding=\"async\" class=\"alignnone wp-image-30614\" src=\"https:\/\/www.ovpm.org\/wp-content\/uploads\/2018\/09\/colonia-del-sacramento-270x300.png\" alt=\"\" width=\"320\" height=\"356\" srcset=\"https:\/\/www.ovpm.org\/wp-content\/uploads\/2018\/09\/colonia-del-sacramento-270x300.png 270w, https:\/\/www.ovpm.org\/wp-content\/uploads\/2018\/09\/colonia-del-sacramento-920x1024.png 920w, https:\/\/www.ovpm.org\/wp-content\/uploads\/2018\/09\/colonia-del-sacramento-768x854.png 768w, https:\/\/www.ovpm.org\/wp-content\/uploads\/2018\/09\/colonia-del-sacramento-1079x1200.png 1079w, https:\/\/www.ovpm.org\/wp-content\/uploads\/2018\/09\/colonia-del-sacramento.png 1244w\" sizes=\"(max-width: 320px) 100vw, 320px\" \/><\/p>\n<p>&nbsp;<\/p>\n<h3><strong>Philadelphia <\/strong><\/h3>\n<p>Le 8 septembre \u00e0 Philadelphie s\u2019est d\u00e9roul\u00e9 l\u2019\u00e9v\u00e9nement annuel \u00ab\u00a0World Heritage City Celebration\u00a0\u00bb honorant Michael A. Nutter, ancien maire de la ville qui a directement contribu\u00e9 \u00e0 l\u2019adh\u00e9sion de la ville de Philadelphie \u00e0 l\u2019OVPM, lui d\u00e9livrant un Globy Award pour sa contribution au leadership mondial.<\/p>\n<p>La c\u00e9l\u00e9bration s&rsquo;est d\u00e9roul\u00e9e dans l&rsquo;un des 67 monuments historiques nationaux de Philadelphie, offrant aux participants une soir\u00e9e de divertissement, de culture et de r\u00e9flexion sur la ville en tant que Ville du Patrimoine Mondial. C\u2019\u00e9tait \u00e9galement le moment de f\u00eater la 30<sup>e<\/sup> Journ\u00e9e de Solidarit\u00e9 des Villes du Patrimoine Mondial. Les fonds r\u00e9colt\u00e9s lors de cette c\u00e9l\u00e9bration soutiennent les efforts de la ville pour pr\u00e9server et c\u00e9l\u00e9brer ses actifs historiques et culturels, \u00e9duquer les jeunes locaux et sensibiliser au statut de Ville du Patrimoine Mondial.<\/p>\n<p>Plus d\u2019informations\u00a0: <a href=\"https:\/\/globalphiladelphia.org\/world-heritage-city-celebration\">https:\/\/globalphiladelphia.org\/world-heritage-city-celebration<\/a><\/p>\n<p><img loading=\"lazy\" decoding=\"async\" class=\"alignnone wp-image-30593\" src=\"https:\/\/www.ovpm.org\/wp-content\/uploads\/2018\/09\/philadelphia-mexdance-240x300.jpg\" alt=\"\" width=\"303\" height=\"379\" srcset=\"https:\/\/www.ovpm.org\/wp-content\/uploads\/2018\/09\/philadelphia-mexdance-240x300.jpg 240w, https:\/\/www.ovpm.org\/wp-content\/uploads\/2018\/09\/philadelphia-mexdance-819x1024.jpg 819w, https:\/\/www.ovpm.org\/wp-content\/uploads\/2018\/09\/philadelphia-mexdance-768x960.jpg 768w, https:\/\/www.ovpm.org\/wp-content\/uploads\/2018\/09\/philadelphia-mexdance-1229x1536.jpg 1229w, https:\/\/www.ovpm.org\/wp-content\/uploads\/2018\/09\/philadelphia-mexdance-1638x2048.jpg 1638w, https:\/\/www.ovpm.org\/wp-content\/uploads\/2018\/09\/philadelphia-mexdance-960x1200.jpg 960w, https:\/\/www.ovpm.org\/wp-content\/uploads\/2018\/09\/philadelphia-mexdance-scaled.jpg 2048w\" sizes=\"(max-width: 303px) 100vw, 303px\" \/><\/p>\n<p><strong>\u00a0<\/strong><\/p>\n<h3><strong>Marrakech<\/strong><\/h3>\n<p>Le 8 septembre, \u00e0 H\u00f4tel de ville de Marrakech, \u00e9taient organis\u00e9s deux concours pour c\u00e9l\u00e9brer la Journ\u00e9e de Solidarit\u00e9 des Villes du Patrimoine Mondial\u00a0: un premier de peinture et un deuxi\u00e8me de cr\u00e9ation de spots (courte vid\u00e9o) ax\u00e9 sur le patrimoine de la ville en partenariat avec l\u2019Acad\u00e9mie R\u00e9gionale de l\u2019\u00e9ducation et de la Formation (AREF).<br \/>\nCes activit\u00e9s ludiques et artistiques ont contribu\u00e9 \u00e0 sensibiliser davantage le grand public \u00e0 l&rsquo;importance de pr\u00e9server le patrimoine marrakchi d&rsquo;une mani\u00e8re cr\u00e9ative et visuellement attrayante! Les participants \u00e9taient encourag\u00e9s \u00e0 cr\u00e9er des \u0153uvres d&rsquo;art originales qui mettent en valeur les diff\u00e9rents aspects du patrimoine de Marrakech, tels que ses monuments historiques, son architecture traditionnelle, ses jardins, ses souks anim\u00e9s \u2026 Les gagnants du concours ont \u00e9t\u00e9 r\u00e9compens\u00e9s par des prix.<\/p>\n<p><strong> <img loading=\"lazy\" decoding=\"async\" class=\"alignnone wp-image-30599\" src=\"https:\/\/www.ovpm.org\/wp-content\/uploads\/2018\/09\/marrakech-214x300.jpg\" alt=\"\" width=\"300\" height=\"421\" srcset=\"https:\/\/www.ovpm.org\/wp-content\/uploads\/2018\/09\/marrakech-214x300.jpg 214w, https:\/\/www.ovpm.org\/wp-content\/uploads\/2018\/09\/marrakech-729x1024.jpg 729w, https:\/\/www.ovpm.org\/wp-content\/uploads\/2018\/09\/marrakech-768x1079.jpg 768w, https:\/\/www.ovpm.org\/wp-content\/uploads\/2018\/09\/marrakech-854x1200.jpg 854w, https:\/\/www.ovpm.org\/wp-content\/uploads\/2018\/09\/marrakech.jpg 1079w\" sizes=\"(max-width: 300px) 100vw, 300px\" \/><\/strong><\/p>\n<p><strong>\u00a0<\/strong><\/p>\n<h3><strong>San Antonio<\/strong><\/h3>\n<p>San Antonio a c\u00e9l\u00e9br\u00e9 la Journ\u00e9e de Solidarit\u00e9 des Villes du patrimoine Mondial de belle mani\u00e8re avec son Festival du patrimoine mondial qui a lieu depuis 2016, ann\u00e9e \u00e0 laquelle San Antonio est devenue membre de l\u2019OVPM. Pour en savoir plus sur le Festival, c&rsquo;est ici: <a href=\"https:\/\/www.worldheritagefestival.org\/\">https:\/\/www.worldheritagefestival.org\/<\/a><\/p>\n<p>Cette ann\u00e9e, un circuit \u00e0 v\u00e9lo a \u00e9t\u00e9 organis\u00e9 autour du site Las Misiones et beaucoup de participants se sont port\u00e9s volontaire! C\u2019est une excellente fa\u00e7on de visiter et d\u00e9couvrir de mani\u00e8re originale son patrimoine.<\/p>\n<a href=\"https:\/\/www.instagram.com\/p\/Cw-nCT8OmuI\/\" class=\"button m-t-sm m-b-sm\">En savoir plus<\/a>\n<p>&nbsp;<\/p>\n<h3><strong>Segovia<\/strong><\/h3>\n<p>Pour c\u00e9l\u00e9brer cette journ\u00e9e, Segovia a hiss\u00e9 le drapeau de l&rsquo;OVPM dans le Jardin des Po\u00e8tes, o\u00f9 il a flott\u00e9 toute la journ\u00e9e, offrant une vue sur l&rsquo;Alc\u00e1zar, les remparts et la vall\u00e9e de l&rsquo;Eresma.<\/p>\n<p>La ville a \u00e9galement organis\u00e9 dix visites guid\u00e9es pour sensibiliser les participants \u00e0 cette journ\u00e9e sp\u00e9ciale et \u00e0 l&rsquo;OVPM. De plus, des exemplaires du livre \u00ab\u00a0De roca a roca\u00a0\u00bb, qui explore le patrimoine g\u00e9ologique de la ville, ont \u00e9t\u00e9 distribu\u00e9s.<\/p>\n<p>Les habitants et les visiteurs ont \u00e9t\u00e9 encourag\u00e9s \u00e0 partager des photos de Segovia et d&rsquo;autres villes du patrimoine mondial sur les r\u00e9seaux sociaux avec le hashtag #owhcsolidarityday pour marquer cette journ\u00e9e de solidarit\u00e9.<\/p>\n<a href=\"https:\/\/www.instagram.com\/p\/Cw7PEG_sqMb\/\" class=\"button m-t-sm m-b-sm\">En savoir plus<\/a>\n<p>&nbsp;<\/p>\n<h3><strong>Cuenca<\/strong><\/h3>\n<p>La ville de Cuenca \u00e0 fait une publication sur ses m\u00e9dias sociaux afin de comm\u00e9morer les 30 ans de l\u2019Organisation des Villes du Patrimoine Mondial et ainsi renouveler son soutien et son implication en tant que membre de l\u2019organisation.<\/p>\n<a href=\"https:\/\/www.facebook.com\/MunicipioDeCuenca\/posts\/617003317286870?ref=embed_post\" class=\"button m-t-sm m-b-sm\">En savoir plus<\/a>\n<p><strong>\u00a0<\/strong><\/p>\n<h3><strong>Oaxaca et Mitla<\/strong><\/h3>\n<p>Les villes de Oaxaca et Mitla ont soulign\u00e9 cette Journ\u00e9e de la Solidarit\u00e9 en publiant une video reportage sur Instagram.<\/p>\n<p>On y apprend que l\u2019\u00e9tat de Oaxaca poss\u00e8de 3 sites list\u00e9s comme patrimoine mondial\u00a0: le centre historique de Oaxaca, la zone arch\u00e9ologique de Monte Alban ainsi que le site pr\u00e9historique de Yagul. En plus de nous faire d\u00e9couvrir l\u2019histoire patrimoniale de la ville, ils mentionnent le 30<sup>\u00e8me<\/sup> anniversaire de l\u2019OVPM!<\/p>\n<p>Bravo \u00e0 l\u2019implication des jeunes pour cet anniversaire important!<\/p>\n<a href=\"https:\/\/www.instagram.com\/p\/Cw8mRgtr5GB\/\" class=\"button m-t-sm m-b-sm\">En savoir plus<\/a>\n","protected":false},"excerpt":{"rendered":"<p>\u00c9dition 2023 Qu\u00e9bec La Ville de Qu\u00e9bec a c\u00e9l\u00e9br\u00e9 la 30e Journ\u00e9e de Solidarit\u00e9 des Villes du Patrimoine Mondial avec deux activit\u00e9s au programme. Premi\u00e8rement, l&rsquo;organisme \u00ab\u00a0D\u00e9couvrir ma cit\u00e9\u00a0\u00bb a offert une s\u00e9rie de visites du Vieux-Qu\u00e9bec aux nouveaux arrivants de la Capitale les 9 et 10 septembre. Cette initiative visait \u00e0 partager la richesse [&hellip;]<\/p>\n","protected":false},"author":22,"featured_media":0,"parent":0,"menu_order":14,"comment_status":"closed","ping_status":"closed","template":"","meta":{"_acf_changed":false,"footnotes":""},"acf":[],"_links":{"self":[{"href":"https:\/\/www.ovpm.org\/fr\/wp-json\/wp\/v2\/pages\/33724"}],"collection":[{"href":"https:\/\/www.ovpm.org\/fr\/wp-json\/wp\/v2\/pages"}],"about":[{"href":"https:\/\/www.ovpm.org\/fr\/wp-json\/wp\/v2\/types\/page"}],"author":[{"embeddable":true,"href":"https:\/\/www.ovpm.org\/fr\/wp-json\/wp\/v2\/users\/22"}],"replies":[{"embeddable":true,"href":"https:\/\/www.ovpm.org\/fr\/wp-json\/wp\/v2\/comments?post=33724"}],"version-history":[{"count":2,"href":"https:\/\/www.ovpm.org\/fr\/wp-json\/wp\/v2\/pages\/33724\/revisions"}],"predecessor-version":[{"id":33729,"href":"https:\/\/www.ovpm.org\/fr\/wp-json\/wp\/v2\/pages\/33724\/revisions\/33729"}],"wp:attachment":[{"href":"https:\/\/www.ovpm.org\/fr\/wp-json\/wp\/v2\/media?parent=33724"}],"curies":[{"name":"wp","href":"https:\/\/api.w.org\/{rel}","templated":true}]}}