{"id":331,"date":"2018-07-24T21:40:58","date_gmt":"2018-07-24T21:40:58","guid":{"rendered":"https:\/\/www.ovpm.org\/?page_id=331"},"modified":"2023-04-27T17:26:24","modified_gmt":"2023-04-27T17:26:24","slug":"devenir-membre","status":"publish","type":"page","link":"https:\/\/www.ovpm.org\/fr\/membres\/devenir-membre\/","title":{"rendered":"Devenir membre"},"content":{"rendered":"<h3>Voici la proc\u00e9dure \u00e0 suivre pour que votre ville puisse rejoindre notre r\u00e9seau et devenir membre de l\u2019OVPM\u00a0:<\/h3>\n<h4><strong>1. Conform\u00e9ment au <a href=\"https:\/\/www.ovpm.org\/fr\/gouvernance\/reglements-generaux\/\">R\u00e8glement de l\u2019Organisation<\/a>, pour devenir membre de l\u2019OVPM :<\/strong><\/h4>\n<p><strong>a.<\/strong> Votre ville doit poss\u00e9der sur son territoire un site qui repr\u00e9sente un ensemble urbain vivant ou un bien dans un contexte urbain inscrit sur la Liste du patrimoine mondial, dont la valeur universelle exceptionnelle (VUE) est reconnue par le Comit\u00e9 du patrimoine mondial de l\u2019UNESCO et qui satisfait au moins \u00e0 l\u2019un des crit\u00e8res (i) (ii) (iii) (iv) (v) ou (vi) de la <em>Convention concernant la protection du patrimoine mondial culturel et naturel<\/em>.<\/p>\n<p><strong>b.<\/strong> Votre ville doit par ailleurs adh\u00e9rer aux valeurs de l\u2019OVPM telles qu\u2019elles apparaissent dans la <a href=\"https:\/\/www.ovpm.org\/fr\/membres\/charte-de-lovpm\/\">Charte de l\u2019OVPM<\/a>.<\/p>\n<p><strong>Pour envoyer une demande, le maire de la ville doit signer et envoyer une lettre de demande d\u2019adh\u00e9sion au Secr\u00e9taire g\u00e9n\u00e9ral de l\u2019OVPM, par courriel ou \u00e0 l\u2019adresse suivante\u00a0: <\/strong><\/p>\n<p>M. Mikhael DE THYSE<br \/>\nSecr\u00e9taire g\u00e9n\u00e9ral<br \/>\nOrganisation des villes du patrimoine mondial<br \/>\nEspace 400e, Suite 140<br \/>\n100, Quai Saint-Andr\u00e9<br \/>\nQu\u00e9bec (QC), G1K 3Y2, Canada<\/p>\n<p>E-mail: <a href=\"mailto:secretariat@ovpm.org\">secretariat@ovpm.org<\/a><\/p>\n<p>La lettre doit confirmer l\u2019adh\u00e9sion aux valeurs de l\u2019OVPM et inclure la description du site du patrimoine mondial inscrit sur la Liste de l\u2019UNESCO.<\/p>\n<p><strong>Apr\u00e8s v\u00e9rification de l\u2019admissibilit\u00e9 de la ville<\/strong>, le Secr\u00e9taire g\u00e9n\u00e9ral confirmera l\u2019adh\u00e9sion \u00e0 l\u2019Organisation. La ville sera consid\u00e9r\u00e9e comme \u00ab\u00a0membre en r\u00e8gle\u00a0\u00bb d\u00e8s le paiement de la cotisation annuelle (voir la formule du calcul de la cotisation ci-apr\u00e8s). Les membres en r\u00e8gle sont assujettis aux statuts et r\u00e8glements de l\u2019OVPM et b\u00e9n\u00e9ficient des services et privil\u00e8ges d\u00e9crits dans le document que vous trouverez ci-apr\u00e8s.<\/p>\n<h4><strong>2. Conform\u00e9ment au <a href=\"https:\/\/www.ovpm.org\/fr\/gouvernance\/reglements-generaux\/\">R\u00e8glement de l\u2019Organisation<\/a>, pour devenir membre observateur*\u00a0:<\/strong><\/h4>\n<p>Votre ville doit poss\u00e9der un site ou un bien inscrit sur la<strong><em> Liste indicative de la Convention du patrimoine mondial de l\u2019UNESCO<\/em><\/strong>. Une lettre sign\u00e9e de demande d\u2019adh\u00e9sion doit \u00eatre envoy\u00e9e de la part du maire au Secr\u00e9taire g\u00e9n\u00e9ral de l\u2019OVPM (voir le nom et adresse indiqu\u00e9e ci-dessus). Apr\u00e8s v\u00e9rification de l\u2019admissibilit\u00e9 de la ville, le Secr\u00e9taire g\u00e9n\u00e9ral confirmera l\u2019adh\u00e9sion. La ville sera consid\u00e9r\u00e9e \u00ab\u00a0membre observateur en r\u00e8gle\u00a0\u00bb selon les conditions fix\u00e9es par le R\u00e8glement. Un membre observateur ne dispose pas d\u2019un droit \u00e0 l&rsquo;Assembl\u00e9e g\u00e9n\u00e9rale, mais est assujetti aux statuts et r\u00e8glements de l\u2019OVPM et peut b\u00e9n\u00e9ficier de tous les privil\u00e8ges, programmes et activit\u00e9s de l&rsquo;Organisation qui lui sont destin\u00e9s (voir le document ci-apr\u00e8s).<\/p>\n<p>*Le membre observateur paie la moiti\u00e9 (50 %) de la cotisation que la ville devrait payer si elle \u00e9tait membre \u00e0 part enti\u00e8re. Si le membre observateur se voit inscrire officiellement un site sur la Liste du patrimoine mondial de l\u2019UNESCO et d\u00e9sire poursuivre son membership avec l\u2019OVPM, il deviendra membre de plein droit, paiera le montant total de la cotisation et aura droit \u00e0 tous les services et privil\u00e8ges offerts aux membres.<\/p>\n<h4><strong>3. Si votre ville ne peut devenir membre de l\u2019OVPM<\/strong>, mais que nos activit\u00e9s vous int\u00e9ressent, vous pouvez nous suivre sur nos r\u00e9seaux sociaux et <a href=\"https:\/\/www.ovpm.org\/fr\/communication\/\">vous inscrire \u00e0 notre infolettre<\/a>.<\/h4>\n<p>Pour toute autre demande de collaboration, veuillez \u00e9crire \u00e0 <a href=\"mailto:secretariat@ovpm.org\">secretariat@ovpm.org<\/a><\/p>\n<blockquote><p>Avant d\u2019envoyer une demande au Secr\u00e9tariat g\u00e9n\u00e9ral, veuillez prendre en compte les informations contenues dans ces pages : <a href=\"https:\/\/www.ovpm.org\/fr\/membres\/droits-et-privileges\/\">Droits et privil\u00e8ges<\/a> et <a href=\"https:\/\/www.ovpm.org\/fr\/membres\/charte-de-lovpm\/\">Charte de l\u2019OVPM<\/a>. Elles vous indiqueront les services offerts aux diff\u00e9rentes cat\u00e9gories de membre, les informations concernant la cotisation annuelle et la charte \u00e0 laquelle vous devez adh\u00e9rer.<\/p><\/blockquote>\n<hr \/>\n<h3>Demande d\u2019information<\/h3>\n<p>Pour toute information suppl\u00e9mentaire quant \u00e0 votre demande d&rsquo;adh\u00e9sion, veuillez contacter le Secr\u00e9tariat g\u00e9n\u00e9ral de l&rsquo;OVPM \u00e0 l&rsquo;adresse suivante: <a href=\"mailto:secretariat@ovpm.org\">secretariat@ovpm.org<\/a><\/p>\n","protected":false},"excerpt":{"rendered":"<p>Voici la proc\u00e9dure \u00e0 suivre pour que votre ville puisse rejoindre notre r\u00e9seau et devenir membre de l\u2019OVPM\u00a0: 1. Conform\u00e9ment au R\u00e8glement de l\u2019Organisation, pour devenir membre de l\u2019OVPM : a. Votre ville doit poss\u00e9der sur son territoire un site qui repr\u00e9sente un ensemble urbain vivant ou un bien dans un contexte urbain inscrit sur [&hellip;]<\/p>\n","protected":false},"author":1,"featured_media":0,"parent":29414,"menu_order":53,"comment_status":"closed","ping_status":"closed","template":"","meta":{"_acf_changed":false,"footnotes":""},"acf":[],"_links":{"self":[{"href":"https:\/\/www.ovpm.org\/fr\/wp-json\/wp\/v2\/pages\/331"}],"collection":[{"href":"https:\/\/www.ovpm.org\/fr\/wp-json\/wp\/v2\/pages"}],"about":[{"href":"https:\/\/www.ovpm.org\/fr\/wp-json\/wp\/v2\/types\/page"}],"author":[{"embeddable":true,"href":"https:\/\/www.ovpm.org\/fr\/wp-json\/wp\/v2\/users\/1"}],"replies":[{"embeddable":true,"href":"https:\/\/www.ovpm.org\/fr\/wp-json\/wp\/v2\/comments?post=331"}],"version-history":[{"count":7,"href":"https:\/\/www.ovpm.org\/fr\/wp-json\/wp\/v2\/pages\/331\/revisions"}],"predecessor-version":[{"id":29457,"href":"https:\/\/www.ovpm.org\/fr\/wp-json\/wp\/v2\/pages\/331\/revisions\/29457"}],"up":[{"embeddable":true,"href":"https:\/\/www.ovpm.org\/fr\/wp-json\/wp\/v2\/pages\/29414"}],"wp:attachment":[{"href":"https:\/\/www.ovpm.org\/fr\/wp-json\/wp\/v2\/media?parent=331"}],"curies":[{"name":"wp","href":"https:\/\/api.w.org\/{rel}","templated":true}]}}