{"id":31461,"date":"2024-03-08T14:29:23","date_gmt":"2024-03-08T14:29:23","guid":{"rendered":"https:\/\/www.ovpm.org\/?page_id=31461"},"modified":"2024-03-08T14:29:23","modified_gmt":"2024-03-08T14:29:23","slug":"subvention-du-ministere-des-relations-internationales-et-de-la-francophonie-du-quebec-a-lovpm","status":"publish","type":"page","link":"https:\/\/www.ovpm.org\/fr\/subvention-du-ministere-des-relations-internationales-et-de-la-francophonie-du-quebec-a-lovpm\/","title":{"rendered":"Subvention du minist\u00e8re des Relations internationales et de la Francophonie du Qu\u00e9bec \u00e0 l\u2019OVPM"},"content":{"rendered":"<p>L\u2019Organisation des villes du patrimoine mondial (OVPM) a obtenu une subvention du minist\u00e8re des Relations internationales et de la Francophonie (MRIF) au montant de cent quarante-huit mille dollars pour les ann\u00e9es financi\u00e8res\u00a02023-2026. Cette subvention, octroy\u00e9e dans le cadre de la Politique d\u2019accueil des organisations internationales du gouvernement du Qu\u00e9bec, vient appuyer la mise en \u0153uvre de notre <a href=\"https:\/\/www.ovpm.org\/fr\/programme\/feuille-de-route-de-quebec\/\">Feuille de route de Qu\u00e9bec<\/a>.<\/p>\n<p>Depuis 1998, le gouvernement du Qu\u00e9bec soutient financi\u00e8rement l\u2019OVPM, lui permettant ainsi de poursuivre son r\u00f4le essentiel de promotion du patrimoine mondial \u00e0 l\u2019\u00e9chelle internationale et de contribuer au rayonnement de l\u2019Arrondissement historique du Vieux-Qu\u00e9bec, le seul site urbain parmi les trois sites du patrimoine mondial au Qu\u00e9bec.<\/p>\n","protected":false},"excerpt":{"rendered":"<p>L\u2019Organisation des villes du patrimoine mondial (OVPM) a obtenu une subvention du minist\u00e8re des Relations internationales et de la Francophonie (MRIF) au montant de cent quarante-huit mille dollars pour les ann\u00e9es financi\u00e8res\u00a02023-2026. Cette subvention, octroy\u00e9e dans le cadre de la Politique d\u2019accueil des organisations internationales du gouvernement du Qu\u00e9bec, vient appuyer la mise en \u0153uvre [&hellip;]<\/p>\n","protected":false},"author":22,"featured_media":31462,"parent":0,"menu_order":15,"comment_status":"closed","ping_status":"closed","template":"","meta":{"_acf_changed":false,"footnotes":""},"acf":[],"_links":{"self":[{"href":"https:\/\/www.ovpm.org\/fr\/wp-json\/wp\/v2\/pages\/31461"}],"collection":[{"href":"https:\/\/www.ovpm.org\/fr\/wp-json\/wp\/v2\/pages"}],"about":[{"href":"https:\/\/www.ovpm.org\/fr\/wp-json\/wp\/v2\/types\/page"}],"author":[{"embeddable":true,"href":"https:\/\/www.ovpm.org\/fr\/wp-json\/wp\/v2\/users\/22"}],"replies":[{"embeddable":true,"href":"https:\/\/www.ovpm.org\/fr\/wp-json\/wp\/v2\/comments?post=31461"}],"version-history":[{"count":1,"href":"https:\/\/www.ovpm.org\/fr\/wp-json\/wp\/v2\/pages\/31461\/revisions"}],"predecessor-version":[{"id":31465,"href":"https:\/\/www.ovpm.org\/fr\/wp-json\/wp\/v2\/pages\/31461\/revisions\/31465"}],"wp:featuredmedia":[{"embeddable":true,"href":"https:\/\/www.ovpm.org\/fr\/wp-json\/wp\/v2\/media\/31462"}],"wp:attachment":[{"href":"https:\/\/www.ovpm.org\/fr\/wp-json\/wp\/v2\/media?parent=31461"}],"curies":[{"name":"wp","href":"https:\/\/api.w.org\/{rel}","templated":true}]}}