{"id":29881,"date":"2023-06-20T15:57:41","date_gmt":"2023-06-20T15:57:41","guid":{"rendered":"https:\/\/www.ovpm.org\/?page_id=29881"},"modified":"2026-03-26T16:15:12","modified_gmt":"2026-03-26T16:15:12","slug":"a-propos","status":"publish","type":"page","link":"https:\/\/www.ovpm.org\/fr\/congres-mondiaux\/a-propos\/","title":{"rendered":"\u00c0 propos"},"content":{"rendered":"<h3><strong>18<sup>e<\/sup> Congr\u00e8s mondial de l\u2019Organisation des villes du patrimoine mondial, Marrakech, Maroc, 26-29 octobre 2026<\/strong><\/h3>\n<h3><strong>\u00ab Le Nouveau Projet Urbain : vers l\u2019habitabilit\u00e9 des centres historiques \u00bb<\/strong><\/h3>\n<p>Les Congr\u00e8s mondiaux de l\u2019Organisation des villes du patrimoine mondial (OVPM), organis\u00e9s tous les deux ans, sont des \u00e9v\u00e9nements majeurs d\u2019\u00e9changes, de travaux et de d\u00e9cisions qui r\u00e9unissent l\u2019ensemble des membres.<\/p>\n<p>Le 18<sup>e<\/sup> Congr\u00e8s \u00e0 Marrakech comportera deux moments principaux\u00a0:<\/p>\n<ul>\n<li>Le Symposium, dans le cadre duquel sera pr\u00e9sent\u00e9 le Nouveau Projet Urbain de l\u2019OVPM pour les centres historiques. Ce programme est l\u2019aboutissement de plusieurs ann\u00e9es de travaux intenses r\u00e9alis\u00e9s par les villes membres. Il est une contribution originale et sp\u00e9cifique de l\u2019OVPM.<\/li>\n<li>La 29<sup>e<\/sup> Assembl\u00e9e g\u00e9n\u00e9rale des membres de l\u2019OVPM au cours de laquelle les villes membres doivent d\u00e9cider du Plan d\u2019action et du budget pour les ann\u00e9es \u00e0 venir.<\/li>\n<\/ul>\n<p>L\u2019OVPM m\u00e8ne depuis 2022 une \u00e9volution importante visant \u00e0 renforcer ses dimensions politiques et op\u00e9rationnelles. Avec son Nouveau Projet Urbain, l\u2019OVPM souhaite devenir une plateforme de promotion d\u2019une vision de la ville du XXIe si\u00e8cle, o\u00f9 le centre historique est le c\u0153ur culturel, social et \u00e9conomique capable d\u2019apporter des r\u00e9ponses aux d\u00e9fis contemporains, <strong>en visant l\u2019habitabilit\u00e9<\/strong>. Le Congr\u00e8s \u00e0 Marrakech sera le point de d\u00e9part d\u2019une nouvelle phase de coop\u00e9ration entre les villes membres, et de partenariats avec des acteurs internationaux engag\u00e9s dans la pr\u00e9servation et le d\u00e9veloppement des villes du patrimoine mondial.<\/p>\n<p><img loading=\"lazy\" decoding=\"async\" class=\"aligncenter wp-image-36859 size-large\" src=\"https:\/\/www.ovpm.org\/wp-content\/uploads\/2026\/03\/posterfra-801x1024.jpg\" alt=\"\" width=\"801\" height=\"1024\" srcset=\"https:\/\/www.ovpm.org\/wp-content\/uploads\/2026\/03\/posterfra-801x1024.jpg 801w, https:\/\/www.ovpm.org\/wp-content\/uploads\/2026\/03\/posterfra-235x300.jpg 235w, https:\/\/www.ovpm.org\/wp-content\/uploads\/2026\/03\/posterfra-768x981.jpg 768w, https:\/\/www.ovpm.org\/wp-content\/uploads\/2026\/03\/posterfra-939x1200.jpg 939w, https:\/\/www.ovpm.org\/wp-content\/uploads\/2026\/03\/posterfra-1000x1278.jpg 1000w, https:\/\/www.ovpm.org\/wp-content\/uploads\/2026\/03\/posterfra.jpg 1080w\" sizes=\"(max-width: 801px) 100vw, 801px\" \/><\/p>\n","protected":false},"excerpt":{"rendered":"<p>18e Congr\u00e8s mondial de l\u2019Organisation des villes du patrimoine mondial, Marrakech, Maroc, 26-29 octobre 2026 \u00ab Le Nouveau Projet Urbain : vers l\u2019habitabilit\u00e9 des centres historiques \u00bb Les Congr\u00e8s mondiaux de l\u2019Organisation des villes du patrimoine mondial (OVPM), organis\u00e9s tous les deux ans, sont des \u00e9v\u00e9nements majeurs d\u2019\u00e9changes, de travaux et de d\u00e9cisions qui r\u00e9unissent [&hellip;]<\/p>\n","protected":false},"author":3,"featured_media":36856,"parent":138,"menu_order":18,"comment_status":"closed","ping_status":"closed","template":"","meta":{"_acf_changed":false,"footnotes":""},"acf":[],"_links":{"self":[{"href":"https:\/\/www.ovpm.org\/fr\/wp-json\/wp\/v2\/pages\/29881"}],"collection":[{"href":"https:\/\/www.ovpm.org\/fr\/wp-json\/wp\/v2\/pages"}],"about":[{"href":"https:\/\/www.ovpm.org\/fr\/wp-json\/wp\/v2\/types\/page"}],"author":[{"embeddable":true,"href":"https:\/\/www.ovpm.org\/fr\/wp-json\/wp\/v2\/users\/3"}],"replies":[{"embeddable":true,"href":"https:\/\/www.ovpm.org\/fr\/wp-json\/wp\/v2\/comments?post=29881"}],"version-history":[{"count":28,"href":"https:\/\/www.ovpm.org\/fr\/wp-json\/wp\/v2\/pages\/29881\/revisions"}],"predecessor-version":[{"id":36874,"href":"https:\/\/www.ovpm.org\/fr\/wp-json\/wp\/v2\/pages\/29881\/revisions\/36874"}],"up":[{"embeddable":true,"href":"https:\/\/www.ovpm.org\/fr\/wp-json\/wp\/v2\/pages\/138"}],"wp:featuredmedia":[{"embeddable":true,"href":"https:\/\/www.ovpm.org\/fr\/wp-json\/wp\/v2\/media\/36856"}],"wp:attachment":[{"href":"https:\/\/www.ovpm.org\/fr\/wp-json\/wp\/v2\/media?parent=29881"}],"curies":[{"name":"wp","href":"https:\/\/api.w.org\/{rel}","templated":true}]}}