{"id":29508,"date":"2023-06-20T13:38:24","date_gmt":"2023-06-20T13:38:24","guid":{"rendered":"https:\/\/www.ovpm.org\/?page_id=29508"},"modified":"2023-06-21T21:39:37","modified_gmt":"2023-06-21T21:39:37","slug":"tous-les-congres-mondiaux","status":"publish","type":"page","link":"https:\/\/www.ovpm.org\/fr\/congres-mondiaux\/tous-les-congres-mondiaux\/","title":{"rendered":"Tous les congr\u00e8s mondiaux"},"content":{"rendered":"<p>Vous trouverez ci-dessous la liste compl\u00e8te des congr\u00e8s mondiaux de l\u2019OVPM qui se sont tenus depuis 1991. Chaque page contient un r\u00e9sum\u00e9 du congr\u00e8s et pour la plupart, les actes t\u00e9l\u00e9chargeables.<\/p>\n","protected":false},"excerpt":{"rendered":"<p>Vous trouverez ci-dessous la liste compl\u00e8te des congr\u00e8s mondiaux de l\u2019OVPM qui se sont tenus depuis 1991. Chaque page contient un r\u00e9sum\u00e9 du congr\u00e8s et pour la plupart, les actes t\u00e9l\u00e9chargeables.<\/p>\n","protected":false},"author":3,"featured_media":0,"parent":138,"menu_order":40,"comment_status":"closed","ping_status":"closed","template":"page-past-congress.php","meta":{"_acf_changed":false,"footnotes":""},"acf":[],"_links":{"self":[{"href":"https:\/\/www.ovpm.org\/fr\/wp-json\/wp\/v2\/pages\/29508"}],"collection":[{"href":"https:\/\/www.ovpm.org\/fr\/wp-json\/wp\/v2\/pages"}],"about":[{"href":"https:\/\/www.ovpm.org\/fr\/wp-json\/wp\/v2\/types\/page"}],"author":[{"embeddable":true,"href":"https:\/\/www.ovpm.org\/fr\/wp-json\/wp\/v2\/users\/3"}],"replies":[{"embeddable":true,"href":"https:\/\/www.ovpm.org\/fr\/wp-json\/wp\/v2\/comments?post=29508"}],"version-history":[{"count":6,"href":"https:\/\/www.ovpm.org\/fr\/wp-json\/wp\/v2\/pages\/29508\/revisions"}],"predecessor-version":[{"id":29867,"href":"https:\/\/www.ovpm.org\/fr\/wp-json\/wp\/v2\/pages\/29508\/revisions\/29867"}],"up":[{"embeddable":true,"href":"https:\/\/www.ovpm.org\/fr\/wp-json\/wp\/v2\/pages\/138"}],"wp:attachment":[{"href":"https:\/\/www.ovpm.org\/fr\/wp-json\/wp\/v2\/media?parent=29508"}],"curies":[{"name":"wp","href":"https:\/\/api.w.org\/{rel}","templated":true}]}}