{"id":29444,"date":"2023-04-27T17:01:04","date_gmt":"2023-04-27T17:01:04","guid":{"rendered":"https:\/\/www.ovpm.org\/?page_id=29444"},"modified":"2023-04-27T17:01:04","modified_gmt":"2023-04-27T17:01:04","slug":"charte-de-lovpm","status":"publish","type":"page","link":"https:\/\/www.ovpm.org\/fr\/membres\/charte-de-lovpm\/","title":{"rendered":"Charte de l&rsquo;OVPM"},"content":{"rendered":"<p>Les repr\u00e9sentants des 56 villes participantes au deuxi\u00e8me Colloque international du patrimoine mondial \u00e0 Fez (Maroc) le 8 septembre 1993 se sont r\u00e9unis en Assembl\u00e9e g\u00e9n\u00e9rale constitutive et ont d\u00e9cid\u00e9 de fonder l\u2019Organisation des villes du patrimoine mondial (OVPM). La Charte de l\u2019OVPM a \u00e9t\u00e9 adopt\u00e9e \u00e0 cette occasion.<\/p>\n<a href=\"https:\/\/www.ovpm.org\/wp-content\/uploads\/2018\/09\/chartefr.pdf\" class=\"button m-t-sm m-b-sm\">Charte de l&rsquo;OVPM<\/a>\n","protected":false},"excerpt":{"rendered":"<p>Les repr\u00e9sentants des 56 villes participantes au deuxi\u00e8me Colloque international du patrimoine mondial \u00e0 Fez (Maroc) le 8 septembre 1993 se sont r\u00e9unis en Assembl\u00e9e g\u00e9n\u00e9rale constitutive et ont d\u00e9cid\u00e9 de fonder l\u2019Organisation des villes du patrimoine mondial (OVPM). La Charte de l\u2019OVPM a \u00e9t\u00e9 adopt\u00e9e \u00e0 cette occasion.<\/p>\n","protected":false},"author":3,"featured_media":0,"parent":29414,"menu_order":50,"comment_status":"closed","ping_status":"closed","template":"","meta":{"_acf_changed":false,"footnotes":""},"acf":[],"_links":{"self":[{"href":"https:\/\/www.ovpm.org\/fr\/wp-json\/wp\/v2\/pages\/29444"}],"collection":[{"href":"https:\/\/www.ovpm.org\/fr\/wp-json\/wp\/v2\/pages"}],"about":[{"href":"https:\/\/www.ovpm.org\/fr\/wp-json\/wp\/v2\/types\/page"}],"author":[{"embeddable":true,"href":"https:\/\/www.ovpm.org\/fr\/wp-json\/wp\/v2\/users\/3"}],"replies":[{"embeddable":true,"href":"https:\/\/www.ovpm.org\/fr\/wp-json\/wp\/v2\/comments?post=29444"}],"version-history":[{"count":1,"href":"https:\/\/www.ovpm.org\/fr\/wp-json\/wp\/v2\/pages\/29444\/revisions"}],"predecessor-version":[{"id":29445,"href":"https:\/\/www.ovpm.org\/fr\/wp-json\/wp\/v2\/pages\/29444\/revisions\/29445"}],"up":[{"embeddable":true,"href":"https:\/\/www.ovpm.org\/fr\/wp-json\/wp\/v2\/pages\/29414"}],"wp:attachment":[{"href":"https:\/\/www.ovpm.org\/fr\/wp-json\/wp\/v2\/media?parent=29444"}],"curies":[{"name":"wp","href":"https:\/\/api.w.org\/{rel}","templated":true}]}}