{"id":29430,"date":"2023-04-27T16:36:31","date_gmt":"2023-04-27T16:36:31","guid":{"rendered":"https:\/\/www.ovpm.org\/?page_id=29430"},"modified":"2025-05-02T13:37:26","modified_gmt":"2025-05-02T13:37:26","slug":"droits-et-privileges","status":"publish","type":"page","link":"https:\/\/www.ovpm.org\/fr\/membres\/droits-et-privileges\/","title":{"rendered":"Droits et privil\u00e8ges"},"content":{"rendered":"<p>Toute ville d\u00e9sirant devenir membre en r\u00e8gle de l\u2019OVPM (en tant que membre ou membre observateur), doit s\u2019acquitter du paiement d\u2019une cotisation annuelle, auquel cas elle aura droit aux services suivants, offerts pour chacune des cat\u00e9gories de membres :<\/p>\n<p><object data=\"https:\/\/www.ovpm.org\/wp-content\/uploads\/2024\/11\/privileges-et-services-aux-membres2024fra.pdf\" type=\"application\/pdf\" width=\"100%\" height=\"600\"><embed src=\"https:\/\/www.ovpm.org\/wp-content\/uploads\/2024\/11\/privileges-et-services-aux-membres2024fra.pdf\" type=\"application\/pdf\" style=\"width: 100%;\" \/><\/object><\/p>\n<hr \/>\n<h3>Cotisation annuelle<\/h3>\n<p>Les cotisations des villes de l\u2019OVPM sont d\u00e9termin\u00e9es de la fa\u00e7on suivante\u00a0:<\/p>\n<table style=\"height: 71px;\" width=\"527\">\n<tbody>\n<tr>\n<td width=\"420\"><strong>Formule<\/strong>\u00a0:<\/td>\n<\/tr>\n<tr>\n<td width=\"420\">Cotisation = <strong>partie variable\u00a0<\/strong>[RNB\/habitant x population\/1 000\u00a0000]<strong> +<\/strong> <strong>partie fixe<br \/>\n<\/strong><\/td>\n<\/tr>\n<\/tbody>\n<\/table>\n<p>La <strong><u>partie variable<\/u><\/strong> est d\u00e9termin\u00e9e par la formule [<strong><u>RNB\/habitant<\/u> <\/strong>x<strong> <u>population<\/u><\/strong><u>\/<strong>1 000\u00a0000<\/strong>]<\/u><\/p>\n<p>Les donn\u00e9es du <strong>RNB\/habitant<\/strong> sont d\u00e9termin\u00e9es par la Banque Mondiale. Il s\u2019agit de donn\u00e9es comparables entre tous les pays et qui sont d\u00e9termin\u00e9es par des experts de la Banque mondiale. Les donn\u00e9es sur la <strong>population <\/strong>sont mises \u00e0 jour \u00e0 partir de la base de donn\u00e9es en ligne CityPopulation.de ou Wikip\u00e9dia, qui fournit des statistiques pour les principales villes et agglom\u00e9rations du monde.<\/p>\n<p>La <strong><u>partie fixe<\/u><\/strong>, quant \u00e0 elle est la m\u00eame pour toutes les villes appartenant \u00e0 la m\u00eame cat\u00e9gorie.<\/p>\n<p>Ces cat\u00e9gories sont \u00e9galement bas\u00e9es sur le RNB\/habitant, et sont num\u00e9rot\u00e9es de 1 \u00e0 4, en ordre croissant des revenus nationaux (voir tableau suivant). Ainsi, une ville de cat\u00e9gorie 4 aura une partie fixe plus \u00e9lev\u00e9e que celle de cat\u00e9gorie 1. Ces cat\u00e9gories sont celles identifi\u00e9es par la Banque Mondiale.<\/p>\n<table style=\"height: 210px;\" width=\"794\">\n<tbody>\n<tr>\n<td colspan=\"4\" width=\"576\"><strong><em>Cat\u00e9gories en fonction du RNB\/habitant (en dollars US courants)\u00a0:<\/em><\/strong><\/td>\n<\/tr>\n<tr>\n<td width=\"50\"><\/td>\n<td width=\"286\"><\/td>\n<td width=\"162\"><u>RNB\/habitant<br \/>\n<\/u><em>Source\u00a0: Banque mondiale<\/em><\/td>\n<td width=\"78\"><u>Partie fixe<\/u><\/td>\n<\/tr>\n<tr>\n<td width=\"50\">Cat. 1<\/td>\n<td width=\"286\">Faible revenu<\/td>\n<td width=\"162\">\u2264 $1,135<\/td>\n<td width=\"78\">$500<\/td>\n<\/tr>\n<tr>\n<td width=\"50\">Cat. 2<\/td>\n<td width=\"286\">Revenu interm\u00e9diaire de la tranche inf\u00e9rieure<\/td>\n<td width=\"162\">\u2265 $1,136 et \u2264 $4,465<\/td>\n<td width=\"78\">$750<\/td>\n<\/tr>\n<tr>\n<td width=\"50\">Cat. 3<\/td>\n<td width=\"286\">Revenu interm\u00e9diaire de la tranche sup\u00e9rieure<\/td>\n<td width=\"162\">\u2265 $4,466 et \u2264 $13,845<\/td>\n<td width=\"78\">$1\u00a0000<\/td>\n<\/tr>\n<tr>\n<td width=\"50\">Cat. 4<\/td>\n<td width=\"286\">Revenu \u00e9lev\u00e9<\/td>\n<td width=\"162\">\u2265 $13,845<\/td>\n<td width=\"78\">$2\u00a0000<\/td>\n<\/tr>\n<\/tbody>\n<\/table>\n<p>&nbsp;<\/p>\n","protected":false},"excerpt":{"rendered":"<p>Toute ville d\u00e9sirant devenir membre en r\u00e8gle de l\u2019OVPM (en tant que membre ou membre observateur), doit s\u2019acquitter du paiement d\u2019une cotisation annuelle, auquel cas elle aura droit aux services suivants, offerts pour chacune des cat\u00e9gories de membres : Cotisation annuelle Les cotisations des villes de l\u2019OVPM sont d\u00e9termin\u00e9es de la fa\u00e7on suivante\u00a0: Formule\u00a0: Cotisation [&hellip;]<\/p>\n","protected":false},"author":3,"featured_media":0,"parent":29414,"menu_order":47,"comment_status":"closed","ping_status":"closed","template":"","meta":{"_acf_changed":false,"footnotes":""},"acf":[],"_links":{"self":[{"href":"https:\/\/www.ovpm.org\/fr\/wp-json\/wp\/v2\/pages\/29430"}],"collection":[{"href":"https:\/\/www.ovpm.org\/fr\/wp-json\/wp\/v2\/pages"}],"about":[{"href":"https:\/\/www.ovpm.org\/fr\/wp-json\/wp\/v2\/types\/page"}],"author":[{"embeddable":true,"href":"https:\/\/www.ovpm.org\/fr\/wp-json\/wp\/v2\/users\/3"}],"replies":[{"embeddable":true,"href":"https:\/\/www.ovpm.org\/fr\/wp-json\/wp\/v2\/comments?post=29430"}],"version-history":[{"count":7,"href":"https:\/\/www.ovpm.org\/fr\/wp-json\/wp\/v2\/pages\/29430\/revisions"}],"predecessor-version":[{"id":34949,"href":"https:\/\/www.ovpm.org\/fr\/wp-json\/wp\/v2\/pages\/29430\/revisions\/34949"}],"up":[{"embeddable":true,"href":"https:\/\/www.ovpm.org\/fr\/wp-json\/wp\/v2\/pages\/29414"}],"wp:attachment":[{"href":"https:\/\/www.ovpm.org\/fr\/wp-json\/wp\/v2\/media?parent=29430"}],"curies":[{"name":"wp","href":"https:\/\/api.w.org\/{rel}","templated":true}]}}