{"id":29389,"date":"2023-04-25T18:25:05","date_gmt":"2023-04-25T18:25:05","guid":{"rendered":"https:\/\/www.ovpm.org\/?page_id=29389"},"modified":"2023-04-25T18:25:05","modified_gmt":"2023-04-25T18:25:05","slug":"gouvernance","status":"publish","type":"page","link":"https:\/\/www.ovpm.org\/fr\/gouvernance\/","title":{"rendered":"Gouvernance"},"content":{"rendered":"<p>L\u2019Organisation des villes du patrimoine mondial (OVPM) est dirig\u00e9e par son Assembl\u00e9e g\u00e9n\u00e9rale, form\u00e9e des maires des villes du patrimoine mondial ayant acquitt\u00e9 leur cotisation annuelle. L\u2019Organisation est g\u00e9r\u00e9e par un Conseil d\u2019administration form\u00e9 de huit (8) Maires \u00e9lus par l\u2019Assembl\u00e9e g\u00e9n\u00e9rale.<\/p>\n<p>Consultez les pages suivantes pour tout savoir sur l\u2019Assembl\u00e9e g\u00e9n\u00e9rale, les R\u00e8glements g\u00e9n\u00e9raux ainsi que le Conseil d\u2019administration de l\u2019OVPM.<\/p>\n","protected":false},"excerpt":{"rendered":"<p>L\u2019Organisation des villes du patrimoine mondial (OVPM) est dirig\u00e9e par son Assembl\u00e9e g\u00e9n\u00e9rale, form\u00e9e des maires des villes du patrimoine mondial ayant acquitt\u00e9 leur cotisation annuelle. L\u2019Organisation est g\u00e9r\u00e9e par un Conseil d\u2019administration form\u00e9 de huit (8) Maires \u00e9lus par l\u2019Assembl\u00e9e g\u00e9n\u00e9rale. Consultez les pages suivantes pour tout savoir sur l\u2019Assembl\u00e9e g\u00e9n\u00e9rale, les R\u00e8glements g\u00e9n\u00e9raux [&hellip;]<\/p>\n","protected":false},"author":3,"featured_media":0,"parent":0,"menu_order":58,"comment_status":"closed","ping_status":"closed","template":"","meta":{"_acf_changed":false,"footnotes":""},"acf":[],"_links":{"self":[{"href":"https:\/\/www.ovpm.org\/fr\/wp-json\/wp\/v2\/pages\/29389"}],"collection":[{"href":"https:\/\/www.ovpm.org\/fr\/wp-json\/wp\/v2\/pages"}],"about":[{"href":"https:\/\/www.ovpm.org\/fr\/wp-json\/wp\/v2\/types\/page"}],"author":[{"embeddable":true,"href":"https:\/\/www.ovpm.org\/fr\/wp-json\/wp\/v2\/users\/3"}],"replies":[{"embeddable":true,"href":"https:\/\/www.ovpm.org\/fr\/wp-json\/wp\/v2\/comments?post=29389"}],"version-history":[{"count":1,"href":"https:\/\/www.ovpm.org\/fr\/wp-json\/wp\/v2\/pages\/29389\/revisions"}],"predecessor-version":[{"id":29390,"href":"https:\/\/www.ovpm.org\/fr\/wp-json\/wp\/v2\/pages\/29389\/revisions\/29390"}],"wp:attachment":[{"href":"https:\/\/www.ovpm.org\/fr\/wp-json\/wp\/v2\/media?parent=29389"}],"curies":[{"name":"wp","href":"https:\/\/api.w.org\/{rel}","templated":true}]}}