{"id":289,"date":"2018-07-24T15:53:56","date_gmt":"2018-07-24T15:53:56","guid":{"rendered":"https:\/\/www.ovpm.org\/?page_id=289"},"modified":"2026-04-09T15:31:44","modified_gmt":"2026-04-09T15:31:44","slug":"accueil","status":"publish","type":"page","link":"https:\/\/www.ovpm.org\/fr\/","title":{"rendered":"M\u00e9moire du monde, villes&nbsp;d&rsquo;avenir."},"content":{"rendered":"<h2><img loading=\"lazy\" decoding=\"async\" class=\"alignnone wp-image-28525\" src=\"https:\/\/www.ovpm.org\/wp-content\/uploads\/2022\/12\/f2rfr-300x157.png\" alt=\"\" width=\"200\" height=\"105\" srcset=\"https:\/\/www.ovpm.org\/wp-content\/uploads\/2022\/12\/f2rfr-300x157.png 300w, https:\/\/www.ovpm.org\/wp-content\/uploads\/2022\/12\/f2rfr-1024x536.png 1024w, https:\/\/www.ovpm.org\/wp-content\/uploads\/2022\/12\/f2rfr-768x402.png 768w, https:\/\/www.ovpm.org\/wp-content\/uploads\/2022\/12\/f2rfr.png 1200w\" sizes=\"(max-width: 200px) 100vw, 200px\" \/>Feuille de route de Qu\u00e9bec<\/h2>\n<p>L\u2019OVPM \u00e0 adopt\u00e9 la \u00ab\u00a0Feuille de route de Qu\u00e9bec \u00bb lors du 16e Congr\u00e8s mondial (Qu\u00e9bec, Canada, 6-9 septembre 2022). D\u00e9marr\u00e9e le 1 novembre 2022, la \u00ab\u00a0Feuille de route\u00a0\u00bb offre l\u2019opportunit\u00e9 aux membres de l\u2019Organisation de participer \u00e0 une exp\u00e9rience de coop\u00e9ration sans pr\u00e9c\u00e9dent qui conduira \u00e0 l\u2019adoption d\u2019un \u00ab Nouveau projet urbain \u00bb lors du 17<sup>e<\/sup> Congr\u00e8s mondial qui se tiendra \u00e0 Cordoba (Espagne) \u00e0 l\u2019automne 2024.<\/p>\n<a href=\"https:\/\/www.ovpm.org\/fr\/programme\/feuille-de-route-de-quebec\/\" class=\"button m-t-sm m-b-sm\">En savoir plus sur la feuille de route de Qu\u00e9bec<\/a>\n<p>La d\u00e9marche comporte trois \u00e9tapes principales : 1. conception, 2. mise en \u0153uvre, 3. \u00e9valuation.<\/p>\n<a href=\"https:\/\/www.ovpm.org\/wp-content\/uploads\/2023\/02\/feuille-de-route-de-quebecetape-1fra16feb23.pdf\" class=\"button m-t-sm m-b-sm\">En savoir plus sur l\u2019\u00e9tape de conception (modalit\u00e9s de participation)<\/a>\n<hr \/>\n<h2><img loading=\"lazy\" decoding=\"async\" class=\"alignnone wp-image-27850\" src=\"https:\/\/www.ovpm.org\/wp-content\/uploads\/2022\/09\/logo-congres-de-lovpm-2022-2-300x67.png\" alt=\"\" width=\"200\" height=\"44\" srcset=\"https:\/\/www.ovpm.org\/wp-content\/uploads\/2022\/09\/logo-congres-de-lovpm-2022-2-300x67.png 300w, https:\/\/www.ovpm.org\/wp-content\/uploads\/2022\/09\/logo-congres-de-lovpm-2022-2-1024x228.png 1024w, https:\/\/www.ovpm.org\/wp-content\/uploads\/2022\/09\/logo-congres-de-lovpm-2022-2-768x171.png 768w, https:\/\/www.ovpm.org\/wp-content\/uploads\/2022\/09\/logo-congres-de-lovpm-2022-2.png 1200w\" sizes=\"(max-width: 200px) 100vw, 200px\" \/>Le 16<sup>e<\/sup>\u00a0Congr\u00e8s mondial de l\u2019OVPM<\/h2>\n<p>Du 6 au 9 septembre 2022 s\u2019est d\u00e9roul\u00e9 le 16<sup>e<\/sup>\u00a0Congr\u00e8s mondial de l\u2019Organisation des villes du patrimoine mondial (OVPM), dans la ville de Qu\u00e9bec, au Canada. Le Congr\u00e8s portait sur le th\u00e8me \u00ab Am\u00e9liorer la qualit\u00e9 de la vie dans les villes du patrimoine mondial \u00bb. Il \u00e9tait principalement constitu\u00e9 de la 25<sup>e<\/sup>\u00a0Assembl\u00e9e g\u00e9n\u00e9rale de l\u2019OVPM et du\u00a0<em>Symposium : s\u2019engager ensemble vers un nouveau projet urbain<\/em>. Nous vous proposons le r\u00e9sum\u00e9 de ces journ\u00e9es dans le lien suivant.<\/p>\n<a href=\"https:\/\/www.ovpm.org\/fr\/congres-mondiaux\/quebec\/\" class=\"button m-t-sm m-b-sm\">Le Congr\u00e8s au jour le jour<\/a>\n<p>T\u00e9l\u00e9chargez les actes du congr\u00e8s ci-dessous:<\/p>\n<a href=\"https:\/\/www.ovpm.org\/wp-content\/uploads\/2022\/12\/actes-du-congresfra.pdf\" class=\"button m-t-sm m-b-sm\">Actes du Congr\u00e8s<\/a>\n","protected":false},"excerpt":{"rendered":"<p>Feuille de route de Qu\u00e9bec L\u2019OVPM \u00e0 adopt\u00e9 la \u00ab\u00a0Feuille de route de Qu\u00e9bec \u00bb lors du 16e Congr\u00e8s mondial (Qu\u00e9bec, Canada, 6-9 septembre 2022). D\u00e9marr\u00e9e le 1 novembre 2022, la \u00ab\u00a0Feuille de route\u00a0\u00bb offre l\u2019opportunit\u00e9 aux membres de l\u2019Organisation de participer \u00e0 une exp\u00e9rience de coop\u00e9ration sans pr\u00e9c\u00e9dent qui conduira \u00e0 l\u2019adoption d\u2019un \u00ab [&hellip;]<\/p>\n","protected":false},"author":1,"featured_media":0,"parent":0,"menu_order":324,"comment_status":"closed","ping_status":"closed","template":"page-home.php","meta":{"_acf_changed":false,"footnotes":""},"acf":[],"_links":{"self":[{"href":"https:\/\/www.ovpm.org\/fr\/wp-json\/wp\/v2\/pages\/289"}],"collection":[{"href":"https:\/\/www.ovpm.org\/fr\/wp-json\/wp\/v2\/pages"}],"about":[{"href":"https:\/\/www.ovpm.org\/fr\/wp-json\/wp\/v2\/types\/page"}],"author":[{"embeddable":true,"href":"https:\/\/www.ovpm.org\/fr\/wp-json\/wp\/v2\/users\/1"}],"replies":[{"embeddable":true,"href":"https:\/\/www.ovpm.org\/fr\/wp-json\/wp\/v2\/comments?post=289"}],"version-history":[{"count":87,"href":"https:\/\/www.ovpm.org\/fr\/wp-json\/wp\/v2\/pages\/289\/revisions"}],"predecessor-version":[{"id":36947,"href":"https:\/\/www.ovpm.org\/fr\/wp-json\/wp\/v2\/pages\/289\/revisions\/36947"}],"wp:attachment":[{"href":"https:\/\/www.ovpm.org\/fr\/wp-json\/wp\/v2\/media?parent=289"}],"curies":[{"name":"wp","href":"https:\/\/api.w.org\/{rel}","templated":true}]}}