{"id":26406,"date":"2022-02-16T22:46:18","date_gmt":"2022-02-16T22:46:18","guid":{"rendered":"https:\/\/www.ovpm.org\/?page_id=26406"},"modified":"2022-04-20T19:41:23","modified_gmt":"2022-04-20T19:41:23","slug":"resume-ateliers-thematiques","status":"publish","type":"page","link":"https:\/\/www.ovpm.org\/fr\/congres-mondiaux\/route-vers-cordoue\/resume-ateliers-thematiques\/","title":{"rendered":"R\u00e9sum\u00e9 des ateliers th\u00e9matiques"},"content":{"rendered":"<h2>R\u00e9sum\u00e9 des ateliers th\u00e9matiques<\/h2>\n<p>Les 15 ateliers th\u00e9matiques tenus dans le cadre de \u00ab\u00a0En route vers Qu\u00e9bec\u00a0\u00bb entre le 14 mars et le 1<sup>er<\/sup>\u00a0avril ont r\u00e9uni 133 gestionnaires et experts en patrimoine de 42 villes membres de l&rsquo;OVPM provenant de 25 pays diff\u00e9rents \u00e0 travers le monde.<\/p>\n<p>9 experts r\u00e9f\u00e9rents ainsi que 24 mod\u00e9rateurs et rapporteurs ont collabor\u00e9 avec le Secr\u00e9tariat g\u00e9n\u00e9ral de l&rsquo;OVPM sur 5 th\u00e8mes principaux : la transformation des espaces publics, la mise en valeur des espaces r\u00e9sidentiels, l&rsquo;\u00e9volution de la mobilit\u00e9, l&rsquo;adaptabilit\u00e9 du patrimoine b\u00e2ti et l&rsquo;affirmation d&rsquo;une nouvelle gouvernance.<\/p>\n<p>Les ateliers ont mis en lumi\u00e8re non seulement les actions et initiatives qui sont actuellement mises en \u0153uvre dans les villes membres de l&rsquo;OVPM, mais aussi leurs besoins et leurs d\u00e9fis. Les participants ont \u00e9galement abord\u00e9 les strat\u00e9gies globales potentielles qui peuvent contribuer \u00e0 la fois \u00e0 la conservation et au d\u00e9veloppement urbain et \u00e9conomique de leurs villes du patrimoine mondial.<\/p>\n<p>L&rsquo;\u00e9tape th\u00e9matique de \u00ab\u00a0En route vers Qu\u00e9bec\u00a0\u00bb sera compl\u00e9t\u00e9e par la diffusion d&rsquo;une synth\u00e8se des r\u00e9sultats des 15 ateliers th\u00e9matiques. Les \u00ab\u00a0axes strat\u00e9giques\u00a0\u00bb transversaux qui en \u00e9mergeront laisseront place \u00e0 la deuxi\u00e8me \u00e9tape du processus visant \u00e0 identifier des objectifs op\u00e9rationnels prioritaires, qui prendra la forme de consultations \u00e9crites inclusives qui seront transmises \u00e0 toutes les villes membres au d\u00e9but mai.<\/p>\n<p>Chacun des 5 ateliers s&rsquo;est d\u00e9roul\u00e9 tour \u00e0 tour dans les trois langues de travail de l\u2019Organisation (fran\u00e7ais, anglais, espagnol) aux dates suivantes (cliquez sur l&rsquo;image pour l&rsquo;agrandir):<\/p>\n<p><a href=\"https:\/\/www.ovpm.org\/wp-content\/uploads\/2022\/02\/calendrierfra-3.png\"><img loading=\"lazy\" decoding=\"async\" class=\"alignnone wp-image-26661 size-large\" src=\"https:\/\/www.ovpm.org\/wp-content\/uploads\/2022\/02\/calendrierfra-3-1024x576.png\" alt=\"\" width=\"1024\" height=\"576\" srcset=\"https:\/\/www.ovpm.org\/wp-content\/uploads\/2022\/02\/calendrierfra-3-1024x576.png 1024w, https:\/\/www.ovpm.org\/wp-content\/uploads\/2022\/02\/calendrierfra-3-300x169.png 300w, https:\/\/www.ovpm.org\/wp-content\/uploads\/2022\/02\/calendrierfra-3-768x432.png 768w, https:\/\/www.ovpm.org\/wp-content\/uploads\/2022\/02\/calendrierfra-3-1200x675.png 1200w\" sizes=\"(max-width: 1024px) 100vw, 1024px\" \/><\/a><\/p>\n<hr \/>\n<h2>Description des ateliers th\u00e9matiques et experts participants<\/h2>\n<h4><strong>Th\u00e8me 1 &#8211; La transformation des espaces publics<\/strong><\/h4>\n<p>Les villes historiques sont riches en espaces publics : parcs, jardins, squares, esplanades, rues conviviales ou commerciales, lieux comm\u00e9moratifs. Ils sont des \u00e9l\u00e9ments structurants ind\u00e9niables, mais leur valeur patrimoniale et leurs r\u00f4les ont beaucoup \u00e9t\u00e9 perturb\u00e9s, voire, d\u00e9natur\u00e9s par les usages contemporains, par la circulation automobile, par le stationnement. Les rues pi\u00e9tonnes ou partag\u00e9es, souvent trop min\u00e9ralis\u00e9es, captent la chaleur et ne sont plus suffisamment perm\u00e9ables pour assurer l\u2019infiltration et l\u2019\u00e9coulement des eaux.<\/p>\n<p>L\u2019enjeu sera d\u2019adapter, revoir ces espaces pour leur donner un r\u00f4le structurant dans l\u2019organisation des nouveaux besoins de proximit\u00e9 (espace r\u00e9sidentiel) des habitants et pour att\u00e9nuer les impacts des am\u00e9nagements sur le climat.<\/p>\n<h3><em>Atelier 1 &#8211; Restaurer la qualit\u00e9 urbaine des espaces publics et les rendre climato-compatibles<\/em><\/h3>\n<ul>\n<li>Comment adapter ces espaces aux nouvelles fonctionnalit\u00e9s (espaces partag\u00e9s, mixtes commercial\/culturel, priv\u00e9s) et \u00e0 de nouvelles pratiques d\u2019usages collectifs tout en leur redonnant un r\u00f4le structurant aux diff\u00e9rentes \u00e9chelles de la ville (\u00eelot, quartier, centre, p\u00e9riph\u00e9rie)\u00a0?<\/li>\n<li>Comment articuler les espaces publics plus particuli\u00e8rement avec l\u2019am\u00e9nagement de l\u2019espace r\u00e9sidentiel et l\u2019\u00e9volution des mobilit\u00e9s\u00a0?<\/li>\n<\/ul>\n<div class=\"section grid col-12\" style=\"margin-left: -1rem; margin-right: -1rem;\"><div class=\"col-6 col--sm-12 grid wysiwyg p-l-xsm p-r-xsm m-b-xsm\"><\/p>\n<p><figure id=\"attachment_26672\" aria-describedby=\"caption-attachment-26672\" style=\"width: 300px\" class=\"wp-caption alignnone\"><img loading=\"lazy\" decoding=\"async\" class=\"size-medium wp-image-26672\" src=\"https:\/\/www.ovpm.org\/wp-content\/uploads\/2022\/03\/photo-zachary-jones-300x200.jpg\" alt=\"Lead Expert and ModeratorZachary M. Jones, PhDPostdoc Researcher and Adjunct ProfessorDepartment of Architecture and UrbanStudies Politecnico di Milano\" width=\"300\" height=\"200\" srcset=\"https:\/\/www.ovpm.org\/wp-content\/uploads\/2022\/03\/photo-zachary-jones-300x200.jpg 300w, https:\/\/www.ovpm.org\/wp-content\/uploads\/2022\/03\/photo-zachary-jones-768x512.jpg 768w, https:\/\/www.ovpm.org\/wp-content\/uploads\/2022\/03\/photo-zachary-jones-1024x683.jpg 1024w, https:\/\/www.ovpm.org\/wp-content\/uploads\/2022\/03\/photo-zachary-jones.jpg 1110w\" sizes=\"(max-width: 300px) 100vw, 300px\" \/><figcaption id=\"caption-attachment-26672\" class=\"wp-caption-text\"><strong>Expert-R\u00e9f\u00e9rent<\/strong><br \/><strong>Zachary M. Jones, PhD<\/strong><br \/><em>Postdoc Researcher and Adjunct Professor<\/em><br \/><em>Department of Architecture and Urban<\/em><br \/><em>Studies Politecnico di Milano<\/em><\/figcaption><\/figure><\/p>\n<p><\/div><div class=\"col-6 col--sm-12 grid wysiwyg p-l-xsm p-r-xsm m-b-xsm\"><\/p>\n<p><figure id=\"attachment_26750\" aria-describedby=\"caption-attachment-26750\" style=\"width: 300px\" class=\"wp-caption alignnone\"><img loading=\"lazy\" decoding=\"async\" class=\"size-medium wp-image-26750\" src=\"https:\/\/www.ovpm.org\/wp-content\/uploads\/2022\/03\/2dsc9773-1-e1646939741376-300x223.jpg\" alt=\"\" width=\"300\" height=\"223\" srcset=\"https:\/\/www.ovpm.org\/wp-content\/uploads\/2022\/03\/2dsc9773-1-e1646939741376-300x223.jpg 300w, https:\/\/www.ovpm.org\/wp-content\/uploads\/2022\/03\/2dsc9773-1-e1646939741376-768x570.jpg 768w, https:\/\/www.ovpm.org\/wp-content\/uploads\/2022\/03\/2dsc9773-1-e1646939741376-1024x760.jpg 1024w, https:\/\/www.ovpm.org\/wp-content\/uploads\/2022\/03\/2dsc9773-1-e1646939741376-1200x890.jpg 1200w\" sizes=\"(max-width: 300px) 100vw, 300px\" \/><figcaption id=\"caption-attachment-26750\" class=\"wp-caption-text\"><strong>Mod\u00e9rateur<\/strong><br \/><strong>Dr. Christophe Loir<\/strong><br \/>Professeur \u00e0 l&rsquo;Universit\u00e9 libre de Bruxelles (ULB) &#8211;\u00a0 D\u00e9partement Histoire, Arts et Arch\u00e9ologie<br \/>Chercheur qualifi\u00e9 honoraire du Fonds de la Recherche scientifique (FNRS)<\/figcaption><\/figure><\/p>\n<p><\/div><\/div>\n<figure id=\"attachment_26700\" aria-describedby=\"caption-attachment-26700\" style=\"width: 142px\" class=\"wp-caption alignnone\"><img loading=\"lazy\" decoding=\"async\" class=\"size-full wp-image-26700\" src=\"https:\/\/www.ovpm.org\/wp-content\/uploads\/2022\/03\/photo-faika.jpg\" alt=\"\" width=\"142\" height=\"160\" \/><figcaption id=\"caption-attachment-26700\" class=\"wp-caption-text\"><strong>Rapporteur<\/strong><br \/><strong>Fa\u00efka B\u00e9jaoui<\/strong><br \/>Architecte\/Urbaniste<br \/>Vice-pr\u00e9sidente du bureau ex\u00e9cutif du CIVVIH (Comit\u00e9 International des Villes et Villages Historiques &#8211; ICOMOS)<\/figcaption><\/figure>\n<h4><strong>Th\u00e8me 2 &#8211; La valorisation des espaces r\u00e9sidentiels<\/strong><\/h4>\n<p>La valorisation de l\u2019espace r\u00e9sidentiel, support privil\u00e9gi\u00e9 de la vie quotidienne mais souvent p\u00e9nalis\u00e9e par d\u00e9pr\u00e9ciation ou la gentrification des logements, implique de s\u2019interroger sur les fa\u00e7ons de rendre cet espace \u00e0 la convivialit\u00e9, \u00e0 l\u2019habitabilit\u00e9, o\u00f9 toutes les commodit\u00e9s sont pr\u00e9sentes et o\u00f9 il se d\u00e9veloppe une v\u00e9ritable vie communautaire.<\/p>\n<h3><em>Atelier 2 &#8211; Favoriser la vie sociale \u00e0 travers un r\u00e9seau de services de proximit\u00e9<\/em><\/h3>\n<ul>\n<li>Comment valoriser l\u2019espace r\u00e9sidentiel pour retrouver la \u00ab\u00a0ville de proximit\u00e9\u00a0\u00bb, centr\u00e9e sur une vie collective\u00a0?<\/li>\n<li>Comment am\u00e9liorer le confort et la sociabilit\u00e9 de ces espaces par une strat\u00e9gie de v\u00e9g\u00e9talisation aux diff\u00e9rentes \u00e9chelles de vie sociale\u00a0?<\/li>\n<\/ul>\n<figure id=\"attachment_26745\" aria-describedby=\"caption-attachment-26745\" style=\"width: 300px\" class=\"wp-caption alignnone\"><img loading=\"lazy\" decoding=\"async\" class=\"size-medium wp-image-26745\" src=\"https:\/\/www.ovpm.org\/wp-content\/uploads\/2022\/03\/mrivasc-e1646939548485-300x203.jpg\" alt=\"\" width=\"300\" height=\"203\" srcset=\"https:\/\/www.ovpm.org\/wp-content\/uploads\/2022\/03\/mrivasc-e1646939548485-300x203.jpg 300w, https:\/\/www.ovpm.org\/wp-content\/uploads\/2022\/03\/mrivasc-e1646939548485-768x520.jpg 768w, https:\/\/www.ovpm.org\/wp-content\/uploads\/2022\/03\/mrivasc-e1646939548485-1024x693.jpg 1024w, https:\/\/www.ovpm.org\/wp-content\/uploads\/2022\/03\/mrivasc-e1646939548485-1200x812.jpg 1200w, https:\/\/www.ovpm.org\/wp-content\/uploads\/2022\/03\/mrivasc-e1646939548485.jpg 1921w\" sizes=\"(max-width: 300px) 100vw, 300px\" \/><figcaption id=\"caption-attachment-26745\" class=\"wp-caption-text\"><strong>Expert-r\u00e9f\u00e9rent<\/strong><br \/><strong>Miguel Rivas<\/strong><br \/>Partenaire de TASO<br \/>Expert principal URBACT pour le r\u00e9seau de planification d&rsquo;action, KAIR\u00d3S &#8211; Le patrimoine en tant que r\u00e9g\u00e9n\u00e9ration urbaine<\/figcaption><\/figure>\n<div class=\"section grid col-12\" style=\"margin-left: -1rem; margin-right: -1rem;\"><div class=\"col-6 col--sm-12 grid wysiwyg p-l-xsm p-r-xsm m-b-xsm\"><\/p>\n<p><figure id=\"attachment_26736\" aria-describedby=\"caption-attachment-26736\" style=\"width: 300px\" class=\"wp-caption alignnone\"><img loading=\"lazy\" decoding=\"async\" class=\"size-medium wp-image-26736\" src=\"https:\/\/www.ovpm.org\/wp-content\/uploads\/2022\/03\/schoon1-e1646939124157-300x295.jpg\" alt=\"\" width=\"300\" height=\"295\" srcset=\"https:\/\/www.ovpm.org\/wp-content\/uploads\/2022\/03\/schoon1-e1646939124157-300x295.jpg 300w, https:\/\/www.ovpm.org\/wp-content\/uploads\/2022\/03\/schoon1-e1646939124157-768x756.jpg 768w, https:\/\/www.ovpm.org\/wp-content\/uploads\/2022\/03\/schoon1-e1646939124157-1024x1008.jpg 1024w, https:\/\/www.ovpm.org\/wp-content\/uploads\/2022\/03\/schoon1-e1646939124157-1200x1182.jpg 1200w\" sizes=\"(max-width: 300px) 100vw, 300px\" \/><figcaption id=\"caption-attachment-26736\" class=\"wp-caption-text\"><strong>Mod\u00e9rateur<\/strong><br \/><strong>Sylvain Schoonbaert<\/strong><br \/>Bordeaux M\u00e9tropole<br \/>Direction g\u00e9n\u00e9rale valorisation du territoire<br \/>Direction g\u00e9n\u00e9rale adjointe am\u00e9nagement<br \/>Direction de l\u2019urbanisme<\/figcaption><\/figure><\/p>\n<p><\/div><div class=\"col-6 col--sm-12 grid wysiwyg p-l-xsm p-r-xsm m-b-xsm\"><\/p>\n<p><figure id=\"attachment_26700\" aria-describedby=\"caption-attachment-26700\" style=\"width: 142px\" class=\"wp-caption alignnone\"><img loading=\"lazy\" decoding=\"async\" class=\"wp-image-26700 size-full\" src=\"https:\/\/www.ovpm.org\/wp-content\/uploads\/2022\/03\/photo-faika.jpg\" alt=\"\" width=\"142\" height=\"160\" \/><figcaption id=\"caption-attachment-26700\" class=\"wp-caption-text\"><strong>Rapporteur<\/strong><br \/><strong>Fa\u00efka B\u00e9jaoui<\/strong><br \/>Architecte\/Urbaniste<br \/>Vice-pr\u00e9sidente du bureau ex\u00e9cutif du CIVVIH (Comit\u00e9 International des Villes et Villages Historiques &#8211; ICOMOS)<\/figcaption><\/figure><\/p>\n<p><\/div><\/div>\n<h4><strong>Th\u00e8me <\/strong><strong>3 &#8211; L\u2019\u00e9volution des mobilit\u00e9s<\/strong><\/h4>\n<p>La place de l\u2019automobile dans la vie quotidienne et les questions d\u2019accessibilit\u00e9s ont largement marqu\u00e9 l\u2019am\u00e9nagement de la ville. L\u2019adaptation \u00e0 de nouvelles fa\u00e7ons de travailler, comme le t\u00e9l\u00e9travail, ainsi que les aspirations \u00e0 des environnements apais\u00e9s et s\u00e9curitaires, impliquent de penser diff\u00e9remment les besoins en termes de d\u00e9placements, et sont au regard des changements climatiques une opportunit\u00e9 pour r\u00e9viser le fonctionnement urbain.<\/p>\n<h3><em>Atelier 3 &#8211; Favoriser les nouveaux modes de d\u00e9placements dans le cadre d\u2019un partage de l\u2019espace public<\/em><\/h3>\n<ul>\n<li>Comment peut-on organiser de mani\u00e8re performante les changements de mode de d\u00e9placement en fonction des logiques de parcours (acc\u00e8s au centre urbain, liaison domicile-travail, desserte r\u00e9sidentielle, entre autres)\u00a0?<\/li>\n<li>Quelles cons\u00e9quences peuvent avoir les nouveaux modes de d\u00e9placements sur l\u2019am\u00e9nagement ou l\u2019utilisation de l\u2019espace public?<\/li>\n<\/ul>\n<div class=\"section grid col-12\" style=\"margin-left: -1rem; margin-right: -1rem;\"><div class=\"col-6 col--sm-12 grid wysiwyg p-l-xsm p-r-xsm m-b-xsm\"><\/p>\n<p><figure id=\"attachment_26800\" aria-describedby=\"caption-attachment-26800\" style=\"width: 170px\" class=\"wp-caption alignnone\"><img loading=\"lazy\" decoding=\"async\" class=\"size-full wp-image-26800\" src=\"https:\/\/www.ovpm.org\/wp-content\/uploads\/2022\/03\/prosper-wanner.jpg\" alt=\"\" width=\"170\" height=\"170\" srcset=\"https:\/\/www.ovpm.org\/wp-content\/uploads\/2022\/03\/prosper-wanner.jpg 170w, https:\/\/www.ovpm.org\/wp-content\/uploads\/2022\/03\/prosper-wanner-150x150.jpg 150w\" sizes=\"(max-width: 170px) 100vw, 170px\" \/><figcaption id=\"caption-attachment-26800\" class=\"wp-caption-text\"><strong>Expert-r\u00e9f\u00e9rent<\/strong><br \/><strong>Prosper Wanner<\/strong><br \/>Ing\u00e9nieur, g\u00e9rant de la coop\u00e9rative H\u00f4tel du Nord<br \/>Doctorant en anthropologie culturelle \u00e0 l\u2019Universit\u00e9 de Paris<br \/>Expert aupr\u00e8s du Conseil de l\u2019Europe en droit au patrimoine<\/figcaption><\/figure><\/p>\n<p><\/div><div class=\"col-6 col--sm-12 grid wysiwyg p-l-xsm p-r-xsm m-b-xsm\"><\/p>\n<p><figure id=\"attachment_26766\" aria-describedby=\"caption-attachment-26766\" style=\"width: 255px\" class=\"wp-caption alignnone\"><img loading=\"lazy\" decoding=\"async\" class=\"size-medium wp-image-26766\" src=\"https:\/\/www.ovpm.org\/wp-content\/uploads\/2022\/03\/joanna-koszewskapicture-255x300.jpg\" alt=\"\" width=\"255\" height=\"300\" srcset=\"https:\/\/www.ovpm.org\/wp-content\/uploads\/2022\/03\/joanna-koszewskapicture-255x300.jpg 255w, https:\/\/www.ovpm.org\/wp-content\/uploads\/2022\/03\/joanna-koszewskapicture-768x905.jpg 768w, https:\/\/www.ovpm.org\/wp-content\/uploads\/2022\/03\/joanna-koszewskapicture-869x1024.jpg 869w, https:\/\/www.ovpm.org\/wp-content\/uploads\/2022\/03\/joanna-koszewskapicture-1019x1200.jpg 1019w\" sizes=\"(max-width: 255px) 100vw, 255px\" \/><figcaption id=\"caption-attachment-26766\" class=\"wp-caption-text\"><strong>Mod\u00e9ratrice et rapporteur<\/strong><br \/><strong>Joanna Koszewska<\/strong><br \/>Docteure en ing\u00e9nierie et sciences techniques avec sp\u00e9cialisation en architecture et urbanisme<\/figcaption><\/figure><\/p>\n<p><\/div><\/div>\n<h4><strong>Th\u00e8me <\/strong><strong>4 &#8211; L\u2019adaptabilit\u00e9 du patrimoine b\u00e2ti<\/strong><\/h4>\n<p>Le patrimoine b\u00e2ti et la ville historique souffrent souvent de plusieurs maux qui conduisent \u00e0 leur d\u00e9gradation, tels que : d\u00e9saffection des logements ne r\u00e9pondant plus aux standards contemporains, absence d\u2019entretien, restauration m\u00e9diocre et sur-densification inappropri\u00e9e. Les caract\u00e9ristiques d\u00e9mographiques \u00e9voluent, les besoins des m\u00e9nages se diversifient et de nouvelles typologies de logements sont requises. Les capacit\u00e9s d\u2019adaptation du patrimoine b\u00e2ti sont une ressource incontournable pour envisager la transformation de la ville.<\/p>\n<h3><em>Atelier 4 &#8211; Valoriser la dimension patrimoniale en exploitant la capacit\u00e9 d\u2019adaptation du b\u00e2ti<\/em><\/h3>\n<ul>\n<li>Comment concilier la valorisation patrimoniale\u00a0avec l\u2019\u00e9volution des usages, tout en tenant compte des exigences techniques\u00a0?<\/li>\n<li>Comment concilier la valorisation patrimoniale\u00a0favorisant l\u2019ancrage local tout en permettant des \u00e9volutions sociales et familiales\u00a0?<\/li>\n<li>Comment am\u00e9liorer l\u2019habitat pour l\u2019adapter aux nouveaux modes de vie\u00a0sans en perturber ses caract\u00e9ristiques patrimoniales\u00a0?<\/li>\n<\/ul>\n<figure id=\"attachment_26856\" aria-describedby=\"caption-attachment-26856\" style=\"width: 215px\" class=\"wp-caption alignnone\"><img loading=\"lazy\" decoding=\"async\" class=\"size-medium wp-image-26856\" src=\"https:\/\/www.ovpm.org\/wp-content\/uploads\/2022\/03\/serge-viau-215x300.jpg\" alt=\"\" width=\"215\" height=\"300\" \/><figcaption id=\"caption-attachment-26856\" class=\"wp-caption-text\"><strong>Expert-r\u00e9f\u00e9rent et rapporteur<\/strong><br \/><strong>Serge Viau<\/strong><br \/>Architecte et urbaniste \u00e9m\u00e9rite<\/figcaption><\/figure>\n<p><strong>Mod\u00e9ratrice<\/strong><br \/>\n<strong>Anne-Laure Moniot<\/strong><br \/>\nArchitecte<br \/>\nDirige le service \u00ab Architecture et patrimoine urbain en projet \u00bb au sein de la direction de l\u2019urbanisme, du patrimoine et des paysages de Bordeaux M\u00e9tropole<\/p>\n<p><strong>In memoriam<br \/>\n<\/strong>Un texte de r\u00e9f\u00e9rence est \u00e9galement propos\u00e9, par\u00a0<strong>M.<\/strong> <strong>Alexandre Melissinos<br \/>\n<\/strong><em>Architecte-urbaniste<\/em><\/p>\n<h4><strong>Th\u00e8me <\/strong><strong>5 &#8211; L\u2019affirmation d\u2019une nouvelle gouvernance<\/strong><\/h4>\n<p>Imposer le d\u00e9bat public au c\u0153ur du projet urbain parait de plus en plus n\u00e9cessaire pour proposer des r\u00e9ponses urbaines compatibles avec les contraintes (sociales, environnementales, techniques) auxquelles est confront\u00e9e la ville historique. L\u2019\u00e9volution de la d\u00e9mocratie tend inexorablement vers la participation des habitants et \u00e0 leur implication, aux c\u00f4t\u00e9s des diff\u00e9rents acteurs urbains, dans la prise des d\u00e9cisions qui concernent leurs quartiers, allant jusqu\u2019\u00e0 la \u00ab co-construction \u00bb des projets et l\u2019engagement citoyen dans la gestion des interventions. Leur responsabilisation dans les processus visant \u00e0 am\u00e9liorer le confort, l\u2019animation ou l\u2019identit\u00e9 de leur quartier est un gage d\u2019acceptabilit\u00e9 sociale et de durabilit\u00e9.<\/p>\n<h3><em>Atelier 5 &#8211; <\/em><em>D\u00e9velopper des m\u00e9canismes sp\u00e9cifiques pour construire des pratiques de dialogue social et de co-construction <\/em><\/h3>\n<ul>\n<li>Comment utiliser le patrimoine pour en faire une valeur identitaire\u00a0?<\/li>\n<li>Quels sont les principes de la co-construction des projets\u00a0?<\/li>\n<li>Quelles sont les modalit\u00e9s op\u00e9rationnelles associant l\u2019ensemble des parties concern\u00e9es dans l\u2019\u00e9laboration et la gestion d\u2019un projet\u00a0?<\/li>\n<li>Quelle \u00e9conomie durable peut \u00e9merger de ces processus\u00a0?<\/li>\n<\/ul>\n<p><img loading=\"lazy\" decoding=\"async\" class=\"size-full wp-image-26800 alignleft\" src=\"https:\/\/www.ovpm.org\/wp-content\/uploads\/2022\/03\/prosper-wanner.jpg\" alt=\"\" width=\"170\" height=\"170\" srcset=\"https:\/\/www.ovpm.org\/wp-content\/uploads\/2022\/03\/prosper-wanner.jpg 170w, https:\/\/www.ovpm.org\/wp-content\/uploads\/2022\/03\/prosper-wanner-150x150.jpg 150w\" sizes=\"(max-width: 170px) 100vw, 170px\" \/><\/p>\n<p><strong>Expert-r\u00e9f\u00e9rent<\/strong><br \/>\n<strong>Prosper Wanner<\/strong><br \/>\nIng\u00e9nieur, g\u00e9rant de la coop\u00e9rative H\u00f4tel du Nord<br \/>\nDoctorant en anthropologie culturelle \u00e0 l\u2019Universit\u00e9 de Paris<br \/>\nExpert aupr\u00e8s du Conseil de l\u2019Europe en droit au patrimoine<\/p>\n<p>&nbsp;<\/p>\n<p><strong>Mod\u00e9rateur<\/strong><br \/>\n<strong>Francois Moisan<\/strong><br \/>\nConseiller cadre au Service de la culture du Patrimoine et des Relations internationales de la ville de Qu\u00e9bec<\/p>\n<p><strong>Rapporteur<br \/>\nMaxime Thibault<br \/>\n<\/strong>Conseiller en relations internationales au Service de la culture du Patrimoine et des Relations internationales de la ville de Qu\u00e9bec<\/p>\n","protected":false},"excerpt":{"rendered":"<p>R\u00e9sum\u00e9 des ateliers th\u00e9matiques Les 15 ateliers th\u00e9matiques tenus dans le cadre de \u00ab\u00a0En route vers Qu\u00e9bec\u00a0\u00bb entre le 14 mars et le 1er\u00a0avril ont r\u00e9uni 133 gestionnaires et experts en patrimoine de 42 villes membres de l&rsquo;OVPM provenant de 25 pays diff\u00e9rents \u00e0 travers le monde. 9 experts r\u00e9f\u00e9rents ainsi que 24 mod\u00e9rateurs et [&hellip;]<\/p>\n","protected":false},"author":3,"featured_media":0,"parent":26313,"menu_order":276,"comment_status":"closed","ping_status":"closed","template":"page-congress.php","meta":{"_acf_changed":false,"footnotes":""},"acf":[],"_links":{"self":[{"href":"https:\/\/www.ovpm.org\/fr\/wp-json\/wp\/v2\/pages\/26406"}],"collection":[{"href":"https:\/\/www.ovpm.org\/fr\/wp-json\/wp\/v2\/pages"}],"about":[{"href":"https:\/\/www.ovpm.org\/fr\/wp-json\/wp\/v2\/types\/page"}],"author":[{"embeddable":true,"href":"https:\/\/www.ovpm.org\/fr\/wp-json\/wp\/v2\/users\/3"}],"replies":[{"embeddable":true,"href":"https:\/\/www.ovpm.org\/fr\/wp-json\/wp\/v2\/comments?post=26406"}],"version-history":[{"count":28,"href":"https:\/\/www.ovpm.org\/fr\/wp-json\/wp\/v2\/pages\/26406\/revisions"}],"predecessor-version":[{"id":26996,"href":"https:\/\/www.ovpm.org\/fr\/wp-json\/wp\/v2\/pages\/26406\/revisions\/26996"}],"up":[{"embeddable":true,"href":"https:\/\/www.ovpm.org\/fr\/wp-json\/wp\/v2\/pages\/26313"}],"wp:attachment":[{"href":"https:\/\/www.ovpm.org\/fr\/wp-json\/wp\/v2\/media?parent=26406"}],"curies":[{"name":"wp","href":"https:\/\/api.w.org\/{rel}","templated":true}]}}