{"id":25612,"date":"2021-08-03T16:11:25","date_gmt":"2021-08-03T16:11:25","guid":{"rendered":"https:\/\/www.ovpm.org\/?page_id=25612"},"modified":"2022-09-19T20:19:48","modified_gmt":"2022-09-19T20:19:48","slug":"questions-pour-les-candidats-au-poste-de-secretaire-general","status":"publish","type":"page","link":"https:\/\/www.ovpm.org\/fr\/questions-pour-les-candidats-au-poste-de-secretaire-general\/","title":{"rendered":"Questions pour les candidats au poste de Secr\u00e9taire g\u00e9n\u00e9ral(e)"},"content":{"rendered":"<p>Nous souhaitons offrir la possibilit\u00e9 aux villes membres de l&rsquo;OVPM de poser quelques questions <a href=\"\/?p=25643\">aux candidats<\/a> lors de l&rsquo;Assembl\u00e9e g\u00e9n\u00e9rale qui se tiendra le 9 septembre 2021.<\/p>\n<p>Veuillez soumettre vos questions ici :<\/p>\n\n<p>Si votre ou vos questions sont retenues, nous vous contacterons avant l&rsquo;Assembl\u00e9e G\u00e9n\u00e9rale.<\/p>\n","protected":false},"excerpt":{"rendered":"<p>Nous souhaitons offrir la possibilit\u00e9 aux villes membres de l&rsquo;OVPM de poser quelques questions aux candidats lors de l&rsquo;Assembl\u00e9e g\u00e9n\u00e9rale qui se tiendra le 9 septembre 2021. Veuillez soumettre vos questions ici : Si votre ou vos questions sont retenues, nous vous contacterons avant l&rsquo;Assembl\u00e9e G\u00e9n\u00e9rale.<\/p>\n","protected":false},"author":3,"featured_media":0,"parent":0,"menu_order":233,"comment_status":"closed","ping_status":"closed","template":"","meta":{"_acf_changed":false,"footnotes":""},"acf":[],"_links":{"self":[{"href":"https:\/\/www.ovpm.org\/fr\/wp-json\/wp\/v2\/pages\/25612"}],"collection":[{"href":"https:\/\/www.ovpm.org\/fr\/wp-json\/wp\/v2\/pages"}],"about":[{"href":"https:\/\/www.ovpm.org\/fr\/wp-json\/wp\/v2\/types\/page"}],"author":[{"embeddable":true,"href":"https:\/\/www.ovpm.org\/fr\/wp-json\/wp\/v2\/users\/3"}],"replies":[{"embeddable":true,"href":"https:\/\/www.ovpm.org\/fr\/wp-json\/wp\/v2\/comments?post=25612"}],"version-history":[{"count":7,"href":"https:\/\/www.ovpm.org\/fr\/wp-json\/wp\/v2\/pages\/25612\/revisions"}],"predecessor-version":[{"id":27772,"href":"https:\/\/www.ovpm.org\/fr\/wp-json\/wp\/v2\/pages\/25612\/revisions\/27772"}],"wp:attachment":[{"href":"https:\/\/www.ovpm.org\/fr\/wp-json\/wp\/v2\/media?parent=25612"}],"curies":[{"name":"wp","href":"https:\/\/api.w.org\/{rel}","templated":true}]}}