{"id":256,"date":"2018-07-19T21:15:10","date_gmt":"2018-07-19T21:15:10","guid":{"rendered":"https:\/\/www.ovpm.org\/?page_id=256"},"modified":"2026-01-12T15:29:09","modified_gmt":"2026-01-12T15:29:09","slug":"a-propos-secretariats","status":"publish","type":"page","link":"https:\/\/www.ovpm.org\/fr\/secretariats\/a-propos-secretariats\/","title":{"rendered":"\u00c0 propos des secr\u00e9tariats"},"content":{"rendered":"<p>Le Secr\u00e9tariat g\u00e9n\u00e9ral est soutenu par des Secr\u00e9tariats r\u00e9gionaux qui sont des regroupements de Membres constitu\u00e9s sur la base d\u2019affinit\u00e9s culturelles, linguistiques ou g\u00e9ographiques et qui partagent des pr\u00e9occupations et des besoins. Outre leur appui \u00e0 la mise en \u0153uvre des activit\u00e9s du Plan d\u2019action de l\u2019OVPM, les activit\u00e9s des Secr\u00e9tariats r\u00e9gionaux sont destin\u00e9es \u00e0 la fois\u00a0:<\/p>\n<div class=\"numbered-table wrap-content p-t-med p-b-med\">\n<div class=\"numbered-table-row\"><p class=\"text med serif c-main\">\u00c0 faire connaitre et partager les valeurs et les objectifs de l\u2019Organisation, tout en valorisant la contribution originale de la r\u00e9gion en fonction de ses particularit\u00e9s culturelles<\/p><\/div>\n<div class=\"numbered-table-row\"><p class=\"text med serif c-main\">\u00c0 promouvoir l\u2019Organisation et la d\u00e9velopper en attirant de nouveaux membres<\/p><\/div>\n<\/div>\n<p>Les Secr\u00e9tariats r\u00e9gionaux sont situ\u00e9s dans les villes membres suivantes, \u00e9lues par leur r\u00e9seau r\u00e9gional aux quatre (4) ans dans le cadre de Rencontres r\u00e9gionales qui se d\u00e9roulent pendant les Congr\u00e8s mondiaux\u00a0:<\/p>\n<\/div><div class=\"fake-table col-12 wrap-content p-t p-b\"><div class=\"fake-table-row grid col-12\"><div class=\"fake-table-cell col-6 col--med-12\"><p class=\"text med  fat\"><a class=\"c-text\" href=\"https:\/\/www.ovpm.org\/fr\/secretariat\/amerique-latine\/\">Am\u00e9rique latine<\/a><\/p><\/div><div class=\"fake-table-cell ta-r col-6 col--med-12 ta--med-l p--med-l-x p--med-t-xsm\"><p class=\"text med  serif\">Morelia, Mexique<\/p><\/div><\/div><div class=\"fake-table-row grid col-12\"><div class=\"fake-table-cell col-6 col--med-12\"><p class=\"text med  fat\"><a class=\"c-text\" href=\"https:\/\/www.ovpm.org\/fr\/secretariat\/asie-pacifique\/\">Asie-Pacifique<\/a><\/p><\/div><div class=\"fake-table-cell ta-r col-6 col--med-12 ta--med-l p--med-l-x p--med-t-xsm\"><p class=\"text med  serif\">Gyeongju, R\u00e9publique de Cor\u00e9e<\/p><\/div><\/div><div class=\"fake-table-row grid col-12\"><div class=\"fake-table-cell col-6 col--med-12\"><p class=\"text med  fat\"><a class=\"c-text\" href=\"https:\/\/www.ovpm.org\/fr\/secretariat\/europe-centrale-et-de-lest\/\">Europe centrale et de l'est<\/a><\/p><\/div><div class=\"fake-table-cell ta-r col-6 col--med-12 ta--med-l p--med-l-x p--med-t-xsm\"><p class=\"text med  serif\">Varsovie, Pologne<\/p><\/div><\/div><div class=\"fake-table-row grid col-12\"><div class=\"fake-table-cell col-6 col--med-12\"><p class=\"text med  fat\"><a class=\"c-text\" href=\"https:\/\/www.ovpm.org\/fr\/secretariat\/europe-du-nord-ouest-et-amerique-du-nord\/\">Europe du nord-ouest et Am\u00e9rique du nord<\/a><\/p><\/div><div class=\"fake-table-cell ta-r col-6 col--med-12 ta--med-l p--med-l-x p--med-t-xsm\"><p class=\"text med  serif\">Ratisbonne, Allemagne<\/p><\/div><\/div><div class=\"fake-table-row grid col-12\"><div class=\"fake-table-cell col-6 col--med-12\"><p class=\"text med  fat\"><a class=\"c-text\" href=\"https:\/\/www.ovpm.org\/fr\/secretariat\/europe-du-sud-et-mediterranee\/\">Europe du sud et M\u00e9diterran\u00e9e<\/a><\/p><\/div><div class=\"fake-table-cell ta-r col-6 col--med-12 ta--med-l p--med-l-x p--med-t-xsm\"><p class=\"text med  serif\">Cordoue, Espagne<\/p><\/div><\/div><\/div><div class=\"wysiwyg wrap-content\">\n<p><img loading=\"lazy\" decoding=\"async\" class=\"alignnone wp-image-30479 size-full\" src=\"https:\/\/www.ovpm.org\/wp-content\/uploads\/2023\/09\/ovpmcartesecretariatgeneraux2023pngfra.png\" alt=\"\" width=\"1920\" height=\"1425\" srcset=\"https:\/\/www.ovpm.org\/wp-content\/uploads\/2023\/09\/ovpmcartesecretariatgeneraux2023pngfra.png 1920w, https:\/\/www.ovpm.org\/wp-content\/uploads\/2023\/09\/ovpmcartesecretariatgeneraux2023pngfra-300x223.png 300w, https:\/\/www.ovpm.org\/wp-content\/uploads\/2023\/09\/ovpmcartesecretariatgeneraux2023pngfra-1024x760.png 1024w, https:\/\/www.ovpm.org\/wp-content\/uploads\/2023\/09\/ovpmcartesecretariatgeneraux2023pngfra-768x570.png 768w, https:\/\/www.ovpm.org\/wp-content\/uploads\/2023\/09\/ovpmcartesecretariatgeneraux2023pngfra-1536x1140.png 1536w, https:\/\/www.ovpm.org\/wp-content\/uploads\/2023\/09\/ovpmcartesecretariatgeneraux2023pngfra-1200x891.png 1200w\" sizes=\"(max-width: 1920px) 100vw, 1920px\" \/><\/p>\n<hr \/>\n<p><strong>Formulaire d\u2019adh\u00e9sion des villes aux Secr\u00e9tariats r\u00e9gionaux<\/strong><\/p>\n<p>Il est possible pour une <strong>ville membre en r\u00e8gle<\/strong> d\u2019adh\u00e9rer \u00e0 un Secr\u00e9tariat r\u00e9gional, afin de faciliter la prise de d\u00e9cisions concernant la gestion administrative et les activit\u00e9s des Secr\u00e9tariats r\u00e9gionaux. Les conditions d\u2019adh\u00e9sion sont les suivantes\u00a0:<\/p>\n<ul>\n<li>L\u2019adh\u00e9sion d\u2019une ville membre ne peut se faire qu\u2019\u00e0 un (1) des cinq Secr\u00e9tariats r\u00e9gionaux ;<\/li>\n<li>La dur\u00e9e d\u2019adh\u00e9sion est illimit\u00e9e (la ville peut changer son adh\u00e9sion \u00e0 tout moment) ;<\/li>\n<li>L\u2019adh\u00e9sion est d\u00e9terminante pour les votes et d\u00e9cisions \u00e0 prendre lors des rencontres r\u00e9gionales (seules les villes ayant formellement adh\u00e9r\u00e9 \u00e0 un Secr\u00e9tariat r\u00e9gional seront habilit\u00e9es \u00e0 voter).<\/li>\n<\/ul>\n<p>Toutes les villes membres en r\u00e8gle peuvent par ailleurs participer aux activit\u00e9s d\u2019un autre Secr\u00e9tariat r\u00e9gional, si elles y sont invit\u00e9es et aux conditions particuli\u00e8res \u00e9ventuellement fix\u00e9es par les Secr\u00e9tariats r\u00e9gionaux responsables des activit\u00e9s en question.<\/p>\n<p>Veuillez remplir le formulaire suivant pour adh\u00e9rer \u00e0 un Secr\u00e9tariat r\u00e9gional.<\/p>\n<script type=\"text\/javascript\">var gform;gform||(document.addEventListener(\"gform_main_scripts_loaded\",function(){gform.scriptsLoaded=!0}),window.addEventListener(\"DOMContentLoaded\",function(){gform.domLoaded=!0}),gform={domLoaded:!1,scriptsLoaded:!1,initializeOnLoaded:function(o){gform.domLoaded&&gform.scriptsLoaded?o():!gform.domLoaded&&gform.scriptsLoaded?window.addEventListener(\"DOMContentLoaded\",o):document.addEventListener(\"gform_main_scripts_loaded\",o)},hooks:{action:{},filter:{}},addAction:function(o,n,r,t){gform.addHook(\"action\",o,n,r,t)},addFilter:function(o,n,r,t){gform.addHook(\"filter\",o,n,r,t)},doAction:function(o){gform.doHook(\"action\",o,arguments)},applyFilters:function(o){return gform.doHook(\"filter\",o,arguments)},removeAction:function(o,n){gform.removeHook(\"action\",o,n)},removeFilter:function(o,n,r){gform.removeHook(\"filter\",o,n,r)},addHook:function(o,n,r,t,i){null==gform.hooks[o][n]&&(gform.hooks[o][n]=[]);var e=gform.hooks[o][n];null==i&&(i=n+\"_\"+e.length),gform.hooks[o][n].push({tag:i,callable:r,priority:t=null==t?10:t})},doHook:function(n,o,r){var t;if(r=Array.prototype.slice.call(r,1),null!=gform.hooks[n][o]&&((o=gform.hooks[n][o]).sort(function(o,n){return o.priority-n.priority}),o.forEach(function(o){\"function\"!=typeof(t=o.callable)&&(t=window[t]),\"action\"==n?t.apply(null,r):r[0]=t.apply(null,r)})),\"filter\"==n)return r[0]},removeHook:function(o,n,t,i){var r;null!=gform.hooks[o][n]&&(r=(r=gform.hooks[o][n]).filter(function(o,n,r){return!!(null!=i&&i!=o.tag||null!=t&&t!=o.priority)}),gform.hooks[o][n]=r)}});<\/script>\n                <div class='gf_browser_gecko gform_wrapper gform_legacy_markup_wrapper gform-theme--no-framework form_wrapper wrap-content_wrapper p-t_wrapper p-b-med_wrapper grid_wrapper' data-form-theme='legacy' data-form-index='0' id='gform_wrapper_99' ><form method='post' enctype='multipart\/form-data'  id='gform_99' class='form wrap-content p-t p-b-med grid' action='\/fr\/wp-json\/wp\/v2\/pages\/256' data-formid='99' novalidate> \r\n <input type='hidden' class='gforms-pum' value='{\"closepopup\":false,\"closedelay\":0,\"openpopup\":false,\"openpopup_id\":0}' \/>\n                        <div class='gform-body gform_body'><ul id='gform_fields_99' class='gform_fields top_label form_sublabel_above description_above validation_below'><li id=\"field_99_4\" class=\"gfield gfield--type-text gfield--input-type-text gfield_contains_required field_sublabel_above gfield--no-description field_description_above field_validation_below gfield_visibility_visible\"  data-js-reload=\"field_99_4\" ><label class='gfield_label gform-field-label' for='input_99_4'>Nom de la ville<span class=\"gfield_required\"><span class=\"gfield_required gfield_required_text\">(N\u00e9cessaire)<\/span><\/span><\/label><div class='ginput_container ginput_container_text'><input name='input_4' id='input_99_4' type='text' value='' class='large'     aria-required=\"true\" aria-invalid=\"false\"   \/> <\/div><\/li><li id=\"field_99_7\" class=\"gfield gfield--type-text gfield--input-type-text gfield--width-full gfield_contains_required field_sublabel_above gfield--no-description field_description_above field_validation_below gfield_visibility_visible\"  data-js-reload=\"field_99_7\" ><label class='gfield_label gform-field-label' for='input_99_7'>Nom du maire<span class=\"gfield_required\"><span class=\"gfield_required gfield_required_text\">(N\u00e9cessaire)<\/span><\/span><\/label><div class='ginput_container ginput_container_text'><input name='input_7' id='input_99_7' type='text' value='' class='large'     aria-required=\"true\" aria-invalid=\"false\"   \/> <\/div><\/li><li id=\"field_99_6\" class=\"gfield gfield--type-radio gfield--type-choice gfield--input-type-radio gfield_contains_required field_sublabel_above gfield--no-description field_description_above field_validation_below gfield_visibility_visible\"  data-js-reload=\"field_99_6\" ><label class='gfield_label gform-field-label' >En tant que maire, je d\u00e9clare l\u2019appartenance de ma ville au Secr\u00e9tariat r\u00e9gional de :<span class=\"gfield_required\"><span class=\"gfield_required gfield_required_text\">(N\u00e9cessaire)<\/span><\/span><\/label><div class='ginput_container ginput_container_radio'><ul class='gfield_radio' id='input_99_6'>\n\t\t\t<li class='gchoice gchoice_99_6_0'>\n\t\t\t\t<input name='input_6' type='radio' value='Am\u00e9rique latine - Morelia (Mexique)'  id='choice_99_6_0'    \/>\n\t\t\t\t<label for='choice_99_6_0' id='label_99_6_0' class='gform-field-label gform-field-label--type-inline'>Am\u00e9rique latine - Morelia (Mexique)<\/label>\n\t\t\t<\/li>\n\t\t\t<li class='gchoice gchoice_99_6_1'>\n\t\t\t\t<input name='input_6' type='radio' value='Asie-Pacifique - Gyeongju (R\u00e9publique de Cor\u00e9e)'  id='choice_99_6_1'    \/>\n\t\t\t\t<label for='choice_99_6_1' id='label_99_6_1' class='gform-field-label gform-field-label--type-inline'>Asie-Pacifique - Gyeongju (R\u00e9publique de Cor\u00e9e)<\/label>\n\t\t\t<\/li>\n\t\t\t<li class='gchoice gchoice_99_6_2'>\n\t\t\t\t<input name='input_6' type='radio' value='Europe Centrale et de l\u2019Est - Varsovie (Pologne)'  id='choice_99_6_2'    \/>\n\t\t\t\t<label for='choice_99_6_2' id='label_99_6_2' class='gform-field-label gform-field-label--type-inline'>Europe Centrale et de l\u2019Est - Varsovie (Pologne)<\/label>\n\t\t\t<\/li>\n\t\t\t<li class='gchoice gchoice_99_6_3'>\n\t\t\t\t<input name='input_6' type='radio' value='Europe du Nord-Ouest et Am\u00e9rique du Nord - Ratisbonne (Allemagne)'  id='choice_99_6_3'    \/>\n\t\t\t\t<label for='choice_99_6_3' id='label_99_6_3' class='gform-field-label gform-field-label--type-inline'>Europe du Nord-Ouest et Am\u00e9rique du Nord - Ratisbonne (Allemagne)<\/label>\n\t\t\t<\/li>\n\t\t\t<li class='gchoice gchoice_99_6_4'>\n\t\t\t\t<input name='input_6' type='radio' value='Europe du Sud et M\u00e9diterran\u00e9e - Cordoue (Espagne)'  id='choice_99_6_4'    \/>\n\t\t\t\t<label for='choice_99_6_4' id='label_99_6_4' class='gform-field-label gform-field-label--type-inline'>Europe du Sud et M\u00e9diterran\u00e9e - Cordoue (Espagne)<\/label>\n\t\t\t<\/li><\/ul><\/div><\/li><li id=\"field_99_5\" class=\"gfield gfield--type-text gfield--input-type-text gfield--width-full gfield_contains_required field_sublabel_above gfield--no-description field_description_above field_validation_below gfield_visibility_visible\"  data-js-reload=\"field_99_5\" ><label class='gfield_label gform-field-label' for='input_99_5'>Nom et courriel de la personne contact remplissant le formulaire<span class=\"gfield_required\"><span class=\"gfield_required gfield_required_text\">(N\u00e9cessaire)<\/span><\/span><\/label><div class='ginput_container ginput_container_text'><input name='input_5' id='input_99_5' type='text' value='' class='large'     aria-required=\"true\" aria-invalid=\"false\"   \/> <\/div><\/li><\/ul><\/div>\n        <div class='gform_footer top_label'> <input type='submit' id='gform_submit_button_99' class='gform_button button' value='Submit'  onclick='if(window[\"gf_submitting_99\"]){return false;}  if( !jQuery(\"#gform_99\")[0].checkValidity || jQuery(\"#gform_99\")[0].checkValidity()){window[\"gf_submitting_99\"]=true;}  ' onkeypress='if( event.keyCode == 13 ){ if(window[\"gf_submitting_99\"]){return false;} if( !jQuery(\"#gform_99\")[0].checkValidity || jQuery(\"#gform_99\")[0].checkValidity()){window[\"gf_submitting_99\"]=true;}  jQuery(\"#gform_99\").trigger(\"submit\",[true]); }' \/> \n            <input type='hidden' class='gform_hidden' name='is_submit_99' value='1' \/>\n            <input type='hidden' class='gform_hidden' name='gform_submit' value='99' \/>\n            \n            <input type='hidden' class='gform_hidden' name='gform_unique_id' value='' \/>\n            <input type='hidden' class='gform_hidden' name='state_99' value='WyJ7XCI2XCI6W1wiNDc1MTNiZDZjNjAxNWExYTUwNWUwN2NlNTlmYzM0YzhcIixcIjNjMjRlNWViMGNiYThhNTE4ZmY0N2MxY2M0NTQzZTQwXCIsXCI2NmVjNTAzMzdlNzdlY2M0MzdiYjcyODE3NmYyOTVhYVwiLFwiNTk0MjZmNDkxN2JkNTE1OWQ4NDU0NzZiODMyN2IwZjNcIixcImFkMDJkNThhYTkxZWEyYWFlZDM4MGE0ZThjMmEwYjhiXCJdfSIsIjA3M2Y1YWY1ZjEyN2E5NGZhNGE3ODgyOTk2Y2E3MjRkIl0=' \/>\n            <input type='hidden' class='gform_hidden' name='gform_target_page_number_99' id='gform_target_page_number_99' value='0' \/>\n            <input type='hidden' class='gform_hidden' name='gform_source_page_number_99' id='gform_source_page_number_99' value='1' \/>\n            <input type='hidden' name='gform_field_values' value='' \/>\n            \n        <\/div>\n                        <\/form>\n                        <\/div><script type=\"text\/javascript\">\n\/* <![CDATA[ *\/\n gform.initializeOnLoaded( function() {gformInitSpinner( 99, 'https:\/\/www.ovpm.org\/wp-content\/plugins\/gravityforms\/images\/spinner.svg', true );jQuery('#gform_ajax_frame_99').on('load',function(){var contents = jQuery(this).contents().find('*').html();var is_postback = contents.indexOf('GF_AJAX_POSTBACK') >= 0;if(!is_postback){return;}var form_content = jQuery(this).contents().find('#gform_wrapper_99');var is_confirmation = jQuery(this).contents().find('#gform_confirmation_wrapper_99').length > 0;var is_redirect = contents.indexOf('gformRedirect(){') >= 0;var is_form = form_content.length > 0 && ! is_redirect && ! is_confirmation;var mt = parseInt(jQuery('html').css('margin-top'), 10) + parseInt(jQuery('body').css('margin-top'), 10) + 100;if(is_form){jQuery('#gform_wrapper_99').html(form_content.html());if(form_content.hasClass('gform_validation_error')){jQuery('#gform_wrapper_99').addClass('gform_validation_error');} else {jQuery('#gform_wrapper_99').removeClass('gform_validation_error');}setTimeout( function() { \/* delay the scroll by 50 milliseconds to fix a bug in chrome *\/  }, 50 );if(window['gformInitDatepicker']) {gformInitDatepicker();}if(window['gformInitPriceFields']) {gformInitPriceFields();}var current_page = jQuery('#gform_source_page_number_99').val();gformInitSpinner( 99, 'https:\/\/www.ovpm.org\/wp-content\/plugins\/gravityforms\/images\/spinner.svg', true );jQuery(document).trigger('gform_page_loaded', [99, current_page]);window['gf_submitting_99'] = false;}else if(!is_redirect){var confirmation_content = jQuery(this).contents().find('.GF_AJAX_POSTBACK').html();if(!confirmation_content){confirmation_content = contents;}jQuery('#gform_wrapper_99').replaceWith(confirmation_content);jQuery(document).trigger('gform_confirmation_loaded', [99]);window['gf_submitting_99'] = false;wp.a11y.speak(jQuery('#gform_confirmation_message_99').text());}else{jQuery('#gform_99').append(contents);if(window['gformRedirect']) {gformRedirect();}}jQuery(document).trigger(\"gform_pre_post_render\", [{ formId: \"99\", currentPage: \"current_page\", abort: function() { this.preventDefault(); } }]);                if (event && event.defaultPrevented) {                return;         }        const gformWrapperDiv = document.getElementById( \"gform_wrapper_99\" );        if ( gformWrapperDiv ) {            const visibilitySpan = document.createElement( \"span\" );            visibilitySpan.id = \"gform_visibility_test_99\";            gformWrapperDiv.insertAdjacentElement( \"afterend\", visibilitySpan );        }        const visibilityTestDiv = document.getElementById( \"gform_visibility_test_99\" );        let postRenderFired = false;                function triggerPostRender() {            if ( postRenderFired ) {                return;            }            postRenderFired = true;            jQuery( document ).trigger( 'gform_post_render', [99, current_page] );            gform.utils.trigger( { event: 'gform\/postRender', native: false, data: { formId: 99, currentPage: current_page } } );            if ( visibilityTestDiv ) {                visibilityTestDiv.parentNode.removeChild( visibilityTestDiv );            }        }        function debounce( func, wait, immediate ) {            var timeout;            return function() {                var context = this, args = arguments;                var later = function() {                    timeout = null;                    if ( !immediate ) func.apply( context, args );                };                var callNow = immediate && !timeout;                clearTimeout( timeout );                timeout = setTimeout( later, wait );                if ( callNow ) func.apply( context, args );            };        }        const debouncedTriggerPostRender = debounce( function() {            triggerPostRender();        }, 200 );        if ( visibilityTestDiv && visibilityTestDiv.offsetParent === null ) {            const observer = new MutationObserver( ( mutations ) => {                mutations.forEach( ( mutation ) => {                    if ( mutation.type === 'attributes' && visibilityTestDiv.offsetParent !== null ) {                        debouncedTriggerPostRender();                        observer.disconnect();                    }                });            });            observer.observe( document.body, {                attributes: true,                childList: false,                subtree: true,                attributeFilter: [ 'style', 'class' ],            });        } else {            triggerPostRender();        }    } );} ); \n\/* ]]> *\/\n<\/script>\n\n","protected":false},"excerpt":{"rendered":"<p>Le Secr\u00e9tariat g\u00e9n\u00e9ral est soutenu par des Secr\u00e9tariats r\u00e9gionaux qui sont des regroupements de Membres constitu\u00e9s sur la base d\u2019affinit\u00e9s culturelles, linguistiques ou g\u00e9ographiques et qui partagent des pr\u00e9occupations et des besoins. Outre leur appui \u00e0 la mise en \u0153uvre des activit\u00e9s du Plan d\u2019action de l\u2019OVPM, les activit\u00e9s des Secr\u00e9tariats r\u00e9gionaux sont destin\u00e9es \u00e0 [&hellip;]<\/p>\n","protected":false},"author":1,"featured_media":0,"parent":7434,"menu_order":350,"comment_status":"closed","ping_status":"closed","template":"page-secretariats.php","meta":{"_acf_changed":false,"footnotes":""},"acf":[],"_links":{"self":[{"href":"https:\/\/www.ovpm.org\/fr\/wp-json\/wp\/v2\/pages\/256"}],"collection":[{"href":"https:\/\/www.ovpm.org\/fr\/wp-json\/wp\/v2\/pages"}],"about":[{"href":"https:\/\/www.ovpm.org\/fr\/wp-json\/wp\/v2\/types\/page"}],"author":[{"embeddable":true,"href":"https:\/\/www.ovpm.org\/fr\/wp-json\/wp\/v2\/users\/1"}],"replies":[{"embeddable":true,"href":"https:\/\/www.ovpm.org\/fr\/wp-json\/wp\/v2\/comments?post=256"}],"version-history":[{"count":14,"href":"https:\/\/www.ovpm.org\/fr\/wp-json\/wp\/v2\/pages\/256\/revisions"}],"predecessor-version":[{"id":36417,"href":"https:\/\/www.ovpm.org\/fr\/wp-json\/wp\/v2\/pages\/256\/revisions\/36417"}],"up":[{"embeddable":true,"href":"https:\/\/www.ovpm.org\/fr\/wp-json\/wp\/v2\/pages\/7434"}],"wp:attachment":[{"href":"https:\/\/www.ovpm.org\/fr\/wp-json\/wp\/v2\/media?parent=256"}],"curies":[{"name":"wp","href":"https:\/\/api.w.org\/{rel}","templated":true}]}}