{"id":24781,"date":"2021-05-04T18:01:07","date_gmt":"2021-05-04T18:01:07","guid":{"rendered":"https:\/\/www.ovpm.org\/?page_id=24781"},"modified":"2021-05-04T19:33:23","modified_gmt":"2021-05-04T19:33:23","slug":"rehabilitation-du-patrimoine","status":"publish","type":"page","link":"https:\/\/www.ovpm.org\/fr\/ressources\/etudes-de-cas\/rehabilitation-du-patrimoine\/","title":{"rendered":"R\u00e9habilitation du patrimoine (2012)"},"content":{"rendered":"<div class=\"section grid col-12\" style=\"margin-left: -1rem; margin-right: -1rem;\"><\/p>\n<p style=\"text-align: left;\"><div class=\"col-6 col--sm-12 grid wysiwyg p-l-xsm p-r-xsm m-b-xsm\"><a href=\"https:\/\/www.ovpm.org\/wp-content\/uploads\/2021\/05\/rehabilitacion-del-patrimonio.pdf\"><img loading=\"lazy\" decoding=\"async\" class=\"aligncenter wp-image-24776\" src=\"https:\/\/www.ovpm.org\/wp-content\/uploads\/2021\/05\/heritage-and-archeology-2010-751x1024-220x300.jpg\" alt=\"\" width=\"250\" height=\"341\" srcset=\"https:\/\/www.ovpm.org\/wp-content\/uploads\/2021\/05\/heritage-and-archeology-2010-751x1024-220x300.jpg 220w, https:\/\/www.ovpm.org\/wp-content\/uploads\/2021\/05\/heritage-and-archeology-2010-751x1024.jpg 441w\" sizes=\"(max-width: 250px) 100vw, 250px\" \/><\/a><\/p>\n<p style=\"text-align: left;\"><\/div><\/p>\n<p style=\"text-align: left;\"><div class=\"col-6 col--sm-12 grid wysiwyg p-l-xsm p-r-xsm m-b-xsm\"><\/p>\n<h5 style=\"text-align: left;\">Auteur :\u00a0Secr\u00e9tariat r\u00e9gional pour l\u2019Europe du Sud et la M\u00e9diterran\u00e9e de l\u2019OVPM<br \/>\n\u00ad<br \/>\nCat\u00e9gorie : \u00c9tudes de cas<br \/>\n\u00ad<br \/>\nAnn\u00e9e : 2012<br \/>\n\u00ad<br \/>\nLangues : espagnol, anglais, fran\u00e7ais, portugais<\/h5>\n<p><a href=\"https:\/\/www.ovpm.org\/wp-content\/uploads\/2021\/05\/rehabilitacion-del-patrimonio.pdf\" class=\"button m-t-sm m-b-sm\">T\u00c9L\u00c9CHARGER<\/a><\/div><\/div>\n<hr \/>\n<p><span style=\"font-size: 13.3333px;\"><b>R\u00e9sum\u00e9 :\u00a0<\/b>Avec cette publication, le Secr\u00e9tariat r\u00e9gional pour l\u2019Europe du Sud et la M\u00e9diterran\u00e9e de l\u2019Organisation des villes du patrimoine mondial vise \u00e0 aborder la fa\u00e7on dont divers \u00e9difices patrimoniaux ont \u00e9t\u00e9 r\u00e9cup\u00e9r\u00e9s et r\u00e9habilit\u00e9s. Nous souhaitons ainsi montrer les possibilit\u00e9s d\u2019apporter de nouvelles fonctionnalit\u00e9s \u00e0 notre patrimoine, afin qu\u2019il reste vivant. Les interventions sur le patrimoine ne doivent pas se limiter aux aspects esth\u00e9tiques ou \u00e0 la fa\u00e7ade, mais il convient \u00e9galement de tenir compte des diff\u00e9rentes typologies de construction et de l\u2019organisation initiale des espaces construits.<\/span><\/p>\n<p>&nbsp;<\/p>\n","protected":false},"excerpt":{"rendered":"<p>R\u00e9sum\u00e9 :\u00a0Avec cette publication, le Secr\u00e9tariat r\u00e9gional pour l\u2019Europe du Sud et la M\u00e9diterran\u00e9e de l\u2019Organisation des villes du patrimoine mondial vise \u00e0 aborder la fa\u00e7on dont divers \u00e9difices patrimoniaux ont \u00e9t\u00e9 r\u00e9cup\u00e9r\u00e9s et r\u00e9habilit\u00e9s. Nous souhaitons ainsi montrer les possibilit\u00e9s d\u2019apporter de nouvelles fonctionnalit\u00e9s \u00e0 notre patrimoine, afin qu\u2019il reste vivant. Les interventions sur [&hellip;]<\/p>\n","protected":false},"author":3,"featured_media":0,"parent":22455,"menu_order":204,"comment_status":"closed","ping_status":"closed","template":"","meta":{"_acf_changed":false,"footnotes":""},"acf":[],"_links":{"self":[{"href":"https:\/\/www.ovpm.org\/fr\/wp-json\/wp\/v2\/pages\/24781"}],"collection":[{"href":"https:\/\/www.ovpm.org\/fr\/wp-json\/wp\/v2\/pages"}],"about":[{"href":"https:\/\/www.ovpm.org\/fr\/wp-json\/wp\/v2\/types\/page"}],"author":[{"embeddable":true,"href":"https:\/\/www.ovpm.org\/fr\/wp-json\/wp\/v2\/users\/3"}],"replies":[{"embeddable":true,"href":"https:\/\/www.ovpm.org\/fr\/wp-json\/wp\/v2\/comments?post=24781"}],"version-history":[{"count":4,"href":"https:\/\/www.ovpm.org\/fr\/wp-json\/wp\/v2\/pages\/24781\/revisions"}],"predecessor-version":[{"id":24803,"href":"https:\/\/www.ovpm.org\/fr\/wp-json\/wp\/v2\/pages\/24781\/revisions\/24803"}],"up":[{"embeddable":true,"href":"https:\/\/www.ovpm.org\/fr\/wp-json\/wp\/v2\/pages\/22455"}],"wp:attachment":[{"href":"https:\/\/www.ovpm.org\/fr\/wp-json\/wp\/v2\/media?parent=24781"}],"curies":[{"name":"wp","href":"https:\/\/api.w.org\/{rel}","templated":true}]}}