{"id":24756,"date":"2021-04-30T19:47:37","date_gmt":"2021-04-30T19:47:37","guid":{"rendered":"https:\/\/www.ovpm.org\/?page_id=24756"},"modified":"2021-04-30T19:47:37","modified_gmt":"2021-04-30T19:47:37","slug":"mobilite-ateliers-en-ligne-en-route-vers-quebec-2021","status":"publish","type":"page","link":"https:\/\/www.ovpm.org\/fr\/ressources\/livres-de-reference\/mobilite-ateliers-en-ligne-en-route-vers-quebec-2021\/","title":{"rendered":"Mobilit\u00e9 \u2013 Ateliers en ligne \u00ab\u00a0En route vers Qu\u00e9bec\u00a0\u00bb (2021)"},"content":{"rendered":"<div class=\"section grid col-12\" style=\"margin-left: -1rem; margin-right: -1rem;\"><\/p>\n<p style=\"text-align: left;\"><div class=\"col-6 col--sm-12 grid wysiwyg p-l-xsm p-r-xsm m-b-xsm\"><img loading=\"lazy\" decoding=\"async\" class=\"wp-image-24757 size-medium alignleft\" src=\"https:\/\/www.ovpm.org\/wp-content\/uploads\/2021\/04\/mobilitycouverture-fra-231x300.png\" alt=\"\" width=\"231\" height=\"300\" \/><\/p>\n<p style=\"text-align: left;\"><\/div><\/p>\n<p style=\"text-align: left;\"><div class=\"col-6 col--sm-12 grid wysiwyg p-l-xsm p-r-xsm m-b-xsm\"><\/p>\n<h5 style=\"text-align: left;\">Auteur : Secr\u00e9tariat g\u00e9n\u00e9ral de l&rsquo;OVPM<br \/>\n\u00ad<br \/>\nCat\u00e9gorie : Livres de r\u00e9f\u00e9rence<br \/>\n\u00ad<br \/>\nAnn\u00e9e : 2021<br \/>\n\u00ad<br \/>\nLangue : fran\u00e7ais (espagnol et anglais disponibles)<\/h5>\n<p><a href=\"https:\/\/www.ovpm.org\/wp-content\/uploads\/2021\/04\/rapport-mobilitefra.pdf\" class=\"button m-t-sm m-b-sm\">T\u00c9L\u00c9CHARGER<\/a><\/div><\/div>\n<hr \/>\n<p><sup><strong>R\u00e9sum\u00e9 :\u00a0<\/strong>La baisse marqu\u00e9e des d\u00e9placements automobiles et l\u2019am\u00e9lioration consid\u00e9rable de la qualit\u00e9 de l\u2019air qui s\u2019en est suivie pendant les p\u00e9riodes de confinement ont prouv\u00e9 que les moyens de transports et une mobilit\u00e9 plus durables sont essentiels \u00e0 la r\u00e9alisation du\u00a0<em>Programme de d\u00e9veloppement durable de l\u2019Agenda 2030<\/em>. La pand\u00e9mie a d\u2019ailleurs convaincu plusieurs administrations municipales d\u2019acc\u00e9l\u00e9rer des projets ambitieux en mati\u00e8re mobilit\u00e9 durable et a amorc\u00e9 une r\u00e9flexion g\u00e9n\u00e9rale sur la distribution de l\u2019espace entre les usagers dans les centres historiques, y compris les politiques de la ville du quart d\u2019heure.<\/sup><\/p>\n<p><sup>Les ateliers se sont d\u00e9roul\u00e9s entre le 9 f\u00e9vrier et le 18 mars 2021 et les sujets abord\u00e9s \u00e9taient inspir\u00e9s du th\u00e8me choisi pour le 16e\u00a0Congr\u00e8s mondial de l\u2019OVPM \u00ab Am\u00e9liorer la qualit\u00e9 de vie dans les villes du patrimoine mondial \u00bb, par la crise mondiale de COVID-19 ainsi que par les d\u00e9fis plus g\u00e9n\u00e9raux qui attendent les villes du XXIe si\u00e8cle.<\/sup><\/p>\n","protected":false},"excerpt":{"rendered":"<p>R\u00e9sum\u00e9 :\u00a0La baisse marqu\u00e9e des d\u00e9placements automobiles et l\u2019am\u00e9lioration consid\u00e9rable de la qualit\u00e9 de l\u2019air qui s\u2019en est suivie pendant les p\u00e9riodes de confinement ont prouv\u00e9 que les moyens de transports et une mobilit\u00e9 plus durables sont essentiels \u00e0 la r\u00e9alisation du\u00a0Programme de d\u00e9veloppement durable de l\u2019Agenda 2030. La pand\u00e9mie a d\u2019ailleurs convaincu plusieurs administrations [&hellip;]<\/p>\n","protected":false},"author":3,"featured_media":0,"parent":22458,"menu_order":67,"comment_status":"closed","ping_status":"closed","template":"","meta":{"_acf_changed":false,"footnotes":""},"acf":[],"_links":{"self":[{"href":"https:\/\/www.ovpm.org\/fr\/wp-json\/wp\/v2\/pages\/24756"}],"collection":[{"href":"https:\/\/www.ovpm.org\/fr\/wp-json\/wp\/v2\/pages"}],"about":[{"href":"https:\/\/www.ovpm.org\/fr\/wp-json\/wp\/v2\/types\/page"}],"author":[{"embeddable":true,"href":"https:\/\/www.ovpm.org\/fr\/wp-json\/wp\/v2\/users\/3"}],"replies":[{"embeddable":true,"href":"https:\/\/www.ovpm.org\/fr\/wp-json\/wp\/v2\/comments?post=24756"}],"version-history":[{"count":1,"href":"https:\/\/www.ovpm.org\/fr\/wp-json\/wp\/v2\/pages\/24756\/revisions"}],"predecessor-version":[{"id":24760,"href":"https:\/\/www.ovpm.org\/fr\/wp-json\/wp\/v2\/pages\/24756\/revisions\/24760"}],"up":[{"embeddable":true,"href":"https:\/\/www.ovpm.org\/fr\/wp-json\/wp\/v2\/pages\/22458"}],"wp:attachment":[{"href":"https:\/\/www.ovpm.org\/fr\/wp-json\/wp\/v2\/media?parent=24756"}],"curies":[{"name":"wp","href":"https:\/\/api.w.org\/{rel}","templated":true}]}}