{"id":24742,"date":"2021-04-30T19:39:32","date_gmt":"2021-04-30T19:39:32","guid":{"rendered":"https:\/\/www.ovpm.org\/?page_id=24742"},"modified":"2021-04-30T19:39:32","modified_gmt":"2021-04-30T19:39:32","slug":"tourisme-et-economie-ateliers-en-ligne-en-route-vers-quebec-2021","status":"publish","type":"page","link":"https:\/\/www.ovpm.org\/fr\/ressources\/livres-de-reference\/tourisme-et-economie-ateliers-en-ligne-en-route-vers-quebec-2021\/","title":{"rendered":"Tourisme et \u00c9conomie \u2013 Ateliers en ligne \u00ab\u00a0En route vers Qu\u00e9bec\u00a0\u00bb (2021)"},"content":{"rendered":"<div class=\"section grid col-12\" style=\"margin-left: -1rem; margin-right: -1rem;\"><\/p>\n<p style=\"text-align: left;\"><div class=\"col-6 col--sm-12 grid wysiwyg p-l-xsm p-r-xsm m-b-xsm\"><img loading=\"lazy\" decoding=\"async\" class=\"wp-image-24743 size-medium alignleft\" src=\"https:\/\/www.ovpm.org\/wp-content\/uploads\/2021\/04\/tourisme-et-economiecouverture-fra-231x300.png\" alt=\"\" width=\"231\" height=\"300\" \/><\/p>\n<p style=\"text-align: left;\"><\/div><\/p>\n<p style=\"text-align: left;\"><div class=\"col-6 col--sm-12 grid wysiwyg p-l-xsm p-r-xsm m-b-xsm\"><\/p>\n<h5 style=\"text-align: left;\">Auteur : Secr\u00e9tariat g\u00e9n\u00e9ral de l&rsquo;OVPM<br \/>\n\u00ad<br \/>\nCat\u00e9gorie : Livres de r\u00e9f\u00e9rence<br \/>\n\u00ad<br \/>\nAnn\u00e9e : 2021<br \/>\n\u00ad<br \/>\nLangue : fran\u00e7ais (espagnol et anglais disponibles)<\/h5>\n<p><a href=\"https:\/\/www.ovpm.org\/wp-content\/uploads\/2021\/04\/rapport-tourisme-et-economiefra.pdf\" class=\"button m-t-sm m-b-sm\">T\u00c9L\u00c9CHARGER<\/a><\/div><\/div>\n<hr \/>\n<p><sup><strong>R\u00e9sum\u00e9 :\u00a0<\/strong>Le <em>Nouvel agenda urbain<\/em> souligne la n\u00e9cessit\u00e9 pour les \u00e9conomies urbaines \u00e0 \u00ab \u00e9voluer progressivement vers des niveaux plus \u00e9lev\u00e9s de productivit\u00e9 par l\u2019interm\u00e9diaire de secteurs \u00e0 forte valeur ajout\u00e9e, en favorisant la diversification, la modernisation technologique, la recherche et l\u2019innovation, y compris la cr\u00e9ation d\u2019emplois d\u00e9cents et productifs de qualit\u00e9, notamment par la promotion des industries culturelles et cr\u00e9atives, du tourisme durable, des arts du spectacle et des activit\u00e9s de conservation du patrimoine \u00bb. \u00c0 ce sujet, la pand\u00e9mie COVID-19 a mis en \u00e9vidence l\u2019importance d\u2019am\u00e9liorer la durabilit\u00e9 de l\u2019\u00e9conomie touristique. Elle a \u00e9galement montr\u00e9 l\u2019importance de soutenir les entreprises locales en temps de crise.<\/sup><\/p>\n<p><sup>Les ateliers se sont d\u00e9roul\u00e9s entre le 9 f\u00e9vrier et le 18 mars 2021 et les sujets abord\u00e9s \u00e9taient inspir\u00e9s du th\u00e8me choisi pour le 16e\u00a0Congr\u00e8s mondial de l\u2019OVPM \u00ab Am\u00e9liorer la qualit\u00e9 de vie dans les villes du patrimoine mondial \u00bb, par la crise mondiale de COVID-19 ainsi que par les d\u00e9fis plus g\u00e9n\u00e9raux qui attendent les villes du XXIe si\u00e8cle.<\/sup><\/p>\n","protected":false},"excerpt":{"rendered":"<p>R\u00e9sum\u00e9 :\u00a0Le Nouvel agenda urbain souligne la n\u00e9cessit\u00e9 pour les \u00e9conomies urbaines \u00e0 \u00ab \u00e9voluer progressivement vers des niveaux plus \u00e9lev\u00e9s de productivit\u00e9 par l\u2019interm\u00e9diaire de secteurs \u00e0 forte valeur ajout\u00e9e, en favorisant la diversification, la modernisation technologique, la recherche et l\u2019innovation, y compris la cr\u00e9ation d\u2019emplois d\u00e9cents et productifs de qualit\u00e9, notamment par la [&hellip;]<\/p>\n","protected":false},"author":3,"featured_media":0,"parent":22458,"menu_order":85,"comment_status":"closed","ping_status":"closed","template":"","meta":{"_acf_changed":false,"footnotes":""},"acf":[],"_links":{"self":[{"href":"https:\/\/www.ovpm.org\/fr\/wp-json\/wp\/v2\/pages\/24742"}],"collection":[{"href":"https:\/\/www.ovpm.org\/fr\/wp-json\/wp\/v2\/pages"}],"about":[{"href":"https:\/\/www.ovpm.org\/fr\/wp-json\/wp\/v2\/types\/page"}],"author":[{"embeddable":true,"href":"https:\/\/www.ovpm.org\/fr\/wp-json\/wp\/v2\/users\/3"}],"replies":[{"embeddable":true,"href":"https:\/\/www.ovpm.org\/fr\/wp-json\/wp\/v2\/comments?post=24742"}],"version-history":[{"count":1,"href":"https:\/\/www.ovpm.org\/fr\/wp-json\/wp\/v2\/pages\/24742\/revisions"}],"predecessor-version":[{"id":24747,"href":"https:\/\/www.ovpm.org\/fr\/wp-json\/wp\/v2\/pages\/24742\/revisions\/24747"}],"up":[{"embeddable":true,"href":"https:\/\/www.ovpm.org\/fr\/wp-json\/wp\/v2\/pages\/22458"}],"wp:attachment":[{"href":"https:\/\/www.ovpm.org\/fr\/wp-json\/wp\/v2\/media?parent=24742"}],"curies":[{"name":"wp","href":"https:\/\/api.w.org\/{rel}","templated":true}]}}