{"id":24725,"date":"2021-04-30T19:23:11","date_gmt":"2021-04-30T19:23:11","guid":{"rendered":"https:\/\/www.ovpm.org\/?page_id=24725"},"modified":"2021-04-30T19:34:30","modified_gmt":"2021-04-30T19:34:30","slug":"culture-et-technologie-ateliers-en-ligne-en-route-vers-quebec-2021","status":"publish","type":"page","link":"https:\/\/www.ovpm.org\/fr\/ressources\/livres-de-reference\/culture-et-technologie-ateliers-en-ligne-en-route-vers-quebec-2021\/","title":{"rendered":"Culture et Technologie \u2013 Ateliers en ligne \u00ab\u00a0En route vers Qu\u00e9bec\u00a0\u00bb (2021)"},"content":{"rendered":"<div class=\"section grid col-12\" style=\"margin-left: -1rem; margin-right: -1rem;\"><\/p>\n<p style=\"text-align: left;\"><div class=\"col-6 col--sm-12 grid wysiwyg p-l-xsm p-r-xsm m-b-xsm\"><img loading=\"lazy\" decoding=\"async\" class=\"wp-image-24726 size-medium alignleft\" src=\"https:\/\/www.ovpm.org\/wp-content\/uploads\/2021\/04\/culture-et-techonologiecouverture-fra-231x300.png\" alt=\"\" width=\"231\" height=\"300\" \/><\/p>\n<p style=\"text-align: left;\"><\/div><\/p>\n<p style=\"text-align: left;\"><div class=\"col-6 col--sm-12 grid wysiwyg p-l-xsm p-r-xsm m-b-xsm\"><\/p>\n<h5 style=\"text-align: left;\">Auteur : Secr\u00e9tariat g\u00e9n\u00e9ral de l&rsquo;OVPM<br \/>\n\u00ad<br \/>\nCat\u00e9gorie : Livres de r\u00e9f\u00e9rence<br \/>\n\u00ad<br \/>\nAnn\u00e9e : 2021<br \/>\n\u00ad<br \/>\nLangue : fran\u00e7ais (espagnol et anglais disponibles)<\/h5>\n<p><a href=\"https:\/\/www.ovpm.org\/wp-content\/uploads\/2021\/04\/rapport-culture-et-technologiefra.pdf\" class=\"button m-t-sm m-b-sm\">T\u00c9L\u00c9CHARGER<\/a><\/div><\/div>\n<hr \/>\n<p><sup><strong>R\u00e9sum\u00e9 :<\/strong>\u00a0<\/sup><sup>Dans son rapport <em>Culture, futur urbain<\/em> (2016), l\u2019UNESCO a attribu\u00e9 \u00e0 la culture le r\u00f4le de catalyseur du d\u00e9veloppement durable en milieu urbain, en affirmant que la culture est au c\u0153ur du renouveau urbain et de l\u2019innovation. Pendant la pand\u00e9mie, toutefois, plusieurs villes du patrimoine mondial et leurs acteurs du milieu de la culture et du patrimoine ont d\u00fb faire face \u00e0 d\u2019importants d\u00e9fis engendr\u00e9s par la fermeture de sites historiques et de mus\u00e9es. Plus que jamais, les nouvelles technologies repr\u00e9sentent un des outils cl\u00e9s des organisations pour continuer de rejoindre le grand public. De plus, de nouveaux mod\u00e8les de mesures d\u2019aide ont \u00e9t\u00e9 \u00e9tablis pour permettre aux artistes et artisans de faire face \u00e0 la crise.<\/sup><\/p>\n<p><sup>Les ateliers se sont d\u00e9roul\u00e9s entre le 9 f\u00e9vrier et le 18 mars 2021 et les sujets abord\u00e9s \u00e9taient inspir\u00e9s du th\u00e8me choisi pour le 16e\u00a0Congr\u00e8s mondial de l\u2019OVPM \u00ab Am\u00e9liorer la qualit\u00e9 de vie dans les villes du patrimoine mondial \u00bb, par la crise mondiale de COVID-19 ainsi que par les d\u00e9fis plus g\u00e9n\u00e9raux qui attendent les villes du XXIe si\u00e8cle.<\/sup><\/p>\n","protected":false},"excerpt":{"rendered":"<p>R\u00e9sum\u00e9 :\u00a0Dans son rapport Culture, futur urbain (2016), l\u2019UNESCO a attribu\u00e9 \u00e0 la culture le r\u00f4le de catalyseur du d\u00e9veloppement durable en milieu urbain, en affirmant que la culture est au c\u0153ur du renouveau urbain et de l\u2019innovation. Pendant la pand\u00e9mie, toutefois, plusieurs villes du patrimoine mondial et leurs acteurs du milieu de la culture [&hellip;]<\/p>\n","protected":false},"author":3,"featured_media":0,"parent":22458,"menu_order":88,"comment_status":"closed","ping_status":"closed","template":"","meta":{"_acf_changed":false,"footnotes":""},"acf":[],"_links":{"self":[{"href":"https:\/\/www.ovpm.org\/fr\/wp-json\/wp\/v2\/pages\/24725"}],"collection":[{"href":"https:\/\/www.ovpm.org\/fr\/wp-json\/wp\/v2\/pages"}],"about":[{"href":"https:\/\/www.ovpm.org\/fr\/wp-json\/wp\/v2\/types\/page"}],"author":[{"embeddable":true,"href":"https:\/\/www.ovpm.org\/fr\/wp-json\/wp\/v2\/users\/3"}],"replies":[{"embeddable":true,"href":"https:\/\/www.ovpm.org\/fr\/wp-json\/wp\/v2\/comments?post=24725"}],"version-history":[{"count":4,"href":"https:\/\/www.ovpm.org\/fr\/wp-json\/wp\/v2\/pages\/24725\/revisions"}],"predecessor-version":[{"id":24746,"href":"https:\/\/www.ovpm.org\/fr\/wp-json\/wp\/v2\/pages\/24725\/revisions\/24746"}],"up":[{"embeddable":true,"href":"https:\/\/www.ovpm.org\/fr\/wp-json\/wp\/v2\/pages\/22458"}],"wp:attachment":[{"href":"https:\/\/www.ovpm.org\/fr\/wp-json\/wp\/v2\/media?parent=24725"}],"curies":[{"name":"wp","href":"https:\/\/api.w.org\/{rel}","templated":true}]}}