{"id":23624,"date":"2020-10-06T14:22:19","date_gmt":"2020-10-06T14:22:19","guid":{"rendered":"https:\/\/www.ovpm.org\/?page_id=23624"},"modified":"2021-02-09T19:40:59","modified_gmt":"2021-02-09T19:40:59","slug":"politique-dutilisation-des-medias-sociaux","status":"publish","type":"page","link":"https:\/\/www.ovpm.org\/fr\/politique-dutilisation-des-medias-sociaux\/","title":{"rendered":"Politique d\u2019utilisation des m\u00e9dias sociaux"},"content":{"rendered":"<h2>Politique d\u2019utilisation des m\u00e9dias sociaux<\/h2>\n<h3>N\u00e9tiquette<\/h3>\n<p>La pr\u00e9sence de l\u2019OVPM sur les m\u00e9dias sociaux et autres plateformes num\u00e9riques r\u00e9serv\u00e9es \u00e0 la discussion a pour objectif de cr\u00e9er un espace favorisant les \u00e9changes enrichissants sur les enjeux de l\u2019organisation et sur l\u2019actualit\u00e9, toujours en lien avec la mission de l\u2019organisation, soit la valorisation et la protection du patrimoine.<\/p>\n<p>Les commentaires sur les communications de l\u2019OVPM sont pr\u00e9cieux et appr\u00e9ci\u00e9s. La discussion entre tous les internautes int\u00e9ress\u00e9s par les activit\u00e9s de l\u2019organisation est encourag\u00e9e. Pour que cet objectif soit atteint et que les \u00e9changes restent harmonieux et respectueux, certaines r\u00e8gles s\u2019appliquent.<\/p>\n<h3>Identit\u00e9 et vie priv\u00e9e<\/h3>\n<p>La pr\u00e9sence de l\u2019OVPM sur les m\u00e9dias sociaux et autres plateformes num\u00e9riques r\u00e9serv\u00e9es \u00e0 la discussion n\u2019est pas anonyme. Les internautes qui souhaitent utiliser ces plateformes pour \u00e9changer avec l\u2019organisation sont donc tenus de s\u2019identifier. L\u2019OVPM se r\u00e9serve le droit de ne pas publier un commentaire ou de ne pas r\u00e9pondre \u00e0 une question s\u2019il subsiste un doute quant \u00e0 l\u2019identit\u00e9 de son auteur. L\u2019usurpation de l\u2019identit\u00e9 d\u2019un blogueur, d\u2019un r\u00e9dacteur, d\u2019un mod\u00e9rateur ou de toute autre personne n\u2019est pas tol\u00e9r\u00e9e.<\/p>\n<p>L\u2019OVPM consent \u00e0 la protection de la vie priv\u00e9e de ses internautes et ne demandera et ne divulguera, en aucun cas, d\u2019information sans le consentement et l\u2019accord du principal concern\u00e9. Pour toutes informations suppl\u00e9mentaires, nous vous invitons \u00e0 vous r\u00e9f\u00e9rer \u00e0 la <a href=\"https:\/\/www.ovpm.org\/fr\/politique-de-confidentialite\/\">politique de confidentialit\u00e9<\/a> disponible sur le site de l\u2019OVPM.<\/p>\n<h3>R\u00e8gles de bonne conduite<\/h3>\n<p>Le contenu publi\u00e9 par l\u2019OVPM sur les m\u00e9dias sociaux et autres plateformes num\u00e9riques r\u00e9serv\u00e9es \u00e0 la discussion est accessible \u00e0 tous. L\u2019OVPM n\u2019accepte pas que soit publi\u00e9 un contenu ill\u00e9gal, inappropri\u00e9, obsc\u00e8ne, offensant, diffamatoire, mena\u00e7ant, abusif ou sans relation avec elle et se r\u00e9serve le droit de supprimer un tel contenu, et ce, \u00e0 son enti\u00e8re discr\u00e9tion et sans pr\u00e9avis.<\/p>\n<p>L\u2019OVPM consid\u00e8re que l\u2019abus de majuscules dans le langage Internet \u00e9quivaut \u00e0 des cris, et peut \u00eatre interpr\u00e9t\u00e9 comme de l\u2019agressivit\u00e9. Tout message contenant un mot en majuscules (\u00e0 l\u2019exception des sigles et des acronymes) peut \u00eatre donc \u00eatre supprim\u00e9.<\/p>\n<p>L\u2019OVPM corrige toute information inexacte ou trompeuse \u00e0 son \u00e9gard le plus rapidement possible.<\/p>\n<p>L\u2019OVPM se r\u00e9serve le droit de modifier cette n\u00e9tiquette ou de fermer un de ses m\u00e9dias sociaux ou une de ses plateformes num\u00e9riques r\u00e9serv\u00e9es \u00e0 la discussion, sans pr\u00e9avis.<\/p>\n<h3>Contenu diffus\u00e9<\/h3>\n<p>Le contenu publi\u00e9 par l\u2019OVPM sur les m\u00e9dias sociaux et autres plateformes num\u00e9riques r\u00e9serv\u00e9es \u00e0 la discussion porte sur les enjeux de l\u2019organisation, soit le patrimoine. Les commentaires hors sujet peuvent devenir des sujets de discussions futures, mais ils peuvent entre-temps \u00eatre d\u00e9plac\u00e9s ou supprim\u00e9s sans pr\u00e9avis si l\u2019OVPM estime qu\u2019ils interf\u00e8rent avec la discussion en cours.<\/p>\n<p>L\u2019OVPM r\u00e9pond aux questions, s\u2019il y a lieu, aussi rapidement que possible.<\/p>\n<p>L\u2019OVPM ne r\u00e9vise pas les commentaires et les questions, mais peut les mod\u00e9rer. Si des commentaires ou des questions d\u2019internautes sont affich\u00e9s, ils le sont dans leur forme int\u00e9grale. Sur certaines plateformes, il pourrait \u00eatre possible que les internautes ne puissent pas retirer leurs messages une fois ceux-ci publi\u00e9s, d\u2019o\u00f9 l\u2019importance qu\u2019ils r\u00e9fl\u00e9chissent bien \u00e0 leurs propos et aux cons\u00e9quences de leur publication.<\/p>\n<p>Il est possible d\u2019inclure un hyperlien dans un commentaire, pourvu qu\u2019il m\u00e8ne \u00e0 un site ou \u00e0 un article directement li\u00e9 au sujet de la conversation.<\/p>\n<p>L\u2019envoi de messages \u00e0 r\u00e9p\u00e9tition nuit aux \u00e9changes et n\u2019est pas tol\u00e9r\u00e9. De m\u00eame, l\u2019affichage du m\u00eame commentaire plus d\u2019une fois, ce qui est consid\u00e9r\u00e9 comme \u00e9tant du pollupostage, n\u2019est pas tol\u00e9r\u00e9.<\/p>\n<h3>Utilisation de la langue<\/h3>\n<p>Les langues officielles utilis\u00e9es sur les plateformes de l\u2019OVPM sont l\u2019anglais, le fran\u00e7ais et l\u2019espagnol.<\/p>\n<h3>Authenticit\u00e9 des informations<\/h3>\n<p>Les internautes doivent s\u2019assurer que le contenu qu\u2019ils affichent est authentique et qu\u2019il n\u2019enfreint pas les droits de propri\u00e9t\u00e9, de confidentialit\u00e9 ou autres droits d\u2019un tiers.<\/p>\n<h3>Diffusion<\/h3>\n<p>En publiant du contenu sur une plateforme de l\u2019OVPM, les internautes accordent \u00e0 l\u2019OVPM la permission et le droit gratuit et illimit\u00e9 d\u2019utiliser et de diffuser leur contenu, \u00e0 toutes fins utiles.<\/p>\n<p>En \u00e9crivant sur un des m\u00e9dias sociaux et\/ou une plateforme num\u00e9rique d\u00e9di\u00e9e \u00e0 la discussion, les internautes comprennent que leurs commentaires sont publi\u00e9s sur la toile pour une p\u00e9riode ind\u00e9finie, et sont index\u00e9s par les moteurs de recherche d\u2019Internet.<\/p>\n<h3>Service \u00e0 la client\u00e8le<\/h3>\n<p>Pour tout probl\u00e8me li\u00e9 aux services offerts par l\u2019OVPM \u00e0 ses clients, nous sugg\u00e9rons aux internautes de communiquer avec un repr\u00e9sentant des services \u00e0 la client\u00e8le :<\/p>\n<ul>\n<li>En envoyant un message priv\u00e9 sur Messenger<\/li>\n<li>En appelant l\u2019OVPM<\/li>\n<li>En visitant le site Web<\/li>\n<\/ul>\n<h3>Signaler un abus<\/h3>\n<p>Les internautes peuvent signaler un contenu ou un comportement illicite retrouv\u00e9 sur un m\u00e9dia social ou une plateforme num\u00e9rique d\u00e9di\u00e9e \u00e0 la discussion en \u00e9crivant \u00e0 : <a href=\"mailto:secretariat@ovpm.org\">secretariat@ovpm.org<\/a>.<\/p>\n","protected":false},"excerpt":{"rendered":"<p>Politique d\u2019utilisation des m\u00e9dias sociaux N\u00e9tiquette La pr\u00e9sence de l\u2019OVPM sur les m\u00e9dias sociaux et autres plateformes num\u00e9riques r\u00e9serv\u00e9es \u00e0 la discussion a pour objectif de cr\u00e9er un espace favorisant les \u00e9changes enrichissants sur les enjeux de l\u2019organisation et sur l\u2019actualit\u00e9, toujours en lien avec la mission de l\u2019organisation, soit la valorisation et la protection [&hellip;]<\/p>\n","protected":false},"author":3,"featured_media":0,"parent":0,"menu_order":243,"comment_status":"closed","ping_status":"closed","template":"","meta":{"_acf_changed":false,"footnotes":""},"acf":[],"_links":{"self":[{"href":"https:\/\/www.ovpm.org\/fr\/wp-json\/wp\/v2\/pages\/23624"}],"collection":[{"href":"https:\/\/www.ovpm.org\/fr\/wp-json\/wp\/v2\/pages"}],"about":[{"href":"https:\/\/www.ovpm.org\/fr\/wp-json\/wp\/v2\/types\/page"}],"author":[{"embeddable":true,"href":"https:\/\/www.ovpm.org\/fr\/wp-json\/wp\/v2\/users\/3"}],"replies":[{"embeddable":true,"href":"https:\/\/www.ovpm.org\/fr\/wp-json\/wp\/v2\/comments?post=23624"}],"version-history":[{"count":0,"href":"https:\/\/www.ovpm.org\/fr\/wp-json\/wp\/v2\/pages\/23624\/revisions"}],"wp:attachment":[{"href":"https:\/\/www.ovpm.org\/fr\/wp-json\/wp\/v2\/media?parent=23624"}],"curies":[{"name":"wp","href":"https:\/\/api.w.org\/{rel}","templated":true}]}}