{"id":23453,"date":"2020-09-24T15:30:32","date_gmt":"2020-09-24T15:30:32","guid":{"rendered":"https:\/\/www.ovpm.org\/?page_id=23453"},"modified":"2020-12-09T13:34:05","modified_gmt":"2020-12-09T13:34:05","slug":"guidelines-for-sustainable-cultural-tourism-2020","status":"publish","type":"page","link":"https:\/\/www.ovpm.org\/fr\/ressources\/livres-de-reference\/guidelines-for-sustainable-cultural-tourism-2020\/","title":{"rendered":"Guidelines for Sustainable Cultural Tourism (2020)"},"content":{"rendered":"<div class=\"section grid col-12\" style=\"margin-left: -1rem; margin-right: -1rem;\">\n<p style=\"text-align: left;\"><div class=\"col-6 col--sm-12 grid wysiwyg p-l-xsm p-r-xsm m-b-xsm\"><img loading=\"lazy\" decoding=\"async\" class=\"aligncenter wp-image-22943 size-medium\" src=\"https:\/\/www.ovpm.org\/wp-content\/uploads\/2020\/07\/titleguidelines-212x300.jpg\" alt=\"\" width=\"219\" height=\"300\" \/><\/p>\n<p style=\"text-align: left;\"><\/div><\/p>\n<p style=\"text-align: left;\"><div class=\"col-6 col--sm-12 grid wysiwyg p-l-xsm p-r-xsm m-b-xsm\"><\/p>\n<h5 style=\"text-align: left;\">Auteurs : Brian Smith et Matthias Ripp<br \/>\n\u00ad<br \/>\nCat\u00e9gorie : Livres de r\u00e9f\u00e9rence<br \/>\n\u00ad<br \/>\nAnn\u00e9e : 2020<br \/>\n\u00ad<br \/>\nLangue : Anglais<br \/>\n\u00ad<br \/>\n<a href=\"https:\/\/www.ovpm.org\/wp-content\/uploads\/2020\/07\/tourismguidelines2020.pdf\" class=\"button m-t-sm m-b-sm\">T\u00c9L\u00c9CHARGER<\/a><\/div><\/div><\/h5>\n<hr \/>\n<p><sup>Cet article est une pr\u00e9-impression d&rsquo;une section de livre pour l&rsquo;Organisation des villes du patrimoine mondial de la publication: Luger, K. et Ripp, M: <em>World Heritage, Place Making and Sustainable Tourism &#8211;\u00a0Towards Integrative Approaches in Heritage Management<\/em>, publi\u00e9 \u00e0 l&rsquo;automne 2020. Vous pouvez pr\u00e9-commander la version imprim\u00e9e du nouveau livre complet directement chez <a href=\"https:\/\/www.studienverlag.at\/produkt\/6091\/world-heritage-place-making-and-sustainable-tourism\/\">Studien-Verlag<\/a>.<\/sup><\/p>\n<p><sup><strong>R\u00e9sum\u00e9 (anglais seulement) :<br \/>\n\u00ad<br \/>\n<\/strong><\/sup><em><sup>Post-Covid 19 times as opportunity for change?<\/sup><\/em><\/p>\n<p><em><sup>\u201cAlthough sustainability has been part of mainstream thinking on cultural heritage and tourism for some time, delivering sustainable cultural tourism has remained largely aspirational to date, with mass tourism maintaining its dominant role world-wide. Resilience has only more recently entered the discourse in terms of its importance in delivering cultural heritage led tourism but has particular relevance post Covid-19.\u00a0The guidelines presented here are designed to show how decision makers may openly assess their current approach and begin to scope and develop a clear plan of action for a better, more sustainable and resilient future. The Covid-19 pandemic presents them, and all of us, with a once in a life time opportunity to rise to that challenge and ensure the pandemic cloud can indeed have a silver lining.\u201d<\/sup><\/em><\/p>\n<p><em><sup>Brian Smith, Secretary General of Heritage Europe, and Matthias Ripp, OWHC Regional Coordinator for Northwest Europe and North America, invite you to rethink the possibilities of change for all negative impacts of mass tourism in our World Heritage cities\u00a0in a Post-Covid 19 time.<\/sup><\/em><\/p>\n","protected":false},"excerpt":{"rendered":"<p>Cet article est une pr\u00e9-impression d&rsquo;une section de livre pour l&rsquo;Organisation des villes du patrimoine mondial de la publication: Luger, K. et Ripp, M: World Heritage, Place Making and Sustainable Tourism &#8211;\u00a0Towards Integrative Approaches in Heritage Management, publi\u00e9 \u00e0 l&rsquo;automne 2020. Vous pouvez pr\u00e9-commander la version imprim\u00e9e du nouveau livre complet directement chez Studien-Verlag. R\u00e9sum\u00e9 [&hellip;]<\/p>\n","protected":false},"author":3,"featured_media":0,"parent":22458,"menu_order":99,"comment_status":"closed","ping_status":"closed","template":"","meta":{"_acf_changed":false,"footnotes":""},"acf":[],"_links":{"self":[{"href":"https:\/\/www.ovpm.org\/fr\/wp-json\/wp\/v2\/pages\/23453"}],"collection":[{"href":"https:\/\/www.ovpm.org\/fr\/wp-json\/wp\/v2\/pages"}],"about":[{"href":"https:\/\/www.ovpm.org\/fr\/wp-json\/wp\/v2\/types\/page"}],"author":[{"embeddable":true,"href":"https:\/\/www.ovpm.org\/fr\/wp-json\/wp\/v2\/users\/3"}],"replies":[{"embeddable":true,"href":"https:\/\/www.ovpm.org\/fr\/wp-json\/wp\/v2\/comments?post=23453"}],"version-history":[{"count":0,"href":"https:\/\/www.ovpm.org\/fr\/wp-json\/wp\/v2\/pages\/23453\/revisions"}],"up":[{"embeddable":true,"href":"https:\/\/www.ovpm.org\/fr\/wp-json\/wp\/v2\/pages\/22458"}],"wp:attachment":[{"href":"https:\/\/www.ovpm.org\/fr\/wp-json\/wp\/v2\/media?parent=23453"}],"curies":[{"name":"wp","href":"https:\/\/api.w.org\/{rel}","templated":true}]}}