{"id":234,"date":"2018-07-19T19:48:19","date_gmt":"2018-07-19T19:48:19","guid":{"rendered":"https:\/\/www.ovpm.org\/?page_id=234"},"modified":"2022-09-19T19:22:01","modified_gmt":"2022-09-19T19:22:01","slug":"nous-contacter","status":"publish","type":"page","link":"https:\/\/www.ovpm.org\/fr\/nous-contacter\/","title":{"rendered":"Nous contacter"},"content":{"rendered":"<h2>Pour contacter l\u2019OVPM<\/h2>\n<p>L\u2019Organisation des villes du patrimoine mondial (OVPM) tient non seulement \u00e0 \u00eatre pr\u00e8s de ses membres, mais souhaite \u00e9galement, dans le cadre de sa mission, \u00eatre \u00e0 l\u2019\u00e9coute de la communaut\u00e9 internationale.<\/p>\n<hr \/>\n<h3>Contacter le Secr\u00e9tariat g\u00e9n\u00e9ral<\/h3>\n<div class=\"col-12 grid\">\n<div class=\"col-6 p-r-xsm col--med-12 p--med-r-x\">\n<p class=\"text serif\"><strong>Espace 400e<\/strong><br \/>\n100, Quai Saint-Andr\u00e9, Bureau 140<br \/>\nQu\u00e9bec (Qu\u00e9bec) G1K 3Y2<br \/>\nCanada<\/p>\n<p class=\"text serif\">Tel: <a href=\"tel:+14186920000\">+1 418 692-0000<\/a><br \/>\n<a href=\"mailto:secretariat@ovpm.org\">secretariat@ovpm.org<\/a><\/p>\n<\/div>\n<\/div>\n<hr \/>\n<h3>Contacter les Secr\u00e9tariats r\u00e9gionaux<\/h3>\n<p>Pour contacter un Secr\u00e9tariat r\u00e9gional, veuillez consulter la page web de ce secr\u00e9tariat:<\/p>\n<\/div><div class=\"fake-table col-12 wrap-content p-t p-b\"><div class=\"fake-table-row grid col-12\"><div class=\"fake-table-cell col-6 col--med-12\"><p class=\"text med  fat\"><a class=\"c-text\" href=\"https:\/\/www.ovpm.org\/fr\/secretariat\/amerique-latine\/\">Am\u00e9rique latine<\/a><\/p><\/div><div class=\"fake-table-cell ta-r col-6 col--med-12 ta--med-l p--med-l-x p--med-t-xsm\"><p class=\"text med  serif\">Morelia, Mexique<\/p><\/div><\/div><div class=\"fake-table-row grid col-12\"><div class=\"fake-table-cell col-6 col--med-12\"><p class=\"text med  fat\"><a class=\"c-text\" href=\"https:\/\/www.ovpm.org\/fr\/secretariat\/asie-pacifique\/\">Asie-Pacifique<\/a><\/p><\/div><div class=\"fake-table-cell ta-r col-6 col--med-12 ta--med-l p--med-l-x p--med-t-xsm\"><p class=\"text med  serif\">Gyeongju, R\u00e9publique de Cor\u00e9e<\/p><\/div><\/div><div class=\"fake-table-row grid col-12\"><div class=\"fake-table-cell col-6 col--med-12\"><p class=\"text med  fat\"><a class=\"c-text\" href=\"https:\/\/www.ovpm.org\/fr\/secretariat\/europe-centrale-et-de-lest\/\">Europe centrale et de l'est<\/a><\/p><\/div><div class=\"fake-table-cell ta-r col-6 col--med-12 ta--med-l p--med-l-x p--med-t-xsm\"><p class=\"text med  serif\">Varsovie, Pologne<\/p><\/div><\/div><div class=\"fake-table-row grid col-12\"><div class=\"fake-table-cell col-6 col--med-12\"><p class=\"text med  fat\"><a class=\"c-text\" href=\"https:\/\/www.ovpm.org\/fr\/secretariat\/europe-du-nord-ouest-et-amerique-du-nord\/\">Europe du nord-ouest et Am\u00e9rique du nord<\/a><\/p><\/div><div class=\"fake-table-cell ta-r col-6 col--med-12 ta--med-l p--med-l-x p--med-t-xsm\"><p class=\"text med  serif\">Ratisbonne, Allemagne<\/p><\/div><\/div><div class=\"fake-table-row grid col-12\"><div class=\"fake-table-cell col-6 col--med-12\"><p class=\"text med  fat\"><a class=\"c-text\" href=\"https:\/\/www.ovpm.org\/fr\/secretariat\/europe-du-sud-et-mediterranee\/\">Europe du sud et M\u00e9diterran\u00e9e<\/a><\/p><\/div><div class=\"fake-table-cell ta-r col-6 col--med-12 ta--med-l p--med-l-x p--med-t-xsm\"><p class=\"text med  serif\">Cordoue, Espagne<\/p><\/div><\/div><\/div><div class=\"wysiwyg wrap-content\">\n<p>&nbsp;<\/p>\n<p>&nbsp;<\/p>\n<h2>Questions, commentaires et suggestions<\/h2>\n<p>L\u2019OVPM et son site web sont en constante \u00e9volution. C\u2019est donc dans un souci de vous plaire davantage et de vous offrir la meilleure aide possible que nous vous invitons \u00e0 nous contacter.<\/p>\n<p>&nbsp;<\/p>\n<script type=\"text\/javascript\">var gform;gform||(document.addEventListener(\"gform_main_scripts_loaded\",function(){gform.scriptsLoaded=!0}),window.addEventListener(\"DOMContentLoaded\",function(){gform.domLoaded=!0}),gform={domLoaded:!1,scriptsLoaded:!1,initializeOnLoaded:function(o){gform.domLoaded&&gform.scriptsLoaded?o():!gform.domLoaded&&gform.scriptsLoaded?window.addEventListener(\"DOMContentLoaded\",o):document.addEventListener(\"gform_main_scripts_loaded\",o)},hooks:{action:{},filter:{}},addAction:function(o,n,r,t){gform.addHook(\"action\",o,n,r,t)},addFilter:function(o,n,r,t){gform.addHook(\"filter\",o,n,r,t)},doAction:function(o){gform.doHook(\"action\",o,arguments)},applyFilters:function(o){return gform.doHook(\"filter\",o,arguments)},removeAction:function(o,n){gform.removeHook(\"action\",o,n)},removeFilter:function(o,n,r){gform.removeHook(\"filter\",o,n,r)},addHook:function(o,n,r,t,i){null==gform.hooks[o][n]&&(gform.hooks[o][n]=[]);var e=gform.hooks[o][n];null==i&&(i=n+\"_\"+e.length),gform.hooks[o][n].push({tag:i,callable:r,priority:t=null==t?10:t})},doHook:function(n,o,r){var t;if(r=Array.prototype.slice.call(r,1),null!=gform.hooks[n][o]&&((o=gform.hooks[n][o]).sort(function(o,n){return o.priority-n.priority}),o.forEach(function(o){\"function\"!=typeof(t=o.callable)&&(t=window[t]),\"action\"==n?t.apply(null,r):r[0]=t.apply(null,r)})),\"filter\"==n)return r[0]},removeHook:function(o,n,t,i){var r;null!=gform.hooks[o][n]&&(r=(r=gform.hooks[o][n]).filter(function(o,n,r){return!!(null!=i&&i!=o.tag||null!=t&&t!=o.priority)}),gform.hooks[o][n]=r)}});<\/script>\n                <div class='gf_browser_gecko gform_wrapper gform_legacy_markup_wrapper gform-theme--no-framework form_wrapper wrap-content_wrapper p-t_wrapper p-b-med_wrapper grid_wrapper' data-form-theme='legacy' data-form-index='0' id='gform_wrapper_1' ><form method='post' enctype='multipart\/form-data'  id='gform_1' class='form wrap-content p-t p-b-med grid' action='\/fr\/wp-json\/wp\/v2\/pages\/234' data-formid='1' novalidate> \r\n <input type='hidden' class='gforms-pum' value='{\"closepopup\":false,\"closedelay\":0,\"openpopup\":false,\"openpopup_id\":0}' \/>\n                        <div class='gform-body gform_body'><ul id='gform_fields_1' class='gform_fields top_label form_sublabel_above description_above validation_below'><li id=\"field_1_5\" class=\"gfield gfield--type-text gf_left_half gfield_contains_required field_sublabel_above gfield--no-description field_description_above field_validation_below gfield_visibility_visible\"  data-js-reload=\"field_1_5\" ><label class='gfield_label gform-field-label' for='input_1_5'>Pr\u00e9nom<span class=\"gfield_required\"><span class=\"gfield_required gfield_required_asterisk\">*<\/span><\/span><\/label><div class='ginput_container ginput_container_text'><input name='input_5' id='input_1_5' type='text' value='' class='large'    placeholder='Inscrivez votre pr\u00e9nom' aria-required=\"true\" aria-invalid=\"false\"   \/> <\/div><\/li><li id=\"field_1_6\" class=\"gfield gfield--type-text gf_right_half gfield_contains_required field_sublabel_above gfield--no-description field_description_above field_validation_below gfield_visibility_visible\"  data-js-reload=\"field_1_6\" ><label class='gfield_label gform-field-label' for='input_1_6'>Nom<span class=\"gfield_required\"><span class=\"gfield_required gfield_required_asterisk\">*<\/span><\/span><\/label><div class='ginput_container ginput_container_text'><input name='input_6' id='input_1_6' type='text' value='' class='large'    placeholder='Inscrivez votre nom' aria-required=\"true\" aria-invalid=\"false\"   \/> <\/div><\/li><li id=\"field_1_2\" class=\"gfield gfield--type-email gfield_contains_required field_sublabel_above gfield--no-description field_description_above field_validation_below gfield_visibility_visible\"  data-js-reload=\"field_1_2\" ><label class='gfield_label gform-field-label' for='input_1_2'>E-mail<span class=\"gfield_required\"><span class=\"gfield_required gfield_required_asterisk\">*<\/span><\/span><\/label><div class='ginput_container ginput_container_email'>\n                            <input name='input_2' id='input_1_2' type='email' value='' class='large'   placeholder='Ex: prenom.nom@courriel.com' aria-required=\"true\" aria-invalid=\"false\"  \/>\n                        <\/div><\/li><li id=\"field_1_3\" class=\"gfield gfield--type-text field_sublabel_above gfield--no-description field_description_above field_validation_below gfield_visibility_visible\"  data-js-reload=\"field_1_3\" ><label class='gfield_label gform-field-label' for='input_1_3'>Sujet<\/label><div class='ginput_container ginput_container_text'><input name='input_3' id='input_1_3' type='text' value='' class='large'    placeholder='Inscrivez le sujet de votre message (facultatif)'  aria-invalid=\"false\"   \/> <\/div><\/li><li id=\"field_1_4\" class=\"gfield gfield--type-textarea gfield_contains_required field_sublabel_above gfield--no-description field_description_above field_validation_below gfield_visibility_visible\"  data-js-reload=\"field_1_4\" ><label class='gfield_label gform-field-label' for='input_1_4'>Message<span class=\"gfield_required\"><span class=\"gfield_required gfield_required_asterisk\">*<\/span><\/span><\/label><div class='ginput_container ginput_container_textarea'><textarea name='input_4' id='input_1_4' class='textarea medium'     aria-required=\"true\" aria-invalid=\"false\"   rows='10' cols='50'><\/textarea><\/div><\/li><li id=\"field_1_7\" class=\"gfield gfield--type-honeypot gform_validation_container field_sublabel_above gfield--has-description field_description_above field_validation_below gfield_visibility_visible\"  data-js-reload=\"field_1_7\" ><label class='gfield_label gform-field-label' for='input_1_7'>Phone<\/label><div class='gfield_description' id='gfield_description_1_7'>Ce champ n\u2019est utilis\u00e9 qu\u2019\u00e0 des fins de validation et devrait rester inchang\u00e9.<\/div><div class='ginput_container'><input name='input_7' id='input_1_7' type='text' value='' autocomplete='new-password'\/><\/div><\/li><\/ul><\/div>\n        <div class='gform_footer top_label'> <input type='submit' id='gform_submit_button_1' class='gform_button button' value='Envoyer'  onclick='if(window[\"gf_submitting_1\"]){return false;}  if( !jQuery(\"#gform_1\")[0].checkValidity || jQuery(\"#gform_1\")[0].checkValidity()){window[\"gf_submitting_1\"]=true;}  ' onkeypress='if( event.keyCode == 13 ){ if(window[\"gf_submitting_1\"]){return false;} if( !jQuery(\"#gform_1\")[0].checkValidity || jQuery(\"#gform_1\")[0].checkValidity()){window[\"gf_submitting_1\"]=true;}  jQuery(\"#gform_1\").trigger(\"submit\",[true]); }' \/> \n            <input type='hidden' class='gform_hidden' name='is_submit_1' value='1' \/>\n            <input type='hidden' class='gform_hidden' name='gform_submit' value='1' \/>\n            \n            <input type='hidden' class='gform_hidden' name='gform_unique_id' value='' \/>\n            <input type='hidden' class='gform_hidden' name='state_1' value='WyJbXSIsIjdmMWM1NWZlN2I1NTZjMzQ3YTFhMDQ3ZTE5ZTU5NTRmIl0=' \/>\n            <input type='hidden' class='gform_hidden' name='gform_target_page_number_1' id='gform_target_page_number_1' value='0' \/>\n            <input type='hidden' class='gform_hidden' name='gform_source_page_number_1' id='gform_source_page_number_1' value='1' \/>\n            <input type='hidden' name='gform_field_values' value='' \/>\n            \n        <\/div>\n                        <\/form>\n                        <\/div><script type=\"text\/javascript\">\n\/* <![CDATA[ *\/\n gform.initializeOnLoaded( function() {gformInitSpinner( 1, 'https:\/\/www.ovpm.org\/wp-content\/plugins\/gravityforms\/images\/spinner.svg', true );jQuery('#gform_ajax_frame_1').on('load',function(){var contents = jQuery(this).contents().find('*').html();var is_postback = contents.indexOf('GF_AJAX_POSTBACK') >= 0;if(!is_postback){return;}var form_content = jQuery(this).contents().find('#gform_wrapper_1');var is_confirmation = jQuery(this).contents().find('#gform_confirmation_wrapper_1').length > 0;var is_redirect = contents.indexOf('gformRedirect(){') >= 0;var is_form = form_content.length > 0 && ! is_redirect && ! is_confirmation;var mt = parseInt(jQuery('html').css('margin-top'), 10) + parseInt(jQuery('body').css('margin-top'), 10) + 100;if(is_form){jQuery('#gform_wrapper_1').html(form_content.html());if(form_content.hasClass('gform_validation_error')){jQuery('#gform_wrapper_1').addClass('gform_validation_error');} else {jQuery('#gform_wrapper_1').removeClass('gform_validation_error');}setTimeout( function() { \/* delay the scroll by 50 milliseconds to fix a bug in chrome *\/  }, 50 );if(window['gformInitDatepicker']) {gformInitDatepicker();}if(window['gformInitPriceFields']) {gformInitPriceFields();}var current_page = jQuery('#gform_source_page_number_1').val();gformInitSpinner( 1, 'https:\/\/www.ovpm.org\/wp-content\/plugins\/gravityforms\/images\/spinner.svg', true );jQuery(document).trigger('gform_page_loaded', [1, current_page]);window['gf_submitting_1'] = false;}else if(!is_redirect){var confirmation_content = jQuery(this).contents().find('.GF_AJAX_POSTBACK').html();if(!confirmation_content){confirmation_content = contents;}jQuery('#gform_wrapper_1').replaceWith(confirmation_content);jQuery(document).trigger('gform_confirmation_loaded', [1]);window['gf_submitting_1'] = false;wp.a11y.speak(jQuery('#gform_confirmation_message_1').text());}else{jQuery('#gform_1').append(contents);if(window['gformRedirect']) {gformRedirect();}}jQuery(document).trigger(\"gform_pre_post_render\", [{ formId: \"1\", currentPage: \"current_page\", abort: function() { this.preventDefault(); } }]);                if (event && event.defaultPrevented) {                return;         }        const gformWrapperDiv = document.getElementById( \"gform_wrapper_1\" );        if ( gformWrapperDiv ) {            const visibilitySpan = document.createElement( \"span\" );            visibilitySpan.id = \"gform_visibility_test_1\";            gformWrapperDiv.insertAdjacentElement( \"afterend\", visibilitySpan );        }        const visibilityTestDiv = document.getElementById( \"gform_visibility_test_1\" );        let postRenderFired = false;                function triggerPostRender() {            if ( postRenderFired ) {                return;            }            postRenderFired = true;            jQuery( document ).trigger( 'gform_post_render', [1, current_page] );            gform.utils.trigger( { event: 'gform\/postRender', native: false, data: { formId: 1, currentPage: current_page } } );            if ( visibilityTestDiv ) {                visibilityTestDiv.parentNode.removeChild( visibilityTestDiv );            }        }        function debounce( func, wait, immediate ) {            var timeout;            return function() {                var context = this, args = arguments;                var later = function() {                    timeout = null;                    if ( !immediate ) func.apply( context, args );                };                var callNow = immediate && !timeout;                clearTimeout( timeout );                timeout = setTimeout( later, wait );                if ( callNow ) func.apply( context, args );            };        }        const debouncedTriggerPostRender = debounce( function() {            triggerPostRender();        }, 200 );        if ( visibilityTestDiv && visibilityTestDiv.offsetParent === null ) {            const observer = new MutationObserver( ( mutations ) => {                mutations.forEach( ( mutation ) => {                    if ( mutation.type === 'attributes' && visibilityTestDiv.offsetParent !== null ) {                        debouncedTriggerPostRender();                        observer.disconnect();                    }                });            });            observer.observe( document.body, {                attributes: true,                childList: false,                subtree: true,                attributeFilter: [ 'style', 'class' ],            });        } else {            triggerPostRender();        }    } );} ); \n\/* ]]> *\/\n<\/script>\n\n","protected":false},"excerpt":{"rendered":"<p>Pour contacter l\u2019OVPM L\u2019Organisation des villes du patrimoine mondial (OVPM) tient non seulement \u00e0 \u00eatre pr\u00e8s de ses membres, mais souhaite \u00e9galement, dans le cadre de sa mission, \u00eatre \u00e0 l\u2019\u00e9coute de la communaut\u00e9 internationale. Contacter le Secr\u00e9tariat g\u00e9n\u00e9ral Espace 400e 100, Quai Saint-Andr\u00e9, Bureau 140 Qu\u00e9bec (Qu\u00e9bec) G1K 3Y2 Canada Tel: +1 418 692-0000 [&hellip;]<\/p>\n","protected":false},"author":1,"featured_media":0,"parent":0,"menu_order":379,"comment_status":"closed","ping_status":"closed","template":"page-contact.php","meta":{"_acf_changed":false,"footnotes":""},"acf":[],"_links":{"self":[{"href":"https:\/\/www.ovpm.org\/fr\/wp-json\/wp\/v2\/pages\/234"}],"collection":[{"href":"https:\/\/www.ovpm.org\/fr\/wp-json\/wp\/v2\/pages"}],"about":[{"href":"https:\/\/www.ovpm.org\/fr\/wp-json\/wp\/v2\/types\/page"}],"author":[{"embeddable":true,"href":"https:\/\/www.ovpm.org\/fr\/wp-json\/wp\/v2\/users\/1"}],"replies":[{"embeddable":true,"href":"https:\/\/www.ovpm.org\/fr\/wp-json\/wp\/v2\/comments?post=234"}],"version-history":[{"count":3,"href":"https:\/\/www.ovpm.org\/fr\/wp-json\/wp\/v2\/pages\/234\/revisions"}],"predecessor-version":[{"id":27762,"href":"https:\/\/www.ovpm.org\/fr\/wp-json\/wp\/v2\/pages\/234\/revisions\/27762"}],"wp:attachment":[{"href":"https:\/\/www.ovpm.org\/fr\/wp-json\/wp\/v2\/media?parent=234"}],"curies":[{"name":"wp","href":"https:\/\/api.w.org\/{rel}","templated":true}]}}