{"id":22665,"date":"2020-06-25T19:21:03","date_gmt":"2020-06-25T19:21:03","guid":{"rendered":"https:\/\/www.ovpm.org\/?page_id=22665"},"modified":"2020-06-25T19:21:03","modified_gmt":"2020-06-25T19:21:03","slug":"quedlinburg-germany-crisis-as-opportunity-resilience-2014","status":"publish","type":"page","link":"https:\/\/www.ovpm.org\/fr\/ressources\/conferences-regionales\/quedlinburg-germany-crisis-as-opportunity-resilience-2014\/","title":{"rendered":"Quedlinburg (Germany) &#8211; Crisis as Opportunity: Resilience (2014)"},"content":{"rendered":"<div class=\"section grid col-12\" style=\"margin-left: -1rem; margin-right: -1rem;\"><\/p>\n<p style=\"text-align: left;\"><div class=\"col-6 col--sm-12 grid wysiwyg p-l-xsm p-r-xsm m-b-xsm\"><img loading=\"lazy\" decoding=\"async\" class=\"aligncenter wp-image-21762\" src=\"https:\/\/www.ovpm.org\/wp-content\/uploads\/2020\/06\/rc-northwest-europe-2016-220x300.jpg\" alt=\"\" width=\"300\" height=\"409\" srcset=\"https:\/\/www.ovpm.org\/wp-content\/uploads\/2020\/06\/rc-northwest-europe-2016-220x300.jpg 220w, https:\/\/www.ovpm.org\/wp-content\/uploads\/2020\/06\/rc-northwest-europe-2016-768x1047.jpg 768w, https:\/\/www.ovpm.org\/wp-content\/uploads\/2020\/06\/rc-northwest-europe-2016-751x1024.jpg 751w, https:\/\/www.ovpm.org\/wp-content\/uploads\/2020\/06\/rc-northwest-europe-2016-880x1200.jpg 880w\" sizes=\"(max-width: 300px) 100vw, 300px\" \/><\/p>\n<p style=\"text-align: left;\"><\/div><\/p>\n<p style=\"text-align: left;\"><div class=\"col-6 col--sm-12 grid wysiwyg p-l-xsm p-r-xsm m-b-xsm\"><\/p>\n<h5 style=\"text-align: left;\">Auteurs : Monika G\u00f6ttler &amp; Matthias Ripp, D\u00e9partement du patrimoine mondial de la ville de Ratisbonne et Secr\u00e9tariat r\u00e9gional de l&rsquo;Europe du Nord-Ouest et de l&rsquo;Am\u00e9rique du Nord de l&rsquo;OVPM<br \/>\n\u00ad<br \/>\nCat\u00e9gorie : Conf\u00e9rences r\u00e9gionales<br \/>\n\u00ad<br \/>\nVille : Quedlinburg (Allemagne)<br \/>\n\u00ad<br \/>\nAnn\u00e9e : 2014<br \/>\n\u00ad<br \/>\nLangue : anglais<\/h5>\n<p><a href=\"https:\/\/www.ovpm.org\/wp-content\/uploads\/2020\/06\/owhc-regional-conference-2014-northwest-europe.pdf\" class=\"button m-t-sm m-b-sm\">T\u00c9L\u00c9CHARGER<\/a><\/div><\/div>\n","protected":false},"excerpt":{"rendered":"","protected":false},"author":3,"featured_media":0,"parent":22475,"menu_order":96,"comment_status":"closed","ping_status":"closed","template":"","meta":{"_acf_changed":false,"footnotes":""},"acf":[],"_links":{"self":[{"href":"https:\/\/www.ovpm.org\/fr\/wp-json\/wp\/v2\/pages\/22665"}],"collection":[{"href":"https:\/\/www.ovpm.org\/fr\/wp-json\/wp\/v2\/pages"}],"about":[{"href":"https:\/\/www.ovpm.org\/fr\/wp-json\/wp\/v2\/types\/page"}],"author":[{"embeddable":true,"href":"https:\/\/www.ovpm.org\/fr\/wp-json\/wp\/v2\/users\/3"}],"replies":[{"embeddable":true,"href":"https:\/\/www.ovpm.org\/fr\/wp-json\/wp\/v2\/comments?post=22665"}],"version-history":[{"count":0,"href":"https:\/\/www.ovpm.org\/fr\/wp-json\/wp\/v2\/pages\/22665\/revisions"}],"up":[{"embeddable":true,"href":"https:\/\/www.ovpm.org\/fr\/wp-json\/wp\/v2\/pages\/22475"}],"wp:attachment":[{"href":"https:\/\/www.ovpm.org\/fr\/wp-json\/wp\/v2\/media?parent=22665"}],"curies":[{"name":"wp","href":"https:\/\/api.w.org\/{rel}","templated":true}]}}