{"id":22663,"date":"2020-06-25T19:18:39","date_gmt":"2020-06-25T19:18:39","guid":{"rendered":"https:\/\/www.ovpm.org\/?page_id=22663"},"modified":"2020-06-25T19:18:39","modified_gmt":"2020-06-25T19:18:39","slug":"gyeongju-south-korea-people-centered-conservation-2014","status":"publish","type":"page","link":"https:\/\/www.ovpm.org\/fr\/ressources\/conferences-regionales\/gyeongju-south-korea-people-centered-conservation-2014\/","title":{"rendered":"Gyeongju (South Korea) &#8211; People-Centered Conservation (2014)"},"content":{"rendered":"<div class=\"section grid col-12\" style=\"margin-left: -1rem; margin-right: -1rem;\"><\/p>\n<p style=\"text-align: left;\"><div class=\"col-6 col--sm-12 grid wysiwyg p-l-xsm p-r-xsm m-b-xsm\"><img loading=\"lazy\" decoding=\"async\" class=\"aligncenter wp-image-21774\" src=\"https:\/\/www.ovpm.org\/wp-content\/uploads\/2020\/06\/rc-asia-pacific-2014-220x300.jpg\" alt=\"\" width=\"250\" height=\"341\" srcset=\"https:\/\/www.ovpm.org\/wp-content\/uploads\/2020\/06\/rc-asia-pacific-2014-220x300.jpg 220w, https:\/\/www.ovpm.org\/wp-content\/uploads\/2020\/06\/rc-asia-pacific-2014-768x1047.jpg 768w, https:\/\/www.ovpm.org\/wp-content\/uploads\/2020\/06\/rc-asia-pacific-2014-751x1024.jpg 751w, https:\/\/www.ovpm.org\/wp-content\/uploads\/2020\/06\/rc-asia-pacific-2014-880x1200.jpg 880w\" sizes=\"(max-width: 250px) 100vw, 250px\" \/><\/p>\n<p style=\"text-align: left;\"><\/div><\/p>\n<p style=\"text-align: left;\"><div class=\"col-6 col--sm-12 grid wysiwyg p-l-xsm p-r-xsm m-b-xsm\"><\/p>\n<h5 style=\"text-align: left;\">Auteur : Secr\u00e9tariat r\u00e9gional de l&rsquo;Asie-Pacifique de l&rsquo;OVPM (OWHC-AP)<br \/>\n\u00ad<br \/>\nCat\u00e9gorie : Conf\u00e9rences r\u00e9gionales<br \/>\n\u00ad<br \/>\nVille : Gyeongju (Cor\u00e9e du Sud)<br \/>\n\u00ad<br \/>\nAnn\u00e9e : 2014<br \/>\n\u00ad<br \/>\nLangue : anglais<\/h5>\n<p><a href=\"https:\/\/www.ovpm.org\/wp-content\/uploads\/2020\/06\/2014-regional-conference-owhc-ap.pdf\" class=\"button m-t-sm m-b-sm\">T\u00c9L\u00c9CHARGER<\/a><\/div><\/div>\n","protected":false},"excerpt":{"rendered":"","protected":false},"author":3,"featured_media":0,"parent":22475,"menu_order":94,"comment_status":"closed","ping_status":"closed","template":"","meta":{"_acf_changed":false,"footnotes":""},"acf":[],"_links":{"self":[{"href":"https:\/\/www.ovpm.org\/fr\/wp-json\/wp\/v2\/pages\/22663"}],"collection":[{"href":"https:\/\/www.ovpm.org\/fr\/wp-json\/wp\/v2\/pages"}],"about":[{"href":"https:\/\/www.ovpm.org\/fr\/wp-json\/wp\/v2\/types\/page"}],"author":[{"embeddable":true,"href":"https:\/\/www.ovpm.org\/fr\/wp-json\/wp\/v2\/users\/3"}],"replies":[{"embeddable":true,"href":"https:\/\/www.ovpm.org\/fr\/wp-json\/wp\/v2\/comments?post=22663"}],"version-history":[{"count":0,"href":"https:\/\/www.ovpm.org\/fr\/wp-json\/wp\/v2\/pages\/22663\/revisions"}],"up":[{"embeddable":true,"href":"https:\/\/www.ovpm.org\/fr\/wp-json\/wp\/v2\/pages\/22475"}],"wp:attachment":[{"href":"https:\/\/www.ovpm.org\/fr\/wp-json\/wp\/v2\/media?parent=22663"}],"curies":[{"name":"wp","href":"https:\/\/api.w.org\/{rel}","templated":true}]}}