{"id":22599,"date":"2020-06-25T17:30:41","date_gmt":"2020-06-25T17:30:41","guid":{"rendered":"https:\/\/www.ovpm.org\/?page_id=22599"},"modified":"2020-06-25T17:30:41","modified_gmt":"2020-06-25T17:30:41","slug":"rapport-annuel-2019","status":"publish","type":"page","link":"https:\/\/www.ovpm.org\/fr\/ressources\/rapports-annuels\/rapport-annuel-2019\/","title":{"rendered":"Rapport annuel 2019"},"content":{"rendered":"<div class=\"section grid col-12\" style=\"margin-left: -1rem; margin-right: -1rem;\"><\/p>\n<p style=\"text-align: left;\"><div class=\"col-6 col--sm-12 grid wysiwyg p-l-xsm p-r-xsm m-b-xsm\"><img loading=\"lazy\" decoding=\"async\" class=\"aligncenter wp-image-21712\" src=\"https:\/\/www.ovpm.org\/wp-content\/uploads\/2020\/06\/2019-annual-report-220x300.jpg\" alt=\"\" width=\"250\" height=\"341\" srcset=\"https:\/\/www.ovpm.org\/wp-content\/uploads\/2020\/06\/2019-annual-report-220x300.jpg 220w, https:\/\/www.ovpm.org\/wp-content\/uploads\/2020\/06\/2019-annual-report-768x1047.jpg 768w, https:\/\/www.ovpm.org\/wp-content\/uploads\/2020\/06\/2019-annual-report-751x1024.jpg 751w, https:\/\/www.ovpm.org\/wp-content\/uploads\/2020\/06\/2019-annual-report-880x1200.jpg 880w\" sizes=\"(max-width: 250px) 100vw, 250px\" \/><\/p>\n<p style=\"text-align: left;\"><\/div><\/p>\n<p style=\"text-align: left;\"><div class=\"col-6 col--sm-12 grid wysiwyg p-l-xsm p-r-xsm m-b-xsm\"><\/p>\n<h5 style=\"text-align: left;\">Auteur : Organisation des villes du patrimoine mondial (OVPM)<br \/>\n\u00ad<br \/>\nCat\u00e9gorie : Rapports annuels<br \/>\n\u00ad<br \/>\nAnn\u00e9e : 2019<br \/>\n\u00ad<br \/>\nLangue : fran\u00e7ais<\/h5>\n<p><a href=\"https:\/\/www.ovpm.org\/wp-content\/uploads\/2020\/06\/ovpmrapport-annuel-2019fraweb.pdf\" class=\"button m-t-sm m-b-sm\">T\u00c9L\u00c9CHARGER<\/a><\/div><\/div>\n<hr \/>\n<p><sup><strong>R\u00e9sum\u00e9:\u00a0<\/strong>Le point culminant de l\u2019ann\u00e9e 2019 a sans aucun doute \u00e9t\u00e9 le 15e\u00a0Congr\u00e8s mondial \u00e0 Cracovie, en Pologne (2-5 juin). Le th\u00e8me du Symposium scientifique \u00ab Patrimoine et tourisme, communaut\u00e9s locales et visiteurs \u2013 une responsabilit\u00e9 partag\u00e9e \u00bb s\u2019est av\u00e9r\u00e9 d\u2019une grande pertinence pour les maires, les d\u00e9cideurs municipaux et les experts du patrimoine. <\/sup><\/p>\n<p><sup>Un autre moment phare a \u00e9t\u00e9 l\u2019attribution du Prix Jean-Paul-L\u2019Allier pour le patrimoine 2019 \u00e0 la ville de <span style=\"font-size: 13.3333px;\">Saint-P\u00e9tersbourg<\/span>, en F\u00e9d\u00e9ration de Russie, en reconnaissance de la transformation r\u00e9ussie de cinq sites du patrimoine industriel (usines) en espaces cr\u00e9atifs pour des activit\u00e9s sociales et culturelles dynamiques.<br \/>\n<\/sup><\/p>\n<p><sup>Enfin, il est important de rappeler le succ\u00e8s de la conf\u00e9rence de Vienne, intitul\u00e9e \u00ab Pr\u00e9servation, d\u00e9veloppement et gestion<br \/>\ndu patrimoine mondial dans les villes dynamiques \u00bb. Cette rencontre a r\u00e9uni des \u00e9lus municipaux et des professionnels du patrimoine de 25 villes du monde et a permis le partage de bonnes pratiques et des d\u00e9bats interactifs. Voici un excellent exemple d\u2019activit\u00e9 ayant permis de mettre en pratique l\u2019un des objectifs cl\u00e9s de notre organisation : l\u2019\u00e9change d\u2019informations et d\u2019expertise en mati\u00e8re de conservation et de gestion du patrimoine urbain.<\/sup><\/p>\n","protected":false},"excerpt":{"rendered":"<p>R\u00e9sum\u00e9:\u00a0Le point culminant de l\u2019ann\u00e9e 2019 a sans aucun doute \u00e9t\u00e9 le 15e\u00a0Congr\u00e8s mondial \u00e0 Cracovie, en Pologne (2-5 juin). Le th\u00e8me du Symposium scientifique \u00ab Patrimoine et tourisme, communaut\u00e9s locales et visiteurs \u2013 une responsabilit\u00e9 partag\u00e9e \u00bb s\u2019est av\u00e9r\u00e9 d\u2019une grande pertinence pour les maires, les d\u00e9cideurs municipaux et les experts du patrimoine. Un [&hellip;]<\/p>\n","protected":false},"author":3,"featured_media":0,"parent":22469,"menu_order":162,"comment_status":"closed","ping_status":"closed","template":"","meta":{"_acf_changed":false,"footnotes":""},"acf":[],"_links":{"self":[{"href":"https:\/\/www.ovpm.org\/fr\/wp-json\/wp\/v2\/pages\/22599"}],"collection":[{"href":"https:\/\/www.ovpm.org\/fr\/wp-json\/wp\/v2\/pages"}],"about":[{"href":"https:\/\/www.ovpm.org\/fr\/wp-json\/wp\/v2\/types\/page"}],"author":[{"embeddable":true,"href":"https:\/\/www.ovpm.org\/fr\/wp-json\/wp\/v2\/users\/3"}],"replies":[{"embeddable":true,"href":"https:\/\/www.ovpm.org\/fr\/wp-json\/wp\/v2\/comments?post=22599"}],"version-history":[{"count":0,"href":"https:\/\/www.ovpm.org\/fr\/wp-json\/wp\/v2\/pages\/22599\/revisions"}],"up":[{"embeddable":true,"href":"https:\/\/www.ovpm.org\/fr\/wp-json\/wp\/v2\/pages\/22469"}],"wp:attachment":[{"href":"https:\/\/www.ovpm.org\/fr\/wp-json\/wp\/v2\/media?parent=22599"}],"curies":[{"name":"wp","href":"https:\/\/api.w.org\/{rel}","templated":true}]}}