{"id":22596,"date":"2020-06-25T17:24:41","date_gmt":"2020-06-25T17:24:41","guid":{"rendered":"https:\/\/www.ovpm.org\/?page_id=22596"},"modified":"2020-06-25T17:24:41","modified_gmt":"2020-06-25T17:24:41","slug":"14e-congres-mondial-de-lovpm-patrimoine-et-communautes-2017","status":"publish","type":"page","link":"https:\/\/www.ovpm.org\/fr\/ressources\/actes-des-congres-mondiaux\/14e-congres-mondial-de-lovpm-patrimoine-et-communautes-2017\/","title":{"rendered":"14e Congr\u00e8s mondial de l&rsquo;OVPM &#8211; Patrimoine et communaut\u00e9s (2017)"},"content":{"rendered":"<div class=\"section grid col-12\" style=\"margin-left: -1rem; margin-right: -1rem;\"><\/p>\n<p style=\"text-align: left;\"><div class=\"col-6 col--sm-12 grid wysiwyg p-l-xsm p-r-xsm m-b-xsm\"><img loading=\"lazy\" decoding=\"async\" class=\"aligncenter wp-image-21709\" src=\"https:\/\/www.ovpm.org\/wp-content\/uploads\/2020\/06\/14th-owhc-world-congress-220x300.jpg\" alt=\"\" width=\"250\" height=\"341\" srcset=\"https:\/\/www.ovpm.org\/wp-content\/uploads\/2020\/06\/14th-owhc-world-congress-220x300.jpg 220w, https:\/\/www.ovpm.org\/wp-content\/uploads\/2020\/06\/14th-owhc-world-congress-768x1047.jpg 768w, https:\/\/www.ovpm.org\/wp-content\/uploads\/2020\/06\/14th-owhc-world-congress-751x1024.jpg 751w, https:\/\/www.ovpm.org\/wp-content\/uploads\/2020\/06\/14th-owhc-world-congress-880x1200.jpg 880w\" sizes=\"(max-width: 250px) 100vw, 250px\" \/><\/p>\n<p style=\"text-align: left;\"><\/div><\/p>\n<p style=\"text-align: left;\"><div class=\"col-6 col--sm-12 grid wysiwyg p-l-xsm p-r-xsm m-b-xsm\"><\/p>\n<h5 style=\"text-align: left;\">Auteur : Organisation des villes du patrimoine mondial (OVPM)<br \/>\n\u00ad<br \/>\nCat\u00e9gorie : Actes des Congr\u00e8s mondiaux<br \/>\n\u00ad<br \/>\nAnn\u00e9e : 2017<br \/>\n\u00ad<br \/>\nLangue : fran\u00e7ais<\/h5>\n<p><a href=\"https:\/\/www.ovpm.org\/wp-content\/uploads\/2018\/10\/actes-du-14e-congres-des-villes-du-patrimoine-mondial.pdf\" class=\"button m-t-sm m-b-sm\">T\u00c9L\u00c9CHARGER<\/a><\/div><\/div>\n<hr \/>\n<p><sup>R\u00e9sum\u00e9 : Le 14e Congr\u00e8s mondial de l&rsquo;OVPM a eu lieu du 31 octobre au 3 novembre 2017.<\/sup><\/p>\n","protected":false},"excerpt":{"rendered":"<p>R\u00e9sum\u00e9 : Le 14e Congr\u00e8s mondial de l&rsquo;OVPM a eu lieu du 31 octobre au 3 novembre 2017.<\/p>\n","protected":false},"author":3,"featured_media":0,"parent":22467,"menu_order":156,"comment_status":"closed","ping_status":"closed","template":"","meta":{"_acf_changed":false,"footnotes":""},"acf":[],"_links":{"self":[{"href":"https:\/\/www.ovpm.org\/fr\/wp-json\/wp\/v2\/pages\/22596"}],"collection":[{"href":"https:\/\/www.ovpm.org\/fr\/wp-json\/wp\/v2\/pages"}],"about":[{"href":"https:\/\/www.ovpm.org\/fr\/wp-json\/wp\/v2\/types\/page"}],"author":[{"embeddable":true,"href":"https:\/\/www.ovpm.org\/fr\/wp-json\/wp\/v2\/users\/3"}],"replies":[{"embeddable":true,"href":"https:\/\/www.ovpm.org\/fr\/wp-json\/wp\/v2\/comments?post=22596"}],"version-history":[{"count":0,"href":"https:\/\/www.ovpm.org\/fr\/wp-json\/wp\/v2\/pages\/22596\/revisions"}],"up":[{"embeddable":true,"href":"https:\/\/www.ovpm.org\/fr\/wp-json\/wp\/v2\/pages\/22467"}],"wp:attachment":[{"href":"https:\/\/www.ovpm.org\/fr\/wp-json\/wp\/v2\/media?parent=22596"}],"curies":[{"name":"wp","href":"https:\/\/api.w.org\/{rel}","templated":true}]}}