{"id":22575,"date":"2020-06-23T18:45:19","date_gmt":"2020-06-23T18:45:19","guid":{"rendered":"https:\/\/www.ovpm.org\/?page_id=22575"},"modified":"2020-06-23T18:45:19","modified_gmt":"2020-06-23T18:45:19","slug":"recommandations-de-gyeongju-2017","status":"publish","type":"page","link":"https:\/\/www.ovpm.org\/fr\/ressources\/declarations-et-recommandations\/recommandations-de-gyeongju-2017\/","title":{"rendered":"Recommandations de Gyeongju (2017)"},"content":{"rendered":"<div class=\"section grid col-12\" style=\"margin-left: -1rem; margin-right: -1rem;\"><\/p>\n<p style=\"text-align: left;\"><div class=\"col-6 col--sm-12 grid wysiwyg p-l-xsm p-r-xsm m-b-xsm\"><img loading=\"lazy\" decoding=\"async\" class=\"aligncenter wp-image-21792\" src=\"https:\/\/www.ovpm.org\/wp-content\/uploads\/2020\/06\/recommendations-of-gyeongju-2017-220x300.jpg\" alt=\"\" width=\"250\" height=\"341\" srcset=\"https:\/\/www.ovpm.org\/wp-content\/uploads\/2020\/06\/recommendations-of-gyeongju-2017-220x300.jpg 220w, https:\/\/www.ovpm.org\/wp-content\/uploads\/2020\/06\/recommendations-of-gyeongju-2017-768x1047.jpg 768w, https:\/\/www.ovpm.org\/wp-content\/uploads\/2020\/06\/recommendations-of-gyeongju-2017-751x1024.jpg 751w, https:\/\/www.ovpm.org\/wp-content\/uploads\/2020\/06\/recommendations-of-gyeongju-2017-880x1200.jpg 880w\" sizes=\"(max-width: 250px) 100vw, 250px\" \/><\/p>\n<p style=\"text-align: left;\"><\/div><\/p>\n<p style=\"text-align: left;\"><div class=\"col-6 col--sm-12 grid wysiwyg p-l-xsm p-r-xsm m-b-xsm\"><\/p>\n<h5 style=\"text-align: left;\">Auteurs : Assembl\u00e9e g\u00e9n\u00e9rale de l&rsquo;OVPM<br \/>\n\u00ad<br \/>\nCat\u00e9gorie : D\u00e9clarations et recommandations<br \/>\n\u00ad<br \/>\nAnn\u00e9e : 2017<br \/>\n\u00ad<br \/>\nLangue : anglais, fran\u00e7ais, espagnol<\/h5>\n<p><a href=\"https:\/\/www.ovpm.org\/wp-content\/uploads\/2018\/10\/recommendations.pdf\" class=\"button m-t-sm m-b-sm\">T\u00c9L\u00c9CHARGER<\/a><\/div><\/div>\n<hr \/>\n<p><sup><strong>R\u00e9sum\u00e9 :<\/strong> Recommandations adopt\u00e9es par l&rsquo;Assembl\u00e9e g\u00e9n\u00e9rale de l&rsquo;OVPM lors de son 14e Congr\u00e8s mondial \u00e0 Gyeongju (R\u00e9publique de Cor\u00e9e)\u00a0<\/sup><\/p>\n","protected":false},"excerpt":{"rendered":"<p>R\u00e9sum\u00e9 : Recommandations adopt\u00e9es par l&rsquo;Assembl\u00e9e g\u00e9n\u00e9rale de l&rsquo;OVPM lors de son 14e Congr\u00e8s mondial \u00e0 Gyeongju (R\u00e9publique de Cor\u00e9e)\u00a0<\/p>\n","protected":false},"author":3,"featured_media":0,"parent":22460,"menu_order":132,"comment_status":"closed","ping_status":"closed","template":"","meta":{"_acf_changed":false,"footnotes":""},"acf":[],"_links":{"self":[{"href":"https:\/\/www.ovpm.org\/fr\/wp-json\/wp\/v2\/pages\/22575"}],"collection":[{"href":"https:\/\/www.ovpm.org\/fr\/wp-json\/wp\/v2\/pages"}],"about":[{"href":"https:\/\/www.ovpm.org\/fr\/wp-json\/wp\/v2\/types\/page"}],"author":[{"embeddable":true,"href":"https:\/\/www.ovpm.org\/fr\/wp-json\/wp\/v2\/users\/3"}],"replies":[{"embeddable":true,"href":"https:\/\/www.ovpm.org\/fr\/wp-json\/wp\/v2\/comments?post=22575"}],"version-history":[{"count":0,"href":"https:\/\/www.ovpm.org\/fr\/wp-json\/wp\/v2\/pages\/22575\/revisions"}],"up":[{"embeddable":true,"href":"https:\/\/www.ovpm.org\/fr\/wp-json\/wp\/v2\/pages\/22460"}],"wp:attachment":[{"href":"https:\/\/www.ovpm.org\/fr\/wp-json\/wp\/v2\/media?parent=22575"}],"curies":[{"name":"wp","href":"https:\/\/api.w.org\/{rel}","templated":true}]}}