{"id":22560,"date":"2020-06-23T18:25:34","date_gmt":"2020-06-23T18:25:34","guid":{"rendered":"https:\/\/www.ovpm.org\/?page_id=22560"},"modified":"2020-06-23T18:28:08","modified_gmt":"2020-06-23T18:28:08","slug":"patrimoine-et-archeologie-2010","status":"publish","type":"page","link":"https:\/\/www.ovpm.org\/fr\/ressources\/etudes-de-cas\/patrimoine-et-archeologie-2010\/","title":{"rendered":"Patrimoine et arch\u00e9ologie (2010)"},"content":{"rendered":"<div class=\"section grid col-12\" style=\"margin-left: -1rem; margin-right: -1rem;\"><\/p>\n<p style=\"text-align: left;\"><div class=\"col-6 col--sm-12 grid wysiwyg p-l-xsm p-r-xsm m-b-xsm\"><img loading=\"lazy\" decoding=\"async\" class=\"aligncenter wp-image-21692\" src=\"https:\/\/www.ovpm.org\/wp-content\/uploads\/2020\/06\/heritage-and-archeology-2010-220x300.jpg\" alt=\"\" width=\"250\" height=\"341\" srcset=\"https:\/\/www.ovpm.org\/wp-content\/uploads\/2020\/06\/heritage-and-archeology-2010-220x300.jpg 220w, https:\/\/www.ovpm.org\/wp-content\/uploads\/2020\/06\/heritage-and-archeology-2010-768x1047.jpg 768w, https:\/\/www.ovpm.org\/wp-content\/uploads\/2020\/06\/heritage-and-archeology-2010-751x1024.jpg 751w, https:\/\/www.ovpm.org\/wp-content\/uploads\/2020\/06\/heritage-and-archeology-2010-880x1200.jpg 880w\" sizes=\"(max-width: 250px) 100vw, 250px\" \/><\/p>\n<p style=\"text-align: left;\"><\/div><\/p>\n<p style=\"text-align: left;\"><div class=\"col-6 col--sm-12 grid wysiwyg p-l-xsm p-r-xsm m-b-xsm\"><\/p>\n<h5 style=\"text-align: left;\">Auteur : Secr\u00e9tariat r\u00e9gional pour l\u2019Europe du Sud et la M\u00e9diterran\u00e9e de l\u2019OVPM<br \/>\n\u00ad<br \/>\nCat\u00e9gorie : \u00c9tudes de cas<br \/>\n\u00ad<br \/>\nAnn\u00e9e : 2012<br \/>\n\u00ad<br \/>\nLangues : espagnol, anglais, fran\u00e7ais, portugais<\/h5>\n<p><a href=\"https:\/\/www.ovpm.org\/wp-content\/uploads\/2018\/09\/folleto-arqueologia-y-patrimonio2019reduced.pdf\" class=\"button m-t-sm m-b-sm\">T\u00c9L\u00c9CHARGER<\/a><\/div><\/div>\n<hr \/>\n<p><sup><strong>R\u00e9sum\u00e9 :<\/strong> Fond\u00e9e le 8 septembre 1993, \u00e0 F\u00e8s au Maroc, l\u2019Organisation des villes du <span style=\"font-size: 13.3333px;\">patrimoine<\/span>\u00a0mondial (OVPM) rejoint 227 villes ayant sur leur territoire un site inscrit par l\u2019UNESCO dans la Liste du Patrimoine Mondial. Les actions de l\u2019OVPM visent \u00e0 contribuer \u00e0 la mise en oeuvre de la Convention du patrimoine mondial de 1972. Le Secr\u00e9tariat r\u00e9gional de l\u2019Europe du Sud et de la M\u00e9diterran\u00e9e a \u00e9t\u00e9 officiellement constitu\u00e9 \u00e0 Cordoue (Espagne) le 18 septembre 2001 afin de cr\u00e9er un r\u00e9seau des villes membres de l\u2019OVPM, de faciliter la mise en <span style=\"font-size: 13.3333px;\">\u0153uvre\u00a0<\/span>de projets communs et de resserrer les liens de coop\u00e9ration entre les villes qui partagent un cadre g\u00e9ographique, historique et culturel commun. Ce guide portant sur l\u2019arch\u00e9ologie et le patrimoine est le r\u00e9sultat de certains de ces projets.<\/sup><\/p>\n<p>&nbsp;<\/p>\n","protected":false},"excerpt":{"rendered":"<p>R\u00e9sum\u00e9 : Fond\u00e9e le 8 septembre 1993, \u00e0 F\u00e8s au Maroc, l\u2019Organisation des villes du patrimoine\u00a0mondial (OVPM) rejoint 227 villes ayant sur leur territoire un site inscrit par l\u2019UNESCO dans la Liste du Patrimoine Mondial. Les actions de l\u2019OVPM visent \u00e0 contribuer \u00e0 la mise en oeuvre de la Convention du patrimoine mondial de 1972. [&hellip;]<\/p>\n","protected":false},"author":3,"featured_media":0,"parent":22455,"menu_order":213,"comment_status":"closed","ping_status":"closed","template":"","meta":{"_acf_changed":false,"footnotes":""},"acf":[],"_links":{"self":[{"href":"https:\/\/www.ovpm.org\/fr\/wp-json\/wp\/v2\/pages\/22560"}],"collection":[{"href":"https:\/\/www.ovpm.org\/fr\/wp-json\/wp\/v2\/pages"}],"about":[{"href":"https:\/\/www.ovpm.org\/fr\/wp-json\/wp\/v2\/types\/page"}],"author":[{"embeddable":true,"href":"https:\/\/www.ovpm.org\/fr\/wp-json\/wp\/v2\/users\/3"}],"replies":[{"embeddable":true,"href":"https:\/\/www.ovpm.org\/fr\/wp-json\/wp\/v2\/comments?post=22560"}],"version-history":[{"count":0,"href":"https:\/\/www.ovpm.org\/fr\/wp-json\/wp\/v2\/pages\/22560\/revisions"}],"up":[{"embeddable":true,"href":"https:\/\/www.ovpm.org\/fr\/wp-json\/wp\/v2\/pages\/22455"}],"wp:attachment":[{"href":"https:\/\/www.ovpm.org\/fr\/wp-json\/wp\/v2\/media?parent=22560"}],"curies":[{"name":"wp","href":"https:\/\/api.w.org\/{rel}","templated":true}]}}