{"id":22557,"date":"2020-06-23T18:19:19","date_gmt":"2020-06-23T18:19:19","guid":{"rendered":"https:\/\/www.ovpm.org\/?page_id=22557"},"modified":"2020-06-23T18:27:12","modified_gmt":"2020-06-23T18:27:12","slug":"patrimoine-et-accessibilite-2012","status":"publish","type":"page","link":"https:\/\/www.ovpm.org\/fr\/ressources\/etudes-de-cas\/patrimoine-et-accessibilite-2012\/","title":{"rendered":"Patrimoine et accessibilit\u00e9 (2012)"},"content":{"rendered":"<div class=\"section grid col-12\" style=\"margin-left: -1rem; margin-right: -1rem;\"><\/p>\n<p style=\"text-align: left;\"><div class=\"col-6 col--sm-12 grid wysiwyg p-l-xsm p-r-xsm m-b-xsm\"><img loading=\"lazy\" decoding=\"async\" class=\"aligncenter wp-image-21660\" src=\"https:\/\/www.ovpm.org\/wp-content\/uploads\/2020\/06\/heritage-and-accessibility-220x300.jpg\" alt=\"\" width=\"250\" height=\"341\" srcset=\"https:\/\/www.ovpm.org\/wp-content\/uploads\/2020\/06\/heritage-and-accessibility-220x300.jpg 220w, https:\/\/www.ovpm.org\/wp-content\/uploads\/2020\/06\/heritage-and-accessibility-768x1047.jpg 768w, https:\/\/www.ovpm.org\/wp-content\/uploads\/2020\/06\/heritage-and-accessibility-751x1024.jpg 751w, https:\/\/www.ovpm.org\/wp-content\/uploads\/2020\/06\/heritage-and-accessibility-880x1200.jpg 880w\" sizes=\"(max-width: 250px) 100vw, 250px\" \/><\/p>\n<p style=\"text-align: left;\"><\/div><\/p>\n<p style=\"text-align: left;\"><div class=\"col-6 col--sm-12 grid wysiwyg p-l-xsm p-r-xsm m-b-xsm\"><\/p>\n<h5 style=\"text-align: left;\">Auteur :\u00a0Secr\u00e9tariat r\u00e9gional pour l\u2019Europe du Sud et la M\u00e9diterran\u00e9e de l\u2019OVPM<br \/>\n\u00ad<br \/>\nCat\u00e9gorie : \u00c9tudes de cas<br \/>\n\u00ad<br \/>\nAnn\u00e9e : 2012<br \/>\n\u00ad<br \/>\nLangues : espagnol, anglais, fran\u00e7ais, portugais<\/h5>\n<p><a href=\"https:\/\/www.ovpm.org\/wp-content\/uploads\/2018\/09\/patrimonio-y-accesibilidad.pdf\" class=\"button m-t-sm m-b-sm\">T\u00c9L\u00c9CHARGER<\/a><\/div><\/div>\n<hr \/>\n<p><span style=\"font-size: 13.3333px;\"><b>R\u00e9sum\u00e9 :\u00a0<\/b>Le Secr\u00e9tariat r\u00e9gional pour l&rsquo;Europe du Sud et la M\u00e9diterran\u00e9e de l\u2019OVPM assume l\u2019engagement du partage d\u2019informations et de connaissances entre les villes qui la composent pour favoriser une meilleure gestion de leurs ressources et une port\u00e9e plus large de leurs objectifs. La constitution de groupes de travail a permis de partager des exp\u00e9riences dans divers domaines li\u00e9s au patrimoine et d\u2019\u00e9laborer des documents qui r\u00e9sument et attestent les efforts entrepris. <\/span><\/p>\n<p><span style=\"font-size: 13.3333px;\">Apr\u00e8s les publications \u00ab Patrimoine et arch\u00e9ologie \u00bb et \u00ab R\u00e9habilitation du patrimoine \u00bb, cette brochure intitul\u00e9e \u00ab Accessibilit\u00e9 et patrimoine \u00bb d\u00e9crit les interventions et les projets men\u00e9s \u00e0 bien pour accomplir l\u2019obligation de respect et de protection des valeurs patrimoniales en int\u00e9grant une nouvelle dimension li\u00e9e \u00e0 l\u2019accessibilit\u00e9.\u00a0<\/span><\/p>\n<p>&nbsp;<\/p>\n","protected":false},"excerpt":{"rendered":"<p>R\u00e9sum\u00e9 :\u00a0Le Secr\u00e9tariat r\u00e9gional pour l&rsquo;Europe du Sud et la M\u00e9diterran\u00e9e de l\u2019OVPM assume l\u2019engagement du partage d\u2019informations et de connaissances entre les villes qui la composent pour favoriser une meilleure gestion de leurs ressources et une port\u00e9e plus large de leurs objectifs. La constitution de groupes de travail a permis de partager des exp\u00e9riences [&hellip;]<\/p>\n","protected":false},"author":3,"featured_media":0,"parent":22455,"menu_order":222,"comment_status":"closed","ping_status":"closed","template":"","meta":{"_acf_changed":false,"footnotes":""},"acf":[],"_links":{"self":[{"href":"https:\/\/www.ovpm.org\/fr\/wp-json\/wp\/v2\/pages\/22557"}],"collection":[{"href":"https:\/\/www.ovpm.org\/fr\/wp-json\/wp\/v2\/pages"}],"about":[{"href":"https:\/\/www.ovpm.org\/fr\/wp-json\/wp\/v2\/types\/page"}],"author":[{"embeddable":true,"href":"https:\/\/www.ovpm.org\/fr\/wp-json\/wp\/v2\/users\/3"}],"replies":[{"embeddable":true,"href":"https:\/\/www.ovpm.org\/fr\/wp-json\/wp\/v2\/comments?post=22557"}],"version-history":[{"count":0,"href":"https:\/\/www.ovpm.org\/fr\/wp-json\/wp\/v2\/pages\/22557\/revisions"}],"up":[{"embeddable":true,"href":"https:\/\/www.ovpm.org\/fr\/wp-json\/wp\/v2\/pages\/22455"}],"wp:attachment":[{"href":"https:\/\/www.ovpm.org\/fr\/wp-json\/wp\/v2\/media?parent=22557"}],"curies":[{"name":"wp","href":"https:\/\/api.w.org\/{rel}","templated":true}]}}