{"id":22506,"date":"2020-06-23T13:31:04","date_gmt":"2020-06-23T13:31:04","guid":{"rendered":"https:\/\/www.ovpm.org\/?page_id=22506"},"modified":"2020-06-23T18:39:13","modified_gmt":"2020-06-23T18:39:13","slug":"community-led-urban-strategies-in-historic-towns-comus-2017","status":"publish","type":"page","link":"https:\/\/www.ovpm.org\/fr\/ressources\/livres-de-reference\/community-led-urban-strategies-in-historic-towns-comus-2017\/","title":{"rendered":"Community-Led Urban Strategies in Historic Towns &#8211; COMUS (2017)"},"content":{"rendered":"<div class=\"section grid col-12\" style=\"margin-left: -1rem; margin-right: -1rem;\"><\/p>\n<p style=\"text-align: left;\"><div class=\"col-6 col--sm-12 grid wysiwyg p-l-xsm p-r-xsm m-b-xsm\"><img loading=\"lazy\" decoding=\"async\" class=\"aligncenter wp-image-22222\" src=\"https:\/\/www.ovpm.org\/wp-content\/uploads\/2020\/06\/comus-2017-220x300.jpg\" alt=\"\" width=\"250\" height=\"341\" srcset=\"https:\/\/www.ovpm.org\/wp-content\/uploads\/2020\/06\/comus-2017-220x300.jpg 220w, https:\/\/www.ovpm.org\/wp-content\/uploads\/2020\/06\/comus-2017-768x1047.jpg 768w, https:\/\/www.ovpm.org\/wp-content\/uploads\/2020\/06\/comus-2017-751x1024.jpg 751w, https:\/\/www.ovpm.org\/wp-content\/uploads\/2020\/06\/comus-2017-880x1200.jpg 880w\" sizes=\"(max-width: 250px) 100vw, 250px\" \/><\/p>\n<p style=\"text-align: left;\"><\/div><\/p>\n<p style=\"text-align: left;\"><div class=\"col-6 col--sm-12 grid wysiwyg p-l-xsm p-r-xsm m-b-xsm\"><\/p>\n<h5 style=\"text-align: left;\">Auteurs :\u00a0l&rsquo;Union europ\u00e9enne, le Conseil de l&rsquo;Europe et l&rsquo;Organisation des villes du patrimoine mondial (OVPM)<br \/>\n\u00ad<br \/>\nCat\u00e9gorie : Livres de r\u00e9f\u00e9rence<br \/>\n\u00ad<br \/>\nAnn\u00e9e : 2017<br \/>\n\u00ad<br \/>\nLangue : anglais<\/h5>\n<p><a href=\"https:\/\/www.ovpm.org\/wp-content\/uploads\/2020\/06\/community-led-urban-strategies-in-historic-towns-2017.pdf\" class=\"button m-t-sm m-b-sm\">T\u00c9L\u00c9CHARGER<\/a><\/div><\/div>\n<hr \/>\n<p><sup><strong>R\u00e9sum\u00e9<\/strong>\u00a0(anglais seulement)\u00a0<strong>:<\/strong>\u00a0<em>The COMUS project \u201cCommunity-Led Urban Strategies in Historic Towns\u201d aims to demonstrate how cultural heritage and its regeneration can provide opportunities for the financial, social and cultural development of a town (heritage based urban development).<\/em><\/sup><\/p>\n<p><em><sup>Therefore, the European Union, the Council of Europe and the Organization of World Heritage Cities jointly developed a community-based, cultural heritage-led, development methodology and tested in nine pilot towns in Armenia, Belarus, Georgia, the Republic of Moldova and Ukraine.<\/sup><\/em><\/p>\n<p><em><sup>This publication shares the wide-ranging experiences gathered during the implementation of this methodology, presenting its key technical and organisational principles, with the aim of applying this methodology successfully elsewhere.<\/sup><\/em><\/p>\n","protected":false},"excerpt":{"rendered":"<p>R\u00e9sum\u00e9\u00a0(anglais seulement)\u00a0:\u00a0The COMUS project \u201cCommunity-Led Urban Strategies in Historic Towns\u201d aims to demonstrate how cultural heritage and its regeneration can provide opportunities for the financial, social and cultural development of a town (heritage based urban development). Therefore, the European Union, the Council of Europe and the Organization of World Heritage Cities jointly developed a community-based, [&hellip;]<\/p>\n","protected":false},"author":3,"featured_media":0,"parent":22458,"menu_order":141,"comment_status":"closed","ping_status":"closed","template":"","meta":{"_acf_changed":false,"footnotes":""},"acf":[],"_links":{"self":[{"href":"https:\/\/www.ovpm.org\/fr\/wp-json\/wp\/v2\/pages\/22506"}],"collection":[{"href":"https:\/\/www.ovpm.org\/fr\/wp-json\/wp\/v2\/pages"}],"about":[{"href":"https:\/\/www.ovpm.org\/fr\/wp-json\/wp\/v2\/types\/page"}],"author":[{"embeddable":true,"href":"https:\/\/www.ovpm.org\/fr\/wp-json\/wp\/v2\/users\/3"}],"replies":[{"embeddable":true,"href":"https:\/\/www.ovpm.org\/fr\/wp-json\/wp\/v2\/comments?post=22506"}],"version-history":[{"count":0,"href":"https:\/\/www.ovpm.org\/fr\/wp-json\/wp\/v2\/pages\/22506\/revisions"}],"up":[{"embeddable":true,"href":"https:\/\/www.ovpm.org\/fr\/wp-json\/wp\/v2\/pages\/22458"}],"wp:attachment":[{"href":"https:\/\/www.ovpm.org\/fr\/wp-json\/wp\/v2\/media?parent=22506"}],"curies":[{"name":"wp","href":"https:\/\/api.w.org\/{rel}","templated":true}]}}