{"id":22504,"date":"2020-06-23T13:26:30","date_gmt":"2020-06-23T13:26:30","guid":{"rendered":"https:\/\/www.ovpm.org\/?page_id=22504"},"modified":"2020-09-24T15:32:31","modified_gmt":"2020-09-24T15:32:31","slug":"community-involvement-in-heritage-management-2017","status":"publish","type":"page","link":"https:\/\/www.ovpm.org\/fr\/ressources\/livres-de-reference\/community-involvement-in-heritage-management-2017\/","title":{"rendered":"Community Involvement in Heritage Management (2017)"},"content":{"rendered":"<div class=\"section grid col-12\" style=\"margin-left: -1rem; margin-right: -1rem;\"><\/p>\n<p style=\"text-align: left;\"><div class=\"col-6 col--sm-12 grid wysiwyg p-l-xsm p-r-xsm m-b-xsm\"><img loading=\"lazy\" decoding=\"async\" class=\"aligncenter wp-image-21655\" src=\"https:\/\/www.ovpm.org\/wp-content\/uploads\/2020\/06\/community-involvement-2017-220x300.jpg\" alt=\"\" width=\"250\" height=\"341\" srcset=\"https:\/\/www.ovpm.org\/wp-content\/uploads\/2020\/06\/community-involvement-2017-220x300.jpg 220w, https:\/\/www.ovpm.org\/wp-content\/uploads\/2020\/06\/community-involvement-2017-768x1047.jpg 768w, https:\/\/www.ovpm.org\/wp-content\/uploads\/2020\/06\/community-involvement-2017-751x1024.jpg 751w, https:\/\/www.ovpm.org\/wp-content\/uploads\/2020\/06\/community-involvement-2017-880x1200.jpg 880w\" sizes=\"(max-width: 250px) 100vw, 250px\" \/><\/p>\n<p style=\"text-align: left;\"><\/div><\/p>\n<p style=\"text-align: left;\"><div class=\"col-6 col--sm-12 grid wysiwyg p-l-xsm p-r-xsm m-b-xsm\"><\/p>\n<h5 style=\"text-align: left;\">Auteurs : Monika G\u00f6ttler \/ Matthias Ripp, pour le Secr\u00e9tariat r\u00e9gional de l&rsquo;Europe du Nord-ouest et l&rsquo;Am\u00e9rique du Nord de l&rsquo;OVPM<br \/>\n\u00ad<br \/>\nCat\u00e9gorie : Livres de r\u00e9f\u00e9rence<br \/>\n\u00ad<br \/>\nAnn\u00e9e : 2017<br \/>\n\u00ad<br \/>\nLangue : anglais<\/h5>\n<p><a href=\"https:\/\/www.ovpm.org\/wp-content\/uploads\/2020\/06\/community-participation-2017-northwest-europe.pdf\" class=\"button m-t-sm m-b-sm\">T\u00c9L\u00c9CHARGER<\/a><\/div><\/div>\n<hr \/>\n<p><sup><strong>R\u00e9sum\u00e9 <\/strong>(anglais seulement)<strong> :<\/strong>\u00a0<em>The involvement of communities has become an important approach in preservation, management and promotion of urban heritage. Thus, they call to provide opportunities of engagement and cooperation with and for local communities; having the understanding that urban heritage can act as enabler of sustainable development, providing direct and indirect benefits to the daily lives of the cities\u2019 inhabitants. The urban heritage assets can be a resource for the local development of the communities &#8211; to be mobilised for and by them. Such heritage, that is meaningful to society, will gain the support of the communities for its proper safeguarding and use.<\/em><\/sup><\/p>\n","protected":false},"excerpt":{"rendered":"<p>R\u00e9sum\u00e9 (anglais seulement) :\u00a0The involvement of communities has become an important approach in preservation, management and promotion of urban heritage. Thus, they call to provide opportunities of engagement and cooperation with and for local communities; having the understanding that urban heritage can act as enabler of sustainable development, providing direct and indirect benefits to the [&hellip;]<\/p>\n","protected":false},"author":3,"featured_media":0,"parent":22458,"menu_order":109,"comment_status":"closed","ping_status":"closed","template":"","meta":{"_acf_changed":false,"footnotes":""},"acf":[],"_links":{"self":[{"href":"https:\/\/www.ovpm.org\/fr\/wp-json\/wp\/v2\/pages\/22504"}],"collection":[{"href":"https:\/\/www.ovpm.org\/fr\/wp-json\/wp\/v2\/pages"}],"about":[{"href":"https:\/\/www.ovpm.org\/fr\/wp-json\/wp\/v2\/types\/page"}],"author":[{"embeddable":true,"href":"https:\/\/www.ovpm.org\/fr\/wp-json\/wp\/v2\/users\/3"}],"replies":[{"embeddable":true,"href":"https:\/\/www.ovpm.org\/fr\/wp-json\/wp\/v2\/comments?post=22504"}],"version-history":[{"count":0,"href":"https:\/\/www.ovpm.org\/fr\/wp-json\/wp\/v2\/pages\/22504\/revisions"}],"up":[{"embeddable":true,"href":"https:\/\/www.ovpm.org\/fr\/wp-json\/wp\/v2\/pages\/22458"}],"wp:attachment":[{"href":"https:\/\/www.ovpm.org\/fr\/wp-json\/wp\/v2\/media?parent=22504"}],"curies":[{"name":"wp","href":"https:\/\/api.w.org\/{rel}","templated":true}]}}