{"id":22493,"date":"2020-06-22T20:56:11","date_gmt":"2020-06-22T20:56:11","guid":{"rendered":"https:\/\/www.ovpm.org\/?page_id=22493"},"modified":"2020-06-23T19:25:02","modified_gmt":"2020-06-23T19:25:02","slug":"villes-historiques-en-developpement-2014","status":"publish","type":"page","link":"https:\/\/www.ovpm.org\/fr\/ressources\/etudes-de-cas\/villes-historiques-en-developpement-2014\/","title":{"rendered":"Villes historiques en d\u00e9veloppement (2014)"},"content":{"rendered":"<div class=\"section grid col-12\" style=\"margin-left: -1rem; margin-right: -1rem;\"><\/p>\n<p style=\"text-align: left;\"><div class=\"col-6 col--sm-12 grid wysiwyg p-l-xsm p-r-xsm m-b-xsm\"><img loading=\"lazy\" decoding=\"async\" class=\"aligncenter wp-image-21701\" src=\"https:\/\/www.ovpm.org\/wp-content\/uploads\/2020\/06\/developing-historic-cities-2014-1-220x300.jpg\" alt=\"\" width=\"300\" height=\"409\" srcset=\"https:\/\/www.ovpm.org\/wp-content\/uploads\/2020\/06\/developing-historic-cities-2014-1-220x300.jpg 220w, https:\/\/www.ovpm.org\/wp-content\/uploads\/2020\/06\/developing-historic-cities-2014-1-768x1047.jpg 768w, https:\/\/www.ovpm.org\/wp-content\/uploads\/2020\/06\/developing-historic-cities-2014-1-751x1024.jpg 751w, https:\/\/www.ovpm.org\/wp-content\/uploads\/2020\/06\/developing-historic-cities-2014-1-880x1200.jpg 880w\" sizes=\"(max-width: 300px) 100vw, 300px\" \/><\/p>\n<p style=\"text-align: left;\"><\/div><\/p>\n<p style=\"text-align: left;\"><div class=\"col-6 col--sm-12 grid wysiwyg p-l-xsm p-r-xsm m-b-xsm\"><\/p>\n<h5 style=\"text-align: left;\">Auteurs :\u00a0 Organisation des villes du patrimoine mondial (OVPM), Ville de Lyon, Centre du patrimoine mondial de l&rsquo;UNESCO, Convention France-UNESCO, Conseil de l&rsquo;Europe, The Getty Conservation Institute, ICOMOS<br \/>\n\u00ad<br \/>\nCat\u00e9gorie : \u00c9tudes de cas<br \/>\n\u00ad<br \/>\nAnn\u00e9e : 2014<br \/>\n\u00ad<br \/>\nLangues : anglais, fran\u00e7ais, espagnol<\/h5>\n<p><a href=\"https:\/\/www.ovpm.org\/wp-content\/uploads\/2020\/06\/villes-historiques-en-developpement-des-clees-pour-comprendre-et-agirred.pdf\" class=\"button m-t-sm m-b-sm\">T\u00c9L\u00c9CHARGER<\/a><\/div><\/div>\n<hr \/>\n<p><sup><strong>R\u00e9sum\u00e9 :<\/strong> Ce projet d\u2019\u00e9tude de cas se propose d\u2019apporter une contribution au d\u00e9bat anim\u00e9 au niveau mondial par le Comit\u00e9 du patrimoine mondial, comme par les institutions ou ONG internationales, pour fournir des outils aux Etats, aux Maires responsables du d\u00e9veloppement de leurs villes, aux gestionnaires de biens du patrimoine mondial et plus largement des villes historiques. Il ambitionne aussi de valoriser les pratiques de terrain et de favoriser ainsi la coop\u00e9ration de ville \u00e0 ville. <\/sup><\/p>\n<p>&nbsp;<\/p>\n","protected":false},"excerpt":{"rendered":"<p>R\u00e9sum\u00e9 : Ce projet d\u2019\u00e9tude de cas se propose d\u2019apporter une contribution au d\u00e9bat anim\u00e9 au niveau mondial par le Comit\u00e9 du patrimoine mondial, comme par les institutions ou ONG internationales, pour fournir des outils aux Etats, aux Maires responsables du d\u00e9veloppement de leurs villes, aux gestionnaires de biens du patrimoine mondial et plus largement [&hellip;]<\/p>\n","protected":false},"author":3,"featured_media":0,"parent":22455,"menu_order":219,"comment_status":"closed","ping_status":"closed","template":"","meta":{"_acf_changed":false,"footnotes":""},"acf":[],"_links":{"self":[{"href":"https:\/\/www.ovpm.org\/fr\/wp-json\/wp\/v2\/pages\/22493"}],"collection":[{"href":"https:\/\/www.ovpm.org\/fr\/wp-json\/wp\/v2\/pages"}],"about":[{"href":"https:\/\/www.ovpm.org\/fr\/wp-json\/wp\/v2\/types\/page"}],"author":[{"embeddable":true,"href":"https:\/\/www.ovpm.org\/fr\/wp-json\/wp\/v2\/users\/3"}],"replies":[{"embeddable":true,"href":"https:\/\/www.ovpm.org\/fr\/wp-json\/wp\/v2\/comments?post=22493"}],"version-history":[{"count":0,"href":"https:\/\/www.ovpm.org\/fr\/wp-json\/wp\/v2\/pages\/22493\/revisions"}],"up":[{"embeddable":true,"href":"https:\/\/www.ovpm.org\/fr\/wp-json\/wp\/v2\/pages\/22455"}],"wp:attachment":[{"href":"https:\/\/www.ovpm.org\/fr\/wp-json\/wp\/v2\/media?parent=22493"}],"curies":[{"name":"wp","href":"https:\/\/api.w.org\/{rel}","templated":true}]}}