{"id":22478,"date":"2020-06-22T20:07:55","date_gmt":"2020-06-22T20:07:55","guid":{"rendered":"https:\/\/www.ovpm.org\/?page_id=22478"},"modified":"2021-05-14T19:12:09","modified_gmt":"2021-05-14T19:12:09","slug":"infolettres","status":"publish","type":"page","link":"https:\/\/www.ovpm.org\/fr\/ressources\/infolettres\/","title":{"rendered":"Infolettres"},"content":{"rendered":"<h2>Infolettres<\/h2>\n<p><div class=\"section grid col-12\" style=\"margin-left: -1rem; margin-right: -1rem;\"><div class=\"col-6 col--sm-12 grid wysiwyg p-l-xsm p-r-xsm m-b-xsm\"><\/p>\n<h5 style=\"text-align: center;\">Infolettre #20<br \/>\n(Avril 2021)<br \/>\n<a href=\"https:\/\/mailchi.mp\/d8a535112617\/newsletter-20-reports-on-the-on-the-road-to-qube-workshops-5157102\"><img loading=\"lazy\" decoding=\"async\" class=\"aligncenter wp-image-24663\" src=\"https:\/\/www.ovpm.org\/wp-content\/uploads\/2021\/04\/newsletter-20-april-2021fra-219x300.png\" alt=\"\" width=\"300\" height=\"411\" srcset=\"https:\/\/www.ovpm.org\/wp-content\/uploads\/2021\/04\/newsletter-20-april-2021fra-219x300.png 219w, https:\/\/www.ovpm.org\/wp-content\/uploads\/2021\/04\/newsletter-20-april-2021fra.png 601w\" sizes=\"(max-width: 300px) 100vw, 300px\" \/><\/a><br \/>\n<a href=\"https:\/\/mailchi.mp\/d8a535112617\/newsletter-20-reports-on-the-on-the-road-to-qube-workshops-5157102\">CONSULTER<\/a><\/div><\/h5>\n<p style=\"text-align: center;\"><div class=\"col-6 col--sm-12 grid wysiwyg p-l-xsm p-r-xsm m-b-xsm\"><\/p>\n<h5 style=\"text-align: center;\">Infolettre #19<br \/>\n(Mars 2021)<br \/>\n<a href=\"https:\/\/mailchi.mp\/bdbde927ce3d\/newsletter-5148302\"><img loading=\"lazy\" decoding=\"async\" class=\"aligncenter wp-image-24660\" src=\"https:\/\/www.ovpm.org\/wp-content\/uploads\/2021\/04\/newsletter-19-march-2021fra-220x300.png\" alt=\"\" width=\"301\" height=\"411\" srcset=\"https:\/\/www.ovpm.org\/wp-content\/uploads\/2021\/04\/newsletter-19-march-2021fra-220x300.png 220w, https:\/\/www.ovpm.org\/wp-content\/uploads\/2021\/04\/newsletter-19-march-2021fra.png 619w\" sizes=\"(max-width: 301px) 100vw, 301px\" \/><\/a><br \/>\n<a href=\"https:\/\/mailchi.mp\/bdbde927ce3d\/newsletter-5148302\">CONSULTER<\/a><\/div><\/div><\/h5>\n<p><div class=\"section grid col-12\" style=\"margin-left: -1rem; margin-right: -1rem;\"><div class=\"col-6 col--sm-12 grid wysiwyg p-l-xsm p-r-xsm m-b-xsm\"><\/p>\n<h5 style=\"text-align: center;\">Infolettre #18<br \/>\n(F\u00e9vrier 2021)<br \/>\n<a href=\"https:\/\/mailchi.mp\/caf9cee4aaeb\/newsletter-5134466\"><img loading=\"lazy\" decoding=\"async\" class=\"wp-image-24651 aligncenter\" src=\"https:\/\/www.ovpm.org\/wp-content\/uploads\/2021\/04\/newsletter-18-february-2021fra-1-213x300.png\" alt=\"\" width=\"300\" height=\"424\" srcset=\"https:\/\/www.ovpm.org\/wp-content\/uploads\/2021\/04\/newsletter-18-february-2021fra-1-213x300.png 213w, https:\/\/www.ovpm.org\/wp-content\/uploads\/2021\/04\/newsletter-18-february-2021fra-1.png 578w\" sizes=\"(max-width: 300px) 100vw, 300px\" \/><\/a><br \/>\n<a href=\"https:\/\/mailchi.mp\/caf9cee4aaeb\/newsletter-5134466\">CONSULTER<\/a><\/div><\/h5>\n<p style=\"text-align: center;\"><div class=\"col-6 col--sm-12 grid wysiwyg p-l-xsm p-r-xsm m-b-xsm\"><\/p>\n<h5 style=\"text-align: center;\">Infolettre #17<br \/>\n(D\u00e9cembre 2020)<br \/>\n<a href=\"https:\/\/mailchi.mp\/7d24e319af6c\/newsletter-5086646\"><img loading=\"lazy\" decoding=\"async\" class=\"aligncenter wp-image-24654\" src=\"https:\/\/www.ovpm.org\/wp-content\/uploads\/2021\/04\/newsletter-17-december-2020fra-1-214x300.png\" alt=\"\" width=\"302\" height=\"424\" srcset=\"https:\/\/www.ovpm.org\/wp-content\/uploads\/2021\/04\/newsletter-17-december-2020fra-1-214x300.png 214w, https:\/\/www.ovpm.org\/wp-content\/uploads\/2021\/04\/newsletter-17-december-2020fra-1.png 614w\" sizes=\"(max-width: 302px) 100vw, 302px\" \/><\/a><br \/>\n<a href=\"https:\/\/mailchi.mp\/7d24e319af6c\/newsletter-5086646\">CONSULTER<\/a><\/div><\/div><\/h5>\n<p><div class=\"section grid col-12\" style=\"margin-left: -1rem; margin-right: -1rem;\"><div class=\"col-6 col--sm-12 grid wysiwyg p-l-xsm p-r-xsm m-b-xsm\"><\/p>\n<h5 style=\"text-align: center;\">Infolettre #16<br \/>\n(Novembre 2020)<br \/>\n<a href=\"https:\/\/mailchi.mp\/b48f3430d0cd\/newsletter-5077042\"><img loading=\"lazy\" decoding=\"async\" class=\"aligncenter wp-image-23888 size-full\" src=\"https:\/\/www.ovpm.org\/wp-content\/uploads\/2020\/11\/newsletter-16.png\" alt=\"\" width=\"300\" height=\"409\" srcset=\"https:\/\/www.ovpm.org\/wp-content\/uploads\/2020\/11\/newsletter-16.png 300w, https:\/\/www.ovpm.org\/wp-content\/uploads\/2020\/11\/newsletter-16-220x300.png 220w\" sizes=\"(max-width: 300px) 100vw, 300px\" \/><\/a><a href=\"https:\/\/mailchi.mp\/b48f3430d0cd\/newsletter-5077042\">CONSULTER<\/a><\/div><\/h5>\n<p style=\"text-align: center;\"><div class=\"col-6 col--sm-12 grid wysiwyg p-l-xsm p-r-xsm m-b-xsm\"><\/p>\n<h5 style=\"text-align: center;\">Infolettre #15<br \/>\n(Octobre 2020)<br \/>\n<a href=\"https:\/\/mailchi.mp\/663da7232976\/infolettre-15?e=&#091;UNIQID&#093;\"><img loading=\"lazy\" decoding=\"async\" class=\"aligncenter wp-image-23885 size-full\" src=\"https:\/\/www.ovpm.org\/wp-content\/uploads\/2020\/11\/newsletter-15-1.png\" alt=\"\" width=\"300\" height=\"409\" srcset=\"https:\/\/www.ovpm.org\/wp-content\/uploads\/2020\/11\/newsletter-15-1.png 300w, https:\/\/www.ovpm.org\/wp-content\/uploads\/2020\/11\/newsletter-15-1-220x300.png 220w\" sizes=\"(max-width: 300px) 100vw, 300px\" \/><\/a><a href=\"https:\/\/mailchi.mp\/663da7232976\/infolettre-15?e=&#091;UNIQID&#093;\">CONSULTER<\/a><\/div><\/div><\/h5>\n<p style=\"text-align: left;\"><div class=\"section grid col-12\" style=\"margin-left: -1rem; margin-right: -1rem;\"><div class=\"col-6 col--sm-12 grid wysiwyg p-l-xsm p-r-xsm m-b-xsm\"><\/p>\n<h5 style=\"text-align: center;\">Infolettre #14<br \/>\n(Septembre 2020)<br \/>\n<a href=\"https:\/\/mailchi.mp\/8e5c1715224f\/infolettre-14?e=&#091;UNIQID&#093;\"><img loading=\"lazy\" decoding=\"async\" class=\"aligncenter wp-image-23879 size-full\" src=\"https:\/\/www.ovpm.org\/wp-content\/uploads\/2020\/11\/newsletter-14.png\" alt=\"\" width=\"300\" height=\"409\" srcset=\"https:\/\/www.ovpm.org\/wp-content\/uploads\/2020\/11\/newsletter-14.png 300w, https:\/\/www.ovpm.org\/wp-content\/uploads\/2020\/11\/newsletter-14-220x300.png 220w\" sizes=\"(max-width: 300px) 100vw, 300px\" \/><\/a><a href=\"https:\/\/mailchi.mp\/8e5c1715224f\/infolettre-14?e=&#091;UNIQID&#093;\">CONSULTER<\/a><\/div><\/h5>\n<p style=\"text-align: center;\"><div class=\"col-6 col--sm-12 grid wysiwyg p-l-xsm p-r-xsm m-b-xsm\"><\/p>\n<h5 style=\"text-align: center;\">Infolettre #13<br \/>\n(Juillet 2020)<a href=\"https:\/\/mailchi.mp\/7f7fb2ab96e2\/infolettre-13-juillet-2020?e=&#091;UNIQID&#093;\"><img loading=\"lazy\" decoding=\"async\" class=\"aligncenter wp-image-23876 size-full\" src=\"https:\/\/www.ovpm.org\/wp-content\/uploads\/2020\/11\/newsletter-13-1.png\" alt=\"\" width=\"300\" height=\"409\" srcset=\"https:\/\/www.ovpm.org\/wp-content\/uploads\/2020\/11\/newsletter-13-1.png 300w, https:\/\/www.ovpm.org\/wp-content\/uploads\/2020\/11\/newsletter-13-1-220x300.png 220w\" sizes=\"(max-width: 300px) 100vw, 300px\" \/><\/a><a href=\"https:\/\/mailchi.mp\/7f7fb2ab96e2\/infolettre-13-juillet-2020?e=&#091;UNIQID&#093;\">CONSULTER<\/a><\/div><\/div><\/h5>\n<p><div class=\"section grid col-12\" style=\"margin-left: -1rem; margin-right: -1rem;\"><div class=\"col-6 col--sm-12 grid wysiwyg p-l-xsm p-r-xsm m-b-xsm\"><\/p>\n<h5 style=\"text-align: center;\">COVID-19: Les villes du patrimoine mondial se mobilisent face \u00e0 une crise sans pr\u00e9c\u00e9dent (2020-05-28)<br \/>\n<a href=\"https:\/\/mailchi.mp\/c098a460c835\/9493r6x96y-2741986?e=6d42470c9c\"><img loading=\"lazy\" decoding=\"async\" class=\"aligncenter wp-image-21929\" src=\"https:\/\/www.ovpm.org\/wp-content\/uploads\/2020\/06\/newsletter-2020-05-28-220x300.jpg\" alt=\"\" width=\"300\" height=\"409\" srcset=\"https:\/\/www.ovpm.org\/wp-content\/uploads\/2020\/06\/newsletter-2020-05-28-220x300.jpg 220w, https:\/\/www.ovpm.org\/wp-content\/uploads\/2020\/06\/newsletter-2020-05-28-768x1047.jpg 768w, https:\/\/www.ovpm.org\/wp-content\/uploads\/2020\/06\/newsletter-2020-05-28-751x1024.jpg 751w, https:\/\/www.ovpm.org\/wp-content\/uploads\/2020\/06\/newsletter-2020-05-28-880x1200.jpg 880w\" sizes=\"(max-width: 300px) 100vw, 300px\" \/><\/a><a href=\"https:\/\/mailchi.mp\/c098a460c835\/9493r6x96y-2741986?e=6d42470c9c\">CONSULTER<\/a><\/div><\/h5>\n<p style=\"text-align: center;\"><div class=\"col-6 col--sm-12 grid wysiwyg p-l-xsm p-r-xsm m-b-xsm\"><\/p>\n<h5 style=\"text-align: center;\">COVID-19: La campagne pour<br \/>\nm\u00e9dias sociaux #HeritageCityStories<br \/>\n(2020-05-04)<a href=\"https:\/\/mailchi.mp\/5d7afc436262\/continuez-participer-notre-campagne-de-partage-en-ligne?e=6d42470c9c\"><img loading=\"lazy\" decoding=\"async\" class=\"aligncenter wp-image-21932\" src=\"https:\/\/www.ovpm.org\/wp-content\/uploads\/2020\/06\/newsletter-2020-05-04-220x300.jpg\" alt=\"\" width=\"300\" height=\"409\" srcset=\"https:\/\/www.ovpm.org\/wp-content\/uploads\/2020\/06\/newsletter-2020-05-04-220x300.jpg 220w, https:\/\/www.ovpm.org\/wp-content\/uploads\/2020\/06\/newsletter-2020-05-04-768x1047.jpg 768w, https:\/\/www.ovpm.org\/wp-content\/uploads\/2020\/06\/newsletter-2020-05-04-751x1024.jpg 751w, https:\/\/www.ovpm.org\/wp-content\/uploads\/2020\/06\/newsletter-2020-05-04-880x1200.jpg 880w\" sizes=\"(max-width: 300px) 100vw, 300px\" \/><\/a><a href=\"https:\/\/mailchi.mp\/5d7afc436262\/continuez-participer-notre-campagne-de-partage-en-ligne?e=6d42470c9c\">CONSULTER<\/a><\/div><\/div><\/h5>\n<p style=\"text-align: center;\"><div class=\"section grid col-12\" style=\"margin-left: -1rem; margin-right: -1rem;\"><div class=\"col-6 col--sm-12 grid wysiwyg p-l-xsm p-r-xsm m-b-xsm\"><\/p>\n<h5 style=\"text-align: center;\">COVID-19: La campagne pour<br \/>\nm\u00e9dias sociaux #ResilientHeritageCities<br \/>\n(2020-04-21)<br \/>\n<a href=\"https:\/\/mailchi.mp\/57b43bc8c96b\/villes-du-patrimoine-mondial-en-temps-de-covid-19?e=6d42470c9c\"><img loading=\"lazy\" decoding=\"async\" class=\"aligncenter wp-image-21935\" src=\"https:\/\/www.ovpm.org\/wp-content\/uploads\/2020\/06\/newsletter-2020-04-21-220x300.jpg\" alt=\"\" width=\"300\" height=\"409\" srcset=\"https:\/\/www.ovpm.org\/wp-content\/uploads\/2020\/06\/newsletter-2020-04-21-220x300.jpg 220w, https:\/\/www.ovpm.org\/wp-content\/uploads\/2020\/06\/newsletter-2020-04-21-768x1047.jpg 768w, https:\/\/www.ovpm.org\/wp-content\/uploads\/2020\/06\/newsletter-2020-04-21-751x1024.jpg 751w, https:\/\/www.ovpm.org\/wp-content\/uploads\/2020\/06\/newsletter-2020-04-21-880x1200.jpg 880w\" sizes=\"(max-width: 300px) 100vw, 300px\" \/><\/a><a href=\"https:\/\/mailchi.mp\/57b43bc8c96b\/villes-du-patrimoine-mondial-en-temps-de-covid-19?e=6d42470c9c\">CONSULTER<\/a><\/div><\/h5>\n<p style=\"text-align: center;\"><div class=\"col-6 col--sm-12 grid wysiwyg p-l-xsm p-r-xsm m-b-xsm\"><\/p>\n<h5 style=\"text-align: center;\">COVID-19: Partagez vos initiatives avec les villes membres de l&rsquo;OVPM<br \/>\n(2020-03-30)<a href=\"https:\/\/mailchi.mp\/a2a0273114eb\/9493r6x96y-2719594?e=6d42470c9c\"><img loading=\"lazy\" decoding=\"async\" class=\"aligncenter wp-image-21938\" src=\"https:\/\/www.ovpm.org\/wp-content\/uploads\/2020\/06\/newsletter-2020-03-30-220x300.jpg\" alt=\"\" width=\"300\" height=\"409\" srcset=\"https:\/\/www.ovpm.org\/wp-content\/uploads\/2020\/06\/newsletter-2020-03-30-220x300.jpg 220w, https:\/\/www.ovpm.org\/wp-content\/uploads\/2020\/06\/newsletter-2020-03-30-768x1047.jpg 768w, https:\/\/www.ovpm.org\/wp-content\/uploads\/2020\/06\/newsletter-2020-03-30-751x1024.jpg 751w, https:\/\/www.ovpm.org\/wp-content\/uploads\/2020\/06\/newsletter-2020-03-30-880x1200.jpg 880w\" sizes=\"(max-width: 300px) 100vw, 300px\" \/><\/a><a href=\"https:\/\/mailchi.mp\/a2a0273114eb\/9493r6x96y-2719594?e=6d42470c9c\">CONSULTER<\/a><\/div><\/div><\/h5>\n<p><div class=\"section grid col-12\" style=\"margin-left: -1rem; margin-right: -1rem;\"><div class=\"col-6 col--sm-12 grid wysiwyg p-l-xsm p-r-xsm m-b-xsm\"><\/p>\n<h5 style=\"text-align: center;\">COVID-19:\u00a0L&rsquo;OVPM en temps de crise (2020-03-16)<br \/>\n<a href=\"https:\/\/mailchi.mp\/b2e06846292f\/covid-19-lovpm-en-temps-de-crise?e=6d42470c9c\"><img loading=\"lazy\" decoding=\"async\" class=\"aligncenter wp-image-21941\" src=\"https:\/\/www.ovpm.org\/wp-content\/uploads\/2020\/06\/newsletter-2020-03-16-220x300.jpg\" alt=\"\" width=\"300\" height=\"409\" srcset=\"https:\/\/www.ovpm.org\/wp-content\/uploads\/2020\/06\/newsletter-2020-03-16-220x300.jpg 220w, https:\/\/www.ovpm.org\/wp-content\/uploads\/2020\/06\/newsletter-2020-03-16-768x1047.jpg 768w, https:\/\/www.ovpm.org\/wp-content\/uploads\/2020\/06\/newsletter-2020-03-16-751x1024.jpg 751w, https:\/\/www.ovpm.org\/wp-content\/uploads\/2020\/06\/newsletter-2020-03-16-880x1200.jpg 880w\" sizes=\"(max-width: 300px) 100vw, 300px\" \/><\/a><a href=\"https:\/\/mailchi.mp\/b2e06846292f\/covid-19-lovpm-en-temps-de-crise?e=6d42470c9c\">CONSULTER<\/a><\/div><\/h5>\n<p style=\"text-align: center;\"><div class=\"col-6 col--sm-12 grid wysiwyg p-l-xsm p-r-xsm m-b-xsm\"><\/p>\n<h5 style=\"text-align: center;\">Infolettre #11<br \/>\n(f\u00e9vrier 2020)<a href=\"https:\/\/mailchi.mp\/e7e2f1d36664\/infolettre-11-fvrier-2020?e=6d42470c9c\"><img loading=\"lazy\" decoding=\"async\" class=\"aligncenter wp-image-21944\" src=\"https:\/\/www.ovpm.org\/wp-content\/uploads\/2020\/06\/newsletter-11-february-2020-220x300.jpg\" alt=\"\" width=\"300\" height=\"409\" srcset=\"https:\/\/www.ovpm.org\/wp-content\/uploads\/2020\/06\/newsletter-11-february-2020-220x300.jpg 220w, https:\/\/www.ovpm.org\/wp-content\/uploads\/2020\/06\/newsletter-11-february-2020-768x1047.jpg 768w, https:\/\/www.ovpm.org\/wp-content\/uploads\/2020\/06\/newsletter-11-february-2020-751x1024.jpg 751w, https:\/\/www.ovpm.org\/wp-content\/uploads\/2020\/06\/newsletter-11-february-2020-880x1200.jpg 880w\" sizes=\"(max-width: 300px) 100vw, 300px\" \/><\/a><a href=\"https:\/\/mailchi.mp\/e7e2f1d36664\/infolettre-11-fvrier-2020?e=6d42470c9c\">CONSULTER<\/a><\/div><\/div><\/h5>\n<p><div class=\"section grid col-12\" style=\"margin-left: -1rem; margin-right: -1rem;\"><div class=\"col-6 col--sm-12 grid wysiwyg p-l-xsm p-r-xsm m-b-xsm\"><\/p>\n<h5 style=\"text-align: center;\">Infolettre #10<br \/>\n(janvier 2020)<br \/>\n<a href=\"https:\/\/mailchi.mp\/cb95bcc0f404\/infolettre-10-janvier-2020?e=6d42470c9c\"><img loading=\"lazy\" decoding=\"async\" class=\"aligncenter wp-image-21947\" src=\"https:\/\/www.ovpm.org\/wp-content\/uploads\/2020\/06\/newsletter-10-january-2020-220x300.jpg\" alt=\"\" width=\"300\" height=\"409\" srcset=\"https:\/\/www.ovpm.org\/wp-content\/uploads\/2020\/06\/newsletter-10-january-2020-220x300.jpg 220w, https:\/\/www.ovpm.org\/wp-content\/uploads\/2020\/06\/newsletter-10-january-2020-768x1047.jpg 768w, https:\/\/www.ovpm.org\/wp-content\/uploads\/2020\/06\/newsletter-10-january-2020-751x1024.jpg 751w, https:\/\/www.ovpm.org\/wp-content\/uploads\/2020\/06\/newsletter-10-january-2020-880x1200.jpg 880w\" sizes=\"(max-width: 300px) 100vw, 300px\" \/><\/a><a href=\"https:\/\/mailchi.mp\/cb95bcc0f404\/infolettre-10-janvier-2020?e=6d42470c9c\">CONSULTER<\/a><\/div><\/h5>\n<p style=\"text-align: center;\"><div class=\"col-6 col--sm-12 grid wysiwyg p-l-xsm p-r-xsm m-b-xsm\"><\/p>\n<h5 style=\"text-align: center;\">Infolettre #09<br \/>\n(novembre 2019)<a href=\"https:\/\/mailchi.mp\/105ce3a00318\/infolettre-09-2019?e=6d42470c9c\"><img loading=\"lazy\" decoding=\"async\" class=\"aligncenter wp-image-21950\" src=\"https:\/\/www.ovpm.org\/wp-content\/uploads\/2020\/06\/newsletter-09-november-2019-220x300.jpg\" alt=\"\" width=\"300\" height=\"409\" srcset=\"https:\/\/www.ovpm.org\/wp-content\/uploads\/2020\/06\/newsletter-09-november-2019-220x300.jpg 220w, https:\/\/www.ovpm.org\/wp-content\/uploads\/2020\/06\/newsletter-09-november-2019-768x1047.jpg 768w, https:\/\/www.ovpm.org\/wp-content\/uploads\/2020\/06\/newsletter-09-november-2019-751x1024.jpg 751w, https:\/\/www.ovpm.org\/wp-content\/uploads\/2020\/06\/newsletter-09-november-2019-880x1200.jpg 880w\" sizes=\"(max-width: 300px) 100vw, 300px\" \/><\/a><a href=\"https:\/\/mailchi.mp\/105ce3a00318\/infolettre-09-2019?e=6d42470c9c\">CONSULTER<\/a><\/div><\/div><\/h5>\n<p><div class=\"section grid col-12\" style=\"margin-left: -1rem; margin-right: -1rem;\"><div class=\"col-6 col--sm-12 grid wysiwyg p-l-xsm p-r-xsm m-b-xsm\"><\/p>\n<h5 style=\"text-align: center;\">Les secteurs de la culture et du patrimoine se mobilisent pour l&rsquo;#ActionClimatique (2019-10-23)<br \/>\n<a href=\"https:\/\/mailchi.mp\/7909043c4431\/bonne-journe-de-solidarit-des-villes-du-patrimoine-mondial-1053577?e=6d42470c9c\"><img loading=\"lazy\" decoding=\"async\" class=\"aligncenter wp-image-21954\" src=\"https:\/\/www.ovpm.org\/wp-content\/uploads\/2020\/06\/newsletter-2019-10-23-220x300.jpg\" alt=\"\" width=\"300\" height=\"409\" srcset=\"https:\/\/www.ovpm.org\/wp-content\/uploads\/2020\/06\/newsletter-2019-10-23-220x300.jpg 220w, https:\/\/www.ovpm.org\/wp-content\/uploads\/2020\/06\/newsletter-2019-10-23-768x1047.jpg 768w, https:\/\/www.ovpm.org\/wp-content\/uploads\/2020\/06\/newsletter-2019-10-23-751x1024.jpg 751w, https:\/\/www.ovpm.org\/wp-content\/uploads\/2020\/06\/newsletter-2019-10-23-880x1200.jpg 880w\" sizes=\"(max-width: 300px) 100vw, 300px\" \/><\/a><a href=\"https:\/\/mailchi.mp\/7909043c4431\/bonne-journe-de-solidarit-des-villes-du-patrimoine-mondial-1053577?e=6d42470c9c\">CONSULTER<\/a><\/div><\/h5>\n<p style=\"text-align: center;\"><div class=\"col-6 col--sm-12 grid wysiwyg p-l-xsm p-r-xsm m-b-xsm\"><\/p>\n<h5 style=\"text-align: center;\">Infolettre #08<br \/>\n(octobre 2019)<br \/>\n\u00ad<br \/>\n<a href=\"https:\/\/mailchi.mp\/0a882577d27b\/infolettre-08-2019\"><img loading=\"lazy\" decoding=\"async\" class=\"aligncenter wp-image-21957\" src=\"https:\/\/www.ovpm.org\/wp-content\/uploads\/2020\/06\/newsletter-08-october-2019-220x300.jpg\" alt=\"\" width=\"300\" height=\"409\" srcset=\"https:\/\/www.ovpm.org\/wp-content\/uploads\/2020\/06\/newsletter-08-october-2019-220x300.jpg 220w, https:\/\/www.ovpm.org\/wp-content\/uploads\/2020\/06\/newsletter-08-october-2019-768x1047.jpg 768w, https:\/\/www.ovpm.org\/wp-content\/uploads\/2020\/06\/newsletter-08-october-2019-751x1024.jpg 751w, https:\/\/www.ovpm.org\/wp-content\/uploads\/2020\/06\/newsletter-08-october-2019-880x1200.jpg 880w\" sizes=\"(max-width: 300px) 100vw, 300px\" \/><\/a><a href=\"https:\/\/mailchi.mp\/0a882577d27b\/infolettre-08-2019\">CONSULTER<\/a><\/div><\/div><\/h5>\n<p><div class=\"section grid col-12\" style=\"margin-left: -1rem; margin-right: -1rem;\"><div class=\"col-6 col--sm-12 grid wysiwyg p-l-xsm p-r-xsm m-b-xsm\"><\/p>\n<h5 style=\"text-align: center;\">Le 15<sup>e<\/sup>\u00a0Congr\u00e8s mondial de l&rsquo;OVPM &#8211; Statistiques et r\u00e9sum\u00e9<br \/>\n(2019-07-15)<br \/>\n<a href=\"https:\/\/mailchi.mp\/45fca65deb2b\/le-15e-congrs-mondial-de-lovpm-en-chiffres-et-en-images?e=6d42470c9c\"><img loading=\"lazy\" decoding=\"async\" class=\"aligncenter wp-image-21960\" src=\"https:\/\/www.ovpm.org\/wp-content\/uploads\/2020\/06\/newsletter-2019-07-15-220x300.jpg\" alt=\"\" width=\"300\" height=\"409\" srcset=\"https:\/\/www.ovpm.org\/wp-content\/uploads\/2020\/06\/newsletter-2019-07-15-220x300.jpg 220w, https:\/\/www.ovpm.org\/wp-content\/uploads\/2020\/06\/newsletter-2019-07-15-768x1047.jpg 768w, https:\/\/www.ovpm.org\/wp-content\/uploads\/2020\/06\/newsletter-2019-07-15-751x1024.jpg 751w, https:\/\/www.ovpm.org\/wp-content\/uploads\/2020\/06\/newsletter-2019-07-15-880x1200.jpg 880w\" sizes=\"(max-width: 300px) 100vw, 300px\" \/><\/a><a href=\"https:\/\/mailchi.mp\/45fca65deb2b\/le-15e-congrs-mondial-de-lovpm-en-chiffres-et-en-images?e=6d42470c9c\">CONSULTER<\/a><\/div><\/h5>\n<p style=\"text-align: center;\"><div class=\"col-6 col--sm-12 grid wysiwyg p-l-xsm p-r-xsm m-b-xsm\"><\/p>\n<h5 style=\"text-align: center;\"><\/div><\/div><\/h5>\n","protected":false},"excerpt":{"rendered":"<p>Infolettres<\/p>\n","protected":false},"author":3,"featured_media":0,"parent":22423,"menu_order":111,"comment_status":"closed","ping_status":"closed","template":"","meta":{"_acf_changed":false,"footnotes":""},"acf":[],"_links":{"self":[{"href":"https:\/\/www.ovpm.org\/fr\/wp-json\/wp\/v2\/pages\/22478"}],"collection":[{"href":"https:\/\/www.ovpm.org\/fr\/wp-json\/wp\/v2\/pages"}],"about":[{"href":"https:\/\/www.ovpm.org\/fr\/wp-json\/wp\/v2\/types\/page"}],"author":[{"embeddable":true,"href":"https:\/\/www.ovpm.org\/fr\/wp-json\/wp\/v2\/users\/3"}],"replies":[{"embeddable":true,"href":"https:\/\/www.ovpm.org\/fr\/wp-json\/wp\/v2\/comments?post=22478"}],"version-history":[{"count":9,"href":"https:\/\/www.ovpm.org\/fr\/wp-json\/wp\/v2\/pages\/22478\/revisions"}],"predecessor-version":[{"id":24872,"href":"https:\/\/www.ovpm.org\/fr\/wp-json\/wp\/v2\/pages\/22478\/revisions\/24872"}],"up":[{"embeddable":true,"href":"https:\/\/www.ovpm.org\/fr\/wp-json\/wp\/v2\/pages\/22423"}],"wp:attachment":[{"href":"https:\/\/www.ovpm.org\/fr\/wp-json\/wp\/v2\/media?parent=22478"}],"curies":[{"name":"wp","href":"https:\/\/api.w.org\/{rel}","templated":true}]}}