{"id":22458,"date":"2020-06-22T17:34:31","date_gmt":"2020-06-22T17:34:31","guid":{"rendered":"https:\/\/www.ovpm.org\/?page_id=22458"},"modified":"2021-05-14T18:52:55","modified_gmt":"2021-05-14T18:52:55","slug":"livres-de-reference","status":"publish","type":"page","link":"https:\/\/www.ovpm.org\/fr\/ressources\/livres-de-reference\/","title":{"rendered":"Livres de r\u00e9f\u00e9rence"},"content":{"rendered":"<h2>Livres de r\u00e9f\u00e9rence<\/h2>\n<p style=\"text-align: center;\"><div class=\"section grid col-12\" style=\"margin-left: -1rem; margin-right: -1rem;\"><div class=\"col-6 col--sm-12 grid wysiwyg p-l-xsm p-r-xsm m-b-xsm\"><\/p>\n<h5 style=\"text-align: center;\">Mobilit\u00e9 &#8211; Ateliers en ligne<br \/>\n\u00ab En route vers Qu\u00e9bec \u00bb (2021)<a href=\"https:\/\/www.ovpm.org\/fr\/ressources\/livres-de-reference\/mobilite-ateliers-en-ligne-en-route-vers-quebec-2021\/\"><img loading=\"lazy\" decoding=\"async\" class=\"aligncenter wp-image-24757 size-full\" src=\"https:\/\/www.ovpm.org\/wp-content\/uploads\/2021\/04\/mobilitycouverture-fra-e1621017899480.png\" alt=\"\" width=\"299\" height=\"409\" \/><\/a><a href=\"https:\/\/www.ovpm.org\/fr\/ressources\/livres-de-reference\/mobilite-ateliers-en-ligne-en-route-vers-quebec-2021\/\">CONSULTER<\/a><\/div><\/h5>\n<p style=\"text-align: center;\"><div class=\"col-6 col--sm-12 grid wysiwyg p-l-xsm p-r-xsm m-b-xsm\"><\/p>\n<h5 style=\"text-align: center;\">Tourisme et \u00c9conomie &#8211; Ateliers en ligne<br \/>\n\u00ab En route vers Qu\u00e9bec \u00bb (2021)<a href=\"https:\/\/www.ovpm.org\/fr\/ressources\/livres-de-reference\/tourisme-et-economie-ateliers-en-ligne-en-route-vers-quebec-2021\/\"><img loading=\"lazy\" decoding=\"async\" class=\"aligncenter wp-image-24743 size-full\" src=\"https:\/\/www.ovpm.org\/wp-content\/uploads\/2021\/04\/tourisme-et-economiecouverture-fra-e1621017918780.png\" alt=\"\" width=\"299\" height=\"409\" \/><\/a><a href=\"https:\/\/www.ovpm.org\/fr\/ressources\/livres-de-reference\/tourisme-et-economie-ateliers-en-ligne-en-route-vers-quebec-2021\/\">CONSULTER<\/a><\/div><\/div><\/h5>\n<p style=\"text-align: center;\"><div class=\"section grid col-12\" style=\"margin-left: -1rem; margin-right: -1rem;\"><div class=\"col-6 col--sm-12 grid wysiwyg p-l-xsm p-r-xsm m-b-xsm\"><\/p>\n<h5 style=\"text-align: center;\">Culture et technologie &#8211; Ateliers en ligne<br \/>\n\u00ab En route vers Qu\u00e9bec \u00bb (2021)<br \/>\n<a href=\"https:\/\/www.ovpm.org\/fr\/ressources\/livres-de-reference\/culture-et-technologie-ateliers-en-ligne-en-route-vers-quebec-2021\/\"><img loading=\"lazy\" decoding=\"async\" class=\"aligncenter wp-image-24726 size-full\" src=\"https:\/\/www.ovpm.org\/wp-content\/uploads\/2021\/04\/culture-et-techonologiecouverture-fra-e1621017942497.png\" alt=\"\" width=\"301\" height=\"409\" \/><\/a><a href=\"https:\/\/www.ovpm.org\/fr\/ressources\/livres-de-reference\/culture-et-technologie-ateliers-en-ligne-en-route-vers-quebec-2021\/\">CONSULTER<\/a><br \/>\n\u00ad\u00a0\u00a0\u00ad<\/div><\/h5>\n<p style=\"text-align: center;\"><div class=\"col-6 col--sm-12 grid wysiwyg p-l-xsm p-r-xsm m-b-xsm\"><\/p>\n<h5 style=\"text-align: center;\">Guidelines for Sustainable<br \/>\nCultural Tourism (2020)<a href=\"https:\/\/www.ovpm.org\/fr\/ressources\/livres-de-reference\/guidelines-for-sustainable-cultural-tourism-2020\/\"><img loading=\"lazy\" decoding=\"async\" class=\"aligncenter wp-image-22944\" src=\"https:\/\/www.ovpm.org\/wp-content\/uploads\/2020\/07\/titleguidelines-212x300.jpg\" alt=\"\" width=\"289\" height=\"409\" srcset=\"https:\/\/www.ovpm.org\/wp-content\/uploads\/2020\/07\/titleguidelines-212x300.jpg 212w, https:\/\/www.ovpm.org\/wp-content\/uploads\/2020\/07\/titleguidelines-768x1086.jpg 768w, https:\/\/www.ovpm.org\/wp-content\/uploads\/2020\/07\/titleguidelines-724x1024.jpg 724w, https:\/\/www.ovpm.org\/wp-content\/uploads\/2020\/07\/titleguidelines-848x1200.jpg 848w\" sizes=\"(max-width: 289px) 100vw, 289px\" \/><\/a><a href=\"https:\/\/www.ovpm.org\/fr\/ressources\/livres-de-reference\/guidelines-for-sustainable-cultural-tourism-2020\/\">CONSULTER<\/a><br \/>\n(anglais seulement)<\/div><\/div><\/h5>\n<p style=\"text-align: center;\"><div class=\"section grid col-12\" style=\"margin-left: -1rem; margin-right: -1rem;\"><div class=\"col-6 col--sm-12 grid wysiwyg p-l-xsm p-r-xsm m-b-xsm\"><\/p>\n<h5 style=\"text-align: center;\">Community Involvement in<br \/>\nHeritage Management (2017)<a href=\"https:\/\/www.ovpm.org\/resources\/reference-books\/community-involvement-in-heritage-management-2017\/\"><img loading=\"lazy\" decoding=\"async\" class=\"aligncenter wp-image-21656\" src=\"https:\/\/www.ovpm.org\/wp-content\/uploads\/2020\/06\/community-involvement-2017-220x300.jpg\" alt=\"\" width=\"300\" height=\"409\" srcset=\"https:\/\/www.ovpm.org\/wp-content\/uploads\/2020\/06\/community-involvement-2017-220x300.jpg 220w, https:\/\/www.ovpm.org\/wp-content\/uploads\/2020\/06\/community-involvement-2017-768x1047.jpg 768w, https:\/\/www.ovpm.org\/wp-content\/uploads\/2020\/06\/community-involvement-2017-751x1024.jpg 751w, https:\/\/www.ovpm.org\/wp-content\/uploads\/2020\/06\/community-involvement-2017-880x1200.jpg 880w\" sizes=\"(max-width: 300px) 100vw, 300px\" \/><\/a><a href=\"https:\/\/www.ovpm.org\/fr\/ressources\/livres-de-reference\/community-involvement-in-heritage-management-2017\/\">CONSULTER<\/a><br \/>\n(anglais seulement)<\/div><\/h5>\n<p style=\"text-align: center;\"><div class=\"col-6 col--sm-12 grid wysiwyg p-l-xsm p-r-xsm m-b-xsm\"><\/p>\n<h5 style=\"text-align: center;\">Community-Led Urban Strategies<br \/>\nin Historic Towns &#8211; COMUS (2017)<a href=\"https:\/\/www.ovpm.org\/fr\/ressources\/livres-de-reference\/community-led-urban-strategies-in-historic-towns-comus-2017\/\"><img loading=\"lazy\" decoding=\"async\" class=\"aligncenter wp-image-22223\" src=\"https:\/\/www.ovpm.org\/wp-content\/uploads\/2020\/06\/comus-2017-220x300.jpg\" alt=\"\" width=\"300\" height=\"409\" srcset=\"https:\/\/www.ovpm.org\/wp-content\/uploads\/2020\/06\/comus-2017-220x300.jpg 220w, https:\/\/www.ovpm.org\/wp-content\/uploads\/2020\/06\/comus-2017-768x1047.jpg 768w, https:\/\/www.ovpm.org\/wp-content\/uploads\/2020\/06\/comus-2017-751x1024.jpg 751w, https:\/\/www.ovpm.org\/wp-content\/uploads\/2020\/06\/comus-2017-880x1200.jpg 880w\" sizes=\"(max-width: 300px) 100vw, 300px\" \/><\/a><a href=\"https:\/\/www.ovpm.org\/fr\/ressources\/livres-de-reference\/community-led-urban-strategies-in-historic-towns-comus-2017\/\">CONSULTER<\/a><br \/>\n(anglais seulement)<\/div><\/div><\/h5>\n","protected":false},"excerpt":{"rendered":"<p>Livres de r\u00e9f\u00e9rence<\/p>\n","protected":false},"author":3,"featured_media":0,"parent":22423,"menu_order":128,"comment_status":"closed","ping_status":"closed","template":"","meta":{"_acf_changed":false,"footnotes":""},"acf":[],"_links":{"self":[{"href":"https:\/\/www.ovpm.org\/fr\/wp-json\/wp\/v2\/pages\/22458"}],"collection":[{"href":"https:\/\/www.ovpm.org\/fr\/wp-json\/wp\/v2\/pages"}],"about":[{"href":"https:\/\/www.ovpm.org\/fr\/wp-json\/wp\/v2\/types\/page"}],"author":[{"embeddable":true,"href":"https:\/\/www.ovpm.org\/fr\/wp-json\/wp\/v2\/users\/3"}],"replies":[{"embeddable":true,"href":"https:\/\/www.ovpm.org\/fr\/wp-json\/wp\/v2\/comments?post=22458"}],"version-history":[{"count":7,"href":"https:\/\/www.ovpm.org\/fr\/wp-json\/wp\/v2\/pages\/22458\/revisions"}],"predecessor-version":[{"id":24859,"href":"https:\/\/www.ovpm.org\/fr\/wp-json\/wp\/v2\/pages\/22458\/revisions\/24859"}],"up":[{"embeddable":true,"href":"https:\/\/www.ovpm.org\/fr\/wp-json\/wp\/v2\/pages\/22423"}],"wp:attachment":[{"href":"https:\/\/www.ovpm.org\/fr\/wp-json\/wp\/v2\/media?parent=22458"}],"curies":[{"name":"wp","href":"https:\/\/api.w.org\/{rel}","templated":true}]}}