{"id":22423,"date":"2020-06-22T15:47:36","date_gmt":"2020-06-22T15:47:36","guid":{"rendered":"https:\/\/www.ovpm.org\/?page_id=22423"},"modified":"2026-04-07T17:32:23","modified_gmt":"2026-04-07T17:32:23","slug":"ressources","status":"publish","type":"page","link":"https:\/\/www.ovpm.org\/fr\/ressources\/","title":{"rendered":"Ressources"},"content":{"rendered":"<h2>Ressources<\/h2>\n<h2 style=\"text-align: left;\">Cadre de tourisme culturel et de gestion des visiteurs (TC&amp;GV)<\/h2>\n<p>Le cadre de tourisme culturel et de gestion des visiteurs (TC&amp;GV) est un outil d\u00e9velopp\u00e9 par le Comit\u00e9 international du tourisme culturel de l&rsquo;ICOMOS (ICOMOS-ICTC) pour l&rsquo;OVPM. Il s&rsquo;agit d&rsquo;un outil d&rsquo;auto-\u00e9valuation qui peut \u00eatre utilis\u00e9 comme un atout strat\u00e9gique pour aider les autorit\u00e9s locales \u00e0 identifier les r\u00e9sultats et les actions cibles pour l&rsquo;\u00e9tablissement de politiques et de strat\u00e9gies op\u00e9rationnelles.<\/p>\n<a href=\"https:\/\/www.ovpm.org\/wp-content\/uploads\/2023\/09\/ctvm-framework-report-final.pdf\" class=\"button m-t-sm m-b-sm\">Cadre de TC&amp;GV (en anglais)<\/a>\n<p style=\"text-align: left;\"><a href=\"https:\/\/www.ovpm.org\/wp-content\/uploads\/2023\/09\/ctvm-framework-workbook-final.pdf\" class=\"button m-t-sm m-b-sm\">Cadre de TC&amp;GV &#8211; Cahier de travail (en anglais)<\/a><\/p>\n<hr \/>\n<h2 style=\"text-align: left;\">\u00c9tudes de cas<\/h2>\n<ul>\n<li>Patrimoine et mobilit\u00e9 (2019) &#8211; <a href=\"https:\/\/www.ovpm.org\/fr\/ressources\/etudes-de-cas\/patrimoine-et-mobilite-2019\/\">CONSULTER<\/a><\/li>\n<li>Villes historiques en d\u00e9veloppement (2014) &#8211; <a href=\"https:\/\/www.ovpm.org\/fr\/ressources\/etudes-de-cas\/villes-historiques-en-developpement-2014\/\">CONSULTER<\/a><\/li>\n<\/ul>\n<p style=\"text-align: left;\"><a href=\"http:\/\/www.ovpm.org\/fr\/ressources\/etudes-de-cas\/\" class=\"button m-t-sm m-b-sm\">VOIR TOUTES LES \u00c9TUDES DE CAS<\/a><\/p>\n<hr \/>\n<h2 style=\"text-align: left;\">Livres de r\u00e9f\u00e9rence<\/h2>\n<ul>\n<li style=\"text-align: left;\">\u201cWorld Heritage, Place Making and Sustainable Tourism\u201d (2022) &#8211; <a href=\"https:\/\/eplus.uni-salzburg.at\/obvusboa\/download\/pdf\/7825838?originalFilename=true\">CONSULTER<\/a> (anglais uniquement)<\/li>\n<li style=\"text-align: left;\">\u201c50 Years World Heritage Convention: Shared Responsability &#8211; Conflict &amp; Reconciliation (Heritage Studies) \u201d (2022) &#8211; <a href=\"https:\/\/link.springer.com\/book\/10.1007\/978-3-031-05660-4\">CONSULTER<\/a> (anglais uniquement)<\/li>\n<li style=\"text-align: left;\">\u201cBringing Heritage-Based Urban Regeneration and Development to the Road: Success Factors and Principles\u201d (2021) &#8211; <a href=\"https:\/\/www.researchgate.net\/publication\/356175657_Bringing_Heritage-Based_Urban_Regeneration_and_Development_to_the_Road_Success_Factors_and_Principles\">CONSULTER<\/a> (anglais uniquement)<\/li>\n<li style=\"text-align: left;\">Mobilit\u00e9 &#8211; Ateliers en ligne \u00ab\u00a0En route vers Qu\u00e9bec\u00a0\u00bb (2021) &#8211; <a href=\"https:\/\/www.ovpm.org\/fr\/ressources\/livres-de-reference\/mobilite-ateliers-en-ligne-en-route-vers-quebec-2021\/\">CONSULTER<\/a><\/li>\n<li style=\"text-align: left;\">Tourisme et \u00c9conomie &#8211; Ateliers en ligne \u00ab\u00a0En route vers Qu\u00e9bec\u00a0\u00bb (2021) &#8211; <a href=\"https:\/\/www.ovpm.org\/fr\/ressources\/livres-de-reference\/tourisme-et-economie-ateliers-en-ligne-en-route-vers-quebec-2021\/\">CONSULTER<\/a><\/li>\n<li>Culture et Technologie &#8211; Ateliers en ligne \u00ab\u00a0En route vers Qu\u00e9bec\u00a0\u00bb (2021) &#8211; <a href=\"https:\/\/www.ovpm.org\/fr\/ressources\/livres-de-reference\/culture-et-technologie-ateliers-en-ligne-en-route-vers-quebec-2021\/\">CONSULTER<\/a><\/li>\n<li>\u201cWriting a New Story: Using Heritage-Based Urban Regeneration to Stimulate Urban Resilience\u201d (2021) &#8211; <a href=\"https:\/\/www.researchgate.net\/publication\/355174595_Writing_a_New_Story_Using_Heritage-Based_Urban_Regeneration_to_Stimulate_Urban_Resilience_Article_written_for_the_URBACT_Network_Kairos\">CONSULTER<\/a> (anglais uniquement)<\/li>\n<\/ul>\n<p style=\"text-align: left;\"><a href=\"https:\/\/www.ovpm.org\/fr\/ressources\/livres-de-reference\/\" class=\"button m-t-sm m-b-sm\">VOIR TOUS LES LIVRES DE R\u00c9F\u00c9RENCE<\/a><\/p>\n<hr \/>\n<h2 style=\"text-align: left;\">D\u00e9clarations et recommandations<\/h2>\n<ul>\n<li>Vienna Declaration &#8211; Cities Facing Development and Preservation (2019) &#8211; <a href=\"https:\/\/www.ovpm.org\/fr\/ressources\/declarations-et-recommandations\/vienna-declaration-cities-facing-development-and-preservation-2019\/\">CONSULTER<\/a> (anglais seulement)<\/li>\n<li>Recommandations de Gyeongju (2017) \u00ad- <a href=\"https:\/\/www.ovpm.org\/fr\/ressources\/declarations-et-recommandations\/recommandations-de-gyeongju-2017\/\">CONSULTER<\/a> \u00ad<\/li>\n<\/ul>\n<p style=\"text-align: left;\"><a href=\"https:\/\/www.ovpm.org\/fr\/ressources\/declarations-et-recommandations\/\" class=\"button m-t-sm m-b-sm\">VOIR TOUTES LES D\u00c9CLARATIONS ET RECOMMANDATIONS<\/a><\/p>\n<hr \/>\n<h2 style=\"text-align: left;\">Documents de position<\/h2>\n<ul>\n<li style=\"text-align: left;\">Keepers of Traditions and Laboratories of the Future (2020) &#8211; <a href=\"https:\/\/www.ovpm.org\/fr\/ressources\/documents-de-position\/keepers-of-traditions-and-laboratories-of-the-future-2020\/\">CONSULTER<\/a> (anglais seulement)<\/li>\n<li style=\"text-align: left;\">Safeguarding and Further Developing World Heritage Cities (2014) &#8211; <a href=\"https:\/\/www.ovpm.org\/fr\/ressources\/documents-de-position\/safeguarding-and-further-developing-world-heritage-cities-2014\/\">CONSULTER<\/a> (anglais seulement)<\/li>\n<\/ul>\n<p style=\"text-align: left;\"><a href=\"https:\/\/www.ovpm.org\/fr\/ressources\/documents-de-position\/\" class=\"button m-t-sm m-b-sm\">VOIR TOUS LES DOCUMENTS DE POSITION<\/a><\/p>\n<hr \/>\n<h2 style=\"text-align: left;\">Actes des Congr\u00e8s mondiaux<\/h2>\n<ul>\n<li>16e Congr\u00e8s mondial de l&rsquo;OVPM &#8211; \u00a0Am\u00e9liorer la qualit\u00e9 de la vie dans les villes du patrimoine mondial (2022) &#8211;\u00a0<a href=\"https:\/\/www.ovpm.org\/wp-content\/uploads\/2022\/12\/actes-du-congresfra.pdf\">CONSULTER<\/a><\/li>\n<li>15e Congr\u00e8s mondial de l&rsquo;OVPM &#8211; Patrimoine et tourisme (2019) &#8211; <a href=\"https:\/\/www.ovpm.org\/fr\/ressources\/actes-des-congres-mondiaux\/15e-congres-mondial-de-lovpm-patrimoine-et-tourisme-2019\/\">CONSULTER<\/a><\/li>\n<li>14e Congr\u00e8s mondial de l&rsquo;OVPM &#8211; Patrimoine et communaut\u00e9s (2017) &#8211; <a href=\"https:\/\/www.ovpm.org\/fr\/ressources\/actes-des-congres-mondiaux\/14e-congres-mondial-de-lovpm-patrimoine-et-communautes-2017\/\">CONSULTER<\/a><\/li>\n<\/ul>\n<p style=\"text-align: left;\"><a href=\"https:\/\/www.ovpm.org\/fr\/ressources\/actes-des-congres-mondiaux\/\" class=\"button m-t-sm m-b-sm\">VOIR TOUS LES ACTES<\/a><\/p>\n<hr \/>\n<h2 style=\"text-align: left;\">Rapports annuels<\/h2>\n<ul>\n<li>Rapport annuel 2019 &#8211; <a href=\"https:\/\/www.ovpm.org\/fr\/ressources\/rapports-annuels\/rapport-annuel-2019\/\">CONSULTER<\/a><\/li>\n<li>Rapport annuel 2020 &#8211; <a href=\"https:\/\/www.ovpm.org\/wp-content\/uploads\/2022\/07\/rapport-annuelfrafinal.pdf\">CONSULTER<\/a><\/li>\n<li>Rapport annuel 2021\/2022 &#8211; <a href=\"https:\/\/www.ovpm.org\/wp-content\/uploads\/2022\/11\/rapport-annuel-2021-2022fra.pdf\">CONSULTER<\/a><\/li>\n<li>Rapport annuel 2023 &#8211; <a href=\"https:\/\/www.ovpm.org\/wp-content\/uploads\/2024\/04\/rapport-annuel-2023-fr-1.pdf\">CONSULTER<\/a><\/li>\n<li>Rapport annuel 2024 &#8211; <a href=\"https:\/\/www.ovpm.org\/wp-content\/uploads\/2025\/05\/vf-rapport-annuel-2024-fr.pdf\">CONSULTER<\/a><\/li>\n<li>Rapport annuel 2025 &#8211; <a href=\"https:\/\/www.ovpm.org\/wp-content\/uploads\/2026\/04\/rapport-annuel-2025-fr.pdf\">CONSULTER<\/a><\/li>\n<\/ul>\n<p style=\"text-align: left;\"><a href=\"https:\/\/www.ovpm.org\/fr\/ressources\/rapports-annuels\/\" class=\"button m-t-sm m-b-sm\">VOIR TOUS LES RAPPORTS ANNUELS<\/a><\/p>\n<hr \/>\n<h2 style=\"text-align: left;\">D\u00e9couvrez le patrimoine mondial<\/h2>\n<ul>\n<li>Patrimoine mondial dans l&rsquo;assiette (mise \u00e0 jour 2022 de \u00ab\u00a0World Heritage Recipes\u00a0\u00bb) &#8211; <a href=\"https:\/\/www.regensburg.de\/sixcms\/media.php\/464\/SR-OWHC-Rezeptbuch3-franz%C3%B6sisch-Innen-Online-RZ2.pdf\">CONSULTER<\/a><\/li>\n<li style=\"text-align: left;\">World Heritage Recipes &#8211; Enjoy the Taste of World Heritage (2019) &#8211; <a href=\"https:\/\/www.ovpm.org\/fr\/ressources\/decouvrez-le-patrimoine-mondial\/world-heritage-recipes-enjoy-the-taste-of-world-heritage-2019\/\">CONSULTER<\/a> (anglais uniquement)<\/li>\n<li style=\"text-align: left;\">My First Book on Cultural Heritage (2019) &#8211;\u00a0<a href=\"https:\/\/www.ovpm.org\/fr\/ressources\/decouvrez-le-patrimoine-mondial\/my-first-book-on-cultural-heritage-2019\/\">CONSULTER<\/a> (anglais uniquement)<\/li>\n<\/ul>\n<p style=\"text-align: left;\"><a href=\"https:\/\/www.ovpm.org\/fr\/ressources\/decouvrez-le-patrimoine-mondial\/\" class=\"button m-t-sm m-b-sm\">VOIR TOUT D\u00c9COUVREZ LE PATRIMOINE MONDIAL<\/a><\/p>\n<hr \/>\n<h2 style=\"text-align: left;\">Magazine #HeCiTag<\/h2>\n<ul>\n<li>#HeCiTag vol. 16 (2022) &#8211; <a href=\"http:\/\/www.owhc-ap.co.kr\/eng\/archive\/publication02.php?ptype=view&amp;idx=5966&amp;page=1&amp;code=publication02_eng&amp;category=133\">CONSULTER<\/a> (anglais uniquement)<\/li>\n<li>#HeCiTag vol. 15 (2021) &#8211; <a href=\"http:\/\/www.owhc-ap.co.kr\/eng\/archive\/publication02.php?ptype=view&amp;idx=5953&amp;page=1&amp;code=publication02_eng&amp;category=133\">CONSULTER <\/a>(anglais uniquement)<\/li>\n<li>#HeCiTag vol. 14 (2021) &#8211; <a href=\"http:\/\/www.owhc-ap.co.kr\/eng\/archive\/publication02.php?ptype=view&amp;idx=5950&amp;page=1&amp;code=publication02_eng&amp;category=133\">CONSULTER<\/a> (anglais uniquement)<\/li>\n<li>#HeCiTag vol. 13 (2021) &#8211; <a href=\"http:\/\/www.owhc-ap.co.kr\/eng\/archive\/publication02.php?ptype=view&amp;idx=5854&amp;page=1&amp;code=publication02_eng&amp;category=133\">CONSULTER<\/a> (anglais uniquement)<\/li>\n<li>#HeCiTag vol. 12 (2019) &#8211; <a href=\"http:\/\/www.owhc-ap.co.kr\/eng\/archive\/publication02.php?ptype=view&amp;idx=5824&amp;page=1&amp;code=publication02_eng&amp;category=133\">CONSULTER<\/a> (anglais uniquement)<\/li>\n<li>#HeCiTag vol. 11 (2019) &#8211; <a href=\"http:\/\/www.owhc-ap.co.kr\/eng\/archive\/publication02.php?ptype=view&amp;idx=5823&amp;page=1&amp;code=publication02_eng&amp;category=133\">CONSULTER<\/a> (anglais uniquement)<\/li>\n<\/ul>\n<p style=\"text-align: center;\"><a href=\"http:\/\/www.owhc-ap.co.kr\/eng\/archive\/publication02.php?ptype=list&#038;code=publication02_eng&#038;category=133\" class=\"button m-t-sm m-b-sm\">VOIR TOUS LES MAGAZINES<\/a><\/p>\n<hr \/>\n<h2 style=\"text-align: left;\">Conf\u00e9rences r\u00e9gionales<\/h2>\n<ul>\n<li>Amsterdam (Netherlands) &#8211; Heritage &amp; Tourism (2018) &#8211; <a href=\"https:\/\/www.ovpm.org\/fr\/ressources\/conferences-regionales\/amsterdam-netherlands-heritage-tourism-2018\/\">CONSULTER<\/a> (anglais uniquement)<\/li>\n<li>Gyeongju (South Korea) &#8211; Heritage &amp; Community (2016) &#8211; <a href=\"https:\/\/www.ovpm.org\/fr\/ressources\/conferences-regionales\/gyeongju-south-korea-heritage-community-2016\/\">CONSULTER<\/a> (anglais uniquement)<\/li>\n<\/ul>\n<p style=\"text-align: left;\"><a href=\"https:\/\/www.ovpm.org\/fr\/ressources\/conferences-regionales\/\" class=\"button m-t-sm m-b-sm\">VOIR TOUTES LES CONF\u00c9RENCES R\u00c9GIONALES<\/a><\/p>\n<hr \/>\n<h2 style=\"text-align: left;\">Infolettres<\/h2>\n<ul>\n<li>Infolettre #28 (Novembre 2022) &#8211; <a href=\"https:\/\/us17.admin.mailchimp.com\/campaigns\/show?id=13815578\">CONSULTER<\/a><\/li>\n<li>Infolettre #27 (Avril 2022) &#8211; <a href=\"https:\/\/mailchi.mp\/caae9d419590\/infolettre-13621706\">CONSULTER<\/a><\/li>\n<li>Infolettre #26 (Mars 2022) &#8211; <a href=\"https:\/\/mailchi.mp\/bf52b0dfb76c\/infolettre-26\">CONSULTER<\/a><\/li>\n<li>Infolettre #25 (F\u00e9vrier 2022) &#8211; <a href=\"https:\/\/mailchi.mp\/825fff738fb6\/newsletter-13603022\">CONSULTER<\/a><\/li>\n<li>Infolettre #24 (D\u00e9cembre 2021) &#8211; <a href=\"https:\/\/mailchi.mp\/4e2215e4d347\/newsletter-24-new-action-plan-for-13420554\">CONSULTER<\/a><\/li>\n<li>Infolettre #23 (Octobre 2021) &#8211; <a href=\"https:\/\/mailchi.mp\/c39e2737dd3f\/newsletter-13408826\">CONSULTER<\/a><\/li>\n<li>Infolettre #22 (Ao\u00fbt 2021) &#8211; <a href=\"https:\/\/mailchi.mp\/5cad4316c592\/newsletter-22-including-2020-annual-report-13394954\">CONSULTER<\/a><\/li>\n<li>Infolettre #21 (Juin 2021) &#8211; <a href=\"https:\/\/mailchi.mp\/e67aff55fc98\/newsletter-5170250\">CONSULTER<\/a><\/li>\n<li>Infolettre #20 (Avril 2021) &#8211; <a href=\"https:\/\/mailchi.mp\/d8a535112617\/newsletter-20-reports-on-the-on-the-road-to-qube-workshops-5157102\">CONSULTER<\/a><\/li>\n<li>Infolettre #19 (Mars 2021) &#8211; <a href=\"https:\/\/mailchi.mp\/bdbde927ce3d\/newsletter-5148302\">CONSULTER<\/a><\/li>\n<\/ul>\n<p style=\"text-align: left;\"><a href=\"https:\/\/www.ovpm.org\/fr\/ressources\/infolettres\/\" class=\"button m-t-sm m-b-sm\">VOIR TOUTES LES INFOLETTRES<\/a><\/p>\n","protected":false},"excerpt":{"rendered":"<p>Ressources Cadre de tourisme culturel et de gestion des visiteurs (TC&amp;GV) Le cadre de tourisme culturel et de gestion des visiteurs (TC&amp;GV) est un outil d\u00e9velopp\u00e9 par le Comit\u00e9 international du tourisme culturel de l&rsquo;ICOMOS (ICOMOS-ICTC) pour l&rsquo;OVPM. Il s&rsquo;agit d&rsquo;un outil d&rsquo;auto-\u00e9valuation qui peut \u00eatre utilis\u00e9 comme un atout strat\u00e9gique pour aider les autorit\u00e9s [&hellip;]<\/p>\n","protected":false},"author":3,"featured_media":0,"parent":0,"menu_order":347,"comment_status":"closed","ping_status":"closed","template":"","meta":{"_acf_changed":false,"footnotes":""},"acf":[],"_links":{"self":[{"href":"https:\/\/www.ovpm.org\/fr\/wp-json\/wp\/v2\/pages\/22423"}],"collection":[{"href":"https:\/\/www.ovpm.org\/fr\/wp-json\/wp\/v2\/pages"}],"about":[{"href":"https:\/\/www.ovpm.org\/fr\/wp-json\/wp\/v2\/types\/page"}],"author":[{"embeddable":true,"href":"https:\/\/www.ovpm.org\/fr\/wp-json\/wp\/v2\/users\/3"}],"replies":[{"embeddable":true,"href":"https:\/\/www.ovpm.org\/fr\/wp-json\/wp\/v2\/comments?post=22423"}],"version-history":[{"count":62,"href":"https:\/\/www.ovpm.org\/fr\/wp-json\/wp\/v2\/pages\/22423\/revisions"}],"predecessor-version":[{"id":36919,"href":"https:\/\/www.ovpm.org\/fr\/wp-json\/wp\/v2\/pages\/22423\/revisions\/36919"}],"wp:attachment":[{"href":"https:\/\/www.ovpm.org\/fr\/wp-json\/wp\/v2\/media?parent=22423"}],"curies":[{"name":"wp","href":"https:\/\/api.w.org\/{rel}","templated":true}]}}