{"id":221,"date":"2018-07-19T17:15:56","date_gmt":"2018-07-19T17:15:56","guid":{"rendered":"https:\/\/www.ovpm.org\/?page_id=221"},"modified":"2025-05-14T19:09:58","modified_gmt":"2025-05-14T19:09:58","slug":"plan-action","status":"publish","type":"page","link":"https:\/\/www.ovpm.org\/fr\/plan-action\/","title":{"rendered":"Plan d&rsquo;action"},"content":{"rendered":"<p>Le Plan d\u2019action de l\u2019OVPM est adopt\u00e9 tous les deux ans par l\u2019Assembl\u00e9e g\u00e9n\u00e9rale.<\/p>\n<p>Le document ci-apr\u00e8s pr\u00e9sente la structure g\u00e9n\u00e9rale des diff\u00e9rents programmes. Les activit\u00e9s d\u00e9taill\u00e9es seront pr\u00e9sent\u00e9es d\u00e8s que possible pour leur mise en \u0153uvre avant la fin 2024 ou le d\u00e9but de 2025.<br \/>\n<a href=\"https:\/\/www.ovpm.org\/wp-content\/uploads\/2024\/11\/plan-daction-2025-2026fra-1.pdf\" class=\"button m-t-sm m-b-sm\">Plan d&rsquo;action 2025-2026<\/a><\/p>\n<p>Le Secr\u00e9tariat g\u00e9n\u00e9ral s\u2019attache en priorit\u00e9 \u00e0 clarifier les conditions de mise en \u0153uvre des deux programmes <em>Feuille de route de Qu\u00e9bec<\/em> et <em>Chemin de Cordoue<\/em> qui sont d\u00e9di\u00e9s \u00e0 l\u2019\u00e9laboration du <em>Nouveau Projet Urbain<\/em>. Les progr\u00e8s r\u00e9alis\u00e9s depuis 2022 et les objectifs pr\u00e9cis\u00e9s \u00e0 Cordoue clarifient les perspectives :<\/p>\n<p><img loading=\"lazy\" decoding=\"async\" class=\"alignnone wp-image-34962 \" src=\"https:\/\/www.ovpm.org\/wp-content\/uploads\/2025\/05\/fr-e1747249689413-300x155.png\" alt=\"\" width=\"628\" height=\"324\" srcset=\"https:\/\/www.ovpm.org\/wp-content\/uploads\/2025\/05\/fr-e1747249689413-300x155.png 300w, https:\/\/www.ovpm.org\/wp-content\/uploads\/2025\/05\/fr-e1747249689413-1024x528.png 1024w, https:\/\/www.ovpm.org\/wp-content\/uploads\/2025\/05\/fr-e1747249689413-768x396.png 768w, https:\/\/www.ovpm.org\/wp-content\/uploads\/2025\/05\/fr-e1747249689413-1536x792.png 1536w, https:\/\/www.ovpm.org\/wp-content\/uploads\/2025\/05\/fr-e1747249689413-1200x619.png 1200w, https:\/\/www.ovpm.org\/wp-content\/uploads\/2025\/05\/fr-e1747249689413-1000x516.png 1000w, https:\/\/www.ovpm.org\/wp-content\/uploads\/2025\/05\/fr-e1747249689413.png 1920w\" sizes=\"(max-width: 628px) 100vw, 628px\" \/><\/p>\n<p>Le Plan d\u2019action 2025-2026 offre \u00e0 tous les membres de l\u2019OVPM de devenir des \u00ab villes apprenantes \u00bb qui d\u00e9velopperont des actions communes, coordonn\u00e9es, mobilisatrices, capables d\u2019entrainer des dynamiques de grandes ampleurs pour r\u00e9soudre des d\u00e9fis largement partag\u00e9s.<\/p>\n<p>VIVE LA VILLE !<\/p>\n<p><iframe loading=\"lazy\" title=\"\u00ab Vive la ville \u00bb\" width=\"500\" height=\"281\" src=\"https:\/\/www.youtube.com\/embed\/1m8UMzp_QPo?feature=oembed\" frameborder=\"0\" allow=\"accelerometer; autoplay; clipboard-write; encrypted-media; gyroscope; picture-in-picture; web-share\" referrerpolicy=\"strict-origin-when-cross-origin\" allowfullscreen><\/iframe><\/p>\n","protected":false},"excerpt":{"rendered":"<p>Le Plan d\u2019action de l\u2019OVPM est adopt\u00e9 tous les deux ans par l\u2019Assembl\u00e9e g\u00e9n\u00e9rale. Le document ci-apr\u00e8s pr\u00e9sente la structure g\u00e9n\u00e9rale des diff\u00e9rents programmes. Les activit\u00e9s d\u00e9taill\u00e9es seront pr\u00e9sent\u00e9es d\u00e8s que possible pour leur mise en \u0153uvre avant la fin 2024 ou le d\u00e9but de 2025. Le Secr\u00e9tariat g\u00e9n\u00e9ral s\u2019attache en priorit\u00e9 \u00e0 clarifier les [&hellip;]<\/p>\n","protected":false},"author":1,"featured_media":0,"parent":0,"menu_order":355,"comment_status":"closed","ping_status":"closed","template":"page-programs.php","meta":{"_acf_changed":false,"footnotes":""},"acf":[],"_links":{"self":[{"href":"https:\/\/www.ovpm.org\/fr\/wp-json\/wp\/v2\/pages\/221"}],"collection":[{"href":"https:\/\/www.ovpm.org\/fr\/wp-json\/wp\/v2\/pages"}],"about":[{"href":"https:\/\/www.ovpm.org\/fr\/wp-json\/wp\/v2\/types\/page"}],"author":[{"embeddable":true,"href":"https:\/\/www.ovpm.org\/fr\/wp-json\/wp\/v2\/users\/1"}],"replies":[{"embeddable":true,"href":"https:\/\/www.ovpm.org\/fr\/wp-json\/wp\/v2\/comments?post=221"}],"version-history":[{"count":12,"href":"https:\/\/www.ovpm.org\/fr\/wp-json\/wp\/v2\/pages\/221\/revisions"}],"predecessor-version":[{"id":34971,"href":"https:\/\/www.ovpm.org\/fr\/wp-json\/wp\/v2\/pages\/221\/revisions\/34971"}],"wp:attachment":[{"href":"https:\/\/www.ovpm.org\/fr\/wp-json\/wp\/v2\/media?parent=221"}],"curies":[{"name":"wp","href":"https:\/\/api.w.org\/{rel}","templated":true}]}}