{"id":20898,"date":"2020-04-20T14:18:50","date_gmt":"2020-04-20T14:18:50","guid":{"rendered":"https:\/\/www.ovpm.org\/?page_id=20898"},"modified":"2020-04-20T14:42:51","modified_gmt":"2020-04-20T14:42:51","slug":"rafael-perez-de-la-concha-camacho","status":"publish","type":"page","link":"https:\/\/www.ovpm.org\/fr\/covid-19\/tell-us-your-story\/rafael-perez-de-la-concha-camacho\/","title":{"rendered":"Rafael Perez de la Concha Camacho &#8211; C\u00f3rdoba (Espa\u00f1a)"},"content":{"rendered":"<p><img loading=\"lazy\" decoding=\"async\" class=\"alignnone size-full wp-image-20848\" src=\"https:\/\/www.ovpm.org\/wp-content\/uploads\/2020\/04\/tell-me-your-storyrafael.png\" alt=\"\" width=\"1080\" height=\"1080\" srcset=\"https:\/\/www.ovpm.org\/wp-content\/uploads\/2020\/04\/tell-me-your-storyrafael.png 1080w, https:\/\/www.ovpm.org\/wp-content\/uploads\/2020\/04\/tell-me-your-storyrafael-150x150.png 150w, https:\/\/www.ovpm.org\/wp-content\/uploads\/2020\/04\/tell-me-your-storyrafael-300x300.png 300w, https:\/\/www.ovpm.org\/wp-content\/uploads\/2020\/04\/tell-me-your-storyrafael-768x768.png 768w, https:\/\/www.ovpm.org\/wp-content\/uploads\/2020\/04\/tell-me-your-storyrafael-1024x1024.png 1024w, https:\/\/www.ovpm.org\/wp-content\/uploads\/2020\/04\/tell-me-your-storyrafael-500x500.png 500w\" sizes=\"(max-width: 1080px) 100vw, 1080px\" \/><\/p>\n<h3>#HeritageCityStories<\/h3>\n<p>Hola. Soy Rafael P\u00e9rez de la Concha Camacho, funcionario del Ayuntamiento de C\u00f3rdoba. Aunque mi formaci\u00f3n es la de Turismo, he trabajado durante 15 a\u00f1os en el \u00e1mbito del Protocolo y las Relaciones P\u00fablicas, y durante los \u00faltimos 20 a\u00f1os tambi\u00e9n en Turismo y en Patrimonio.<\/p>\n<p>Conozco la OCPM desde 2001, a\u00f1o en que desde mi Ayuntamiento me asignaron la responsabilidad de dirigir la Unidad de Turismo y Patrimonio de la Humanidad y la Secretar\u00eda Regional para Europa del Sur y Mediterr\u00e1neo de esta Organizaci\u00f3n de Ciudades Patrimonio Mundial, como Coordinador Regional. 35 a\u00f1os trabajando para hacer mejor la vida en mi ciudad, C\u00f3rdoba. Todo un lujo que disfruto cada d\u00eda.<\/p>\n<p>Tanto el Turismo como el Patrimonio sufren a menudo agresiones mundiales como las guerras y las crisis econ\u00f3micas, que destruyen nuestros vestigios culturales y, especialmente, afectan a los profesionales que desarrollan su actividad econ\u00f3mica en estos sectores. En estos momentos y debido a la paralizaci\u00f3n total a causa de la pandemia del COVID-19, estamos sufriendo una situaci\u00f3n muy dif\u00edcil en ambos \u00e1mbitos. Personalmente no me afecta econ\u00f3micamente, de momento, pero en el sector tur\u00edstico y en el Patrimonio, esta par\u00e1lisis est\u00e1 ocasionando situaciones muy tristes para muchos profesionales y amigos, y que vivo en primera persona, pues mis hijos han perdido total o parcialmente su trabajo.<\/p>\n<p>Casado con Loli desde hace 34 a\u00f1os con quien he formado una maravillosa familia. Mi hijo Rafa se casa en septiembre. Trabaja en el departamento web de una importante cadena hotelera espa\u00f1ola, que ha tenido que adoptar medidas de Regulaci\u00f3n del Empleo y ha visto reducida su actividad y sus ingresos\u2026 Mi hija Azahara, quien me acompa\u00f1\u00f3 al \u00faltimo Congreso Mundial de la OCPM celebrado en Cracovia, es Gu\u00eda Oficial de Turismo en C\u00f3rdoba, y hasta la declaraci\u00f3n del Estado de Alarma en Espa\u00f1a, desarrollaba su carrera profesional mostrando a nuestros numerosos visitantes el maravilloso patrimonio de C\u00f3rdoba, con cuatro inscripciones en la Lista de la UNESCO.<\/p>\n<p>Mi madre \u00c1ngela, un Patrimonio Humano impresionante que enviud\u00f3 con 40 a\u00f1os pero que sac\u00f3 adelante a cuatro hijos peque\u00f1os en una Espa\u00f1a con pocas oportunidades, cumplir\u00e1 98 a\u00f1os en breve. Pero este a\u00f1o sus hijos y nietos no podremos celebrarlo junto a ella debido al confinamiento al que estamos obligados. Ellos, nuestros mayores, quienes lo han dado todo por esta sociedad, son quienes peor lo est\u00e1n pasando. Muriendo muchos de ellos y aislados todos los dem\u00e1s, sin el cari\u00f1o familiar en una etapa dif\u00edcil de sus vidas&#8230;<\/p>\n<p>Pero estoy absolutamente convencido de que todo volver\u00e1 a la normalidad poco a poco. Y volveremos a salir para trabajar, para pasear, para disfrutar de nuestras bellas ciudades, de nuestras incre\u00edbles familias y por supuesto a reunirnos con los amigos. Volveremos m\u00e1s fuertes, con m\u00e1s ganas de vivir, m\u00e1s solidarios, m\u00e1s tolerantes, m\u00e1s humanos\u2026<\/p>\n","protected":false},"excerpt":{"rendered":"<p>#HeritageCityStories Hola. Soy Rafael P\u00e9rez de la Concha Camacho, funcionario del Ayuntamiento de C\u00f3rdoba. Aunque mi formaci\u00f3n es la de Turismo, he trabajado durante 15 a\u00f1os en el \u00e1mbito del Protocolo y las Relaciones P\u00fablicas, y durante los \u00faltimos 20 a\u00f1os tambi\u00e9n en Turismo y en Patrimonio. Conozco la OCPM desde 2001, a\u00f1o en que [&hellip;]<\/p>\n","protected":false},"author":3,"featured_media":0,"parent":20845,"menu_order":255,"comment_status":"closed","ping_status":"closed","template":"","meta":{"_acf_changed":false,"footnotes":""},"acf":[],"_links":{"self":[{"href":"https:\/\/www.ovpm.org\/fr\/wp-json\/wp\/v2\/pages\/20898"}],"collection":[{"href":"https:\/\/www.ovpm.org\/fr\/wp-json\/wp\/v2\/pages"}],"about":[{"href":"https:\/\/www.ovpm.org\/fr\/wp-json\/wp\/v2\/types\/page"}],"author":[{"embeddable":true,"href":"https:\/\/www.ovpm.org\/fr\/wp-json\/wp\/v2\/users\/3"}],"replies":[{"embeddable":true,"href":"https:\/\/www.ovpm.org\/fr\/wp-json\/wp\/v2\/comments?post=20898"}],"version-history":[{"count":0,"href":"https:\/\/www.ovpm.org\/fr\/wp-json\/wp\/v2\/pages\/20898\/revisions"}],"up":[{"embeddable":true,"href":"https:\/\/www.ovpm.org\/fr\/wp-json\/wp\/v2\/pages\/20845"}],"wp:attachment":[{"href":"https:\/\/www.ovpm.org\/fr\/wp-json\/wp\/v2\/media?parent=20898"}],"curies":[{"name":"wp","href":"https:\/\/api.w.org\/{rel}","templated":true}]}}