{"id":20737,"date":"2020-04-16T14:25:24","date_gmt":"2020-04-16T14:25:24","guid":{"rendered":"https:\/\/www.ovpm.org\/?page_id=20737"},"modified":"2020-12-07T14:41:56","modified_gmt":"2020-12-07T14:41:56","slug":"covid-19","status":"publish","type":"page","link":"https:\/\/www.ovpm.org\/fr\/covid-19\/","title":{"rendered":"COVID-19"},"content":{"rendered":"<h2>L\u2019OVPM en temps de crise<\/h2>\n<p>En ces temps difficiles, l\u2019OVPM continue d\u2019exprimer sa solidarit\u00e9 envers tous les leaders et les travailleurs de nos villes qui d\u00e9ploient d\u2019\u00e9normes efforts quotidiennement pour prot\u00e9ger tous les citoyens de leur communaut\u00e9.<\/p>\n<p>Un des objectifs de l\u2019OVPM est d\u2019encourager la coop\u00e9ration et l\u2019\u00e9change d\u2019information entre les membres, en plus de d\u00e9velopper un sens de la solidarit\u00e9 parmi ceux-ci. La coop\u00e9ration de ville \u00e0 ville \u00e9tant cruciale de nos jours, l\u2019OVPM fait appel \u00e0 votre sens de l\u2019entraide pour soutenir toutes les villes du patrimoine mondial.<\/p>\n<p>En 2015, le th\u00e8me de notre 13e Congr\u00e8s mondial \u00e9tait \u00ab Villes du patrimoine mondial, Villes r\u00e9silientes \u00bb. Dans le cadre de la R\u00e9solution d\u2019Arequipa, il a \u00e9t\u00e9 conclu que \u00ab Le r\u00f4le du patrimoine culturel en ce qui a trait \u00e0 la r\u00e9silience ne devrait pas se limiter aux pr\u00e9occupations face aux risques naturels. La r\u00e9silience \u00e9conomique et sociale devrait aussi \u00eatre une partie importante de notre compr\u00e9hension du concept. \u00bb Il ne fait aucun doute maintenant que cette situation nous am\u00e8ne \u00e0 faire face \u00e0 une importante r\u00e9silience \u00e9conomique et sociale.<\/p>\n<p>En ce sens, engageons-nous tous dans une action virtuelle collective et mobilisons notre r\u00e9seau vers une cause commune ; en exposant l\u2019unicit\u00e9 et les similitudes de nos villes en ces temps de crise et en d\u00e9montrant leur r\u00e9silience face \u00e0 cette situation.<\/p>\n<p>Il n\u2019y a pas de meilleure fa\u00e7on de connecter, de partager et d&rsquo;\u00e9changer via des outils en ligne. En naviguant sur ces pages, vous trouverez une foule d&rsquo;informations et de contenus utiles, allant des initiatives des villes membres pour att\u00e9nuer les impacts de la COVID-19 dans leurs communaut\u00e9s, \u00e0 des images impressionnantes de nos sites du patrimoine mondial compl\u00e8tement d\u00e9serts.<br \/>\nL\u2019OVPM s\u2019engage \u00e0 distribuer dans son r\u00e9seau toute information utile en lien avec la pand\u00e9mie que nos membres voudront bien nous partager.<\/p>\n<div class=\"section grid col-12\" style=\"margin-left: -1rem; margin-right: -1rem;\"><div class=\"col-6 col--sm-12 grid wysiwyg p-l-xsm p-r-xsm m-b-xsm\"><\/p>\n<h5 style=\"text-align: center;\"><a href=\"https:\/\/www.ovpm.org\/fr\/covid-19\/initiatives\/\"><img loading=\"lazy\" decoding=\"async\" class=\"aligncenter wp-image-20795 size-medium\" src=\"https:\/\/www.ovpm.org\/wp-content\/uploads\/2020\/04\/icon-initiativeseng-fra-300x141.png\" alt=\"\" width=\"300\" height=\"141\" srcset=\"https:\/\/www.ovpm.org\/wp-content\/uploads\/2020\/04\/icon-initiativeseng-fra-300x141.png 300w, https:\/\/www.ovpm.org\/wp-content\/uploads\/2020\/04\/icon-initiativeseng-fra.png 358w\" sizes=\"(max-width: 300px) 100vw, 300px\" \/><\/a><\/h5>\n<h5 style=\"text-align: center;\">Partagez vos initiatives pour att\u00e9nuer les impacts of COVID-19 dans vos communaut\u00e9s.<\/h5>\n<p><\/div><div class=\"col-6 col--sm-12 grid wysiwyg p-l-xsm p-r-xsm m-b-xsm\"><\/p>\n<h5 style=\"text-align: center;\"><a href=\"https:\/\/www.ovpm.org\/fr\/covid-19\/medias-sociaux\/\"><img loading=\"lazy\" decoding=\"async\" class=\"aligncenter wp-image-20870 size-medium\" src=\"https:\/\/www.ovpm.org\/wp-content\/uploads\/2020\/04\/iconmedias-sociauxfra-300x140.png\" alt=\"\" width=\"300\" height=\"140\" srcset=\"https:\/\/www.ovpm.org\/wp-content\/uploads\/2020\/04\/iconmedias-sociauxfra-300x140.png 300w, https:\/\/www.ovpm.org\/wp-content\/uploads\/2020\/04\/iconmedias-sociauxfra.png 357w\" sizes=\"(max-width: 300px) 100vw, 300px\" \/><\/a><\/h5>\n<h5 style=\"text-align: center;\">#ResilientHeritageCities \u2013 Partagez des photos et vid\u00e9os de vos villes et sites du patrimoine mondial<\/h5>\n<p><\/div><\/div>\n<h5 style=\"text-align: center;\"><a href=\"https:\/\/www.ovpm.org\/fr\/covid-19\/racontez-votre-histoire\/\"><img loading=\"lazy\" decoding=\"async\" class=\"aligncenter wp-image-20873 size-medium\" src=\"https:\/\/www.ovpm.org\/wp-content\/uploads\/2020\/04\/iconracontez-votre-histoirefra-300x141.png\" alt=\"\" width=\"300\" height=\"141\" srcset=\"https:\/\/www.ovpm.org\/wp-content\/uploads\/2020\/04\/iconracontez-votre-histoirefra-300x141.png 300w, https:\/\/www.ovpm.org\/wp-content\/uploads\/2020\/04\/iconracontez-votre-histoirefra.png 356w\" sizes=\"(max-width: 300px) 100vw, 300px\" \/><\/a><\/h5>\n<h5 style=\"text-align: center;\">#HeritageCityStories &#8211; Partagez vos histoires avec nous. Racontez-nous comment vous vivez cette situation sans pr\u00e9c\u00e9dent.<\/h5>\n","protected":false},"excerpt":{"rendered":"<p>L\u2019OVPM en temps de crise En ces temps difficiles, l\u2019OVPM continue d\u2019exprimer sa solidarit\u00e9 envers tous les leaders et les travailleurs de nos villes qui d\u00e9ploient d\u2019\u00e9normes efforts quotidiennement pour prot\u00e9ger tous les citoyens de leur communaut\u00e9. Un des objectifs de l\u2019OVPM est d\u2019encourager la coop\u00e9ration et l\u2019\u00e9change d\u2019information entre les membres, en plus de [&hellip;]<\/p>\n","protected":false},"author":3,"featured_media":20710,"parent":0,"menu_order":257,"comment_status":"closed","ping_status":"closed","template":"","meta":{"_acf_changed":false,"footnotes":""},"acf":[],"_links":{"self":[{"href":"https:\/\/www.ovpm.org\/fr\/wp-json\/wp\/v2\/pages\/20737"}],"collection":[{"href":"https:\/\/www.ovpm.org\/fr\/wp-json\/wp\/v2\/pages"}],"about":[{"href":"https:\/\/www.ovpm.org\/fr\/wp-json\/wp\/v2\/types\/page"}],"author":[{"embeddable":true,"href":"https:\/\/www.ovpm.org\/fr\/wp-json\/wp\/v2\/users\/3"}],"replies":[{"embeddable":true,"href":"https:\/\/www.ovpm.org\/fr\/wp-json\/wp\/v2\/comments?post=20737"}],"version-history":[{"count":0,"href":"https:\/\/www.ovpm.org\/fr\/wp-json\/wp\/v2\/pages\/20737\/revisions"}],"wp:featuredmedia":[{"embeddable":true,"href":"https:\/\/www.ovpm.org\/fr\/wp-json\/wp\/v2\/media\/20710"}],"wp:attachment":[{"href":"https:\/\/www.ovpm.org\/fr\/wp-json\/wp\/v2\/media?parent=20737"}],"curies":[{"name":"wp","href":"https:\/\/api.w.org\/{rel}","templated":true}]}}