{"id":20530,"date":"2020-03-27T19:57:41","date_gmt":"2020-03-27T19:57:41","guid":{"rendered":"https:\/\/www.ovpm.org\/?page_id=20530"},"modified":"2021-01-11T15:10:09","modified_gmt":"2021-01-11T15:10:09","slug":"initiatives","status":"publish","type":"page","link":"https:\/\/www.ovpm.org\/fr\/covid-19\/initiatives\/","title":{"rendered":"Initiatives"},"content":{"rendered":"<h2>La r\u00e9ponse des villes du patrimoine mondial \u00e0 la pand\u00e9mie de COVID-19<\/h2>\n<p>La pand\u00e9mie de COVID-19 pousse toutes les villes \u00e0 donner des r\u00e9ponses imm\u00e9diates \u00e0 une crise mondiale qui menace non seulement la sant\u00e9 de la population, mais l\u2019\u00e9conomie et les infrastructures de nos territoires.<\/p>\n<p>Les villes du patrimoine mondial n\u2019y font pas exception et l&rsquo;OVPM souhaite aider \u00e0 mettre en commun des exp\u00e9riences de premi\u00e8re main sur les diff\u00e9rentes fa\u00e7ons dont vous faites face \u00e0 la situation.\u00a0<strong>Comment le patrimoine et la culture contribuent-ils \u00e0 la relance?<\/strong><\/p>\n<p>D\u00e9couvrez ci-dessous les actions men\u00e9es par diff\u00e9rentes villes \u00e0 travers le monde, et partagez vos actions avec l&rsquo;OVPM et sa communaut\u00e9.<\/p>\n<p style=\"text-align: center;\"><a href=\"https:\/\/www.ovpm.org\/fr\/covid-19\/initiatives\/formulaire-1\/\" class=\"button m-t-sm m-b-sm\">Soumettre une initiative<\/a><\/p>\n","protected":false},"excerpt":{"rendered":"<p>La r\u00e9ponse des villes du patrimoine mondial \u00e0 la pand\u00e9mie de COVID-19 La pand\u00e9mie de COVID-19 pousse toutes les villes \u00e0 donner des r\u00e9ponses imm\u00e9diates \u00e0 une crise mondiale qui menace non seulement la sant\u00e9 de la population, mais l\u2019\u00e9conomie et les infrastructures de nos territoires. Les villes du patrimoine mondial n\u2019y font pas exception [&hellip;]<\/p>\n","protected":false},"author":3,"featured_media":20710,"parent":20737,"menu_order":261,"comment_status":"closed","ping_status":"closed","template":"","meta":{"_acf_changed":false,"footnotes":""},"acf":[],"_links":{"self":[{"href":"https:\/\/www.ovpm.org\/fr\/wp-json\/wp\/v2\/pages\/20530"}],"collection":[{"href":"https:\/\/www.ovpm.org\/fr\/wp-json\/wp\/v2\/pages"}],"about":[{"href":"https:\/\/www.ovpm.org\/fr\/wp-json\/wp\/v2\/types\/page"}],"author":[{"embeddable":true,"href":"https:\/\/www.ovpm.org\/fr\/wp-json\/wp\/v2\/users\/3"}],"replies":[{"embeddable":true,"href":"https:\/\/www.ovpm.org\/fr\/wp-json\/wp\/v2\/comments?post=20530"}],"version-history":[{"count":0,"href":"https:\/\/www.ovpm.org\/fr\/wp-json\/wp\/v2\/pages\/20530\/revisions"}],"up":[{"embeddable":true,"href":"https:\/\/www.ovpm.org\/fr\/wp-json\/wp\/v2\/pages\/20737"}],"wp:featuredmedia":[{"embeddable":true,"href":"https:\/\/www.ovpm.org\/fr\/wp-json\/wp\/v2\/media\/20710"}],"wp:attachment":[{"href":"https:\/\/www.ovpm.org\/fr\/wp-json\/wp\/v2\/media?parent=20530"}],"curies":[{"name":"wp","href":"https:\/\/api.w.org\/{rel}","templated":true}]}}