{"id":138,"date":"2018-07-11T21:03:46","date_gmt":"2018-07-11T21:03:46","guid":{"rendered":"https:\/\/www.ovpm.org\/?page_id=138"},"modified":"2026-02-27T15:43:25","modified_gmt":"2026-02-27T15:43:25","slug":"congres-mondiaux","status":"publish","type":"page","link":"https:\/\/www.ovpm.org\/fr\/congres-mondiaux\/","title":{"rendered":"Congr\u00e8s mondiaux"},"content":{"rendered":"<p>Les Congr\u00e8s mondiaux de l\u2019OVPM sont organis\u00e9s tous les deux ans. Depuis la fondation de l\u2019Organisation, ils ont rythm\u00e9 son \u00e9volution et offert \u00e0 ses membres de se r\u00e9unir.<\/p>\n<p>Vous trouverez ici plusieurs informations pertinentes en lien avec la pr\u00e9paration du prochain congr\u00e8s mondial tels que les inscriptions, diff\u00e9rents formulaires essentiels, le th\u00e8me, les expositions d\u2019affiches et plus encore. Cette page met \u00e9galement \u00e0 la disposition des membres les actes de colloques publi\u00e9s depuis 1991 dans une d\u00e9marche de conservation de la m\u00e9moire de l\u2019OVPM, doubl\u00e9e d\u2019une transmission de ce savoir \u00e0 la communaut\u00e9 internationale.<\/p>\n","protected":false},"excerpt":{"rendered":"<p>Les Congr\u00e8s mondiaux de l\u2019OVPM sont organis\u00e9s tous les deux ans. Depuis la fondation de l\u2019Organisation, ils ont rythm\u00e9 son \u00e9volution et offert \u00e0 ses membres de se r\u00e9unir. Vous trouverez ici plusieurs informations pertinentes en lien avec la pr\u00e9paration du prochain congr\u00e8s mondial tels que les inscriptions, diff\u00e9rents formulaires essentiels, le th\u00e8me, les expositions [&hellip;]<\/p>\n","protected":false},"author":1,"featured_media":0,"parent":0,"menu_order":376,"comment_status":"closed","ping_status":"closed","template":"page-congress.php","meta":{"_acf_changed":false,"footnotes":""},"acf":[],"_links":{"self":[{"href":"https:\/\/www.ovpm.org\/fr\/wp-json\/wp\/v2\/pages\/138"}],"collection":[{"href":"https:\/\/www.ovpm.org\/fr\/wp-json\/wp\/v2\/pages"}],"about":[{"href":"https:\/\/www.ovpm.org\/fr\/wp-json\/wp\/v2\/types\/page"}],"author":[{"embeddable":true,"href":"https:\/\/www.ovpm.org\/fr\/wp-json\/wp\/v2\/users\/1"}],"replies":[{"embeddable":true,"href":"https:\/\/www.ovpm.org\/fr\/wp-json\/wp\/v2\/comments?post=138"}],"version-history":[{"count":5,"href":"https:\/\/www.ovpm.org\/fr\/wp-json\/wp\/v2\/pages\/138\/revisions"}],"predecessor-version":[{"id":36761,"href":"https:\/\/www.ovpm.org\/fr\/wp-json\/wp\/v2\/pages\/138\/revisions\/36761"}],"wp:attachment":[{"href":"https:\/\/www.ovpm.org\/fr\/wp-json\/wp\/v2\/media?parent=138"}],"curies":[{"name":"wp","href":"https:\/\/api.w.org\/{rel}","templated":true}]}}