{"id":9163,"date":"2018-09-24T21:24:12","date_gmt":"2018-09-24T21:24:12","guid":{"rendered":"https:\/\/www.ovpm.org\/?page_id=9163"},"modified":"2023-04-27T17:29:43","modified_gmt":"2023-04-27T17:29:43","slug":"como-ser-miembro","status":"publish","type":"page","link":"https:\/\/www.ovpm.org\/es\/miembros\/como-ser-miembro\/","title":{"rendered":"C\u00f3mo ser miembro"},"content":{"rendered":"<h3>Este es el procedimiento para que su ciudad se una a nuestra red y se convierta en miembro de la OCPM:<\/h3>\n<h4><strong>1. De acuerdo con los <a href=\"https:\/\/www.ovpm.org\/es\/gobernanza\/reglamentos-generales\/\">Estatutos de la Organizaci\u00f3n<\/a>, para convertirse en miembro de la OCPM :<\/strong><\/h4>\n<p><strong>a.<\/strong> Su ciudad debe tener en su territorio un sitio que represente un conjunto urbano vivo o un bien dentro de un contexto urbano inscrito en la Lista del Patrimonio Mundial, cuyo Valor Universal Excepcional (VUE) sea reconocido por el Comit\u00e9 del Patrimonio Mundial de la UNESCO y cumpla por lo menos uno de los criterios (i) (ii) (iii) (iv) (v) o (vi) de la Convenci\u00f3n sobre la Protecci\u00f3n del Patrimonio Mundial Cultural y Natural.<\/p>\n<p><strong>b.<\/strong> Su ciudad tambi\u00e9n debe adherirse a los valores de la OCPM tal como figuran en la <a href=\"https:\/\/www.ovpm.org\/es\/miembros\/carta-de-la-ocpm\/\">Carta de la OCPM<\/a>.<\/p>\n<p><strong>Para enviar una solicitud, el alcalde de la ciudad debe firmar y enviar una carta de solicitud al Secretario General de la OCPM, por correo electr\u00f3nico o a la siguiente direcci\u00f3n:<\/strong><\/p>\n<p>Sr. Mikhael DE THYSE<br \/>\nSecretario General<br \/>\nOrganizaci\u00f3n de las Ciudades del Patrimonio Mundial<br \/>\nEspace 400e, Suite 140<br \/>\n100, Quai Saint-Andr\u00e9<br \/>\nQu\u00e9bec (QC), G1K 3Y2, Canad\u00e1<\/p>\n<p>Correo electr\u00f3nico: <a href=\"mailto:secretariat@ovpm.org\">secretariat@ovpm.org<\/a><\/p>\n<p>La carta debe confirmar la adhesi\u00f3n a los valores de la OCPM e incluir una descripci\u00f3n del sitio del Patrimonio Mundial inscrito en la Lista de la UNESCO.<\/p>\n<p><strong>Una vez verificada la elegibilidad de la ciudad<\/strong>, el Secretario General confirmar\u00e1 su adhesi\u00f3n a la Organizaci\u00f3n. La ciudad ser\u00e1 considerada \u00abmiembro en regla\u00bb tras el pago de la cuota anual de adhesi\u00f3n (v\u00e9ase la f\u00f3rmula de c\u00e1lculo de la cuota m\u00e1s abajo). Los miembros en regla est\u00e1n sujetos a los Estatutos y reglamentos de la OCPM y tienen derecho a los servicios y privilegios descritos en el documento que figura a continuaci\u00f3n.<\/p>\n<h4><strong>2. De acuerdo con los <a href=\"https:\/\/www.ovpm.org\/es\/gobernanza\/reglamentos-generales\/\">Estatutos de la Organizaci\u00f3n<\/a>, para ser miembro observador*:<\/strong><\/h4>\n<p>Su ciudad debe tener un sitio o bien inscrito en la <strong><em>Lista indicativa de la Convenci\u00f3n del Patrimonio Mundial de la UNESCO<\/em><\/strong>. El alcalde debe enviar una carta de solicitud de adhesi\u00f3n firmada al Secretario General de la OCPM (v\u00e9ase el nombre y la direcci\u00f3n m\u00e1s arriba). Una vez verificada la elegibilidad de la ciudad, el Secretario General confirmar\u00e1 la adhesi\u00f3n. La ciudad ser\u00e1 considerada \u00abmiembro observador en regla\u00bb seg\u00fan las condiciones establecidas en los Reglamentos. Un miembro observador no tiene derecho a la Asamblea General, pero est\u00e1 sujeto a los estatutos y reglamentos de la OCPM y puede beneficiarse de todos los privilegios, programas y actividades de la Organizaci\u00f3n destinados a \u00e9l (v\u00e9ase el documento siguiente).<\/p>\n<p>*El miembro observador paga la mitad (50%) de la cuota que la ciudad pagar\u00eda si fuera miembro de pleno derecho. Si el miembro observador tiene un sitio que se inscribe oficialmente en la Lista del Patrimonio Mundial de la UNESCO y desea seguir siendo miembro de la OCPM, se convertir\u00e1 en miembro de pleno derecho, pagar\u00e1 la totalidad de la cuota y tendr\u00e1 derecho a todos los servicios y privilegios ofrecidos a los miembros.<\/p>\n<h4><strong>3. Si su ciudad no puede convertirse en miembro de la OCPM<\/strong>, pero est\u00e1 interesada en nuestras actividades, puede seguirnos en nuestras redes sociales y <a href=\"https:\/\/www.ovpm.org\/es\/comunicacion\/\">suscribirse a nuestro bolet\u00edn<\/a>.<\/h4>\n<p>Para cualquier otra solicitud de colaboraci\u00f3n, escr\u00edbenos a <a href=\"mailto:secretariat@ovpm.org\">secretariat@ovpm.org<\/a><\/p>\n<blockquote><p>Antes de enviar su solicitud a la Secretar\u00eda General, tenga en cuenta la informaci\u00f3n contenida en estas p\u00e1ginas: <a href=\"https:\/\/www.ovpm.org\/es\/miembros\/derechos-y-privilegios\/\">Derechos y privilegios<\/a> y <a href=\"https:\/\/www.ovpm.org\/es\/miembros\/carta-de-la-ocpm\/\">Carta de la OCPM<\/a>. En estas se indican los servicios ofrecidos a las distintas categor\u00edas de miembros, la informaci\u00f3n sobre la cuota anual y la carta a la cual debe adherirse.<\/p><\/blockquote>\n<hr \/>\n<h3>Solicitud de informaci\u00f3n<\/h3>\n<p>Para obtener cualquier informaci\u00f3n adicional en cuanto a su solicitud de adhesi\u00f3n, favor de comunicarse con la Secretaria General de la OCPM: <a href=\"mailto:secretariat@ovpm.org\">secretariat@ovpm.org<\/a><\/p>\n","protected":false},"excerpt":{"rendered":"<p>Este es el procedimiento para que su ciudad se una a nuestra red y se convierta en miembro de la OCPM: 1. De acuerdo con los Estatutos de la Organizaci\u00f3n, para convertirse en miembro de la OCPM : a. Su ciudad debe tener en su territorio un sitio que represente un conjunto urbano vivo o [&hellip;]<\/p>\n","protected":false},"author":1,"featured_media":0,"parent":29418,"menu_order":55,"comment_status":"closed","ping_status":"closed","template":"","meta":{"_acf_changed":false,"footnotes":""},"acf":[],"_links":{"self":[{"href":"https:\/\/www.ovpm.org\/es\/wp-json\/wp\/v2\/pages\/9163"}],"collection":[{"href":"https:\/\/www.ovpm.org\/es\/wp-json\/wp\/v2\/pages"}],"about":[{"href":"https:\/\/www.ovpm.org\/es\/wp-json\/wp\/v2\/types\/page"}],"author":[{"embeddable":true,"href":"https:\/\/www.ovpm.org\/es\/wp-json\/wp\/v2\/users\/1"}],"replies":[{"embeddable":true,"href":"https:\/\/www.ovpm.org\/es\/wp-json\/wp\/v2\/comments?post=9163"}],"version-history":[{"count":4,"href":"https:\/\/www.ovpm.org\/es\/wp-json\/wp\/v2\/pages\/9163\/revisions"}],"predecessor-version":[{"id":29458,"href":"https:\/\/www.ovpm.org\/es\/wp-json\/wp\/v2\/pages\/9163\/revisions\/29458"}],"up":[{"embeddable":true,"href":"https:\/\/www.ovpm.org\/es\/wp-json\/wp\/v2\/pages\/29418"}],"wp:attachment":[{"href":"https:\/\/www.ovpm.org\/es\/wp-json\/wp\/v2\/media?parent=9163"}],"curies":[{"name":"wp","href":"https:\/\/api.w.org\/{rel}","templated":true}]}}