{"id":9142,"date":"2018-09-24T20:46:18","date_gmt":"2018-09-24T20:46:18","guid":{"rendered":"https:\/\/www.ovpm.org\/?page_id=9142"},"modified":"2024-12-02T17:26:55","modified_gmt":"2024-12-02T17:26:55","slug":"comunicacion","status":"publish","type":"page","link":"https:\/\/www.ovpm.org\/es\/comunicacion\/","title":{"rendered":"Comunicaci\u00f3n"},"content":{"rendered":"<h2>Pol\u00edtica de acceso a la informaci\u00f3n de la OCPM y bolet\u00edn de noticias<\/h2>\n<p>Con el fin de facilitar el acceso a la informaci\u00f3n sobre las \u00faltimas noticias relacionadas con las actividades de la OCPM, se produce y env\u00eda regularmente por correo un bolet\u00edn de noticias, a todos los miembros de nuestra red internacional. Este bolet\u00edn combina todas las noticias concernientes a las actividades de la Secretaria General, las Secretarias Regionales, las Ciudades y el Patrimonio Mundial urbano que se desarrollaron en las \u00faltimas semanas y que est\u00e1n por venir. Adem\u00e1s, se agrega al bolet\u00edn una secci\u00f3n especial sobre los avances del pr\u00f3ximo Congreso Mundial durante los a\u00f1os impares; \u00a1a\u00f1os de los <a href=\"\/ovpm?page_id=360\">Congresos Mundiales<\/a>!<\/p>\n<p>\u00bfQuiere formar parte de nuestra lista de env\u00edos? Mande por correo su solicitud a <a href=\"mailto:secretariat@ovpm.org\">secretariat@ovpm.org<\/a> o llene el formulario siguiente.<\/p>\n<p>&nbsp;<\/p>\n<h3>Bolet\u00edn de noticias<\/h3>\n<script type=\"text\/javascript\">var gform;gform||(document.addEventListener(\"gform_main_scripts_loaded\",function(){gform.scriptsLoaded=!0}),window.addEventListener(\"DOMContentLoaded\",function(){gform.domLoaded=!0}),gform={domLoaded:!1,scriptsLoaded:!1,initializeOnLoaded:function(o){gform.domLoaded&&gform.scriptsLoaded?o():!gform.domLoaded&&gform.scriptsLoaded?window.addEventListener(\"DOMContentLoaded\",o):document.addEventListener(\"gform_main_scripts_loaded\",o)},hooks:{action:{},filter:{}},addAction:function(o,n,r,t){gform.addHook(\"action\",o,n,r,t)},addFilter:function(o,n,r,t){gform.addHook(\"filter\",o,n,r,t)},doAction:function(o){gform.doHook(\"action\",o,arguments)},applyFilters:function(o){return gform.doHook(\"filter\",o,arguments)},removeAction:function(o,n){gform.removeHook(\"action\",o,n)},removeFilter:function(o,n,r){gform.removeHook(\"filter\",o,n,r)},addHook:function(o,n,r,t,i){null==gform.hooks[o][n]&&(gform.hooks[o][n]=[]);var e=gform.hooks[o][n];null==i&&(i=n+\"_\"+e.length),gform.hooks[o][n].push({tag:i,callable:r,priority:t=null==t?10:t})},doHook:function(n,o,r){var t;if(r=Array.prototype.slice.call(r,1),null!=gform.hooks[n][o]&&((o=gform.hooks[n][o]).sort(function(o,n){return o.priority-n.priority}),o.forEach(function(o){\"function\"!=typeof(t=o.callable)&&(t=window[t]),\"action\"==n?t.apply(null,r):r[0]=t.apply(null,r)})),\"filter\"==n)return r[0]},removeHook:function(o,n,t,i){var r;null!=gform.hooks[o][n]&&(r=(r=gform.hooks[o][n]).filter(function(o,n,r){return!!(null!=i&&i!=o.tag||null!=t&&t!=o.priority)}),gform.hooks[o][n]=r)}});<\/script>\n                <div class='gf_browser_gecko gform_wrapper gform_legacy_markup_wrapper gform-theme--no-framework form_wrapper wrap-content_wrapper p-t_wrapper p-b-med_wrapper grid_wrapper' data-form-theme='legacy' data-form-index='0' id='gform_wrapper_20' ><form method='post' enctype='multipart\/form-data'  id='gform_20' class='form wrap-content p-t p-b-med grid' action='\/es\/wp-json\/wp\/v2\/pages\/9142' data-formid='20' novalidate> \r\n <input type='hidden' class='gforms-pum' value='{\"closepopup\":false,\"closedelay\":0,\"openpopup\":false,\"openpopup_id\":0}' \/>\n                        <div class='gform-body gform_body'><ul id='gform_fields_20' class='gform_fields top_label form_sublabel_below description_below validation_below'><li id=\"field_20_7\" class=\"gfield gfield--type-checkbox gfield--type-choice gfield--input-type-checkbox gfield_contains_required field_sublabel_below gfield--no-description field_description_below field_validation_below gfield_visibility_visible\"  data-js-reload=\"field_20_7\" ><label class='gfield_label gform-field-label gfield_label_before_complex' >T\u00edtulo<span class=\"gfield_required\"><span class=\"gfield_required gfield_required_asterisk\">*<\/span><\/span><\/label><div class='ginput_container ginput_container_checkbox'><ul class='gfield_checkbox' id='input_20_7'><li class='gchoice gchoice_20_7_1'>\n\t\t\t\t\t\t\t\t<input class='gfield-choice-input' name='input_7.1' type='checkbox'  value='Sra.'  id='choice_20_7_1'   \/>\n\t\t\t\t\t\t\t\t<label for='choice_20_7_1' id='label_20_7_1' class='gform-field-label gform-field-label--type-inline'>Sra.<\/label>\n\t\t\t\t\t\t\t<\/li><li class='gchoice gchoice_20_7_2'>\n\t\t\t\t\t\t\t\t<input class='gfield-choice-input' name='input_7.2' type='checkbox'  value='Sr.'  id='choice_20_7_2'   \/>\n\t\t\t\t\t\t\t\t<label for='choice_20_7_2' id='label_20_7_2' class='gform-field-label gform-field-label--type-inline'>Sr.<\/label>\n\t\t\t\t\t\t\t<\/li><\/ul><\/div><\/li><li id=\"field_20_3\" class=\"gfield gfield--type-text gfield--input-type-text gfield_contains_required field_sublabel_below gfield--no-description field_description_below field_validation_below gfield_visibility_visible\"  data-js-reload=\"field_20_3\" ><label class='gfield_label gform-field-label' for='input_20_3'>Nombre<span class=\"gfield_required\"><span class=\"gfield_required gfield_required_asterisk\">*<\/span><\/span><\/label><div class='ginput_container ginput_container_text'><input name='input_3' id='input_20_3' type='text' value='' class='large'     aria-required=\"true\" aria-invalid=\"false\"   \/> <\/div><\/li><li id=\"field_20_1\" class=\"gfield gfield--type-text gfield--input-type-text gfield_contains_required field_sublabel_below gfield--no-description field_description_below field_validation_below gfield_visibility_visible\"  data-js-reload=\"field_20_1\" ><label class='gfield_label gform-field-label' for='input_20_1'>Apellido<span class=\"gfield_required\"><span class=\"gfield_required gfield_required_asterisk\">*<\/span><\/span><\/label><div class='ginput_container ginput_container_text'><input name='input_1' id='input_20_1' type='text' value='' class='large'     aria-required=\"true\" aria-invalid=\"false\"   \/> <\/div><\/li><li id=\"field_20_4\" class=\"gfield gfield--type-email gfield--input-type-email gfield_contains_required field_sublabel_below gfield--no-description field_description_below field_validation_below gfield_visibility_visible\"  data-js-reload=\"field_20_4\" ><label class='gfield_label gform-field-label' for='input_20_4'>Correo electr\u00f3nico<span class=\"gfield_required\"><span class=\"gfield_required gfield_required_asterisk\">*<\/span><\/span><\/label><div class='ginput_container ginput_container_email'>\n                            <input name='input_4' id='input_20_4' type='email' value='' class='large'    aria-required=\"true\" aria-invalid=\"false\"  \/>\n                        <\/div><\/li><li id=\"field_20_5\" class=\"gfield gfield--type-text gfield--input-type-text field_sublabel_below gfield--no-description field_description_below field_validation_below gfield_visibility_visible\"  data-js-reload=\"field_20_5\" ><label class='gfield_label gform-field-label' for='input_20_5'>Ciudad<\/label><div class='ginput_container ginput_container_text'><input name='input_5' id='input_20_5' type='text' value='' class='large'      aria-invalid=\"false\"   \/> <\/div><\/li><li id=\"field_20_8\" class=\"gfield gfield--type-text gfield--input-type-text field_sublabel_below gfield--no-description field_description_below field_validation_below gfield_visibility_visible\"  data-js-reload=\"field_20_8\" ><label class='gfield_label gform-field-label' for='input_20_8'>Pa\u00eds<\/label><div class='ginput_container ginput_container_text'><input name='input_8' id='input_20_8' type='text' value='' class='medium'      aria-invalid=\"false\"   \/> <\/div><\/li><li id=\"field_20_6\" class=\"gfield gfield--type-text gfield--input-type-text field_sublabel_below gfield--no-description field_description_below field_validation_below gfield_visibility_visible\"  data-js-reload=\"field_20_6\" ><label class='gfield_label gform-field-label' for='input_20_6'>Organizaci\u00f3n<\/label><div class='ginput_container ginput_container_text'><input name='input_6' id='input_20_6' type='text' value='' class='large'      aria-invalid=\"false\"   \/> <\/div><\/li><li id=\"field_20_9\" class=\"gfield gfield--type-text gfield--input-type-text gfield--width-full field_sublabel_below gfield--no-description field_description_below field_validation_below gfield_visibility_visible\"  data-js-reload=\"field_20_9\" ><label class='gfield_label gform-field-label' for='input_20_9'>T\u00edtulo\/Puesto<\/label><div class='ginput_container ginput_container_text'><input name='input_9' id='input_20_9' type='text' value='' class='large'      aria-invalid=\"false\"   \/> <\/div><\/li><\/ul><\/div>\n        <div class='gform_footer top_label'> <input type='submit' id='gform_submit_button_20' class='gform_button button' value='Enviar'  onclick='if(window[\"gf_submitting_20\"]){return false;}  if( !jQuery(\"#gform_20\")[0].checkValidity || jQuery(\"#gform_20\")[0].checkValidity()){window[\"gf_submitting_20\"]=true;}  ' onkeypress='if( event.keyCode == 13 ){ if(window[\"gf_submitting_20\"]){return false;} if( !jQuery(\"#gform_20\")[0].checkValidity || jQuery(\"#gform_20\")[0].checkValidity()){window[\"gf_submitting_20\"]=true;}  jQuery(\"#gform_20\").trigger(\"submit\",[true]); }' \/> \n            <input type='hidden' class='gform_hidden' name='is_submit_20' value='1' \/>\n            <input type='hidden' class='gform_hidden' name='gform_submit' value='20' \/>\n            \n            <input type='hidden' class='gform_hidden' name='gform_unique_id' value='' \/>\n            <input type='hidden' class='gform_hidden' name='state_20' value='WyJbXSIsIjdmMWM1NWZlN2I1NTZjMzQ3YTFhMDQ3ZTE5ZTU5NTRmIl0=' \/>\n            <input type='hidden' class='gform_hidden' name='gform_target_page_number_20' id='gform_target_page_number_20' value='0' \/>\n            <input type='hidden' class='gform_hidden' name='gform_source_page_number_20' id='gform_source_page_number_20' value='1' \/>\n            <input type='hidden' name='gform_field_values' value='' \/>\n            \n        <\/div>\n                        <\/form>\n                        <\/div><script type=\"text\/javascript\">\n\/* <![CDATA[ *\/\n gform.initializeOnLoaded( function() {gformInitSpinner( 20, 'https:\/\/www.ovpm.org\/wp-content\/plugins\/gravityforms\/images\/spinner.svg', true );jQuery('#gform_ajax_frame_20').on('load',function(){var contents = jQuery(this).contents().find('*').html();var is_postback = contents.indexOf('GF_AJAX_POSTBACK') >= 0;if(!is_postback){return;}var form_content = jQuery(this).contents().find('#gform_wrapper_20');var is_confirmation = jQuery(this).contents().find('#gform_confirmation_wrapper_20').length > 0;var is_redirect = contents.indexOf('gformRedirect(){') >= 0;var is_form = form_content.length > 0 && ! is_redirect && ! is_confirmation;var mt = parseInt(jQuery('html').css('margin-top'), 10) + parseInt(jQuery('body').css('margin-top'), 10) + 100;if(is_form){jQuery('#gform_wrapper_20').html(form_content.html());if(form_content.hasClass('gform_validation_error')){jQuery('#gform_wrapper_20').addClass('gform_validation_error');} else {jQuery('#gform_wrapper_20').removeClass('gform_validation_error');}setTimeout( function() { \/* delay the scroll by 50 milliseconds to fix a bug in chrome *\/  }, 50 );if(window['gformInitDatepicker']) {gformInitDatepicker();}if(window['gformInitPriceFields']) {gformInitPriceFields();}var current_page = jQuery('#gform_source_page_number_20').val();gformInitSpinner( 20, 'https:\/\/www.ovpm.org\/wp-content\/plugins\/gravityforms\/images\/spinner.svg', true );jQuery(document).trigger('gform_page_loaded', [20, current_page]);window['gf_submitting_20'] = false;}else if(!is_redirect){var confirmation_content = jQuery(this).contents().find('.GF_AJAX_POSTBACK').html();if(!confirmation_content){confirmation_content = contents;}jQuery('#gform_wrapper_20').replaceWith(confirmation_content);jQuery(document).trigger('gform_confirmation_loaded', [20]);window['gf_submitting_20'] = false;wp.a11y.speak(jQuery('#gform_confirmation_message_20').text());}else{jQuery('#gform_20').append(contents);if(window['gformRedirect']) {gformRedirect();}}jQuery(document).trigger(\"gform_pre_post_render\", [{ formId: \"20\", currentPage: \"current_page\", abort: function() { this.preventDefault(); } }]);                if (event && event.defaultPrevented) {                return;         }        const gformWrapperDiv = document.getElementById( \"gform_wrapper_20\" );        if ( gformWrapperDiv ) {            const visibilitySpan = document.createElement( \"span\" );            visibilitySpan.id = \"gform_visibility_test_20\";            gformWrapperDiv.insertAdjacentElement( \"afterend\", visibilitySpan );        }        const visibilityTestDiv = document.getElementById( \"gform_visibility_test_20\" );        let postRenderFired = false;                function triggerPostRender() {            if ( postRenderFired ) {                return;            }            postRenderFired = true;            jQuery( document ).trigger( 'gform_post_render', [20, current_page] );            gform.utils.trigger( { event: 'gform\/postRender', native: false, data: { formId: 20, currentPage: current_page } } );            if ( visibilityTestDiv ) {                visibilityTestDiv.parentNode.removeChild( visibilityTestDiv );            }        }        function debounce( func, wait, immediate ) {            var timeout;            return function() {                var context = this, args = arguments;                var later = function() {                    timeout = null;                    if ( !immediate ) func.apply( context, args );                };                var callNow = immediate && !timeout;                clearTimeout( timeout );                timeout = setTimeout( later, wait );                if ( callNow ) func.apply( context, args );            };        }        const debouncedTriggerPostRender = debounce( function() {            triggerPostRender();        }, 200 );        if ( visibilityTestDiv && visibilityTestDiv.offsetParent === null ) {            const observer = new MutationObserver( ( mutations ) => {                mutations.forEach( ( mutation ) => {                    if ( mutation.type === 'attributes' && visibilityTestDiv.offsetParent !== null ) {                        debouncedTriggerPostRender();                        observer.disconnect();                    }                });            });            observer.observe( document.body, {                attributes: true,                childList: false,                subtree: true,                attributeFilter: [ 'style', 'class' ],            });        } else {            triggerPostRender();        }    } );} ); \n\/* ]]> *\/\n<\/script>\n\n<hr \/>\n<h3>Un logo, un patrimonio<\/h3>\n<p><img loading=\"lazy\" decoding=\"async\" class=\"alignnone wp-image-29523 size-large\" src=\"https:\/\/www.ovpm.org\/wp-content\/uploads\/2023\/05\/ovpmlogoacronymeshorizrgb-1024x228.png\" alt=\"\" width=\"1024\" height=\"228\" srcset=\"https:\/\/www.ovpm.org\/wp-content\/uploads\/2023\/05\/ovpmlogoacronymeshorizrgb-1024x228.png 1024w, https:\/\/www.ovpm.org\/wp-content\/uploads\/2023\/05\/ovpmlogoacronymeshorizrgb-300x67.png 300w, https:\/\/www.ovpm.org\/wp-content\/uploads\/2023\/05\/ovpmlogoacronymeshorizrgb-768x171.png 768w, https:\/\/www.ovpm.org\/wp-content\/uploads\/2023\/05\/ovpmlogoacronymeshorizrgb-1536x342.png 1536w, https:\/\/www.ovpm.org\/wp-content\/uploads\/2023\/05\/ovpmlogoacronymeshorizrgb-2048x457.png 2048w, https:\/\/www.ovpm.org\/wp-content\/uploads\/2023\/05\/ovpmlogoacronymeshorizrgb-1200x268.png 1200w\" sizes=\"(max-width: 1024px) 100vw, 1024px\" \/><\/p>\n<p>El logotipo de la OCPM es sobrio y evoca su misi\u00f3n. Se compone de tres iconos que forman un conjunto coherente destinado a poner de relieve sobre todo el car\u00e1cter internacional de la Organizaci\u00f3n, as\u00ed como su raz\u00f3n de ser, a saber, la cooperaci\u00f3n con vistas a la valorizaci\u00f3n de las ciudades del Patrimonio Mundial.<\/p>\n<a href=\"https:\/\/www.ovpm.org\/wp-content\/uploads\/2023\/05\/logotipo-de-la-ocpm.pdf\" class=\"button m-t-sm m-b-sm\">Saber m\u00e1s sobre el logotipo<\/a>\n<h3>Autorizaci\u00f3n para reproducir el logotipo<\/h3>\n<p>El logotipo oficial de la Organizaci\u00f3n de las Ciudades del Patrimonio Mundial puede ser reproducido bajo consentimiento. Las solicitudes para la autorizaci\u00f3n deben ser enviadas a la Secretar\u00eda General de la OCPM, por correo electr\u00f3nico a la direcci\u00f3n: <a href=\"mailto:secretariat@ovpm.org\">secretariat@ovpm.org<\/a>. Agradecemos su colaboraci\u00f3n.<\/p>\n<p>&nbsp;<\/p>\n","protected":false},"excerpt":{"rendered":"<p>Pol\u00edtica de acceso a la informaci\u00f3n de la OCPM y bolet\u00edn de noticias Con el fin de facilitar el acceso a la informaci\u00f3n sobre las \u00faltimas noticias relacionadas con las actividades de la OCPM, se produce y env\u00eda regularmente por correo un bolet\u00edn de noticias, a todos los miembros de nuestra red internacional. Este bolet\u00edn [&hellip;]<\/p>\n","protected":false},"author":1,"featured_media":0,"parent":0,"menu_order":387,"comment_status":"closed","ping_status":"closed","template":"page-infolettre.php","meta":{"_acf_changed":false,"footnotes":""},"acf":[],"_links":{"self":[{"href":"https:\/\/www.ovpm.org\/es\/wp-json\/wp\/v2\/pages\/9142"}],"collection":[{"href":"https:\/\/www.ovpm.org\/es\/wp-json\/wp\/v2\/pages"}],"about":[{"href":"https:\/\/www.ovpm.org\/es\/wp-json\/wp\/v2\/types\/page"}],"author":[{"embeddable":true,"href":"https:\/\/www.ovpm.org\/es\/wp-json\/wp\/v2\/users\/1"}],"replies":[{"embeddable":true,"href":"https:\/\/www.ovpm.org\/es\/wp-json\/wp\/v2\/comments?post=9142"}],"version-history":[{"count":3,"href":"https:\/\/www.ovpm.org\/es\/wp-json\/wp\/v2\/pages\/9142\/revisions"}],"predecessor-version":[{"id":33988,"href":"https:\/\/www.ovpm.org\/es\/wp-json\/wp\/v2\/pages\/9142\/revisions\/33988"}],"wp:attachment":[{"href":"https:\/\/www.ovpm.org\/es\/wp-json\/wp\/v2\/media?parent=9142"}],"curies":[{"name":"wp","href":"https:\/\/api.w.org\/{rel}","templated":true}]}}