{"id":8980,"date":"2018-09-20T20:02:43","date_gmt":"2018-09-20T20:02:43","guid":{"rendered":"https:\/\/www.ovpm.org\/?page_id=8980"},"modified":"2026-01-12T15:56:32","modified_gmt":"2026-01-12T15:56:32","slug":"acerca-de-las-secretarias","status":"publish","type":"page","link":"https:\/\/www.ovpm.org\/es\/secretarias\/acerca-de-las-secretarias\/","title":{"rendered":"Acerca de las Secretar\u00edas"},"content":{"rendered":"<h2>Objetivos de las Secretarias Regionales<\/h2>\n<p>La Secretar\u00eda General cuenta con el apoyo de las Secretar\u00edas Regionales, que son agrupaciones de Miembros formadas sobre la base de afinidades culturales, ling\u00fc\u00edsticas o geogr\u00e1ficas y que comparten preocupaciones y necesidades. Adem\u00e1s de apoyar la realizaci\u00f3n de las actividades del Plan de Acci\u00f3n de la OCPM, las actividades de las Secretar\u00edas Regionales tienen por objetivo:<\/p>\n<div class=\"numbered-table wrap-content p-t-med p-b-med\">\n<div class=\"numbered-table-row\"><p class=\"text med serif c-main\">dar a conocer y compartir los valores y objetivos de la Organizaci\u00f3n, valorando al mismo tiempo la aportaci\u00f3n original de la regi\u00f3n seg\u00fan sus particularidades culturales y sociales<\/p><\/div>\n<div class=\"numbered-table-row\"><p class=\"text med serif c-main\">promover la Organizaci\u00f3n y desarrollarla atrayendo a nuevos miembros.<\/p><\/div>\n<\/div>\n<p>Las Secretar\u00edas Regionales se encuentran en las siguientes ciudades miembros, elegidas por su red regional cada cuatro (4) a\u00f1os durante las Reuniones Regionales celebradas durante los Congresos Mundiales:<\/p>\n<\/div><div class=\"fake-table col-12 wrap-content p-t p-b\"><div class=\"fake-table-row grid col-12\"><div class=\"fake-table-cell col-6 col--med-12\"><p class=\"text med  fat\"><a class=\"c-text\" href=\"https:\/\/www.ovpm.org\/es\/secretaria\/america-latina\/\">Am\u00e9rica latina<\/a><\/p><\/div><div class=\"fake-table-cell ta-r col-6 col--med-12 ta--med-l p--med-l-x p--med-t-xsm\"><p class=\"text med  serif\">Morelia, M\u00e9xico<\/p><\/div><\/div><div class=\"fake-table-row grid col-12\"><div class=\"fake-table-cell col-6 col--med-12\"><p class=\"text med  fat\"><a class=\"c-text\" href=\"https:\/\/www.ovpm.org\/es\/secretaria\/asia-pacifico\/\">Asia-Pac\u00edfico<\/a><\/p><\/div><div class=\"fake-table-cell ta-r col-6 col--med-12 ta--med-l p--med-l-x p--med-t-xsm\"><p class=\"text med  serif\">Gyeongju, Rep\u00fablica de Corea<\/p><\/div><\/div><div class=\"fake-table-row grid col-12\"><div class=\"fake-table-cell col-6 col--med-12\"><p class=\"text med  fat\"><a class=\"c-text\" href=\"https:\/\/www.ovpm.org\/es\/secretaria\/europa-central-y-del-este\/\">Europa Central y del Este<\/a><\/p><\/div><div class=\"fake-table-cell ta-r col-6 col--med-12 ta--med-l p--med-l-x p--med-t-xsm\"><p class=\"text med  serif\">Varsovia, Polonia<\/p><\/div><\/div><div class=\"fake-table-row grid col-12\"><div class=\"fake-table-cell col-6 col--med-12\"><p class=\"text med  fat\"><a class=\"c-text\" href=\"https:\/\/www.ovpm.org\/es\/secretaria\/europa-del-noroeste-y-america-del-norte\/\">Europa del Noroeste y Am\u00e9rica del Norte<\/a><\/p><\/div><div class=\"fake-table-cell ta-r col-6 col--med-12 ta--med-l p--med-l-x p--med-t-xsm\"><p class=\"text med  serif\">Ratisbona, Alemania<\/p><\/div><\/div><div class=\"fake-table-row grid col-12\"><div class=\"fake-table-cell col-6 col--med-12\"><p class=\"text med  fat\"><a class=\"c-text\" href=\"https:\/\/www.ovpm.org\/es\/secretaria\/europa-del-sur-y-mediterraneo\/\">Europa del Sur y Mediterr\u00e1neo<\/a><\/p><\/div><div class=\"fake-table-cell ta-r col-6 col--med-12 ta--med-l p--med-l-x p--med-t-xsm\"><p class=\"text med  serif\">C\u00f3rdoba, Espa\u00f1a<\/p><\/div><\/div><\/div><div class=\"wysiwyg wrap-content\">\n<p><img loading=\"lazy\" decoding=\"async\" class=\"alignnone wp-image-30487 size-full\" src=\"https:\/\/www.ovpm.org\/wp-content\/uploads\/2023\/09\/ovpmcartesecretariatgeneraux2023pngesp.png\" alt=\"\" width=\"1920\" height=\"1425\" srcset=\"https:\/\/www.ovpm.org\/wp-content\/uploads\/2023\/09\/ovpmcartesecretariatgeneraux2023pngesp.png 1920w, https:\/\/www.ovpm.org\/wp-content\/uploads\/2023\/09\/ovpmcartesecretariatgeneraux2023pngesp-300x223.png 300w, https:\/\/www.ovpm.org\/wp-content\/uploads\/2023\/09\/ovpmcartesecretariatgeneraux2023pngesp-1024x760.png 1024w, https:\/\/www.ovpm.org\/wp-content\/uploads\/2023\/09\/ovpmcartesecretariatgeneraux2023pngesp-768x570.png 768w, https:\/\/www.ovpm.org\/wp-content\/uploads\/2023\/09\/ovpmcartesecretariatgeneraux2023pngesp-1536x1140.png 1536w, https:\/\/www.ovpm.org\/wp-content\/uploads\/2023\/09\/ovpmcartesecretariatgeneraux2023pngesp-1200x891.png 1200w\" sizes=\"(max-width: 1920px) 100vw, 1920px\" \/><\/p>\n<hr \/>\n<p><strong>Formulario de adhesi\u00f3n de ciudades a las Secretar\u00edas Regionales<\/strong><\/p>\n<p>Las <strong>ciudades miembros que est\u00e9n en regla<\/strong> pueden adherirse a una Secretar\u00eda Regional, con el fin de facilitar la toma de decisiones relativas a la gesti\u00f3n administrativa y las actividades de las Secretar\u00edas Regionales. Las condiciones de adhesi\u00f3n son las siguientes:<\/p>\n<ul>\n<li>La adhesi\u00f3n de una ciudad miembro solo puede realizarse a una (1) de las cinco Secretar\u00edas regionales<\/li>\n<li>La duraci\u00f3n de la adhesi\u00f3n es ilimitada (la ciudad puede cambiar su adhesi\u00f3n en cualquier momento)<\/li>\n<li>La adhesi\u00f3n es determinante para las votaciones y decisiones que se tomen durante las reuniones regionales (solo las ciudades que se hayan adherido formalmente a una Secretar\u00eda regional tendr\u00e1n derecho a voto).<\/li>\n<\/ul>\n<p>Todas las ciudades miembros en regla pueden adem\u00e1s participar en las actividades de otra Secretar\u00eda regional, si son invitadas a ello y en las condiciones particulares que puedan fijar las Secretar\u00edas regionales responsables de las actividades en cuesti\u00f3n.<\/p>\n<p>Rellene el siguiente formulario para adherirse a una Secretar\u00eda regional.<\/p>\n<script type=\"text\/javascript\">var gform;gform||(document.addEventListener(\"gform_main_scripts_loaded\",function(){gform.scriptsLoaded=!0}),window.addEventListener(\"DOMContentLoaded\",function(){gform.domLoaded=!0}),gform={domLoaded:!1,scriptsLoaded:!1,initializeOnLoaded:function(o){gform.domLoaded&&gform.scriptsLoaded?o():!gform.domLoaded&&gform.scriptsLoaded?window.addEventListener(\"DOMContentLoaded\",o):document.addEventListener(\"gform_main_scripts_loaded\",o)},hooks:{action:{},filter:{}},addAction:function(o,n,r,t){gform.addHook(\"action\",o,n,r,t)},addFilter:function(o,n,r,t){gform.addHook(\"filter\",o,n,r,t)},doAction:function(o){gform.doHook(\"action\",o,arguments)},applyFilters:function(o){return gform.doHook(\"filter\",o,arguments)},removeAction:function(o,n){gform.removeHook(\"action\",o,n)},removeFilter:function(o,n,r){gform.removeHook(\"filter\",o,n,r)},addHook:function(o,n,r,t,i){null==gform.hooks[o][n]&&(gform.hooks[o][n]=[]);var e=gform.hooks[o][n];null==i&&(i=n+\"_\"+e.length),gform.hooks[o][n].push({tag:i,callable:r,priority:t=null==t?10:t})},doHook:function(n,o,r){var t;if(r=Array.prototype.slice.call(r,1),null!=gform.hooks[n][o]&&((o=gform.hooks[n][o]).sort(function(o,n){return o.priority-n.priority}),o.forEach(function(o){\"function\"!=typeof(t=o.callable)&&(t=window[t]),\"action\"==n?t.apply(null,r):r[0]=t.apply(null,r)})),\"filter\"==n)return r[0]},removeHook:function(o,n,t,i){var r;null!=gform.hooks[o][n]&&(r=(r=gform.hooks[o][n]).filter(function(o,n,r){return!!(null!=i&&i!=o.tag||null!=t&&t!=o.priority)}),gform.hooks[o][n]=r)}});<\/script>\n                <div class='gf_browser_gecko gform_wrapper gform_legacy_markup_wrapper gform-theme--no-framework form_wrapper wrap-content_wrapper p-t_wrapper p-b-med_wrapper grid_wrapper' data-form-theme='legacy' data-form-index='0' id='gform_wrapper_102' ><form method='post' enctype='multipart\/form-data'  id='gform_102' class='form wrap-content p-t p-b-med grid' action='\/es\/wp-json\/wp\/v2\/pages\/8980' data-formid='102' novalidate> \r\n <input type='hidden' class='gforms-pum' value='{\"closepopup\":false,\"closedelay\":0,\"openpopup\":false,\"openpopup_id\":0}' \/>\n                        <div class='gform-body gform_body'><ul id='gform_fields_102' class='gform_fields top_label form_sublabel_above description_above validation_below'><li id=\"field_102_4\" class=\"gfield gfield--type-text gfield--input-type-text gfield_contains_required field_sublabel_above gfield--no-description field_description_above field_validation_below gfield_visibility_visible\"  data-js-reload=\"field_102_4\" ><label class='gfield_label gform-field-label' for='input_102_4'>Nombre de la ciudad<span class=\"gfield_required\"><span class=\"gfield_required gfield_required_text\">(Obligatorio)<\/span><\/span><\/label><div class='ginput_container ginput_container_text'><input name='input_4' id='input_102_4' type='text' value='' class='large'     aria-required=\"true\" aria-invalid=\"false\"   \/> <\/div><\/li><li id=\"field_102_7\" class=\"gfield gfield--type-text gfield--input-type-text gfield--width-full gfield_contains_required field_sublabel_above gfield--no-description field_description_above field_validation_below gfield_visibility_visible\"  data-js-reload=\"field_102_7\" ><label class='gfield_label gform-field-label' for='input_102_7'>Nombre del Alcalde<span class=\"gfield_required\"><span class=\"gfield_required gfield_required_text\">(Obligatorio)<\/span><\/span><\/label><div class='ginput_container ginput_container_text'><input name='input_7' id='input_102_7' type='text' value='' class='large'     aria-required=\"true\" aria-invalid=\"false\"   \/> <\/div><\/li><li id=\"field_102_6\" class=\"gfield gfield--type-radio gfield--type-choice gfield--input-type-radio gfield_contains_required field_sublabel_above gfield--no-description field_description_above field_validation_below gfield_visibility_visible\"  data-js-reload=\"field_102_6\" ><label class='gfield_label gform-field-label' >Como Alcalde, declaro la pertenencia de mi ciudad a las Secretar\u00eda Regional de:<span class=\"gfield_required\"><span class=\"gfield_required gfield_required_text\">(Obligatorio)<\/span><\/span><\/label><div class='ginput_container ginput_container_radio'><ul class='gfield_radio' id='input_102_6'>\n\t\t\t<li class='gchoice gchoice_102_6_0'>\n\t\t\t\t<input name='input_6' type='radio' value='Am\u00e9rica Latina - Morelia (M\u00e9xico)'  id='choice_102_6_0'    \/>\n\t\t\t\t<label for='choice_102_6_0' id='label_102_6_0' class='gform-field-label gform-field-label--type-inline'>Am\u00e9rica Latina - Morelia (M\u00e9xico)<\/label>\n\t\t\t<\/li>\n\t\t\t<li class='gchoice gchoice_102_6_1'>\n\t\t\t\t<input name='input_6' type='radio' value='Asia-Pac\u00edfico - Gyeongju (Rep\u00fablica de Corea)'  id='choice_102_6_1'    \/>\n\t\t\t\t<label for='choice_102_6_1' id='label_102_6_1' class='gform-field-label gform-field-label--type-inline'>Asia-Pac\u00edfico - Gyeongju (Rep\u00fablica de Corea)<\/label>\n\t\t\t<\/li>\n\t\t\t<li class='gchoice gchoice_102_6_2'>\n\t\t\t\t<input name='input_6' type='radio' value='Europa central y del este - Varsovia (Polonia)'  id='choice_102_6_2'    \/>\n\t\t\t\t<label for='choice_102_6_2' id='label_102_6_2' class='gform-field-label gform-field-label--type-inline'>Europa central y del este - Varsovia (Polonia)<\/label>\n\t\t\t<\/li>\n\t\t\t<li class='gchoice gchoice_102_6_3'>\n\t\t\t\t<input name='input_6' type='radio' value='Europa del noroeste y Am\u00e9rica del norte - Ratisbona (Alemania)'  id='choice_102_6_3'    \/>\n\t\t\t\t<label for='choice_102_6_3' id='label_102_6_3' class='gform-field-label gform-field-label--type-inline'>Europa del noroeste y Am\u00e9rica del norte - Ratisbona (Alemania)<\/label>\n\t\t\t<\/li>\n\t\t\t<li class='gchoice gchoice_102_6_4'>\n\t\t\t\t<input name='input_6' type='radio' value='Europa del sur y Mediterr\u00e1neo - C\u00f3rdoba (Espa\u00f1a)'  id='choice_102_6_4'    \/>\n\t\t\t\t<label for='choice_102_6_4' id='label_102_6_4' class='gform-field-label gform-field-label--type-inline'>Europa del sur y Mediterr\u00e1neo - C\u00f3rdoba (Espa\u00f1a)<\/label>\n\t\t\t<\/li><\/ul><\/div><\/li><li id=\"field_102_5\" class=\"gfield gfield--type-text gfield--input-type-text gfield--width-full gfield_contains_required field_sublabel_above gfield--no-description field_description_above field_validation_below gfield_visibility_visible\"  data-js-reload=\"field_102_5\" ><label class='gfield_label gform-field-label' for='input_102_5'>Nombre y correo electr\u00f3nico de la persona de contacto que rellena el formulario<span class=\"gfield_required\"><span class=\"gfield_required gfield_required_text\">(Obligatorio)<\/span><\/span><\/label><div class='ginput_container ginput_container_text'><input name='input_5' id='input_102_5' type='text' value='' class='large'     aria-required=\"true\" aria-invalid=\"false\"   \/> <\/div><\/li><\/ul><\/div>\n        <div class='gform_footer top_label'> <input type='submit' id='gform_submit_button_102' class='gform_button button' value='Submit'  onclick='if(window[\"gf_submitting_102\"]){return false;}  if( !jQuery(\"#gform_102\")[0].checkValidity || jQuery(\"#gform_102\")[0].checkValidity()){window[\"gf_submitting_102\"]=true;}  ' onkeypress='if( event.keyCode == 13 ){ if(window[\"gf_submitting_102\"]){return false;} if( !jQuery(\"#gform_102\")[0].checkValidity || jQuery(\"#gform_102\")[0].checkValidity()){window[\"gf_submitting_102\"]=true;}  jQuery(\"#gform_102\").trigger(\"submit\",[true]); }' \/> \n            <input type='hidden' class='gform_hidden' name='is_submit_102' value='1' \/>\n            <input type='hidden' class='gform_hidden' name='gform_submit' value='102' \/>\n            \n            <input type='hidden' class='gform_hidden' name='gform_unique_id' value='' \/>\n            <input type='hidden' class='gform_hidden' name='state_102' value='WyJ7XCI2XCI6W1wiODlmYWE4YjkyYmMwZGZjNWNhZGQzNTcyODg3YjFhNWNcIixcIjA5MzFhMTQ0MzcyMTEyODIxZWY0NjlmY2RmNTFhOTNiXCIsXCI0ODlkYjQ3NjIwMGEyZmRhYjEwYmMyMjU0YjkxNzRlMFwiLFwiNzQ1M2FhNmY2NjAyZGVjMGRiOTUwNDFlZjBmNDYyZmNcIixcIjBiYWJlYjU0ODYyMDUyMmE2ZGE0YWIxZGQ3YmQ3NjllXCJdfSIsIjQzYmYwYmU1MDk3M2I1YjE3NmU3NjA1NTk1ZWY2YWZiIl0=' \/>\n            <input type='hidden' class='gform_hidden' name='gform_target_page_number_102' id='gform_target_page_number_102' value='0' \/>\n            <input type='hidden' class='gform_hidden' name='gform_source_page_number_102' id='gform_source_page_number_102' value='1' \/>\n            <input type='hidden' name='gform_field_values' value='' \/>\n            \n        <\/div>\n                        <\/form>\n                        <\/div><script type=\"text\/javascript\">\n\/* <![CDATA[ *\/\n gform.initializeOnLoaded( function() {gformInitSpinner( 102, 'https:\/\/www.ovpm.org\/wp-content\/plugins\/gravityforms\/images\/spinner.svg', true );jQuery('#gform_ajax_frame_102').on('load',function(){var contents = jQuery(this).contents().find('*').html();var is_postback = contents.indexOf('GF_AJAX_POSTBACK') >= 0;if(!is_postback){return;}var form_content = jQuery(this).contents().find('#gform_wrapper_102');var is_confirmation = jQuery(this).contents().find('#gform_confirmation_wrapper_102').length > 0;var is_redirect = contents.indexOf('gformRedirect(){') >= 0;var is_form = form_content.length > 0 && ! is_redirect && ! is_confirmation;var mt = parseInt(jQuery('html').css('margin-top'), 10) + parseInt(jQuery('body').css('margin-top'), 10) + 100;if(is_form){jQuery('#gform_wrapper_102').html(form_content.html());if(form_content.hasClass('gform_validation_error')){jQuery('#gform_wrapper_102').addClass('gform_validation_error');} else {jQuery('#gform_wrapper_102').removeClass('gform_validation_error');}setTimeout( function() { \/* delay the scroll by 50 milliseconds to fix a bug in chrome *\/  }, 50 );if(window['gformInitDatepicker']) {gformInitDatepicker();}if(window['gformInitPriceFields']) {gformInitPriceFields();}var current_page = jQuery('#gform_source_page_number_102').val();gformInitSpinner( 102, 'https:\/\/www.ovpm.org\/wp-content\/plugins\/gravityforms\/images\/spinner.svg', true );jQuery(document).trigger('gform_page_loaded', [102, current_page]);window['gf_submitting_102'] = false;}else if(!is_redirect){var confirmation_content = jQuery(this).contents().find('.GF_AJAX_POSTBACK').html();if(!confirmation_content){confirmation_content = contents;}jQuery('#gform_wrapper_102').replaceWith(confirmation_content);jQuery(document).trigger('gform_confirmation_loaded', [102]);window['gf_submitting_102'] = false;wp.a11y.speak(jQuery('#gform_confirmation_message_102').text());}else{jQuery('#gform_102').append(contents);if(window['gformRedirect']) {gformRedirect();}}jQuery(document).trigger(\"gform_pre_post_render\", [{ formId: \"102\", currentPage: \"current_page\", abort: function() { this.preventDefault(); } }]);                if (event && event.defaultPrevented) {                return;         }        const gformWrapperDiv = document.getElementById( \"gform_wrapper_102\" );        if ( gformWrapperDiv ) {            const visibilitySpan = document.createElement( \"span\" );            visibilitySpan.id = \"gform_visibility_test_102\";            gformWrapperDiv.insertAdjacentElement( \"afterend\", visibilitySpan );        }        const visibilityTestDiv = document.getElementById( \"gform_visibility_test_102\" );        let postRenderFired = false;                function triggerPostRender() {            if ( postRenderFired ) {                return;            }            postRenderFired = true;            jQuery( document ).trigger( 'gform_post_render', [102, current_page] );            gform.utils.trigger( { event: 'gform\/postRender', native: false, data: { formId: 102, currentPage: current_page } } );            if ( visibilityTestDiv ) {                visibilityTestDiv.parentNode.removeChild( visibilityTestDiv );            }        }        function debounce( func, wait, immediate ) {            var timeout;            return function() {                var context = this, args = arguments;                var later = function() {                    timeout = null;                    if ( !immediate ) func.apply( context, args );                };                var callNow = immediate && !timeout;                clearTimeout( timeout );                timeout = setTimeout( later, wait );                if ( callNow ) func.apply( context, args );            };        }        const debouncedTriggerPostRender = debounce( function() {            triggerPostRender();        }, 200 );        if ( visibilityTestDiv && visibilityTestDiv.offsetParent === null ) {            const observer = new MutationObserver( ( mutations ) => {                mutations.forEach( ( mutation ) => {                    if ( mutation.type === 'attributes' && visibilityTestDiv.offsetParent !== null ) {                        debouncedTriggerPostRender();                        observer.disconnect();                    }                });            });            observer.observe( document.body, {                attributes: true,                childList: false,                subtree: true,                attributeFilter: [ 'style', 'class' ],            });        } else {            triggerPostRender();        }    } );} ); \n\/* ]]> *\/\n<\/script>\n\n","protected":false},"excerpt":{"rendered":"<p>Objetivos de las Secretarias Regionales La Secretar\u00eda General cuenta con el apoyo de las Secretar\u00edas Regionales, que son agrupaciones de Miembros formadas sobre la base de afinidades culturales, ling\u00fc\u00edsticas o geogr\u00e1ficas y que comparten preocupaciones y necesidades. Adem\u00e1s de apoyar la realizaci\u00f3n de las actividades del Plan de Acci\u00f3n de la OCPM, las actividades de [&hellip;]<\/p>\n","protected":false},"author":1,"featured_media":0,"parent":9194,"menu_order":352,"comment_status":"closed","ping_status":"closed","template":"page-secretariats.php","meta":{"_acf_changed":false,"footnotes":""},"acf":[],"_links":{"self":[{"href":"https:\/\/www.ovpm.org\/es\/wp-json\/wp\/v2\/pages\/8980"}],"collection":[{"href":"https:\/\/www.ovpm.org\/es\/wp-json\/wp\/v2\/pages"}],"about":[{"href":"https:\/\/www.ovpm.org\/es\/wp-json\/wp\/v2\/types\/page"}],"author":[{"embeddable":true,"href":"https:\/\/www.ovpm.org\/es\/wp-json\/wp\/v2\/users\/1"}],"replies":[{"embeddable":true,"href":"https:\/\/www.ovpm.org\/es\/wp-json\/wp\/v2\/comments?post=8980"}],"version-history":[{"count":10,"href":"https:\/\/www.ovpm.org\/es\/wp-json\/wp\/v2\/pages\/8980\/revisions"}],"predecessor-version":[{"id":36419,"href":"https:\/\/www.ovpm.org\/es\/wp-json\/wp\/v2\/pages\/8980\/revisions\/36419"}],"up":[{"embeddable":true,"href":"https:\/\/www.ovpm.org\/es\/wp-json\/wp\/v2\/pages\/9194"}],"wp:attachment":[{"href":"https:\/\/www.ovpm.org\/es\/wp-json\/wp\/v2\/media?parent=8980"}],"curies":[{"name":"wp","href":"https:\/\/api.w.org\/{rel}","templated":true}]}}