{"id":8975,"date":"2018-09-20T19:56:11","date_gmt":"2018-09-20T19:56:11","guid":{"rendered":"https:\/\/www.ovpm.org\/?page_id=8975"},"modified":"2022-03-02T21:06:43","modified_gmt":"2022-03-02T21:06:43","slug":"biografia","status":"publish","type":"page","link":"https:\/\/www.ovpm.org\/es\/secretarias\/secretaria-general-de-la-ocpm\/biografia\/","title":{"rendered":"Biograf\u00eda Mikha\u00ebl De Thyse"},"content":{"rendered":"<p>Nacido en Quebec (Canad\u00e1), Mikhael De Thyse estudi\u00f3 historia de la arquitectura y urbanismo en la Universidad Cat\u00f3lica de Lovaina (B\u00e9lgica) y se especializ\u00f3 en el Centro Internacional de Conservaci\u00f3n Raymond Lemaire (RLICC &#8211; KUL, Leuven).<\/p>\n<p>Tras crear una empresa de consultor\u00eda sobre patrimonio en Bruselas, se incorpor\u00f3 al Consejo de Europa (Estrasburgo, Francia), donde ejerci\u00f3 la mayor parte de su carrera. Durante 24 a\u00f1os, desarroll\u00f3 y dirigi\u00f3 el programa de cooperaci\u00f3n t\u00e9cnica destinado a implementar los principales tratados internacionales de conservaci\u00f3n y valorizaci\u00f3n del patrimonio cultural.<\/p>\n<p>Gracias a los numerosos proyectos realizados en los 47 Estados europeos, Mikhael De Thyse ha contribuido a la formaci\u00f3n de un enfoque patrimonial innovador para el desarrollo de ciudades y territorios. Tambi\u00e9n ha adquirido competencias operativas esenciales para elaborar y aplicar estrategias innovadoras de gesti\u00f3n y rehabilitaci\u00f3n urbana, y para proponer complejos mecanismos financieros e interdisciplinarios.<\/p>\n","protected":false},"excerpt":{"rendered":"<p>Nacido en Quebec (Canad\u00e1), Mikhael De Thyse estudi\u00f3 historia de la arquitectura y urbanismo en la Universidad Cat\u00f3lica de Lovaina (B\u00e9lgica) y se especializ\u00f3 en el Centro Internacional de Conservaci\u00f3n Raymond Lemaire (RLICC &#8211; KUL, Leuven). Tras crear una empresa de consultor\u00eda sobre patrimonio en Bruselas, se incorpor\u00f3 al Consejo de Europa (Estrasburgo, Francia), donde [&hellip;]<\/p>\n","protected":false},"author":1,"featured_media":0,"parent":8969,"menu_order":339,"comment_status":"closed","ping_status":"closed","template":"","meta":{"_acf_changed":false,"footnotes":""},"acf":[],"_links":{"self":[{"href":"https:\/\/www.ovpm.org\/es\/wp-json\/wp\/v2\/pages\/8975"}],"collection":[{"href":"https:\/\/www.ovpm.org\/es\/wp-json\/wp\/v2\/pages"}],"about":[{"href":"https:\/\/www.ovpm.org\/es\/wp-json\/wp\/v2\/types\/page"}],"author":[{"embeddable":true,"href":"https:\/\/www.ovpm.org\/es\/wp-json\/wp\/v2\/users\/1"}],"replies":[{"embeddable":true,"href":"https:\/\/www.ovpm.org\/es\/wp-json\/wp\/v2\/comments?post=8975"}],"version-history":[{"count":1,"href":"https:\/\/www.ovpm.org\/es\/wp-json\/wp\/v2\/pages\/8975\/revisions"}],"predecessor-version":[{"id":26655,"href":"https:\/\/www.ovpm.org\/es\/wp-json\/wp\/v2\/pages\/8975\/revisions\/26655"}],"up":[{"embeddable":true,"href":"https:\/\/www.ovpm.org\/es\/wp-json\/wp\/v2\/pages\/8969"}],"wp:attachment":[{"href":"https:\/\/www.ovpm.org\/es\/wp-json\/wp\/v2\/media?parent=8975"}],"curies":[{"name":"wp","href":"https:\/\/api.w.org\/{rel}","templated":true}]}}